{"id":127,"date":"2015-04-20T10:08:51","date_gmt":"2015-04-20T10:08:51","guid":{"rendered":"http:\/\/onyon365.com\/cae\/?page_id=127"},"modified":"2026-05-08T07:08:16","modified_gmt":"2026-05-08T05:08:16","slug":"contenidos-online","status":"publish","type":"page","link":"https:\/\/www.cae.net\/es\/contenidos-online\/","title":{"rendered":"Contenidos online"},"content":{"rendered":"<div class=\"et_pb_section_0 et_pb_section et_section_regular et_block_section preset--module--divi-section--default\">\n<div class=\"et_pb_row_0 et_pb_row et_block_row\">\n<div class=\"et_pb_column_0 et_pb_column et_pb_column_3_5 et_block_column et_pb_css_mix_blend_mode_passthrough\">\n<div class=\"et_pb_text_0 et_pb_text et_pb_bg_layout_dark et_pb_module et_block_module preset--module--divi-text--817a32bc-6911-45fd-a95f-24c05c516040\"><div class=\"et_pb_text_inner\"><h1>Expertos en contenidos e-learning SCORM<\/h1>\n<\/div><\/div>\n<\/div>\n\n<div class=\"et_pb_column_1 et_pb_column et_pb_column_2_5 et-last-child et_block_column et_pb_column_empty et_pb_css_mix_blend_mode_passthrough\"><\/div>\n<\/div>\n<\/div>\n\n<div class=\"et_pb_section_1 et_pb_section et_section_regular et_block_section preset--module--divi-section--default\">\n<div class=\"et_pb_row_1 et_pb_row et_block_row\">\n<div class=\"et_pb_column_2 et_pb_column et_pb_column_1_2 et_block_column et_pb_css_mix_blend_mode_passthrough\">\n<div class=\"et_pb_text_1 et_pb_text et_pb_bg_layout_light et_pb_module et_block_module\"><div class=\"et_pb_text_inner\"><p>Si est\u00e1 buscando contenidos con formato SCORM\/LTI para ofrecer cursos e-learning que sorprendan por su calidad e innovaci\u00f3n los encontrar\u00e1 en nuestros amplios cat\u00e1logos de contenidos online.<\/p>\n<p>Los contenidos e-learning de CAE est\u00e1n desarrollados por nuestros expertos profesionales bajo una herramienta de autor propia. Investigaci\u00f3n permanente en nuevas metodolog\u00edas y contenidos, adem\u00e1s de actualizar los existentes.<\/p>\n<\/div><\/div>\n<\/div>\n\n<div class=\"et_pb_column_3 et_pb_column et_pb_column_1_2 et-last-child et_block_column et_pb_css_mix_blend_mode_passthrough\">\n<div class=\"et_pb_text_2 et_pb_text et_pb_bg_layout_light et_pb_module et_block_module\"><div class=\"et_pb_text_inner\"><p>Los alumnos que se forman con los\u00a0contenidos\u00a0CAE\u00a0realmente\u00a0aprenden, y no solo eso, lo hacen de manera amena, en profundidad y con la m\u00e1xima efectividad.<\/p>\n<\/div><\/div>\n\n<div class=\"et_pb_divider_0 et_pb_divider et_pb_space et_pb_divider_position_top et_pb_module\"><div class=\"et_pb_divider_internal\"><\/div><\/div>\n<\/div>\n<\/div>\n<\/div>\n\n<div class=\"et_pb_section_2 et_pb_section et_section_regular et_block_section preset--module--divi-section--default\">\n<div class=\"et_pb_row_2 et_pb_row et_block_row\">\n<div class=\"et_pb_column_4 et_pb_column et_pb_column_4_4 et-last-child et_block_column et_pb_css_mix_blend_mode_passthrough\">\n<div class=\"et_pb_text_3 et_pb_text et_pb_bg_layout_light et_pb_module et_block_module\"><div class=\"et_pb_text_inner\"><h2>\u00c1reas de formaci\u00f3n<\/h2>\n<\/div><\/div>\n<\/div>\n<\/div>\n\n<div class=\"et_pb_row_3 et_pb_row et_pb_equal_columns et_pb_gutters2 et_block_row\">\n<div class=\"et_pb_column_5 et_pb_column et_pb_column_1_2 et_block_column et_pb_css_mix_blend_mode_passthrough\">\n<div class=\"et_pb_image_0 et_pb_image et_pb_module et_block_module\"><span class=\"et_pb_image_wrap\"><img loading=\"lazy\" decoding=\"async\" src=\"https:\/\/www.cae.net\/wp-content\/uploads\/2020\/10\/english-learning-pill.png\" width=\"700\" height=\"423\" srcset=\"https:\/\/www.cae.net\/wp-content\/uploads\/2020\/10\/english-learning-pill.png 700w, https:\/\/www.cae.net\/wp-content\/uploads\/2020\/10\/english-learning-pill-480x290.png 480w\" sizes=\"(min-width: 0px) and (max-width: 480px) 480px, (min-width: 481px) 700px, 100vw\" class=\"wp-image-19636\" title=\"Contenidos online: SCORM LTI cursos idiomas\" alt=\"Learning Pills en la app\" \/><\/span><\/div>\n<\/div>\n\n<div class=\"et_pb_column_6 et_pb_column et_pb_column_1_2 et-last-child et_block_column et_pb_css_mix_blend_mode_passthrough\">\n<div class=\"et_pb_text_4 et_pb_text et_pb_bg_layout_light et_pb_module et_block_module\"><div class=\"et_pb_text_inner\"><h3>Dexway: CONTENIDOS ONLINE IDIOMAS<\/h3>\n<ul>\n<li>Ingl\u00e9s UK \/ Ingl\u00e9s USA<\/li>\n<li>Alem\u00e1n<\/li>\n<li>Espa\u00f1ol<\/li>\n<li>Franc\u00e9s<\/li>\n<li>Italiano<\/li>\n<li>Portugu\u00e9s<\/li>\n<li>Ruso<\/li>\n<\/ul>\n<p><strong><a href=\"https:\/\/www.cae.net\/es\/idiomas\/\" title=\"M\u00e1s informaci\u00f3n\">+ M\u00e1s informaci\u00f3n<\/a><\/strong><\/p>\n<\/div><\/div>\n\n<div class=\"et_pb_text_5 et_pb_text et_pb_bg_layout_light et_pb_module et_block_module\"><div class=\"et_pb_text_inner\"><h3>LearningHub CAE: CAT\u00c1LOGOS DE CURSOS SCORM\/LTI<\/h3>\n<ul>\n<li>Ofim\u00e1tica<\/li>\n<li>Programaci\u00f3n<\/li>\n<li>Dise\u00f1o web<\/li>\n<li>Sistemas Operativos<\/li>\n<li>Internet<\/li>\n<li>Dise\u00f1o gr\u00e1fico<\/li>\n<li>Marketing<\/li>\n<li>Medioambiente<\/li>\n<li>Sanidad<\/li>\n<li>Gesti\u00f3n y administraci\u00f3n<\/li>\n<li>....<\/li>\n<\/ul>\n<p><strong><a href=\"https:\/\/www.cae.net\/es\/cursos\/\" title=\"M\u00e1s informaci\u00f3n\">+ M\u00e1s informaci\u00f3n<\/a><\/strong><\/p>\n<\/div><\/div>\n<\/div>\n<\/div>\n<\/div>\n\n<div class=\"et_pb_section_3 et_pb_section et_section_regular et_block_section preset--module--divi-section--default\">\n<div class=\"et_pb_row_4 et_pb_row et_block_row\">\n<div class=\"et_pb_column_7 et_pb_column et_pb_column_4_4 et-last-child et_block_column et_pb_css_mix_blend_mode_passthrough\">\n<div class=\"et_pb_text_6 et_pb_text et_pb_bg_layout_light et_pb_module et_block_module\"><div class=\"et_pb_text_inner\"><h2 style=\"text-align: center;\">Tecnolog\u00eda al servicio del conocimiento<\/h2>\n<\/div><\/div>\n<\/div>\n<\/div>\n\n<div class=\"et_pb_row_5 et_pb_row et_pb_equal_columns et_block_row\">\n<div class=\"et_pb_column_8 et_pb_column et_pb_column_1_3 et_block_column et_pb_css_mix_blend_mode_passthrough\">\n<div class=\"et_pb_blurb_0 et_pb_blurb et_pb_bg_layout_light et_pb_blurb_position_left et_pb_module et_block_module\"><div class=\"et_pb_blurb_content\"><div class=\"et_pb_main_blurb_image\"><span class=\"et_pb_image_wrap\"><span class=\"et-pb-icon et_animated et_animated\">\ue0e3<\/span><\/span><\/div><div class=\"et_pb_blurb_container\"><h3 class=\"et_pb_module_header\">Compatibles con cualquier LMS<\/h3><div class=\"et_pb_blurb_description\"><p>Contenidos que\u00a0cumplen los est\u00e1ndares\u00a0SCORM \/ AICC, compatibles con cualquier plataforma LMS e-learning<\/p>\n<\/div><\/div><\/div><\/div>\n<\/div>\n\n<div class=\"et_pb_column_9 et_pb_column et_pb_column_1_3 et_block_column et_pb_css_mix_blend_mode_passthrough\">\n<div class=\"et_pb_blurb_1 et_pb_blurb et_pb_bg_layout_light et_pb_blurb_position_left et_pb_module et_block_module\"><div class=\"et_pb_blurb_content\"><div class=\"et_pb_main_blurb_image\"><span class=\"et_pb_image_wrap\"><span class=\"et-pb-icon et_animated et_animated\">\ue60c<\/span><\/span><\/div><div class=\"et_pb_blurb_container\"><h3 class=\"et_pb_module_header\">Interactividad inigualable<\/h3><div class=\"et_pb_blurb_description\"><p>Contenidos 100 % interactivos gracias a la tecnolog\u00eda propia de CAE, que facilita la interactividad entre el alumno y el\u00a0contenido<\/p>\n<\/div><\/div><\/div><\/div>\n<\/div>\n\n<div class=\"et_pb_column_10 et_pb_column et_pb_column_1_3 et-last-child et_block_column et_pb_css_mix_blend_mode_passthrough\">\n<div class=\"et_pb_blurb_2 et_pb_blurb et_pb_bg_layout_light et_pb_blurb_position_left et_pb_module et_block_module\"><div class=\"et_pb_blurb_content\"><div class=\"et_pb_main_blurb_image\"><span class=\"et_pb_image_wrap\"><span class=\"et-pb-icon et_animated et_animated\">\ue102<\/span><\/span><\/div><div class=\"et_pb_blurb_container\"><h3 class=\"et_pb_module_header\">Sin necesidad de conocimientos previos<\/h3><div class=\"et_pb_blurb_description\"><p>Estudiantes y profesionales pueden aprender de cero a 100% de la materia gracias a\u00a0contenidos estructurados, entretenidos y muy visuales<\/p>\n<\/div><\/div><\/div><\/div>\n<\/div>\n<\/div>\n\n<div class=\"et_pb_row_6 et_pb_row et_pb_equal_columns et_block_row\">\n<div class=\"et_pb_column_11 et_pb_column et_pb_column_1_3 et_block_column et_pb_css_mix_blend_mode_passthrough\">\n<div class=\"et_pb_blurb_3 et_pb_blurb et_pb_bg_layout_light et_pb_blurb_position_left et_pb_module et_block_module\"><div class=\"et_pb_blurb_content\"><div class=\"et_pb_main_blurb_image\"><span class=\"et_pb_image_wrap\"><span class=\"et-pb-icon et_animated et_animated\">\ue002<\/span><\/span><\/div><div class=\"et_pb_blurb_container\"><h3 class=\"et_pb_module_header\">Sin instalaciones<\/h3><div class=\"et_pb_blurb_description\"><p>En la nube. Nuestros cursos funcionan en cualquier sistema operativo. (Windows, Linux, MacOS) y desde cualquier navegador<\/p>\n<\/div><\/div><\/div><\/div>\n<\/div>\n\n<div class=\"et_pb_column_12 et_pb_column et_pb_column_1_3 et_block_column et_pb_css_mix_blend_mode_passthrough\">\n<div class=\"et_pb_blurb_4 et_pb_blurb et_pb_bg_layout_light et_pb_blurb_position_left et_pb_module et_block_module\"><div class=\"et_pb_blurb_content\"><div class=\"et_pb_main_blurb_image\"><span class=\"et_pb_image_wrap\"><span class=\"et-pb-icon et_animated et_animated\">&gt;<\/span><\/span><\/div><div class=\"et_pb_blurb_container\"><h3 class=\"et_pb_module_header\">Metodolog\u00eda progresiva<\/h3><div class=\"et_pb_blurb_description\"><p>Contenidos SCORM \/ AICC que\u00a0permiten aprender progresivamente, aplicando constantemente lo aprendido y avanzando sin dificultades<\/p>\n<\/div><\/div><\/div><\/div>\n<\/div>\n\n<div class=\"et_pb_column_13 et_pb_column et_pb_column_1_3 et-last-child et_block_column et_pb_css_mix_blend_mode_passthrough\">\n<div class=\"et_pb_blurb_5 et_pb_blurb et_pb_bg_layout_light et_pb_blurb_position_left et_pb_module et_block_module\"><div class=\"et_pb_blurb_content\"><div class=\"et_pb_main_blurb_image\"><span class=\"et_pb_image_wrap\"><span class=\"et-pb-icon et_animated et_animated\">\uf007<\/span><\/span><\/div><div class=\"et_pb_blurb_container\"><h3 class=\"et_pb_module_header\">Integraci\u00f3n IA avanzada<\/h3><div class=\"et_pb_blurb_description\"><p>Tutor virtual IA disponible 24\/7 desde el curso para resolver todo tipo de dudas en tiempo real. Pr\u00e1cticas role-play, masterclases, clases de conversaci\u00f3n, evaluaci\u00f3n impulsada por IA...<\/p>\n<\/div><\/div><\/div><\/div>\n\n\n<\/div>\n<\/div>\n<\/div>\n\n<div class=\"et_pb_section_4 et_pb_section et_section_regular et_block_section preset--module--divi-section--default\">\n<div class=\"et_pb_row_7 et_pb_row et_block_row\">\n<div class=\"et_pb_column_14 et_pb_column et_pb_column_4_4 et-last-child et_block_column et_pb_css_mix_blend_mode_passthrough\">\n<div class=\"et_pb_cta_0 et_pb_promo et_pb_bg_layout_dark et_pb_module et_block_module\"><div class=\"et_pb_promo_description\"><div class=\"et_pb_promo_content\"><p>Nuestros especialistas le asesorar\u00e1n sobre nuestras soluciones formativas para el sector educaci\u00f3n<\/p>\n<\/div><\/div><div class=\"et_pb_button_wrapper\"><a class=\"et_pb_button et_pb_promo_button\" href=\"https:\/\/www.cae.net\/es\/contacto-cae\/\">Solicitar informaci\u00f3n<\/a><\/div><\/div>\n<\/div>\n<\/div>\n<\/div>\n\n","protected":false},"excerpt":{"rendered":"","protected":false},"author":2,"featured_media":0,"parent":0,"menu_order":0,"comment_status":"open","ping_status":"open","template":"","meta":{"footnotes":""},"class_list":["post-127","page","type-page","status-publish","hentry"],"yoast_head":"<!-- This site is optimized with the Yoast SEO plugin v27.5 - https:\/\/yoast.com\/product\/yoast-seo-wordpress\/ -->\n<title>Proveedor de contenidos SCORM\/LTI inform\u00e1tica e idiomas | CAE<\/title>\n<meta name=\"description\" content=\"Somos Proveedor de contenidos SCORM\/AICC en inform\u00e1tica e idiomas . Amplio cat\u00e1logo de cursos en inform\u00e1tica e idiomas Dexway.\" \/>\n<meta name=\"robots\" content=\"index, follow, max-snippet:-1, max-image-preview:large, max-video-preview:-1\" \/>\n<link rel=\"canonical\" href=\"https:\/\/www.cae.net\/es\/contenidos-online\/\" \/>\n<meta property=\"og:locale\" content=\"es_ES\" \/>\n<meta property=\"og:type\" content=\"article\" \/>\n<meta property=\"og:title\" content=\"Proveedor de contenidos SCORM\/LTI inform\u00e1tica e idiomas | CAE\" \/>\n<meta property=\"og:description\" content=\"Somos Proveedor de contenidos SCORM\/AICC en inform\u00e1tica e idiomas . Amplio cat\u00e1logo de cursos en inform\u00e1tica e idiomas Dexway.\" \/>\n<meta property=\"og:url\" content=\"https:\/\/www.cae.net\/es\/contenidos-online\/\" \/>\n<meta property=\"og:site_name\" content=\"CAE Computer Aided E-learning\" \/>\n<meta property=\"article:publisher\" content=\"https:\/\/www.facebook.com\/elearning.cae\" \/>\n<meta property=\"article:modified_time\" content=\"2026-05-08T05:08:16+00:00\" \/>\n<meta property=\"og:image\" content=\"https:\/\/www.cae.net\/wp-content\/uploads\/2015\/04\/logo-5.png\" \/>\n\t<meta property=\"og:image:width\" content=\"247\" \/>\n\t<meta property=\"og:image:height\" content=\"71\" \/>\n\t<meta property=\"og:image:type\" content=\"image\/png\" \/>\n<meta name=\"twitter:card\" content=\"summary_large_image\" \/>\n<meta name=\"twitter:site\" content=\"@elearning_cae\" \/>\n<meta name=\"twitter:label1\" content=\"Tiempo de lectura\" \/>\n\t<meta name=\"twitter:data1\" content=\"3 minutos\" \/>\n<script type=\"application\/ld+json\" class=\"yoast-schema-graph\">{\"@context\":\"https:\\\/\\\/schema.org\",\"@graph\":[{\"@type\":\"WebPage\",\"@id\":\"https:\\\/\\\/www.cae.net\\\/es\\\/contenidos-online\\\/\",\"url\":\"https:\\\/\\\/www.cae.net\\\/es\\\/contenidos-online\\\/\",\"name\":\"Proveedor de contenidos SCORM\\\/LTI inform\u00e1tica e idiomas | CAE\",\"isPartOf\":{\"@id\":\"https:\\\/\\\/www.cae.net\\\/es\\\/#website\"},\"datePublished\":\"2015-04-20T10:08:51+00:00\",\"dateModified\":\"2026-05-08T05:08:16+00:00\",\"description\":\"Somos Proveedor de contenidos SCORM\\\/AICC en inform\u00e1tica e idiomas . Amplio cat\u00e1logo de cursos en inform\u00e1tica e idiomas Dexway.\",\"breadcrumb\":{\"@id\":\"https:\\\/\\\/www.cae.net\\\/es\\\/contenidos-online\\\/#breadcrumb\"},\"inLanguage\":\"es\",\"potentialAction\":[{\"@type\":\"ReadAction\",\"target\":[\"https:\\\/\\\/www.cae.net\\\/es\\\/contenidos-online\\\/\"]}]},{\"@type\":\"BreadcrumbList\",\"@id\":\"https:\\\/\\\/www.cae.net\\\/es\\\/contenidos-online\\\/#breadcrumb\",\"itemListElement\":[{\"@type\":\"ListItem\",\"position\":1,\"name\":\"Portada\",\"item\":\"https:\\\/\\\/www.cae.net\\\/es\\\/\"},{\"@type\":\"ListItem\",\"position\":2,\"name\":\"Contenidos online\"}]},{\"@type\":\"WebSite\",\"@id\":\"https:\\\/\\\/www.cae.net\\\/es\\\/#website\",\"url\":\"https:\\\/\\\/www.cae.net\\\/es\\\/\",\"name\":\"CAE Computer Aided E-learning\",\"description\":\"Expertos en Elearning, Plataformas educativas, formaci\u00f3n en idiomas, contenidos  online y offline\",\"potentialAction\":[{\"@type\":\"SearchAction\",\"target\":{\"@type\":\"EntryPoint\",\"urlTemplate\":\"https:\\\/\\\/www.cae.net\\\/es\\\/?s={search_term_string}\"},\"query-input\":{\"@type\":\"PropertyValueSpecification\",\"valueRequired\":true,\"valueName\":\"search_term_string\"}}],\"inLanguage\":\"es\"}]}<\/script>\n<!-- \/ Yoast SEO plugin. -->","yoast_head_json":{"title":"Proveedor de contenidos SCORM\/LTI inform\u00e1tica e idiomas | CAE","description":"Somos Proveedor de contenidos SCORM\/AICC en inform\u00e1tica e idiomas . Amplio cat\u00e1logo de cursos en inform\u00e1tica e idiomas Dexway.","robots":{"index":"index","follow":"follow","max-snippet":"max-snippet:-1","max-image-preview":"max-image-preview:large","max-video-preview":"max-video-preview:-1"},"canonical":"https:\/\/www.cae.net\/es\/contenidos-online\/","og_locale":"es_ES","og_type":"article","og_title":"Proveedor de contenidos SCORM\/LTI inform\u00e1tica e idiomas | CAE","og_description":"Somos Proveedor de contenidos SCORM\/AICC en inform\u00e1tica e idiomas . Amplio cat\u00e1logo de cursos en inform\u00e1tica e idiomas Dexway.","og_url":"https:\/\/www.cae.net\/es\/contenidos-online\/","og_site_name":"CAE Computer Aided E-learning","article_publisher":"https:\/\/www.facebook.com\/elearning.cae","article_modified_time":"2026-05-08T05:08:16+00:00","og_image":[{"width":247,"height":71,"url":"https:\/\/www.cae.net\/wp-content\/uploads\/2015\/04\/logo-5.png","type":"image\/png"}],"twitter_card":"summary_large_image","twitter_site":"@elearning_cae","twitter_misc":{"Tiempo de lectura":"3 minutos"},"schema":{"@context":"https:\/\/schema.org","@graph":[{"@type":"WebPage","@id":"https:\/\/www.cae.net\/es\/contenidos-online\/","url":"https:\/\/www.cae.net\/es\/contenidos-online\/","name":"Proveedor de contenidos SCORM\/LTI inform\u00e1tica e idiomas | CAE","isPartOf":{"@id":"https:\/\/www.cae.net\/es\/#website"},"datePublished":"2015-04-20T10:08:51+00:00","dateModified":"2026-05-08T05:08:16+00:00","description":"Somos Proveedor de contenidos SCORM\/AICC en inform\u00e1tica e idiomas . Amplio cat\u00e1logo de cursos en inform\u00e1tica e idiomas Dexway.","breadcrumb":{"@id":"https:\/\/www.cae.net\/es\/contenidos-online\/#breadcrumb"},"inLanguage":"es","potentialAction":[{"@type":"ReadAction","target":["https:\/\/www.cae.net\/es\/contenidos-online\/"]}]},{"@type":"BreadcrumbList","@id":"https:\/\/www.cae.net\/es\/contenidos-online\/#breadcrumb","itemListElement":[{"@type":"ListItem","position":1,"name":"Portada","item":"https:\/\/www.cae.net\/es\/"},{"@type":"ListItem","position":2,"name":"Contenidos online"}]},{"@type":"WebSite","@id":"https:\/\/www.cae.net\/es\/#website","url":"https:\/\/www.cae.net\/es\/","name":"CAE Computer Aided E-learning","description":"Expertos en Elearning, Plataformas educativas, formaci\u00f3n en idiomas, contenidos  online y offline","potentialAction":[{"@type":"SearchAction","target":{"@type":"EntryPoint","urlTemplate":"https:\/\/www.cae.net\/es\/?s={search_term_string}"},"query-input":{"@type":"PropertyValueSpecification","valueRequired":true,"valueName":"search_term_string"}}],"inLanguage":"es"}]}},"_links":{"self":[{"href":"https:\/\/www.cae.net\/es\/wp-json\/wp\/v2\/pages\/127","targetHints":{"allow":["GET"]}}],"collection":[{"href":"https:\/\/www.cae.net\/es\/wp-json\/wp\/v2\/pages"}],"about":[{"href":"https:\/\/www.cae.net\/es\/wp-json\/wp\/v2\/types\/page"}],"author":[{"embeddable":true,"href":"https:\/\/www.cae.net\/es\/wp-json\/wp\/v2\/users\/2"}],"replies":[{"embeddable":true,"href":"https:\/\/www.cae.net\/es\/wp-json\/wp\/v2\/comments?post=127"}],"version-history":[{"count":1,"href":"https:\/\/www.cae.net\/es\/wp-json\/wp\/v2\/pages\/127\/revisions"}],"predecessor-version":[{"id":330227,"href":"https:\/\/www.cae.net\/es\/wp-json\/wp\/v2\/pages\/127\/revisions\/330227"}],"wp:attachment":[{"href":"https:\/\/www.cae.net\/es\/wp-json\/wp\/v2\/media?parent=127"}],"curies":[{"name":"wp","href":"https:\/\/api.w.org\/{rel}","templated":true}]}}