{"id":13329,"date":"2019-02-05T12:04:43","date_gmt":"2019-02-05T17:04:43","guid":{"rendered":"https:\/\/www.cae.net\/?page_id=13329"},"modified":"2026-05-08T07:11:53","modified_gmt":"2026-05-08T05:11:53","slug":"gamificacion-cursos-idiomas","status":"publish","type":"page","link":"https:\/\/www.cae.net\/es\/gamificacion-cursos-idiomas\/","title":{"rendered":"Gamificaci\u00f3n en cursos online"},"content":{"rendered":"<div class=\"et_pb_section_0 et_pb_section et_section_regular et_block_section preset--module--divi-section--default\">\n<div class=\"et_pb_row_0 et_pb_row et_block_row\">\n<div class=\"et_pb_column_0 et_pb_column et_pb_column_3_5 et_block_column et_pb_css_mix_blend_mode_passthrough\">\n<div class=\"et_pb_text_0 et_pb_text et_pb_bg_layout_dark et_pb_module et_block_module preset--module--divi-text--817a32bc-6911-45fd-a95f-24c05c516040\"><div class=\"et_pb_text_inner\"><h1>Expertos en gamificaci\u00f3n en cursos online<\/h1>\n<\/div><\/div>\n<\/div>\n\n<div class=\"et_pb_column_1 et_pb_column et_pb_column_2_5 et-last-child et_block_column et_pb_column_empty et_pb_css_mix_blend_mode_passthrough\"><\/div>\n<\/div>\n<\/div>\n\n<div class=\"et_pb_section_1 et_pb_section et_section_regular et_block_section preset--module--divi-section--default\">\n<div class=\"et_pb_row_1 et_pb_row et_block_row\">\n<div class=\"et_pb_column_2 et_pb_column et_pb_column_1_2 et_block_column et_pb_css_mix_blend_mode_passthrough\">\n<div class=\"et_pb_text_1 et_pb_text et_pb_bg_layout_light et_pb_module et_block_module\"><div class=\"et_pb_text_inner\"><p>La motivaci\u00f3n es una de las bases principales para un aprendizaje de idiomas con \u00e9xito. Mantener en los alumnos las ganas de aprender requiere de contenidos estructurados que permitan un estudio natural y progresivo (en el que el estudiante es consciente de su propio avance y complace sus necesidades de autorrealizaci\u00f3n). Pero, al mismo tiempo, requiere elementos extra que impulsen y estimulen la motivaci\u00f3n y la participaci\u00f3n articulando mecanismos de autosuperaci\u00f3n.<\/p>\n<blockquote><\/blockquote>\n<blockquote><\/blockquote>\n<\/div><\/div>\n<\/div>\n\n<div class=\"et_pb_column_3 et_pb_column et_pb_column_1_2 et-last-child et_block_column et_pb_css_mix_blend_mode_passthrough\">\n<div class=\"et_pb_text_2 et_pb_text et_pb_bg_layout_light et_pb_module et_block_module\"><div class=\"et_pb_text_inner\"><p>Una de las herramientas de clase m\u00e1s efectivas para mantener la motivaci\u00f3n de los alumnos es la gamificaci\u00f3n o ludificaci\u00f3n de la ense\u00f1anza.<\/p>\n<\/div><\/div>\n\n<div class=\"et_pb_divider_0 et_pb_divider et_pb_space et_pb_divider_position_top et_pb_module\"><div class=\"et_pb_divider_internal\"><\/div><\/div>\n<\/div>\n<\/div>\n<\/div>\n\n<div class=\"et_pb_section_2 et_pb_section et_section_regular et_block_section preset--module--divi-section--default\">\n<div class=\"et_pb_row_2 et_pb_row et_block_row\">\n<div class=\"et_pb_column_4 et_pb_column et_pb_column_1_2 et_block_column et_pb_css_mix_blend_mode_passthrough\">\n<div class=\"et_pb_image_0 et_pb_image et_pb_module et_block_module\"><span class=\"et_pb_image_wrap\"><img loading=\"lazy\" decoding=\"async\" src=\"https:\/\/www.cae.net\/wp-content\/uploads\/2020\/06\/dexway-multi2.jpg\" width=\"1060\" height=\"657\" srcset=\"https:\/\/www.cae.net\/wp-content\/uploads\/2020\/06\/dexway-multi2.jpg 1060w, https:\/\/www.cae.net\/wp-content\/uploads\/2020\/06\/dexway-multi2-980x607.jpg 980w, https:\/\/www.cae.net\/wp-content\/uploads\/2020\/06\/dexway-multi2-480x298.jpg 480w\" sizes=\"(min-width: 0px) and (max-width: 480px) 480px, (min-width: 481px) and (max-width: 980px) 980px, (min-width: 981px) 1060px, 100vw\" class=\"wp-image-17127\" title=\"Estrellas, trofeos, medallas y ranking de clase\" alt=\"Sistema de gamificaci\u00f3n Dexway\" \/><\/span><\/div>\n<\/div>\n\n<div class=\"et_pb_column_5 et_pb_column et_pb_column_1_2 et-last-child et_block_column et_pb_css_mix_blend_mode_passthrough\">\n<div class=\"et_pb_accordion_0 et_pb_accordion et_pb_module et_block_module\">\n<div class=\"et_pb_accordion_item_0 et_pb_accordion_item et_pb_toggle et_pb_module et_pb_toggle_open et_block_module\"><h4 class=\"et_pb_toggle_title\">Doble seguimiento<\/h4><div class=\"et_pb_toggle_content\"><p>El sistema de gamificaci\u00f3n que incorporan las plataformas educativas de CAE permite un doble seguimiento del progreso de los alumnos:<\/p>\n<p>&nbsp;<\/p>\n<ul>\n<li><strong>Progreso individual.<\/strong> Detalle de todos los logros conseguidos al que solo pueden acceder el propio alumno y el profesorado<\/li>\n<li><strong>Progreso en grupos.<\/strong> (Opcional) Tablas de clasificaci\u00f3n en las que los alumnos de cada grupo se ordenan seg\u00fan su rendimiento<\/li>\n<\/ul>\n<\/div><\/div>\n\n<div class=\"et_pb_accordion_item_1 et_pb_accordion_item et_pb_toggle et_pb_module et_pb_toggle_close et_block_module\"><h4 class=\"et_pb_toggle_title\">Fijaci\u00f3n de objetivos<\/h4><div class=\"et_pb_toggle_content\"><div>\n<div><span>Configure los objetivos que el alumnado debe conseguir para desbloquear las recompensas y conseguir estrellas, copas y medallas.\u00a0<\/span><\/div>\n<p>&nbsp;<\/p>\n<ul>\n<li><strong>Progresi\u00f3n<\/strong> en el curso y ritmo al que se avanza<\/li>\n<li><strong>Notas medias <\/strong>de tests parciales y finales<\/li>\n<li>Tiempo invertido en <strong>actividades extra<\/strong><\/li>\n<li>Participaci\u00f3n en <strong>grupos de conversaci\u00f3n<\/strong><\/li>\n<\/ul>\n<\/div>\n<\/div><\/div>\n\n<div class=\"et_pb_accordion_item_2 et_pb_accordion_item et_pb_toggle et_pb_module et_pb_toggle_close et_block_module\"><h4 class=\"et_pb_toggle_title\">Recompensas en forma de insignias<\/h4><div class=\"et_pb_toggle_content\"><p>Otorgue estrellas, copas y medallas cuando los objetivos asignados al sistema de gamificaci\u00f3n se consigan..<\/p>\n<\/div><\/div>\n\n<div class=\"et_pb_accordion_item_3 et_pb_accordion_item et_pb_toggle et_pb_module et_pb_toggle_close et_block_module\"><h4 class=\"et_pb_toggle_title\">Medici\u00f3n de logros<\/h4><div class=\"et_pb_toggle_content\"><p><span style=\"font-size: 16px;\">Las plataformas educativas CAE incluyen <\/span><strong style=\"font-size: 16px;\">sistemas de evaluaci\u00f3n por habilidades ling\u00fc\u00edsticas<\/strong><span style=\"font-size: 16px;\"> que permiten medir el rendimiento de los alumnos espec\u00edficamente en las principales skills de la lengua: <\/span><em style=\"font-size: 16px;\"><strong>speaking, reading, writing y listening<\/strong><\/em><span style=\"font-size: 16px;\"> (expresi\u00f3n y comprensi\u00f3n orales y escritas).<\/span><\/p>\n<p><span>Aprovechamos todas estas mediciones para que la gamificaci\u00f3n de sus cursos de idiomas recompense el rendimiento y la evoluci\u00f3n de sus estudiantes no solamente por completar lecciones, sino por c\u00f3mo completan cada ejercicio.\u00a0<\/span><\/p>\n<\/div><\/div>\n<\/div>\n<\/div>\n<\/div>\n<\/div>\n\n<div class=\"et_pb_section_3 et_pb_section et_section_regular et_block_section preset--module--divi-section--default\">\n<div class=\"et_pb_row_3 et_pb_row et_block_row\">\n<div class=\"et_pb_column_6 et_pb_column et_pb_column_4_4 et-last-child et_block_column et_pb_css_mix_blend_mode_passthrough\">\n<div class=\"et_pb_cta_0 et_pb_promo et_pb_bg_layout_light et_pb_module et_block_module\"><div class=\"et_pb_promo_description\"><h2 class=\"et_pb_module_header\">Nuestros especialistas le asesorar\u00e1n sobre nuestras soluciones formativas<\/h2><\/div><div class=\"et_pb_button_wrapper\"><a class=\"et_pb_button et_pb_promo_button\" href=\"https:\/\/www.cae.net\/es\/contacto-cae\/\">Solicitar informaci\u00f3n<\/a><\/div><\/div>\n<\/div>\n<\/div>\n<\/div>\n\n","protected":false},"excerpt":{"rendered":"","protected":false},"author":2,"featured_media":0,"parent":0,"menu_order":0,"comment_status":"open","ping_status":"open","template":"","meta":{"footnotes":""},"class_list":["post-13329","page","type-page","status-publish","hentry"],"yoast_head":"<!-- This site is optimized with the Yoast SEO plugin v27.5 - https:\/\/yoast.com\/product\/yoast-seo-wordpress\/ -->\n<title>Gamificaci\u00f3n en cursos de idiomas. Gamificaci\u00f3n en el aula | CAE<\/title>\n<meta name=\"description\" content=\"Gamificaci\u00f3n en cursos de idiomas. Aumente la motivaci\u00f3n de sus estudiantes aplicando la gamificaci\u00f3n en el aula.\" \/>\n<meta name=\"robots\" content=\"index, follow, max-snippet:-1, max-image-preview:large, max-video-preview:-1\" \/>\n<link rel=\"canonical\" href=\"https:\/\/www.cae.net\/es\/gamificacion-cursos-idiomas\/\" \/>\n<meta property=\"og:locale\" content=\"es_ES\" \/>\n<meta property=\"og:type\" content=\"article\" \/>\n<meta property=\"og:title\" content=\"Gamificaci\u00f3n en cursos de idiomas. Gamificaci\u00f3n en el aula | CAE\" \/>\n<meta property=\"og:description\" content=\"Gamificaci\u00f3n en cursos de idiomas. Aumente la motivaci\u00f3n de sus estudiantes aplicando la gamificaci\u00f3n en el aula.\" \/>\n<meta property=\"og:url\" content=\"https:\/\/www.cae.net\/es\/gamificacion-cursos-idiomas\/\" \/>\n<meta property=\"og:site_name\" content=\"CAE Computer Aided E-learning\" \/>\n<meta property=\"article:publisher\" content=\"https:\/\/www.facebook.com\/elearning.cae\" \/>\n<meta property=\"article:modified_time\" content=\"2026-05-08T05:11:53+00:00\" \/>\n<meta property=\"og:image\" content=\"https:\/\/www.cae.net\/wp-content\/uploads\/2015\/04\/logo-5.png\" \/>\n\t<meta property=\"og:image:width\" content=\"247\" \/>\n\t<meta property=\"og:image:height\" content=\"71\" \/>\n\t<meta property=\"og:image:type\" content=\"image\/png\" \/>\n<meta name=\"twitter:card\" content=\"summary_large_image\" \/>\n<meta name=\"twitter:site\" content=\"@elearning_cae\" \/>\n<meta name=\"twitter:label1\" content=\"Tiempo de lectura\" \/>\n\t<meta name=\"twitter:data1\" content=\"3 minutos\" \/>\n<script type=\"application\/ld+json\" class=\"yoast-schema-graph\">{\"@context\":\"https:\\\/\\\/schema.org\",\"@graph\":[{\"@type\":\"WebPage\",\"@id\":\"https:\\\/\\\/www.cae.net\\\/es\\\/gamificacion-cursos-idiomas\\\/\",\"url\":\"https:\\\/\\\/www.cae.net\\\/es\\\/gamificacion-cursos-idiomas\\\/\",\"name\":\"Gamificaci\u00f3n en cursos de idiomas. Gamificaci\u00f3n en el aula | CAE\",\"isPartOf\":{\"@id\":\"https:\\\/\\\/www.cae.net\\\/es\\\/#website\"},\"datePublished\":\"2019-02-05T17:04:43+00:00\",\"dateModified\":\"2026-05-08T05:11:53+00:00\",\"description\":\"Gamificaci\u00f3n en cursos de idiomas. Aumente la motivaci\u00f3n de sus estudiantes aplicando la gamificaci\u00f3n en el aula.\",\"breadcrumb\":{\"@id\":\"https:\\\/\\\/www.cae.net\\\/es\\\/gamificacion-cursos-idiomas\\\/#breadcrumb\"},\"inLanguage\":\"es\",\"potentialAction\":[{\"@type\":\"ReadAction\",\"target\":[\"https:\\\/\\\/www.cae.net\\\/es\\\/gamificacion-cursos-idiomas\\\/\"]}]},{\"@type\":\"BreadcrumbList\",\"@id\":\"https:\\\/\\\/www.cae.net\\\/es\\\/gamificacion-cursos-idiomas\\\/#breadcrumb\",\"itemListElement\":[{\"@type\":\"ListItem\",\"position\":1,\"name\":\"Portada\",\"item\":\"https:\\\/\\\/www.cae.net\\\/es\\\/\"},{\"@type\":\"ListItem\",\"position\":2,\"name\":\"Gamificaci\u00f3n en cursos online\"}]},{\"@type\":\"WebSite\",\"@id\":\"https:\\\/\\\/www.cae.net\\\/es\\\/#website\",\"url\":\"https:\\\/\\\/www.cae.net\\\/es\\\/\",\"name\":\"CAE Computer Aided E-learning\",\"description\":\"Expertos en Elearning, Plataformas educativas, formaci\u00f3n en idiomas, contenidos  online y offline\",\"potentialAction\":[{\"@type\":\"SearchAction\",\"target\":{\"@type\":\"EntryPoint\",\"urlTemplate\":\"https:\\\/\\\/www.cae.net\\\/es\\\/?s={search_term_string}\"},\"query-input\":{\"@type\":\"PropertyValueSpecification\",\"valueRequired\":true,\"valueName\":\"search_term_string\"}}],\"inLanguage\":\"es\"}]}<\/script>\n<!-- \/ Yoast SEO plugin. -->","yoast_head_json":{"title":"Gamificaci\u00f3n en cursos de idiomas. Gamificaci\u00f3n en el aula | CAE","description":"Gamificaci\u00f3n en cursos de idiomas. Aumente la motivaci\u00f3n de sus estudiantes aplicando la gamificaci\u00f3n en el aula.","robots":{"index":"index","follow":"follow","max-snippet":"max-snippet:-1","max-image-preview":"max-image-preview:large","max-video-preview":"max-video-preview:-1"},"canonical":"https:\/\/www.cae.net\/es\/gamificacion-cursos-idiomas\/","og_locale":"es_ES","og_type":"article","og_title":"Gamificaci\u00f3n en cursos de idiomas. Gamificaci\u00f3n en el aula | CAE","og_description":"Gamificaci\u00f3n en cursos de idiomas. Aumente la motivaci\u00f3n de sus estudiantes aplicando la gamificaci\u00f3n en el aula.","og_url":"https:\/\/www.cae.net\/es\/gamificacion-cursos-idiomas\/","og_site_name":"CAE Computer Aided E-learning","article_publisher":"https:\/\/www.facebook.com\/elearning.cae","article_modified_time":"2026-05-08T05:11:53+00:00","og_image":[{"width":247,"height":71,"url":"https:\/\/www.cae.net\/wp-content\/uploads\/2015\/04\/logo-5.png","type":"image\/png"}],"twitter_card":"summary_large_image","twitter_site":"@elearning_cae","twitter_misc":{"Tiempo de lectura":"3 minutos"},"schema":{"@context":"https:\/\/schema.org","@graph":[{"@type":"WebPage","@id":"https:\/\/www.cae.net\/es\/gamificacion-cursos-idiomas\/","url":"https:\/\/www.cae.net\/es\/gamificacion-cursos-idiomas\/","name":"Gamificaci\u00f3n en cursos de idiomas. Gamificaci\u00f3n en el aula | CAE","isPartOf":{"@id":"https:\/\/www.cae.net\/es\/#website"},"datePublished":"2019-02-05T17:04:43+00:00","dateModified":"2026-05-08T05:11:53+00:00","description":"Gamificaci\u00f3n en cursos de idiomas. Aumente la motivaci\u00f3n de sus estudiantes aplicando la gamificaci\u00f3n en el aula.","breadcrumb":{"@id":"https:\/\/www.cae.net\/es\/gamificacion-cursos-idiomas\/#breadcrumb"},"inLanguage":"es","potentialAction":[{"@type":"ReadAction","target":["https:\/\/www.cae.net\/es\/gamificacion-cursos-idiomas\/"]}]},{"@type":"BreadcrumbList","@id":"https:\/\/www.cae.net\/es\/gamificacion-cursos-idiomas\/#breadcrumb","itemListElement":[{"@type":"ListItem","position":1,"name":"Portada","item":"https:\/\/www.cae.net\/es\/"},{"@type":"ListItem","position":2,"name":"Gamificaci\u00f3n en cursos online"}]},{"@type":"WebSite","@id":"https:\/\/www.cae.net\/es\/#website","url":"https:\/\/www.cae.net\/es\/","name":"CAE Computer Aided E-learning","description":"Expertos en Elearning, Plataformas educativas, formaci\u00f3n en idiomas, contenidos  online y offline","potentialAction":[{"@type":"SearchAction","target":{"@type":"EntryPoint","urlTemplate":"https:\/\/www.cae.net\/es\/?s={search_term_string}"},"query-input":{"@type":"PropertyValueSpecification","valueRequired":true,"valueName":"search_term_string"}}],"inLanguage":"es"}]}},"_links":{"self":[{"href":"https:\/\/www.cae.net\/es\/wp-json\/wp\/v2\/pages\/13329","targetHints":{"allow":["GET"]}}],"collection":[{"href":"https:\/\/www.cae.net\/es\/wp-json\/wp\/v2\/pages"}],"about":[{"href":"https:\/\/www.cae.net\/es\/wp-json\/wp\/v2\/types\/page"}],"author":[{"embeddable":true,"href":"https:\/\/www.cae.net\/es\/wp-json\/wp\/v2\/users\/2"}],"replies":[{"embeddable":true,"href":"https:\/\/www.cae.net\/es\/wp-json\/wp\/v2\/comments?post=13329"}],"version-history":[{"count":1,"href":"https:\/\/www.cae.net\/es\/wp-json\/wp\/v2\/pages\/13329\/revisions"}],"predecessor-version":[{"id":330230,"href":"https:\/\/www.cae.net\/es\/wp-json\/wp\/v2\/pages\/13329\/revisions\/330230"}],"wp:attachment":[{"href":"https:\/\/www.cae.net\/es\/wp-json\/wp\/v2\/media?parent=13329"}],"curies":[{"name":"wp","href":"https:\/\/api.w.org\/{rel}","templated":true}]}}