{"id":13382,"date":"2019-02-05T12:04:20","date_gmt":"2019-02-05T17:04:20","guid":{"rendered":"https:\/\/www.cae.net\/?page_id=13382"},"modified":"2025-02-07T13:48:38","modified_gmt":"2025-02-07T12:48:38","slug":"mobile-learning-apps-para-aprender-idiomas","status":"publish","type":"page","link":"https:\/\/www.cae.net\/es\/mobile-learning-apps-para-aprender-idiomas\/","title":{"rendered":"Mobile Learning | Apps para aprender idiomas"},"content":{"rendered":"<p>[et_pb_section fb_built=\u00bb1&#8243; disabled_on=\u00bboff|off|off\u00bb _builder_version=\u00bb4.27.4&#8243; background_color=\u00bb#273C43&#8243; background_enable_image=\u00bboff\u00bb background_position=\u00bbbottom_right\u00bb background_vertical_offset=\u00bb9%\u00bb custom_margin=\u00bb0px||0px|0px|false|false\u00bb custom_margin_tablet=\u00bb-25px||0px|0px|false|false\u00bb custom_margin_phone=\u00bb0px||0px|0px|false|false\u00bb custom_margin_last_edited=\u00bboff|desktop\u00bb custom_padding=\u00bb3vw|0px|3vw|0px|true|false\u00bb hover_enabled=\u00bb0&#8243; background_last_edited=\u00bbon|desktop\u00bb use_background_color_gradient_phone=\u00bboff\u00bb background_image_phone=\u00bbhttps:\/\/www.cae.net\/wp-content\/uploads\/2023\/02\/bg-creacion-cursos-idiomas-herramienta-de-autor-mobile.jpg\u00bb background_enable_image_phone=\u00bboff\u00bb background_size_phone=\u00bbcontain\u00bb background_position_phone=\u00bbtop_center\u00bb locked=\u00bboff\u00bb global_colors_info=\u00bb{}\u00bb sticky_enabled=\u00bb0&#8243;][et_pb_row column_structure=\u00bb3_5,2_5&#8243; _builder_version=\u00bb4.25.0&#8243; custom_padding=\u00bb11px||0px||false|false\u00bb global_colors_info=\u00bb{}\u00bb][et_pb_column type=\u00bb3_5&#8243; _builder_version=\u00bb4.16&#8243; global_colors_info=\u00bb{}\u00bb][et_pb_text _builder_version=\u00bb4.25.0&#8243; _module_preset=\u00bb817a32bc-6911-45fd-a95f-24c05c516040&#8243; header_font_size=\u00bb50px\u00bb background_layout=\u00bbdark\u00bb custom_margin=\u00bb||26px||false|false\u00bb custom_padding=\u00bb22px|||||\u00bb header_font_size_phone=\u00bb43px\u00bb locked=\u00bboff\u00bb global_colors_info=\u00bb{}\u00bb]<\/p>\n<h1>Expertos en apps para cursos de idiomas<\/h1>\n<p>[\/et_pb_text][\/et_pb_column][et_pb_column type=\u00bb2_5&#8243; _builder_version=\u00bb4.16&#8243; global_colors_info=\u00bb{}\u00bb][\/et_pb_column][\/et_pb_row][\/et_pb_section][et_pb_section fb_built=\u00bb1&#8243; admin_label=\u00bbsection\u00bb _builder_version=\u00bb4.25.0&#8243; custom_margin=\u00bb0px||0px||false|false\u00bb custom_padding=\u00bb46px|0px|46px|0px|false|false\u00bb global_colors_info=\u00bb{}\u00bb][et_pb_row column_padding_mobile=\u00bbon\u00bb admin_label=\u00bbFila\u00bb _builder_version=\u00bb4.16&#8243; background_size=\u00bbinitial\u00bb background_position=\u00bbtop_left\u00bb background_repeat=\u00bbrepeat\u00bb custom_padding=\u00bb30px|0px|0|0px|false|false\u00bb global_colors_info=\u00bb{}\u00bb][et_pb_column type=\u00bb4_4&#8243; _builder_version=\u00bb4.16&#8243; custom_padding=\u00bb|||\u00bb global_colors_info=\u00bb{}\u00bb custom_padding__hover=\u00bb|||\u00bb][et_pb_text disabled_on=\u00bbon|on|on\u00bb _builder_version=\u00bb4.16&#8243; text_font=\u00bb||||||||\u00bb text_font_size=\u00bb20px\u00bb header_text_color=\u00bbrgba(0,0,0,0.63)\u00bb header_font_size=\u00bb34px\u00bb disabled=\u00bbon\u00bb global_colors_info=\u00bb{}\u00bb]<\/p>\n<p>La mejor manera de hacer llegar sus cursos o p\u00edldoras formativas en clase y si lo desea, tambi\u00e9n fuera de clase<\/p>\n<p>[\/et_pb_text][et_pb_text admin_label=\u00bbTexto\u00bb _builder_version=\u00bb4.25.0&#8243; header_2_font_size=\u00bb25px\u00bb header_3_font_size=\u00bb21px\u00bb background_size=\u00bbinitial\u00bb background_position=\u00bbtop_left\u00bb background_repeat=\u00bbrepeat\u00bb min_height=\u00bb267.3px\u00bb custom_margin=\u00bb-25px||\u00bb use_border_color=\u00bboff\u00bb global_colors_info=\u00bb{}\u00bb]<\/p>\n<h2>Qu\u00e9 es el Mobile Learning<\/h2>\n<p style=\"text-align: left;\">El Mobile Learning, tambi\u00e9n conocido como M-learning, se refiere al uso de aplicaciones m\u00f3viles para acceder a cursos e-learning (<strong>online, blended, <a href=\"https:\/\/www.cae.net\/es\/laboratorio-de-idiomas-aulas-en-red\/\" title=\"laboratorios de idiomas\">laboratorios<\/a><\/strong>). Las apps multidispositivo permiten un estudio mucho m\u00e1s flexible: d\u00f3nde y cuando el profesor decida. De esta manera, el ritmo se adapta a las necesidades y posibilidades de cada estudiante.<\/p>\n<p>&nbsp;<\/p>\n<h3>C\u00f3mo contribuye el Mobile Learning al aprendizaje\u00a0<\/h3>\n<div>\n<p style=\"text-align: left;\">Los <em>smartphones<\/em> y las tabletas permiten que los estudiantes y profesores accedan al contenido de los cursos de una manera mucho m\u00e1s personalizada, ofreciendo un impacto muy positivo en el aprendizaje. Es tal la relaci\u00f3n de cercan\u00eda y el alto uso que se hace de estos dispositivos, que facilitar el acceso a sus contenidos a trav\u00e9s de ellos aumenta la participaci\u00f3n de los estudiantes puesto que se ofrece un alto nivel de concentraci\u00f3n e individualizaci\u00f3n del aprendizaje, consiguiendo en menos tiempo la retenci\u00f3n y asociaci\u00f3n de m\u00e1s conceptos.<\/p>\n<\/div>\n<div style=\"text-align: justify;\">\n<blockquote>\n<p><span style=\"font-size: medium;\"><strong><\/strong><\/span><\/p>\n<\/blockquote>\n<\/div>\n<p>[\/et_pb_text][\/et_pb_column][\/et_pb_row][et_pb_row column_structure=\u00bb1_2,1_2&#8243; admin_label=\u00bbFila\u00bb _builder_version=\u00bb4.16&#8243; background_size=\u00bbinitial\u00bb background_position=\u00bbtop_left\u00bb background_repeat=\u00bbrepeat\u00bb custom_padding=\u00bb29px|0px|18px|0px|false|false\u00bb global_colors_info=\u00bb{}\u00bb][et_pb_column type=\u00bb1_2&#8243; _builder_version=\u00bb4.16&#8243; custom_padding=\u00bb|||\u00bb global_colors_info=\u00bb{}\u00bb custom_padding__hover=\u00bb|||\u00bb][et_pb_text _builder_version=\u00bb4.25.0&#8243; header_2_font=\u00bb|600|||||||\u00bb header_2_font_size=\u00bb25px\u00bb background_size=\u00bbinitial\u00bb background_position=\u00bbtop_left\u00bb background_repeat=\u00bbrepeat\u00bb module_alignment=\u00bbleft\u00bb border_color_all=\u00bb#ffffff\u00bb global_colors_info=\u00bb{}\u00bb]<\/p>\n<h2>Apps desarrolladas por CAE para la ense\u00f1anza de idiomas<\/h2>\n<p>[\/et_pb_text][et_pb_blurb title=\u00bbDisponibles para Android, iOS, Windows y MAC\u00bb use_icon=\u00bbon\u00bb font_icon=\u00bb&#x52;||divi||400&#8243; icon_color=\u00bb#000000&#8243; icon_placement=\u00bbleft\u00bb image_icon_width=\u00bb24px\u00bb _builder_version=\u00bb4.25.0&#8243; header_level=\u00bbh3&#8243; header_font=\u00bb|600|||||||\u00bb header_font_size=\u00bb17px\u00bb custom_padding=\u00bb24px|||||\u00bb icon_font_size=\u00bb50px\u00bb global_colors_info=\u00bb{}\u00bb]<\/p>\n<p>Su aplicaci\u00f3n es compatible con los principales sistemas operativos para que sus estudiantes puedan descargar sus cursos en sus dispositivos favoritos. Con la\u00a0predescarga de los contenidos, los estudiantes pueden realizar sus cursos desde cualquier sitio sin preocuparse por sus datos o encontrar una red WiFi.<\/p>\n<p>[\/et_pb_blurb][et_pb_blurb title=\u00bbApps multidispositivo\u00bb use_icon=\u00bbon\u00bb font_icon=\u00bb&#x52;||divi||400&#8243; icon_color=\u00bb#000000&#8243; icon_placement=\u00bbleft\u00bb image_icon_width=\u00bb24px\u00bb _builder_version=\u00bb4.16&#8243; header_level=\u00bbh3&#8243; header_font=\u00bb|600|||||||\u00bb header_font_size=\u00bb17px\u00bb custom_padding=\u00bb24px|||||\u00bb icon_font_size=\u00bb50px\u00bb global_colors_info=\u00bb{}\u00bb]<\/p>\n<p>Aplicaciones disponibles para <em>smartphones,<\/em> tabletas y ordenadores conectados a la red.\u00a0Las apps aumentan la inmersi\u00f3n ling\u00fc\u00edstica de los cursos hasta el 100 % al permitir un acceso permanente a la biblioteca de sus recursos: m\u00fasica, v\u00eddeos, revistas para practicar durante todo el d\u00eda.<\/p>\n<p>[\/et_pb_blurb][\/et_pb_column][et_pb_column type=\u00bb1_2&#8243; _builder_version=\u00bb4.16&#8243; custom_padding=\u00bb|||\u00bb global_colors_info=\u00bb{}\u00bb custom_padding__hover=\u00bb|||\u00bb][et_pb_image src=\u00bbhttps:\/\/www.cae.net\/wp-content\/uploads\/2020\/10\/english-learning-pill.png\u00bb alt=\u00bbAPP de Dexway en smartphone\u00bb title_text=\u00bbLearning PIlls\u00bb _builder_version=\u00bb4.16&#8243; global_colors_info=\u00bb{}\u00bb][\/et_pb_image][\/et_pb_column][\/et_pb_row][et_pb_row _builder_version=\u00bb4.16&#8243; _module_preset=\u00bbdefault\u00bb custom_padding=\u00bb||1px|||\u00bb global_colors_info=\u00bb{}\u00bb][et_pb_column type=\u00bb4_4&#8243; _builder_version=\u00bb4.16&#8243; _module_preset=\u00bbdefault\u00bb global_colors_info=\u00bb{}\u00bb][et_pb_text _builder_version=\u00bb4.20.4&#8243; _module_preset=\u00bbdefault\u00bb global_colors_info=\u00bb{}\u00bb]<\/p>\n<p>Adem\u00e1s, el <em>mobile learning<\/em> favorece la inmersi\u00f3n ling\u00fc\u00edstica al permitir a los alumnos acceder a los cursos en cualquier momento designado por el tutor, pudiendo utilizarlos tanto en periodos lectivos como en momentos de ocio (gracias a los contenidos amenos: m\u00fasica, v\u00eddeos , revistas, sopas de letras&#8230;). Con las aplicaciones m\u00f3viles para ense\u00f1ar idiomas sus alumnos pueden conseguir una inmersi\u00f3n ling\u00fc\u00edstica del 100%.<\/p>\n<p>[\/et_pb_text][et_pb_text _builder_version=\u00bb4.20.4&#8243; text_font_size=\u00bb18px\u00bb header_2_font=\u00bb|600|||||||\u00bb header_2_font_size=\u00bb21px\u00bb background_size=\u00bbinitial\u00bb background_position=\u00bbtop_left\u00bb background_repeat=\u00bbrepeat\u00bb custom_padding=\u00bb|||26px|false|false\u00bb border_width_left=\u00bb6px\u00bb global_colors_info=\u00bb{}\u00bb]<\/p>\n<p>Con un s\u00f3lo clic y de forma sincronizada.<br \/>Permite el acceso a su contenido<strong> incluso en modo offline<\/strong><\/p>\n<p>[\/et_pb_text][\/et_pb_column][\/et_pb_row][\/et_pb_section][et_pb_section fb_built=\u00bb1&#8243; _builder_version=\u00bb4.27.4&#8243; _module_preset=\u00bbdefault\u00bb background_color=\u00bb#273C43&#8243; custom_padding=\u00bb16px||16px||true|\u00bb top_divider_flip=\u00bbvertical\u00bb hover_enabled=\u00bb0&#8243; locked=\u00bboff\u00bb global_colors_info=\u00bb{}\u00bb sticky_enabled=\u00bb0&#8243;][et_pb_row _builder_version=\u00bb4.24.3&#8243; _module_preset=\u00bbdefault\u00bb global_colors_info=\u00bb{}\u00bb][et_pb_column type=\u00bb4_4&#8243; _builder_version=\u00bb4.24.3&#8243; _module_preset=\u00bbdefault\u00bb global_colors_info=\u00bb{}\u00bb][et_pb_cta button_url=\u00bbhttps:\/\/www.cae.net\/es\/contacto-cae\/\u00bb button_text=\u00bbSolicitar informaci\u00f3n\u00bb _builder_version=\u00bb4.27.4&#8243; _module_preset=\u00bbdefault\u00bb body_font_size=\u00bb31px\u00bb body_line_height=\u00bb1.2em\u00bb custom_button=\u00bbon\u00bb button_text_color=\u00bb#273C43&#8243; button_bg_color=\u00bb#FFFFFF\u00bb button_use_icon=\u00bboff\u00bb button_custom_margin=\u00bb24px||||false|false\u00bb custom_padding=\u00bb14px||14px|||\u00bb body_font_size_tablet=\u00bb31px\u00bb body_font_size_phone=\u00bb31px\u00bb body_font_size_last_edited=\u00bbon|phone\u00bb global_colors_info=\u00bb{}\u00bb sticky_enabled=\u00bb0&#8243; background_enable_color=\u00bboff\u00bb button_bg_color__hover=\u00bb#FFFFFF\u00bb button_bg_color__hover_enabled=\u00bbon|hover\u00bb button_border_radius=\u00bb20px\u00bb button_border_radius__hover=\u00bb20px\u00bb button_border_radius__hover_enabled=\u00bbon|hover\u00bb button_font=\u00bb||||||||\u00bb button_text_size=\u00bb20px\u00bb]<\/p>\n<p>Nuestros especialistas le asesorar\u00e1n sobre nuestras soluciones formativas<\/p>\n<p>[\/et_pb_cta][\/et_pb_column][\/et_pb_row][\/et_pb_section][et_pb_section fb_built=\u00bb1&#8243; module_class=\u00bbmobile-slide\u00bb _builder_version=\u00bb4.24.3&#8243; _module_preset=\u00bbdefault\u00bb custom_padding=\u00bb49px||41px|||\u00bb border_width_bottom=\u00bb1px\u00bb border_color_bottom=\u00bbrgba(0,0,0,0.12)\u00bb global_module=\u00bb24275&#8243; saved_tabs=\u00bball\u00bb global_colors_info=\u00bb{}\u00bb][et_pb_row _builder_version=\u00bb4.16&#8243; _module_preset=\u00bbdefault\u00bb global_colors_info=\u00bb{}\u00bb][et_pb_column type=\u00bb4_4&#8243; _builder_version=\u00bb4.16&#8243; _module_preset=\u00bbdefault\u00bb global_colors_info=\u00bb{}\u00bb][et_pb_text _builder_version=\u00bb4.25.0&#8243; _module_preset=\u00bbdefault\u00bb header_2_font=\u00bb|700|||||||\u00bb background_size=\u00bbinitial\u00bb background_position=\u00bbtop_left\u00bb background_repeat=\u00bbrepeat\u00bb global_colors_info=\u00bb{}\u00bb]<\/p>\n<h2 style=\"text-align: center;\">Todo sobre educaci\u00f3n y tecnolog\u00eda<\/h2>\n<p style=\"text-align: center;\">en el Blog de CAE<\/p>\n<p>[\/et_pb_text][et_pb_blog fullwidth=\u00bboff\u00bb posts_number=\u00bb3&#8243; include_categories=\u00bball\u00bb show_author=\u00bboff\u00bb show_date=\u00bboff\u00bb show_categories=\u00bboff\u00bb show_excerpt=\u00bboff\u00bb show_pagination=\u00bboff\u00bb _builder_version=\u00bb4.24.3&#8243; _module_preset=\u00bbdefault\u00bb header_font=\u00bb|600|||||||\u00bb header_font_size=\u00bb19px\u00bb meta_line_height=\u00bb1.3em\u00bb border_radii=\u00bbon|8px|8px|8px|8px\u00bb global_colors_info=\u00bb{}\u00bb][\/et_pb_blog][\/et_pb_column][\/et_pb_row][\/et_pb_section]<\/p>\n","protected":false},"excerpt":{"rendered":"<p>Expertos en apps para cursos de idiomasLa mejor manera de hacer llegar sus cursos o p\u00edldoras formativas en clase y si lo desea, tambi\u00e9n fuera de claseQu\u00e9 es el Mobile Learning El Mobile Learning, tambi\u00e9n conocido como M-learning, se refiere al uso de aplicaciones m\u00f3viles para acceder a cursos e-learning (online, blended, laboratorios). Las apps [&hellip;]<\/p>\n","protected":false},"author":2,"featured_media":0,"parent":0,"menu_order":0,"comment_status":"open","ping_status":"open","template":"","meta":{"_et_pb_use_builder":"on","_et_pb_old_content":"","_et_gb_content_width":"","footnotes":""},"class_list":["post-13382","page","type-page","status-publish","hentry"],"yoast_head":"<!-- This site is optimized with the Yoast SEO plugin v27.4 - https:\/\/yoast.com\/product\/yoast-seo-wordpress\/ -->\n<title>Mobile Learning. Apps para aprender idiomas | CAE<\/title>\n<meta name=\"description\" content=\"Expertos en Mobile Learning, apps para aprender idiomas. Apps multidispositivo para cursos de idiomas online, blended o laboratorios.\" \/>\n<meta name=\"robots\" content=\"index, follow, max-snippet:-1, max-image-preview:large, max-video-preview:-1\" \/>\n<link rel=\"canonical\" href=\"https:\/\/www.cae.net\/es\/mobile-learning-apps-para-aprender-idiomas\/\" \/>\n<meta property=\"og:locale\" content=\"es_ES\" \/>\n<meta property=\"og:type\" content=\"article\" \/>\n<meta property=\"og:title\" content=\"Mobile Learning. Apps para aprender idiomas | CAE\" \/>\n<meta property=\"og:description\" content=\"Expertos en Mobile Learning, apps para aprender idiomas. Apps multidispositivo para cursos de idiomas online, blended o laboratorios.\" \/>\n<meta property=\"og:url\" content=\"https:\/\/www.cae.net\/es\/mobile-learning-apps-para-aprender-idiomas\/\" \/>\n<meta property=\"og:site_name\" content=\"CAE Computer Aided E-learning\" \/>\n<meta property=\"article:publisher\" content=\"https:\/\/www.facebook.com\/elearning.cae\" \/>\n<meta property=\"article:modified_time\" content=\"2025-02-07T12:48:38+00:00\" \/>\n<meta property=\"og:image\" content=\"https:\/\/www.cae.net\/wp-content\/uploads\/2015\/04\/logo-5.png\" \/>\n\t<meta property=\"og:image:width\" content=\"247\" \/>\n\t<meta property=\"og:image:height\" content=\"71\" \/>\n\t<meta property=\"og:image:type\" content=\"image\/png\" \/>\n<meta name=\"twitter:card\" content=\"summary_large_image\" \/>\n<meta name=\"twitter:site\" content=\"@elearning_cae\" \/>\n<meta name=\"twitter:label1\" content=\"Tiempo de lectura\" \/>\n\t<meta name=\"twitter:data1\" content=\"3 minutos\" \/>\n<script type=\"application\/ld+json\" class=\"yoast-schema-graph\">{\"@context\":\"https:\\\/\\\/schema.org\",\"@graph\":[{\"@type\":\"WebPage\",\"@id\":\"https:\\\/\\\/www.cae.net\\\/es\\\/mobile-learning-apps-para-aprender-idiomas\\\/\",\"url\":\"https:\\\/\\\/www.cae.net\\\/es\\\/mobile-learning-apps-para-aprender-idiomas\\\/\",\"name\":\"Mobile Learning. Apps para aprender idiomas | CAE\",\"isPartOf\":{\"@id\":\"https:\\\/\\\/www.cae.net\\\/es\\\/#website\"},\"datePublished\":\"2019-02-05T17:04:20+00:00\",\"dateModified\":\"2025-02-07T12:48:38+00:00\",\"description\":\"Expertos en Mobile Learning, apps para aprender idiomas. Apps multidispositivo para cursos de idiomas online, blended o laboratorios.\",\"breadcrumb\":{\"@id\":\"https:\\\/\\\/www.cae.net\\\/es\\\/mobile-learning-apps-para-aprender-idiomas\\\/#breadcrumb\"},\"inLanguage\":\"es\",\"potentialAction\":[{\"@type\":\"ReadAction\",\"target\":[\"https:\\\/\\\/www.cae.net\\\/es\\\/mobile-learning-apps-para-aprender-idiomas\\\/\"]}]},{\"@type\":\"BreadcrumbList\",\"@id\":\"https:\\\/\\\/www.cae.net\\\/es\\\/mobile-learning-apps-para-aprender-idiomas\\\/#breadcrumb\",\"itemListElement\":[{\"@type\":\"ListItem\",\"position\":1,\"name\":\"Portada\",\"item\":\"https:\\\/\\\/www.cae.net\\\/es\\\/\"},{\"@type\":\"ListItem\",\"position\":2,\"name\":\"Mobile Learning | Apps para aprender idiomas\"}]},{\"@type\":\"WebSite\",\"@id\":\"https:\\\/\\\/www.cae.net\\\/es\\\/#website\",\"url\":\"https:\\\/\\\/www.cae.net\\\/es\\\/\",\"name\":\"CAE Computer Aided E-learning\",\"description\":\"Expertos en Elearning, Plataformas educativas, formaci\u00f3n en idiomas, contenidos  online y offline\",\"potentialAction\":[{\"@type\":\"SearchAction\",\"target\":{\"@type\":\"EntryPoint\",\"urlTemplate\":\"https:\\\/\\\/www.cae.net\\\/es\\\/?s={search_term_string}\"},\"query-input\":{\"@type\":\"PropertyValueSpecification\",\"valueRequired\":true,\"valueName\":\"search_term_string\"}}],\"inLanguage\":\"es\"}]}<\/script>\n<!-- \/ Yoast SEO plugin. -->","yoast_head_json":{"title":"Mobile Learning. Apps para aprender idiomas | CAE","description":"Expertos en Mobile Learning, apps para aprender idiomas. Apps multidispositivo para cursos de idiomas online, blended o laboratorios.","robots":{"index":"index","follow":"follow","max-snippet":"max-snippet:-1","max-image-preview":"max-image-preview:large","max-video-preview":"max-video-preview:-1"},"canonical":"https:\/\/www.cae.net\/es\/mobile-learning-apps-para-aprender-idiomas\/","og_locale":"es_ES","og_type":"article","og_title":"Mobile Learning. Apps para aprender idiomas | CAE","og_description":"Expertos en Mobile Learning, apps para aprender idiomas. Apps multidispositivo para cursos de idiomas online, blended o laboratorios.","og_url":"https:\/\/www.cae.net\/es\/mobile-learning-apps-para-aprender-idiomas\/","og_site_name":"CAE Computer Aided E-learning","article_publisher":"https:\/\/www.facebook.com\/elearning.cae","article_modified_time":"2025-02-07T12:48:38+00:00","og_image":[{"width":247,"height":71,"url":"https:\/\/www.cae.net\/wp-content\/uploads\/2015\/04\/logo-5.png","type":"image\/png"}],"twitter_card":"summary_large_image","twitter_site":"@elearning_cae","twitter_misc":{"Tiempo de lectura":"3 minutos"},"schema":{"@context":"https:\/\/schema.org","@graph":[{"@type":"WebPage","@id":"https:\/\/www.cae.net\/es\/mobile-learning-apps-para-aprender-idiomas\/","url":"https:\/\/www.cae.net\/es\/mobile-learning-apps-para-aprender-idiomas\/","name":"Mobile Learning. Apps para aprender idiomas | CAE","isPartOf":{"@id":"https:\/\/www.cae.net\/es\/#website"},"datePublished":"2019-02-05T17:04:20+00:00","dateModified":"2025-02-07T12:48:38+00:00","description":"Expertos en Mobile Learning, apps para aprender idiomas. Apps multidispositivo para cursos de idiomas online, blended o laboratorios.","breadcrumb":{"@id":"https:\/\/www.cae.net\/es\/mobile-learning-apps-para-aprender-idiomas\/#breadcrumb"},"inLanguage":"es","potentialAction":[{"@type":"ReadAction","target":["https:\/\/www.cae.net\/es\/mobile-learning-apps-para-aprender-idiomas\/"]}]},{"@type":"BreadcrumbList","@id":"https:\/\/www.cae.net\/es\/mobile-learning-apps-para-aprender-idiomas\/#breadcrumb","itemListElement":[{"@type":"ListItem","position":1,"name":"Portada","item":"https:\/\/www.cae.net\/es\/"},{"@type":"ListItem","position":2,"name":"Mobile Learning | Apps para aprender idiomas"}]},{"@type":"WebSite","@id":"https:\/\/www.cae.net\/es\/#website","url":"https:\/\/www.cae.net\/es\/","name":"CAE Computer Aided E-learning","description":"Expertos en Elearning, Plataformas educativas, formaci\u00f3n en idiomas, contenidos  online y offline","potentialAction":[{"@type":"SearchAction","target":{"@type":"EntryPoint","urlTemplate":"https:\/\/www.cae.net\/es\/?s={search_term_string}"},"query-input":{"@type":"PropertyValueSpecification","valueRequired":true,"valueName":"search_term_string"}}],"inLanguage":"es"}]}},"_links":{"self":[{"href":"https:\/\/www.cae.net\/es\/wp-json\/wp\/v2\/pages\/13382","targetHints":{"allow":["GET"]}}],"collection":[{"href":"https:\/\/www.cae.net\/es\/wp-json\/wp\/v2\/pages"}],"about":[{"href":"https:\/\/www.cae.net\/es\/wp-json\/wp\/v2\/types\/page"}],"author":[{"embeddable":true,"href":"https:\/\/www.cae.net\/es\/wp-json\/wp\/v2\/users\/2"}],"replies":[{"embeddable":true,"href":"https:\/\/www.cae.net\/es\/wp-json\/wp\/v2\/comments?post=13382"}],"version-history":[{"count":11,"href":"https:\/\/www.cae.net\/es\/wp-json\/wp\/v2\/pages\/13382\/revisions"}],"predecessor-version":[{"id":34356,"href":"https:\/\/www.cae.net\/es\/wp-json\/wp\/v2\/pages\/13382\/revisions\/34356"}],"wp:attachment":[{"href":"https:\/\/www.cae.net\/es\/wp-json\/wp\/v2\/media?parent=13382"}],"curies":[{"name":"wp","href":"https:\/\/api.w.org\/{rel}","templated":true}]}}