{"id":13392,"date":"2019-02-05T12:03:56","date_gmt":"2019-02-05T17:03:56","guid":{"rendered":"https:\/\/www.cae.net\/?page_id=13392"},"modified":"2026-05-08T07:13:25","modified_gmt":"2026-05-08T05:13:25","slug":"social-learning-comunidades-online-estudiantes","status":"publish","type":"page","link":"https:\/\/www.cae.net\/es\/social-learning-comunidades-online-estudiantes\/","title":{"rendered":"Social Learning | Comunidades online de estudiantes"},"content":{"rendered":"<div class=\"et_pb_section_0 et_pb_section et_section_regular et_block_section preset--module--divi-section--default\">\n<div class=\"et_pb_row_0 et_pb_row et_block_row\">\n<div class=\"et_pb_column_0 et_pb_column et_pb_column_3_5 et_block_column et_pb_css_mix_blend_mode_passthrough\">\n<div class=\"et_pb_text_0 et_pb_text et_pb_bg_layout_dark et_pb_module et_block_module preset--module--divi-text--817a32bc-6911-45fd-a95f-24c05c516040\"><div class=\"et_pb_text_inner\"><h1>Expertos en <strong>comunidades virtuales<\/strong> de estudiantes<\/h1>\n<\/div><\/div>\n<\/div>\n\n<div class=\"et_pb_column_1 et_pb_column et_pb_column_2_5 et-last-child et_block_column et_pb_column_empty et_pb_css_mix_blend_mode_passthrough\"><\/div>\n<\/div>\n<\/div>\n\n<div class=\"et_pb_section_1 et_pb_section et_section_regular et_block_section preset--module--divi-section--default\">\n<div class=\"et_pb_row_1 et_pb_row et_block_row\">\n<div class=\"et_pb_column_2 et_pb_column et_pb_column_1_2 et_block_column et_pb_css_mix_blend_mode_passthrough\">\n<div class=\"et_pb_text_1 et_pb_text et_pb_bg_layout_light et_pb_module et_block_module\"><div class=\"et_pb_text_inner\"><p>Cree su propia\u00a0<strong>comunidad virtual<\/strong>, a la que solo puedan acceder los alumnos que cursan su formaci\u00f3n en idiomas. La comunidad online de estudiantes se a\u00f1ade como un apartado m\u00e1s del curso de idiomas, facilitando el acceso al mismo y sin necesidad de volver a iniciar sesi\u00f3n. La imagen de perfil de un alumno se convierte en su avatar y el resto de la comunidad puede reconocerle f\u00e1cilmente.<\/p>\n<blockquote><\/blockquote>\n<blockquote><\/blockquote>\n<\/div><\/div>\n<\/div>\n\n<div class=\"et_pb_column_3 et_pb_column et_pb_column_1_2 et-last-child et_block_column et_pb_css_mix_blend_mode_passthrough\">\n<div class=\"et_pb_text_2 et_pb_text et_pb_bg_layout_light et_pb_module et_block_module\"><div class=\"et_pb_text_inner\"><p>Cree su propio punto de encuentro para su alumnado: foros, tablones de mensajes, salas de conversaci\u00f3n con videoconferencia y chat...<\/p>\n<\/div><\/div>\n\n<div class=\"et_pb_divider_0 et_pb_divider et_pb_space et_pb_divider_position_top et_pb_module\"><div class=\"et_pb_divider_internal\"><\/div><\/div>\n<\/div>\n<\/div>\n<\/div>\n\n<div class=\"et_pb_section_2 et_pb_section et_section_regular et_block_section preset--module--divi-section--default\">\n<div class=\"et_pb_row_2 et_pb_row et_block_row\">\n<div class=\"et_pb_column_4 et_pb_column et_pb_column_4_4 et-last-child et_block_column et_pb_css_mix_blend_mode_passthrough\">\n<div class=\"et_pb_text_3 et_pb_text et_pb_bg_layout_light et_pb_module et_block_module\"><div class=\"et_pb_text_inner\"><blockquote><\/blockquote>\n<h3>Fidelizaci\u00f3n de los estudiantes con comunidades web<\/h3>\n<div>\n<p style=\"text-align: left;\">Una comunidad online propia es una excelente estrategia de fidelizaci\u00f3n ya que ofrece a los alumnos un lugar donde pueden emplear su tiempo para actividades m\u00e1s amenas que las del estudio de las lecciones o los ejercicios, desde el navegador o desde la app.\u00a0<span style=\"font-size: 16px;\">Si aumenta la participaci\u00f3n en uso de sus cursos, aumentan las probabilidades de finalizaci\u00f3n, as\u00ed como del aprovechamiento de la formaci\u00f3n.<\/span><\/p>\n<\/div>\n<\/div><\/div>\n<\/div>\n<\/div>\n<\/div>\n\n<div class=\"et_pb_section_3 et_pb_section et_section_regular et_block_section preset--module--divi-section--default\">\n<div class=\"et_pb_row_3 et_pb_row et_block_row\">\n<div class=\"et_pb_column_5 et_pb_column et_pb_column_3_5 et_block_column et_pb_css_mix_blend_mode_passthrough\">\n<div class=\"et_pb_image_0 et_pb_image et_pb_module et_block_module\"><span class=\"et_pb_image_wrap\"><img loading=\"lazy\" decoding=\"async\" src=\"https:\/\/www.cae.net\/wp-content\/uploads\/2020\/11\/online-community.jpg\" width=\"800\" height=\"389\" srcset=\"https:\/\/www.cae.net\/wp-content\/uploads\/2020\/11\/online-community.jpg 800w, https:\/\/www.cae.net\/wp-content\/uploads\/2020\/11\/online-community-480x233.jpg 480w\" sizes=\"(min-width: 0px) and (max-width: 480px) 480px, (min-width: 481px) 800px, 100vw\" class=\"wp-image-19944\" title=\"Comunidad online de estudiantes\" alt=\"Comunidades virtuales de idiomas\" \/><\/span><\/div>\n<\/div>\n\n<div class=\"et_pb_column_6 et_pb_column et_pb_column_2_5 et-last-child et_block_column et_pb_css_mix_blend_mode_passthrough\">\n<div class=\"et_pb_accordion_0 et_pb_accordion et_pb_module et_block_module\">\n<div class=\"et_pb_accordion_item_0 et_pb_accordion_item et_pb_toggle et_pb_module et_pb_toggle_open et_block_module\"><h4 class=\"et_pb_toggle_title\">Avatar personalizado<\/h4><div class=\"et_pb_toggle_content\"><p><span>Los estudiantes pueden\u00a0<strong>subir su propio avatar<\/strong> o elegir una de las im\u00e1genes de su selecci\u00f3n para identificarse en el curso junto a su nombre de usuario. Esta imagen de perfil se utiliza en la comunidad y tambi\u00e9n en las tablas de clasificaci\u00f3n de la gamificaci\u00f3n.<\/span><\/p>\n<\/div><\/div>\n\n<div class=\"et_pb_accordion_item_1 et_pb_accordion_item et_pb_toggle et_pb_module et_pb_toggle_close et_block_module\"><h4 class=\"et_pb_toggle_title\">Participaci\u00f3n activa<\/h4><div class=\"et_pb_toggle_content\"><div>Las <strong>comunidades virtuales de alumnos<\/strong> impulsan la <strong>participaci\u00f3n activa<\/strong> de los estudiantes al ofrecerles un lugar de encuentro en el que conversar con sus compa\u00f1eros. Esta es una excelente manera de practicar lo aprendido de una forma distendida, y que aporta el <strong>componente social<\/strong> del que carecen este tipo de formaciones.<span>\u00a0<\/span><\/div>\n<\/div><\/div>\n\n<div class=\"et_pb_accordion_item_2 et_pb_accordion_item et_pb_toggle et_pb_module et_pb_toggle_close et_block_module\"><h4 class=\"et_pb_toggle_title\">Salas de encuentro 24x7<\/h4><div class=\"et_pb_toggle_content\"><p>Las salas de encuentro son el punto fuerte de las <strong>comunidades online de idiomas<\/strong> ya que permiten una pr\u00e1ctica total: expresi\u00f3n y comprensi\u00f3n oral y escrita. Es una excelente forma de practicar lo aprendido de una forma relajada, que ofrece el componente social que completa este tipo de ense\u00f1anza.<\/p>\n<\/div><\/div>\n\n<div class=\"et_pb_accordion_item_3 et_pb_accordion_item et_pb_toggle et_pb_module et_pb_toggle_close et_block_module\"><h4 class=\"et_pb_toggle_title\">Gamificaci\u00f3n<\/h4><div class=\"et_pb_toggle_content\"><p>Junto al avatar, el sistema muestra una serie de estrellas que se consiguen seg\u00fan el nivel de participaci\u00f3n del usuario en la comunidad (su estatus de cara al resto de usuarios) y que tambi\u00e9n se reflejar\u00e1 en su puntuaci\u00f3n global de <a href=\"https:\/\/www.cae.net\/es\/gamificacion-cursos-idiomas\/\" title=\"gamificaci\u00f3n\">gamificaci\u00f3n<\/a>.<\/p>\n<\/div><\/div>\n\n<div class=\"et_pb_accordion_item_4 et_pb_accordion_item et_pb_toggle et_pb_module et_pb_toggle_close et_block_module\"><h4 class=\"et_pb_toggle_title\">Autogestionadas o dirigidas por docentes<\/h4><div class=\"et_pb_toggle_content\"><p>Las <strong>comunidades online de estudiantes de idiomas<\/strong> con sus foros, tablones de mensajes, hilos de conversaci\u00f3n y salas de encuentro para conversar v\u00eda chat de audio y\/o v\u00eddeo pueden estar bajo la supervisi\u00f3n y monitorizaci\u00f3n de un tutor, o dejar que los propios estudiantes gestionen su red sin intervenci\u00f3n de profesorado.<\/p>\n<p>Los docentes pueden dirigir a los alumnos creando y cerrando hilos, resolviendo dudas o cit\u00e1ndose en salas con alumnos para practicar.<\/p>\n<\/div><\/div>\n<\/div>\n<\/div>\n<\/div>\n<\/div>\n\n<div class=\"et_pb_section_4 et_pb_section et_section_regular et_block_section preset--module--divi-section--default\">\n<div class=\"et_pb_row_4 et_pb_row et_block_row\">\n<div class=\"et_pb_column_7 et_pb_column et_pb_column_4_4 et-last-child et_block_column et_pb_css_mix_blend_mode_passthrough\">\n<div class=\"et_pb_cta_0 et_pb_promo et_pb_bg_layout_light et_pb_module et_block_module\"><div class=\"et_pb_promo_description\"><h2 class=\"et_pb_module_header\">Aumente la participaci\u00f3n a sus cursos online con comunidades virtuales<\/h2><\/div><div class=\"et_pb_button_wrapper\"><a class=\"et_pb_button et_pb_promo_button\" href=\"https:\/\/www.cae.net\/es\/contacto-cae\/\">Solicitar informaci\u00f3n<\/a><\/div><\/div>\n<\/div>\n<\/div>\n<\/div>\n\n","protected":false},"excerpt":{"rendered":"","protected":false},"author":2,"featured_media":0,"parent":0,"menu_order":0,"comment_status":"open","ping_status":"open","template":"","meta":{"footnotes":""},"class_list":["post-13392","page","type-page","status-publish","hentry"],"yoast_head":"<!-- This site is optimized with the Yoast SEO plugin v27.5 - https:\/\/yoast.com\/product\/yoast-seo-wordpress\/ -->\n<title>Expertos en Comunidades Virtuales de Estudiantes | CAE<\/title>\n<meta name=\"description\" content=\"Somos expertos en Comunidades Virtuales de Estudiantes. Cree su propia comunidad virtual y fidelize a sus estudiantes.\" \/>\n<meta name=\"robots\" content=\"index, follow, max-snippet:-1, max-image-preview:large, max-video-preview:-1\" \/>\n<link rel=\"canonical\" href=\"https:\/\/www.cae.net\/es\/social-learning-comunidades-online-estudiantes\/\" \/>\n<meta property=\"og:locale\" content=\"es_ES\" \/>\n<meta property=\"og:type\" content=\"article\" \/>\n<meta property=\"og:title\" content=\"Expertos en Comunidades Virtuales de Estudiantes | CAE\" \/>\n<meta property=\"og:description\" content=\"Somos expertos en Comunidades Virtuales de Estudiantes. Cree su propia comunidad virtual y fidelize a sus estudiantes.\" \/>\n<meta property=\"og:url\" content=\"https:\/\/www.cae.net\/es\/social-learning-comunidades-online-estudiantes\/\" \/>\n<meta property=\"og:site_name\" content=\"CAE Computer Aided E-learning\" \/>\n<meta property=\"article:publisher\" content=\"https:\/\/www.facebook.com\/elearning.cae\" \/>\n<meta property=\"article:modified_time\" content=\"2026-05-08T05:13:25+00:00\" \/>\n<meta property=\"og:image\" content=\"https:\/\/www.cae.net\/wp-content\/uploads\/2015\/04\/logo-5.png\" \/>\n\t<meta property=\"og:image:width\" content=\"247\" \/>\n\t<meta property=\"og:image:height\" content=\"71\" \/>\n\t<meta property=\"og:image:type\" content=\"image\/png\" \/>\n<meta name=\"twitter:card\" content=\"summary_large_image\" \/>\n<meta name=\"twitter:site\" content=\"@elearning_cae\" \/>\n<meta name=\"twitter:label1\" content=\"Tiempo de lectura\" \/>\n\t<meta name=\"twitter:data1\" content=\"4 minutos\" \/>\n<script type=\"application\/ld+json\" class=\"yoast-schema-graph\">{\"@context\":\"https:\\\/\\\/schema.org\",\"@graph\":[{\"@type\":\"WebPage\",\"@id\":\"https:\\\/\\\/www.cae.net\\\/es\\\/social-learning-comunidades-online-estudiantes\\\/\",\"url\":\"https:\\\/\\\/www.cae.net\\\/es\\\/social-learning-comunidades-online-estudiantes\\\/\",\"name\":\"Expertos en Comunidades Virtuales de Estudiantes | CAE\",\"isPartOf\":{\"@id\":\"https:\\\/\\\/www.cae.net\\\/es\\\/#website\"},\"datePublished\":\"2019-02-05T17:03:56+00:00\",\"dateModified\":\"2026-05-08T05:13:25+00:00\",\"description\":\"Somos expertos en Comunidades Virtuales de Estudiantes. Cree su propia comunidad virtual y fidelize a sus estudiantes.\",\"breadcrumb\":{\"@id\":\"https:\\\/\\\/www.cae.net\\\/es\\\/social-learning-comunidades-online-estudiantes\\\/#breadcrumb\"},\"inLanguage\":\"es\",\"potentialAction\":[{\"@type\":\"ReadAction\",\"target\":[\"https:\\\/\\\/www.cae.net\\\/es\\\/social-learning-comunidades-online-estudiantes\\\/\"]}]},{\"@type\":\"BreadcrumbList\",\"@id\":\"https:\\\/\\\/www.cae.net\\\/es\\\/social-learning-comunidades-online-estudiantes\\\/#breadcrumb\",\"itemListElement\":[{\"@type\":\"ListItem\",\"position\":1,\"name\":\"Portada\",\"item\":\"https:\\\/\\\/www.cae.net\\\/es\\\/\"},{\"@type\":\"ListItem\",\"position\":2,\"name\":\"Social Learning | Comunidades online de estudiantes\"}]},{\"@type\":\"WebSite\",\"@id\":\"https:\\\/\\\/www.cae.net\\\/es\\\/#website\",\"url\":\"https:\\\/\\\/www.cae.net\\\/es\\\/\",\"name\":\"CAE Computer Aided E-learning\",\"description\":\"Expertos en Elearning, Plataformas educativas, formaci\u00f3n en idiomas, contenidos  online y offline\",\"potentialAction\":[{\"@type\":\"SearchAction\",\"target\":{\"@type\":\"EntryPoint\",\"urlTemplate\":\"https:\\\/\\\/www.cae.net\\\/es\\\/?s={search_term_string}\"},\"query-input\":{\"@type\":\"PropertyValueSpecification\",\"valueRequired\":true,\"valueName\":\"search_term_string\"}}],\"inLanguage\":\"es\"}]}<\/script>\n<!-- \/ Yoast SEO plugin. -->","yoast_head_json":{"title":"Expertos en Comunidades Virtuales de Estudiantes | CAE","description":"Somos expertos en Comunidades Virtuales de Estudiantes. Cree su propia comunidad virtual y fidelize a sus estudiantes.","robots":{"index":"index","follow":"follow","max-snippet":"max-snippet:-1","max-image-preview":"max-image-preview:large","max-video-preview":"max-video-preview:-1"},"canonical":"https:\/\/www.cae.net\/es\/social-learning-comunidades-online-estudiantes\/","og_locale":"es_ES","og_type":"article","og_title":"Expertos en Comunidades Virtuales de Estudiantes | CAE","og_description":"Somos expertos en Comunidades Virtuales de Estudiantes. Cree su propia comunidad virtual y fidelize a sus estudiantes.","og_url":"https:\/\/www.cae.net\/es\/social-learning-comunidades-online-estudiantes\/","og_site_name":"CAE Computer Aided E-learning","article_publisher":"https:\/\/www.facebook.com\/elearning.cae","article_modified_time":"2026-05-08T05:13:25+00:00","og_image":[{"width":247,"height":71,"url":"https:\/\/www.cae.net\/wp-content\/uploads\/2015\/04\/logo-5.png","type":"image\/png"}],"twitter_card":"summary_large_image","twitter_site":"@elearning_cae","twitter_misc":{"Tiempo de lectura":"4 minutos"},"schema":{"@context":"https:\/\/schema.org","@graph":[{"@type":"WebPage","@id":"https:\/\/www.cae.net\/es\/social-learning-comunidades-online-estudiantes\/","url":"https:\/\/www.cae.net\/es\/social-learning-comunidades-online-estudiantes\/","name":"Expertos en Comunidades Virtuales de Estudiantes | CAE","isPartOf":{"@id":"https:\/\/www.cae.net\/es\/#website"},"datePublished":"2019-02-05T17:03:56+00:00","dateModified":"2026-05-08T05:13:25+00:00","description":"Somos expertos en Comunidades Virtuales de Estudiantes. Cree su propia comunidad virtual y fidelize a sus estudiantes.","breadcrumb":{"@id":"https:\/\/www.cae.net\/es\/social-learning-comunidades-online-estudiantes\/#breadcrumb"},"inLanguage":"es","potentialAction":[{"@type":"ReadAction","target":["https:\/\/www.cae.net\/es\/social-learning-comunidades-online-estudiantes\/"]}]},{"@type":"BreadcrumbList","@id":"https:\/\/www.cae.net\/es\/social-learning-comunidades-online-estudiantes\/#breadcrumb","itemListElement":[{"@type":"ListItem","position":1,"name":"Portada","item":"https:\/\/www.cae.net\/es\/"},{"@type":"ListItem","position":2,"name":"Social Learning | Comunidades online de estudiantes"}]},{"@type":"WebSite","@id":"https:\/\/www.cae.net\/es\/#website","url":"https:\/\/www.cae.net\/es\/","name":"CAE Computer Aided E-learning","description":"Expertos en Elearning, Plataformas educativas, formaci\u00f3n en idiomas, contenidos  online y offline","potentialAction":[{"@type":"SearchAction","target":{"@type":"EntryPoint","urlTemplate":"https:\/\/www.cae.net\/es\/?s={search_term_string}"},"query-input":{"@type":"PropertyValueSpecification","valueRequired":true,"valueName":"search_term_string"}}],"inLanguage":"es"}]}},"_links":{"self":[{"href":"https:\/\/www.cae.net\/es\/wp-json\/wp\/v2\/pages\/13392","targetHints":{"allow":["GET"]}}],"collection":[{"href":"https:\/\/www.cae.net\/es\/wp-json\/wp\/v2\/pages"}],"about":[{"href":"https:\/\/www.cae.net\/es\/wp-json\/wp\/v2\/types\/page"}],"author":[{"embeddable":true,"href":"https:\/\/www.cae.net\/es\/wp-json\/wp\/v2\/users\/2"}],"replies":[{"embeddable":true,"href":"https:\/\/www.cae.net\/es\/wp-json\/wp\/v2\/comments?post=13392"}],"version-history":[{"count":1,"href":"https:\/\/www.cae.net\/es\/wp-json\/wp\/v2\/pages\/13392\/revisions"}],"predecessor-version":[{"id":330231,"href":"https:\/\/www.cae.net\/es\/wp-json\/wp\/v2\/pages\/13392\/revisions\/330231"}],"wp:attachment":[{"href":"https:\/\/www.cae.net\/es\/wp-json\/wp\/v2\/media?parent=13392"}],"curies":[{"name":"wp","href":"https:\/\/api.w.org\/{rel}","templated":true}]}}