{"id":13421,"date":"2019-02-05T12:03:34","date_gmt":"2019-02-05T17:03:34","guid":{"rendered":"https:\/\/www.cae.net\/?page_id=13421"},"modified":"2026-05-08T07:14:20","modified_gmt":"2026-05-08T05:14:20","slug":"microlearning-idiomas-microaprendizaje-elearning","status":"publish","type":"page","link":"https:\/\/www.cae.net\/es\/microlearning-idiomas-microaprendizaje-elearning\/","title":{"rendered":"Microlearning idiomas | Modalidad microaprendizaje elearning"},"content":{"rendered":"<div class=\"et_pb_section_0 et_pb_section et_section_regular et_block_section preset--module--divi-section--default\">\n<div class=\"et_pb_row_0 et_pb_row et_block_row\">\n<div class=\"et_pb_column_0 et_pb_column et_pb_column_3_5 et_block_column et_pb_css_mix_blend_mode_passthrough\">\n<div class=\"et_pb_text_0 et_pb_text et_pb_bg_layout_dark et_pb_module et_block_module preset--module--divi-text--817a32bc-6911-45fd-a95f-24c05c516040\"><div class=\"et_pb_text_inner\"><h1>Expertos en microlearning<\/h1>\n<\/div><\/div>\n<\/div>\n\n<div class=\"et_pb_column_1 et_pb_column et_pb_column_2_5 et-last-child et_block_column et_pb_column_empty et_pb_css_mix_blend_mode_passthrough\"><\/div>\n<\/div>\n<\/div>\n\n<div class=\"et_pb_section_1 et_pb_section et_section_regular et_block_section preset--module--divi-section--default\">\n<div class=\"et_pb_row_1 et_pb_row et_block_row\">\n<div class=\"et_pb_column_2 et_pb_column et_pb_column_4_4 et-last-child et_block_column et_pb_css_mix_blend_mode_passthrough\">\n<div class=\"et_pb_text_1 et_pb_text et_pb_bg_layout_light et_pb_module et_block_module\"><div class=\"et_pb_text_inner\"><p>La estrategia de microlearning se caracteriza por lecciones cortas o p\u00edldoras de conocimiento modulares para una ense\u00f1anza adaptativa y personalizada, mucho m\u00e1s efectiva.\u00a0<\/p>\n<\/div><\/div>\n<\/div>\n<\/div>\n<\/div>\n\n<div class=\"et_pb_section_2 et_pb_section et_section_regular et_block_section preset--module--divi-section--default\">\n<div class=\"et_pb_row_2 et_pb_row et_block_row\">\n<div class=\"et_pb_column_3 et_pb_column et_pb_column_4_4 et-last-child et_block_column et_pb_css_mix_blend_mode_passthrough\">\n<div class=\"et_pb_text_2 et_pb_text et_pb_bg_layout_light et_pb_module et_block_module\"><div class=\"et_pb_text_inner\"><h3 class=\"h4\"><span style=\"color: #333333;\"><b>Resultados eficaces e inmediatos<\/b><\/span><\/h3>\n<p>La curaci\u00f3n de contenidos para crear microlearning eficaz favorece la retenci\u00f3n de los contenidos al disminuir el volumen de informaci\u00f3n.<span style=\"font-size: 14px;\">\u00a0<\/span><\/p>\n<\/div><\/div>\n\n<div class=\"et_pb_text_3 et_pb_text et_pb_bg_layout_light et_pb_module et_block_module\"><div class=\"et_pb_text_inner\"><h3 class=\"h4\"><b>Excelente compatiblidad con apps m\u00f3viles<\/b><\/h3>\n<p>Lecciones cortas listas para consumir en cualquier momento facilitan a los estudiantes su acceso no solo en casa, sino en cualquier situaci\u00f3n en la que tengan un m\u00f3vil o tableta a su disposici\u00f3n.<\/p>\n<\/div><\/div>\n\n<div class=\"et_pb_text_4 et_pb_text et_pb_bg_layout_light et_pb_module et_block_module\"><div class=\"et_pb_text_inner\"><h3 class=\"h4\"><b>Impulso de la motivaci\u00f3n<\/b><\/h3>\n<p>La relevancia de los contenidos aumenta cuanto m\u00e1s espec\u00edficos son, es por ello que las p\u00edldoras de microaprendizaje aumentan el inter\u00e9s y la motivaci\u00f3n de los estudiantes.<\/p>\n<\/div><\/div>\n<\/div>\n<\/div>\n\n<div class=\"et_pb_row_3 et_pb_row et_block_row\">\n<div class=\"et_pb_column_4 et_pb_column et_pb_column_4_4 et-last-child et_block_column et_pb_css_mix_blend_mode_passthrough\">\n<div class=\"et_pb_module et_pb_button_module_wrapper et_pb_button_0_wrapper\"><a class=\"et_pb_button_0 et_pb_button et_pb_bg_layout_light et_pb_module et_block_module\" href=\"https:\/\/www.cae.net\/es\/contacto-cae\/\" data-icon=\"$\">Solicitar informaci\u00f3n<\/a><\/div>\n<\/div>\n<\/div>\n<\/div>\n\n\n\n\n\n\n\n","protected":false},"excerpt":{"rendered":"","protected":false},"author":2,"featured_media":0,"parent":0,"menu_order":0,"comment_status":"open","ping_status":"open","template":"","meta":{"footnotes":""},"class_list":["post-13421","page","type-page","status-publish","hentry"],"yoast_head":"<!-- This site is optimized with the Yoast SEO plugin v27.5 - https:\/\/yoast.com\/product\/yoast-seo-wordpress\/ -->\n<title>Microlearning de idiomas. Modalidad de microaprendizaje e-learning | CAE<\/title>\n<meta name=\"description\" content=\"Microlearning de idiomas o microaprendizaje son p\u00edldoras modulares para una ense\u00f1anza personalizada y de relevancia.\" \/>\n<meta name=\"robots\" content=\"index, follow, max-snippet:-1, max-image-preview:large, max-video-preview:-1\" \/>\n<link rel=\"canonical\" href=\"https:\/\/www.cae.net\/es\/microlearning-idiomas-microaprendizaje-elearning\/\" \/>\n<meta property=\"og:locale\" content=\"es_ES\" \/>\n<meta property=\"og:type\" content=\"article\" \/>\n<meta property=\"og:title\" content=\"Microlearning de idiomas. Modalidad de microaprendizaje e-learning | CAE\" \/>\n<meta property=\"og:description\" content=\"Microlearning de idiomas o microaprendizaje son p\u00edldoras modulares para una ense\u00f1anza personalizada y de relevancia.\" \/>\n<meta property=\"og:url\" content=\"https:\/\/www.cae.net\/es\/microlearning-idiomas-microaprendizaje-elearning\/\" \/>\n<meta property=\"og:site_name\" content=\"CAE Computer Aided E-learning\" \/>\n<meta property=\"article:publisher\" content=\"https:\/\/www.facebook.com\/elearning.cae\" \/>\n<meta property=\"article:modified_time\" content=\"2026-05-08T05:14:20+00:00\" \/>\n<meta property=\"og:image\" content=\"https:\/\/www.cae.net\/wp-content\/uploads\/2015\/04\/logo-5.png\" \/>\n\t<meta property=\"og:image:width\" content=\"247\" \/>\n\t<meta property=\"og:image:height\" content=\"71\" \/>\n\t<meta property=\"og:image:type\" content=\"image\/png\" \/>\n<meta name=\"twitter:card\" content=\"summary_large_image\" \/>\n<meta name=\"twitter:site\" content=\"@elearning_cae\" \/>\n<meta name=\"twitter:label1\" content=\"Tiempo de lectura\" \/>\n\t<meta name=\"twitter:data1\" content=\"7 minutos\" \/>\n<script type=\"application\/ld+json\" class=\"yoast-schema-graph\">{\"@context\":\"https:\\\/\\\/schema.org\",\"@graph\":[{\"@type\":\"WebPage\",\"@id\":\"https:\\\/\\\/www.cae.net\\\/es\\\/microlearning-idiomas-microaprendizaje-elearning\\\/\",\"url\":\"https:\\\/\\\/www.cae.net\\\/es\\\/microlearning-idiomas-microaprendizaje-elearning\\\/\",\"name\":\"Microlearning de idiomas. Modalidad de microaprendizaje e-learning | CAE\",\"isPartOf\":{\"@id\":\"https:\\\/\\\/www.cae.net\\\/es\\\/#website\"},\"datePublished\":\"2019-02-05T17:03:34+00:00\",\"dateModified\":\"2026-05-08T05:14:20+00:00\",\"description\":\"Microlearning de idiomas o microaprendizaje son p\u00edldoras modulares para una ense\u00f1anza personalizada y de relevancia.\",\"breadcrumb\":{\"@id\":\"https:\\\/\\\/www.cae.net\\\/es\\\/microlearning-idiomas-microaprendizaje-elearning\\\/#breadcrumb\"},\"inLanguage\":\"es\",\"potentialAction\":[{\"@type\":\"ReadAction\",\"target\":[\"https:\\\/\\\/www.cae.net\\\/es\\\/microlearning-idiomas-microaprendizaje-elearning\\\/\"]}]},{\"@type\":\"BreadcrumbList\",\"@id\":\"https:\\\/\\\/www.cae.net\\\/es\\\/microlearning-idiomas-microaprendizaje-elearning\\\/#breadcrumb\",\"itemListElement\":[{\"@type\":\"ListItem\",\"position\":1,\"name\":\"Portada\",\"item\":\"https:\\\/\\\/www.cae.net\\\/es\\\/\"},{\"@type\":\"ListItem\",\"position\":2,\"name\":\"Microlearning idiomas | Modalidad microaprendizaje elearning\"}]},{\"@type\":\"WebSite\",\"@id\":\"https:\\\/\\\/www.cae.net\\\/es\\\/#website\",\"url\":\"https:\\\/\\\/www.cae.net\\\/es\\\/\",\"name\":\"CAE Computer Aided E-learning\",\"description\":\"Expertos en Elearning, Plataformas educativas, formaci\u00f3n en idiomas, contenidos  online y offline\",\"potentialAction\":[{\"@type\":\"SearchAction\",\"target\":{\"@type\":\"EntryPoint\",\"urlTemplate\":\"https:\\\/\\\/www.cae.net\\\/es\\\/?s={search_term_string}\"},\"query-input\":{\"@type\":\"PropertyValueSpecification\",\"valueRequired\":true,\"valueName\":\"search_term_string\"}}],\"inLanguage\":\"es\"}]}<\/script>\n<!-- \/ Yoast SEO plugin. -->","yoast_head_json":{"title":"Microlearning de idiomas. Modalidad de microaprendizaje e-learning | CAE","description":"Microlearning de idiomas o microaprendizaje son p\u00edldoras modulares para una ense\u00f1anza personalizada y de relevancia.","robots":{"index":"index","follow":"follow","max-snippet":"max-snippet:-1","max-image-preview":"max-image-preview:large","max-video-preview":"max-video-preview:-1"},"canonical":"https:\/\/www.cae.net\/es\/microlearning-idiomas-microaprendizaje-elearning\/","og_locale":"es_ES","og_type":"article","og_title":"Microlearning de idiomas. Modalidad de microaprendizaje e-learning | CAE","og_description":"Microlearning de idiomas o microaprendizaje son p\u00edldoras modulares para una ense\u00f1anza personalizada y de relevancia.","og_url":"https:\/\/www.cae.net\/es\/microlearning-idiomas-microaprendizaje-elearning\/","og_site_name":"CAE Computer Aided E-learning","article_publisher":"https:\/\/www.facebook.com\/elearning.cae","article_modified_time":"2026-05-08T05:14:20+00:00","og_image":[{"width":247,"height":71,"url":"https:\/\/www.cae.net\/wp-content\/uploads\/2015\/04\/logo-5.png","type":"image\/png"}],"twitter_card":"summary_large_image","twitter_site":"@elearning_cae","twitter_misc":{"Tiempo de lectura":"7 minutos"},"schema":{"@context":"https:\/\/schema.org","@graph":[{"@type":"WebPage","@id":"https:\/\/www.cae.net\/es\/microlearning-idiomas-microaprendizaje-elearning\/","url":"https:\/\/www.cae.net\/es\/microlearning-idiomas-microaprendizaje-elearning\/","name":"Microlearning de idiomas. Modalidad de microaprendizaje e-learning | CAE","isPartOf":{"@id":"https:\/\/www.cae.net\/es\/#website"},"datePublished":"2019-02-05T17:03:34+00:00","dateModified":"2026-05-08T05:14:20+00:00","description":"Microlearning de idiomas o microaprendizaje son p\u00edldoras modulares para una ense\u00f1anza personalizada y de relevancia.","breadcrumb":{"@id":"https:\/\/www.cae.net\/es\/microlearning-idiomas-microaprendizaje-elearning\/#breadcrumb"},"inLanguage":"es","potentialAction":[{"@type":"ReadAction","target":["https:\/\/www.cae.net\/es\/microlearning-idiomas-microaprendizaje-elearning\/"]}]},{"@type":"BreadcrumbList","@id":"https:\/\/www.cae.net\/es\/microlearning-idiomas-microaprendizaje-elearning\/#breadcrumb","itemListElement":[{"@type":"ListItem","position":1,"name":"Portada","item":"https:\/\/www.cae.net\/es\/"},{"@type":"ListItem","position":2,"name":"Microlearning idiomas | Modalidad microaprendizaje elearning"}]},{"@type":"WebSite","@id":"https:\/\/www.cae.net\/es\/#website","url":"https:\/\/www.cae.net\/es\/","name":"CAE Computer Aided E-learning","description":"Expertos en Elearning, Plataformas educativas, formaci\u00f3n en idiomas, contenidos  online y offline","potentialAction":[{"@type":"SearchAction","target":{"@type":"EntryPoint","urlTemplate":"https:\/\/www.cae.net\/es\/?s={search_term_string}"},"query-input":{"@type":"PropertyValueSpecification","valueRequired":true,"valueName":"search_term_string"}}],"inLanguage":"es"}]}},"_links":{"self":[{"href":"https:\/\/www.cae.net\/es\/wp-json\/wp\/v2\/pages\/13421","targetHints":{"allow":["GET"]}}],"collection":[{"href":"https:\/\/www.cae.net\/es\/wp-json\/wp\/v2\/pages"}],"about":[{"href":"https:\/\/www.cae.net\/es\/wp-json\/wp\/v2\/types\/page"}],"author":[{"embeddable":true,"href":"https:\/\/www.cae.net\/es\/wp-json\/wp\/v2\/users\/2"}],"replies":[{"embeddable":true,"href":"https:\/\/www.cae.net\/es\/wp-json\/wp\/v2\/comments?post=13421"}],"version-history":[{"count":1,"href":"https:\/\/www.cae.net\/es\/wp-json\/wp\/v2\/pages\/13421\/revisions"}],"predecessor-version":[{"id":330232,"href":"https:\/\/www.cae.net\/es\/wp-json\/wp\/v2\/pages\/13421\/revisions\/330232"}],"wp:attachment":[{"href":"https:\/\/www.cae.net\/es\/wp-json\/wp\/v2\/media?parent=13421"}],"curies":[{"name":"wp","href":"https:\/\/api.w.org\/{rel}","templated":true}]}}