{"id":13962,"date":"2019-02-13T11:28:54","date_gmt":"2019-02-13T16:28:54","guid":{"rendered":"https:\/\/www.cae.net\/?page_id=13962"},"modified":"2024-05-09T13:21:48","modified_gmt":"2024-05-09T11:21:48","slug":"creacion-cursos-idiomas-herramienta-de-autor","status":"publish","type":"page","link":"https:\/\/www.cae.net\/es\/creacion-cursos-idiomas-herramienta-de-autor\/","title":{"rendered":"Creaci\u00f3n de cursos de idiomas | Herramienta de autor"},"content":{"rendered":"<p><div class=\"et_d4_element et_pb_section et_pb_section_0 et_pb_with_background  et_pb_css_mix_blend_mode et_section_regular et_block_section\" >\n\t\t\t\t\n\t\t\t\t\n\t\t\t\t\n\t\t\t\t\n\t\t\t\t\n\t\t\t\t\n\t\t\t\t<div class=\"et_d4_element et_pb_row et_pb_row_0  et_pb_css_mix_blend_mode et_block_row\">\n\t\t\t\t<div class=\"et_d4_element et_pb_column_1_2 et_pb_column et_pb_column_0  et_pb_css_mix_blend_mode et_block_column\">\n\t\t\t\t\n\t\t\t\t\n\t\t\t\t\n\t\t\t\t\n\t\t\t\t<div class=\"et_pb_module et_d4_element et_pb_text et_pb_text_0  et_pb_text_align_left et_pb_bg_layout_dark\">\n\t\t\t\t\n\t\t\t\t\n\t\t\t\t\n\t\t\t\t\n\t\t\t\t<div class=\"et_pb_text_inner\"><h1>Expertos Authoring Tool (creaci\u00f3n de cursos)<\/h1><\/div>\n\t\t\t<\/div>\n\t\t\t<\/div><div class=\"et_d4_element et_pb_column_1_2 et_pb_column et_pb_column_1  et_pb_css_mix_blend_mode et-last-child et_block_column et_pb_column_empty\">\n\t\t\t\t\n\t\t\t\t\n\t\t\t\t\n\t\t\t\t\n\t\t\t\t\n\t\t\t<\/div>\n\t\t\t\t\n\t\t\t\t\n\t\t\t\t\n\t\t\t\t\n\t\t\t<\/div>\n\t\t\t\t\n\t\t\t\t\n\t\t\t<\/div><div class=\"et_d4_element et_pb_section et_pb_section_1  et_pb_css_mix_blend_mode et_section_regular et_block_section\" >\n\t\t\t\t\n\t\t\t\t\n\t\t\t\t\n\t\t\t\t\n\t\t\t\t\n\t\t\t\t\n\t\t\t\t<div class=\"et_d4_element et_pb_row et_pb_row_1  et_pb_css_mix_blend_mode et_block_row\">\n\t\t\t\t<div class=\"et_d4_element et_pb_column_4_4 et_pb_column et_pb_column_2  et_pb_css_mix_blend_mode et-last-child et_block_column\">\n\t\t\t\t\n\t\t\t\t\n\t\t\t\t\n\t\t\t\t\n\t\t\t\t<div class=\"et_pb_module et_d4_element et_pb_text et_pb_text_1  et_pb_text_align_left et_pb_bg_layout_light\">\n\t\t\t\t\n\t\t\t\t\n\t\t\t\t\n\t\t\t\t\n\t\t\t\t<div class=\"et_pb_text_inner\">La herramienta de autor de CAE es un <strong>potente software con IA<\/strong> para la creaci\u00f3n de contenido. Est\u00e1 dise\u00f1ado espec\u00edficamente para facilitar el desarrollo de capacitaciones educativas, interactivas, multimedia y profesionales.<\/p>\n<p>Cree sus propios contenidos para la formaci\u00f3n desde cero\u00a0de manera intuitiva y sencilla, as\u00ed como editarlos en cualquier momento. Transforme sus materiales en formaciones digitales atractivas compuestas por ejercicios interactivos, v\u00eddeos, audios, sopas de letras, lecturas, test, pruebas de conocimientos, etc.<\/div>\n\t\t\t<\/div>\n\t\t\t<\/div>\n\t\t\t\t\n\t\t\t\t\n\t\t\t\t\n\t\t\t\t\n\t\t\t<\/div>\n\t\t\t\t\n\t\t\t\t\n\t\t\t<\/div><div class=\"et_d4_element et_pb_section et_pb_section_2  et_pb_css_mix_blend_mode et_section_regular et_block_section\" >\n\t\t\t\t\n\t\t\t\t\n\t\t\t\t\n\t\t\t\t\n\t\t\t\t\n\t\t\t\t\n\t\t\t\t\n\t\t\t\t\n\t\t\t\t\n\t\t\t<\/div><div class=\"et_d4_element et_pb_section et_pb_section_3  et_pb_css_mix_blend_mode et_section_regular et_block_section\" >\n\t\t\t\t\n\t\t\t\t\n\t\t\t\t\n\t\t\t\t\n\t\t\t\t\n\t\t\t\t\n\t\t\t\t<div class=\"et_d4_element et_pb_row et_pb_row_3  et_pb_css_mix_blend_mode et_block_row\">\n\t\t\t\t<div class=\"et_d4_element et_pb_column_4_4 et_pb_column et_pb_column_3  et_pb_css_mix_blend_mode et-last-child et_block_column\">\n\t\t\t\t\n\t\t\t\t\n\t\t\t\t\n\t\t\t\t\n\t\t\t\t<div class=\"et_pb_module et_d4_element et_pb_text et_pb_text_2  et_pb_text_align_left et_pb_bg_layout_light\">\n\t\t\t\t\n\t\t\t\t\n\t\t\t\t\n\t\t\t\t\n\t\t\t\t<div class=\"et_pb_text_inner\"><h2>\u00bfPor qu\u00e9 elegir nuestra herramienta para crear contenido?<\/h2><\/div>\n\t\t\t<\/div>\n\t\t\t<\/div>\n\t\t\t\t\n\t\t\t\t\n\t\t\t\t\n\t\t\t\t\n\t\t\t<\/div><div class=\"et_d4_element et_pb_row et_pb_row_4 et_pb_equal_columns et_pb_gutters1  et_pb_css_mix_blend_mode et_block_row\">\n\t\t\t\t<div class=\"et_d4_element et_pb_column_3_5 et_pb_column et_pb_column_4  et_pb_css_mix_blend_mode et_block_column\">\n\t\t\t\t\n\t\t\t\t\n\t\t\t\t\n\t\t\t\t\n\t\t\t\t<div class=\"et_pb_module et_d4_element et_pb_blurb et_pb_blurb_0  et_pb_text_align_left  et_pb_blurb_position_left et_block_module et_pb_bg_layout_light\">\n\t\t\t\t\n\t\t\t\t\n\t\t\t\t\n\t\t\t\t\n\t\t\t\t<div class=\"et_pb_blurb_content\">\n\t\t\t\t\t<div class=\"et_pb_main_blurb_image et_pb_css_mix_blend_mode\"><span class=\"et_pb_image_wrap\"><span class=\"et-waypoint et_pb_animation_top et_pb_animation_top_tablet et_pb_animation_top_phone et-pb-icon\">&#x52;<\/span><\/span><\/div>\n\t\t\t\t\t<div class=\"et_pb_blurb_container\">\n\t\t\t\t\t\t<h3 class=\"et_pb_module_header\"><span>Creaci\u00f3n de cursos y contenidos a medida<\/span><\/h3>\n\t\t\t\t\t\t<div class=\"et_pb_blurb_description\"><p>Traslade sus materiales en papel y PDF a formatos multimedia e interactivos dando rienda suelta a su creatividad gracias a una veintena de plantillas para crear todo tipo de ejercicios.<\/p><\/div>\n\t\t\t\t\t<\/div>\n\t\t\t\t<\/div>\n\t\t\t<\/div><div class=\"et_pb_module et_d4_element et_pb_blurb et_pb_blurb_1 et_clickable  et_pb_text_align_left  et_pb_blurb_position_left et_block_module et_pb_bg_layout_light\">\n\t\t\t\t\n\t\t\t\t\n\t\t\t\t\n\t\t\t\t\n\t\t\t\t<div class=\"et_pb_blurb_content\">\n\t\t\t\t\t<div class=\"et_pb_main_blurb_image et_pb_css_mix_blend_mode\"><a href=\"https:\/\/www.cae.net\/es\/verxact\/\"><span class=\"et_pb_image_wrap\"><span class=\"et-waypoint et_pb_animation_top et_pb_animation_top_tablet et_pb_animation_top_phone et-pb-icon\">&#x52;<\/span><\/span><\/a><\/div>\n\t\t\t\t\t<div class=\"et_pb_blurb_container\">\n\t\t\t\t\t\t<h3 class=\"et_pb_module_header\"><a href=\"https:\/\/www.cae.net\/es\/verxact\/\">Casos de \u00e9xito<\/a><\/h3>\n\t\t\t\t\t\t<div class=\"et_pb_blurb_description\"><p>Herramienta con la que se han desarrollado contenidos de referencia para la ense\u00f1anza de idiomas como <a href=\"https:\/\/www.cae.net\/es\/idiomas\/\" title=\"Dexway Idiomas\">Dexway.<\/a> <a href=\"https:\/\/www.cae.net\/es\/verxact\/\" title=\"Verxact\"><\/a><\/p><\/div>\n\t\t\t\t\t<\/div>\n\t\t\t\t<\/div>\n\t\t\t<\/div><div class=\"et_pb_module et_d4_element et_pb_blurb et_pb_blurb_2  et_pb_text_align_left  et_pb_blurb_position_left et_block_module et_pb_bg_layout_light\">\n\t\t\t\t\n\t\t\t\t\n\t\t\t\t\n\t\t\t\t\n\t\t\t\t<div class=\"et_pb_blurb_content\">\n\t\t\t\t\t<div class=\"et_pb_main_blurb_image et_pb_css_mix_blend_mode\"><span class=\"et_pb_image_wrap\"><span class=\"et-waypoint et_pb_animation_top et_pb_animation_top_tablet et_pb_animation_top_phone et-pb-icon\">&#x52;<\/span><\/span><\/div>\n\t\t\t\t\t<div class=\"et_pb_blurb_container\">\n\t\t\t\t\t\t<h3 class=\"et_pb_module_header\"><span>F\u00e1cil de usar<\/span><\/h3>\n\t\t\t\t\t\t<div class=\"et_pb_blurb_description\"><p>No requiere de conocimientos t\u00e9cnicos. Es una herramienta intuitiva, <i>user-friendly<\/i> y potente, pensada para crear p\u00edldoras formativas, y cursos digitalizados a medida r\u00e1pidamente.<\/p><\/div>\n\t\t\t\t\t<\/div>\n\t\t\t\t<\/div>\n\t\t\t<\/div><div class=\"et_pb_module et_d4_element et_pb_blurb et_pb_blurb_3  et_pb_text_align_left  et_pb_blurb_position_left et_block_module et_pb_bg_layout_light\">\n\t\t\t\t\n\t\t\t\t\n\t\t\t\t\n\t\t\t\t\n\t\t\t\t<div class=\"et_pb_blurb_content\">\n\t\t\t\t\t<div class=\"et_pb_main_blurb_image et_pb_css_mix_blend_mode\"><span class=\"et_pb_image_wrap\"><span class=\"et-waypoint et_pb_animation_top et_pb_animation_top_tablet et_pb_animation_top_phone et-pb-icon\">&#x52;<\/span><\/span><\/div>\n\t\t\t\t\t<div class=\"et_pb_blurb_container\">\n\t\t\t\t\t\t<h3 class=\"et_pb_module_header\"><span>Registros y evaluaci\u00f3n<\/span><\/h3>\n\t\t\t\t\t\t<div class=\"et_pb_blurb_description\"><p>Permite hacer seguimiento, registro y evaluaci\u00f3n de los contenidos generados.<\/p><\/div>\n\t\t\t\t\t<\/div>\n\t\t\t\t<\/div>\n\t\t\t<\/div><div class=\"et_pb_module et_d4_element et_pb_blurb et_pb_blurb_4  et_pb_text_align_left  et_pb_blurb_position_left et_block_module et_pb_bg_layout_light\">\n\t\t\t\t\n\t\t\t\t\n\t\t\t\t\n\t\t\t\t\n\t\t\t\t<div class=\"et_pb_blurb_content\">\n\t\t\t\t\t<div class=\"et_pb_main_blurb_image et_pb_css_mix_blend_mode\"><span class=\"et_pb_image_wrap\"><span class=\"et-waypoint et_pb_animation_top et_pb_animation_top_tablet et_pb_animation_top_phone et-pb-icon\">&#x52;<\/span><\/span><\/div>\n\t\t\t\t\t<div class=\"et_pb_blurb_container\">\n\t\t\t\t\t\t<h3 class=\"et_pb_module_header\"><span>Integraci\u00f3n de todos sus materiales<\/span><\/h3>\n\t\t\t\t\t\t<div class=\"et_pb_blurb_description\"><p>Librer\u00edas para guardar sus recursos que le permiten centralizar todos sus materiales (audios, v\u00eddeos, im\u00e1genes) en un mismo entorno accesible dentro y fuera del aula.<\/p><\/div>\n\t\t\t\t\t<\/div>\n\t\t\t\t<\/div>\n\t\t\t<\/div><div class=\"et_pb_module et_d4_element et_pb_blurb et_pb_blurb_6  et_pb_text_align_left  et_pb_blurb_position_left et_block_module et_pb_bg_layout_light\">\n\t\t\t\t\n\t\t\t\t\n\t\t\t\t\n\t\t\t\t\n\t\t\t\t<div class=\"et_pb_blurb_content\">\n\t\t\t\t\t<div class=\"et_pb_main_blurb_image et_pb_css_mix_blend_mode\"><span class=\"et_pb_image_wrap\"><span class=\"et-waypoint et_pb_animation_top et_pb_animation_top_tablet et_pb_animation_top_phone et-pb-icon\">&#x52;<\/span><\/span><\/div>\n\t\t\t\t\t<div class=\"et_pb_blurb_container\">\n\t\t\t\t\t\t<h3 class=\"et_pb_module_header\"><span>Compatible con todo tipo de pantallas<br \/>\n<\/span><\/h3>\n\t\t\t\t\t\t<div class=\"et_pb_blurb_description\"><p>Contenido 100 % <em>responsive<\/em> accesible desde navegadores web de PC, <em>smartphone<\/em> o tabletas.<\/p><\/div>\n\t\t\t\t\t<\/div>\n\t\t\t\t<\/div>\n\t\t\t<\/div>\n\t\t\t<\/div><div class=\"et_d4_element et_pb_column_2_5 et_pb_column et_pb_column_5  et_pb_css_mix_blend_mode et-last-child et_block_column\">\n\t\t\t\t\n\t\t\t\t\n\t\t\t\t\n\t\t\t\t\n\t\t\t\t<div class=\"et_pb_module et_d4_element et_pb_image et_pb_image_0\">\n\t\t\t\t\n\t\t\t\t\n\t\t\t\t\n\t\t\t\t\n\t\t\t\t<span class=\"et_pb_image_wrap \"><img loading=\"lazy\" decoding=\"async\" width=\"800\" height=\"794\" src=\"https:\/\/www.cae.net\/wp-content\/uploads\/2020\/10\/authoring-tool.jpg\" alt=\"Clases en l\u00ednea en directo \" title=\"Authoring Tool, plataforma de autor en CAE\" srcset=\"https:\/\/www.cae.net\/wp-content\/uploads\/2020\/10\/authoring-tool.jpg 800w, https:\/\/www.cae.net\/wp-content\/uploads\/2020\/10\/authoring-tool-480x476.jpg 480w\" sizes=\"(min-width: 0px) and (max-width: 480px) 480px, (min-width: 481px) 800px, 100vw\" class=\"wp-image-19630\" \/><\/span>\n\t\t\t<\/div>\n\t\t\t<\/div>\n\t\t\t\t\n\t\t\t\t\n\t\t\t\t\n\t\t\t\t\n\t\t\t<\/div>\n\t\t\t\t\n\t\t\t\t\n\t\t\t<\/div><div class=\"et_d4_element et_pb_section et_pb_section_4 et_pb_with_background  et_pb_css_mix_blend_mode et_section_regular et_block_section\" >\n\t\t\t\t\n\t\t\t\t\n\t\t\t\t\n\t\t\t\t\n\t\t\t\t\n\t\t\t\t\n\t\t\t\t<div class=\"et_d4_element et_pb_row et_pb_row_5  et_pb_css_mix_blend_mode et_block_row\">\n\t\t\t\t<div class=\"et_d4_element et_pb_column_4_4 et_pb_column et_pb_column_6  et_pb_css_mix_blend_mode et-last-child et_block_column\">\n\t\t\t\t\n\t\t\t\t\n\t\t\t\t\n\t\t\t\t\n\t\t\t\t<div class=\"et_pb_module et_d4_element et_pb_cta_0 et_clickable et_pb_promo  et_pb_text_align_center et_pb_bg_layout_dark\">\n\t\t\t\t\n\t\t\t\t\n\t\t\t\t\n\t\t\t\t\n\t\t\t\t<div class=\"et_pb_promo_description\"><h2 class=\"et_pb_module_header\">Cree sus propios cursos y ex\u00e1menes f\u00e1cilmente<\/h2><\/div>\n\t\t\t\t<div class=\"et_pb_button_wrapper\"><a class=\"et_pb_button et_pb_promo_button\" href=\"https:\/\/www.cae.net\/es\/contacto-cae\/\">m\u00e1s informaci\u00f3n<\/a><\/div>\n\t\t\t<\/div>\n\t\t\t<\/div>\n\t\t\t\t\n\t\t\t\t\n\t\t\t\t\n\t\t\t\t\n\t\t\t<\/div>\n\t\t\t\t\n\t\t\t\t\n\t\t\t<\/div><div class=\"et_pb_with_border et_d4_element et_pb_section et_pb_section_7 mobile-slide  et_pb_css_mix_blend_mode et_section_regular et_block_section\" >\n\t\t\t\t\n\t\t\t\t\n\t\t\t\t\n\t\t\t\t\n\t\t\t\t\n\t\t\t\t\n\t\t\t\t<div class=\"et_d4_element et_pb_row et_pb_row_6  et_pb_css_mix_blend_mode et_block_row\">\n\t\t\t\t<div class=\"et_pb_with_border et_pb_column_4_4 et_d4_element et_pb_column et_pb_column_7  et_pb_css_mix_blend_mode et-last-child et_block_column\">\n\t\t\t\t\n\t\t\t\t\n\t\t\t\t\n\t\t\t\t\n\t\t\t\t<div class=\"et_pb_module et_d4_element et_pb_text et_pb_text_3  et_pb_text_align_left et_pb_bg_layout_light\">\n\t\t\t\t\n\t\t\t\t\n\t\t\t\t\n\t\t\t\t\n\t\t\t\t<div class=\"et_pb_text_inner\"><h2 style=\"text-align: center;\">Todo sobre educaci\u00f3n y tecnolog\u00eda<\/h2>\n<p style=\"text-align: center;\">en el Blog de CAE<\/p><\/div>\n\t\t\t<\/div><div class=\"et_pb_module et_d4_element et_pb_blog_0  et_pb_css_mix_blend_mode et_pb_blog_grid_wrapper et_pb_bg_layout_light\">\n\t\t\t\t\t<div class=\"et_pb_blog_grid clearfix \">\n\t\t\t\t\t\n\t\t\t\t\t\n\t\t\t\t\t\n\t\t\t\t\t\n\t\t\t\t\t<div class=\"et_pb_ajax_pagination_container\">\n\t\t\t\t\t\t<div class=\"et_pb_salvattore_content\" data-columns>\n\t\t\t<article id=\"post-324566\" class=\"et_pb_post clearfix et_pb_blog_item_0_0 post-324566 post type-post status-publish format-standard has-post-thumbnail hentry category-blog-cae category-learninghub-cae\">\n\n\t\t\t\t<div class=\"et_pb_image_container\"><a href=\"https:\/\/www.cae.net\/es\/senales-catalogo-formativo-online-fallando\/\" class=\"entry-featured-image-url\"><img loading=\"lazy\" decoding=\"async\" src=\"https:\/\/www.cae.net\/wp-content\/uploads\/2026\/04\/catalogo-formativo-400x250.jpg\" alt=\"8 se\u00f1ales de que su cat\u00e1logo formativo online est\u00e1 fallando\" class=\"\" srcset=\"https:\/\/www.cae.net\/wp-content\/uploads\/2026\/04\/catalogo-formativo.jpg 479w, https:\/\/www.cae.net\/wp-content\/uploads\/2026\/04\/catalogo-formativo-400x250.jpg 480w \" sizes=\"(max-width:479px) 479px, 100vw \"  width=\"400\" height=\"250\" \/><\/a><\/div>\n\t\t\t\t\t\t\t\t\t\t\t\t\t\t<h2 class=\"entry-title\">\n\t\t\t\t\t\t\t\t\t\t\t\t\t<a href=\"https:\/\/www.cae.net\/es\/senales-catalogo-formativo-online-fallando\/\">8 se\u00f1ales de que su cat\u00e1logo formativo online est\u00e1 fallando<\/a>\n\t\t\t\t\t\t\t\t\t\t\t<\/h2>\n\t\t\t\t\n\t\t\t\t\t<div class=\"post-content\"><div class=\"post-content-inner et_multi_view_hidden\"><p>El cat\u00e1logo formativo online se ha consolidado como una de las herramientas m\u00e1s habituales en las estrategias de desarrollo de talento. En teor\u00eda, lo tiene todo para funcionar: flexibilidad, escalabilidad, accesibilidad desde cualquier lugar, incluso ahorro de costes....<\/p>\n<\/div><\/div>\t\t\t\n\t\t\t<\/article>\n\t\t\t\t\n\t\t\t<article id=\"post-1235\" class=\"et_pb_post clearfix et_pb_blog_item_0_1 post-1235 post type-post status-publish format-standard has-post-thumbnail hentry category-blog-cae category-cursos-idiomas category-cursos-de-informatica tag-blended-learning tag-cursos-de-idiomas\">\n\n\t\t\t\t<div class=\"et_pb_image_container\"><a href=\"https:\/\/www.cae.net\/es\/guia-contenidos-elearning-centros-educativos\" class=\"entry-featured-image-url\"><img loading=\"lazy\" decoding=\"async\" src=\"https:\/\/www.cae.net\/wp-content\/uploads\/2015\/06\/soluciones-elearning-400x250.jpg\" alt=\"Gu\u00eda de contenidos e-learning para centros educativos\" class=\"\" srcset=\"https:\/\/www.cae.net\/wp-content\/uploads\/2015\/06\/soluciones-elearning.jpg 479w, https:\/\/www.cae.net\/wp-content\/uploads\/2015\/06\/soluciones-elearning-400x250.jpg 480w \" sizes=\"(max-width:479px) 479px, 100vw \"  width=\"400\" height=\"250\" \/><\/a><\/div>\n\t\t\t\t\t\t\t\t\t\t\t\t\t\t<h2 class=\"entry-title\">\n\t\t\t\t\t\t\t\t\t\t\t\t\t<a href=\"https:\/\/www.cae.net\/es\/guia-contenidos-elearning-centros-educativos\">Gu\u00eda de contenidos e-learning para centros educativos<\/a>\n\t\t\t\t\t\t\t\t\t\t\t<\/h2>\n\t\t\t\t\n\t\t\t\t\t<div class=\"post-content\"><div class=\"post-content-inner et_multi_view_hidden\"><p>El ritmo al que la tecnolog\u00eda crece y evoluciona en los \u00faltimos a\u00f1os ha llevado a colegios, centros de FP y universidades a redefinir su estrategia formativa de principio a fin con contenidos e-learning para centros educativos. La demanda de aprendizaje flexible, que...<\/p>\n<\/div><\/div>\t\t\t\n\t\t\t<\/article>\n\t\t\t\t\n\t\t\t<article id=\"post-94480\" class=\"et_pb_post clearfix et_pb_blog_item_0_2 post-94480 post type-post status-publish format-standard has-post-thumbnail hentry category-blog-cae category-cursos-de-informatica\">\n\n\t\t\t\t<div class=\"et_pb_image_container\"><a href=\"https:\/\/www.cae.net\/es\/nuevos-cursos-sepe-fcoe04-ctrl0011-fco03-ctrl0018\/\" class=\"entry-featured-image-url\"><img loading=\"lazy\" decoding=\"async\" src=\"https:\/\/www.cae.net\/wp-content\/uploads\/2026\/03\/nuevos-cursos-sepe-032026-400x250.jpg\" alt=\"Nuevos cursos SEPE a\u00f1adidos: FCOE04, CTRL0011, FCO03, CTRL0018\" class=\"\" srcset=\"https:\/\/www.cae.net\/wp-content\/uploads\/2026\/03\/nuevos-cursos-sepe-032026.jpg 479w, https:\/\/www.cae.net\/wp-content\/uploads\/2026\/03\/nuevos-cursos-sepe-032026-400x250.jpg 480w \" sizes=\"(max-width:479px) 479px, 100vw \"  width=\"400\" height=\"250\" \/><\/a><\/div>\n\t\t\t\t\t\t\t\t\t\t\t\t\t\t<h2 class=\"entry-title\">\n\t\t\t\t\t\t\t\t\t\t\t\t\t<a href=\"https:\/\/www.cae.net\/es\/nuevos-cursos-sepe-fcoe04-ctrl0011-fco03-ctrl0018\/\">Nuevos cursos SEPE a\u00f1adidos: FCOE04, CTRL0011, FCO03, CTRL0018<\/a>\n\t\t\t\t\t\t\t\t\t\t\t<\/h2>\n\t\t\t\t\n\t\t\t\t\t<div class=\"post-content\"><div class=\"post-content-inner et_multi_view_hidden\"><p>Nuestro cat\u00e1logo de especialidades formativas para SEPE crece con nuevos cursos que ya est\u00e1n disponibles. Hemos a\u00f1adido en las \u00faltimas semanas cuatro nuevos cursos SEPE a\u00f1adidos de idiomas que ayudan a mejorar el nivel de ingl\u00e9s, franc\u00e9s o alem\u00e1n en diferentes...<\/p>\n<\/div><\/div>\t\t\t\n\t\t\t<\/article>\n\t\t\t\t<\/div>\n\t\t\t\t\t<\/div>\n\t\t\t\t\t<\/div> \n\t\t\t\t<\/div>\n\t\t\t<\/div>\n\t\t\t\t\n\t\t\t\t\n\t\t\t\t\n\t\t\t\t\n\t\t\t<\/div>\n\t\t\t\t\n\t\t\t\t\n\t\t\t<\/div><\/p>\n","protected":false},"excerpt":{"rendered":"","protected":false},"author":2,"featured_media":0,"parent":0,"menu_order":0,"comment_status":"open","ping_status":"closed","template":"","meta":{"_et_pb_use_builder":"on","_et_pb_old_content":"","_et_gb_content_width":"","footnotes":""},"class_list":["post-13962","page","type-page","status-publish","hentry"],"yoast_head":"<!-- This site is optimized with the Yoast SEO plugin v27.5 - https:\/\/yoast.com\/product\/yoast-seo-wordpress\/ -->\n<title>Authoring Tool, herramienta para crear cursos de idiomas | CAE<\/title>\n<meta name=\"description\" content=\"Expertos en Authoring Tool. Creaci\u00f3n de cursos de idiomas online con herramienta de autor especializada en idiomas.\" \/>\n<meta name=\"robots\" content=\"index, follow, max-snippet:-1, max-image-preview:large, max-video-preview:-1\" \/>\n<link rel=\"canonical\" href=\"https:\/\/www.cae.net\/es\/creacion-cursos-idiomas-herramienta-de-autor\/\" \/>\n<meta property=\"og:locale\" content=\"es_ES\" \/>\n<meta property=\"og:type\" content=\"article\" \/>\n<meta property=\"og:title\" content=\"Authoring Tool, herramienta para crear cursos de idiomas | CAE\" \/>\n<meta property=\"og:description\" content=\"Expertos en Authoring Tool. Creaci\u00f3n de cursos de idiomas online con herramienta de autor especializada en idiomas.\" \/>\n<meta property=\"og:url\" content=\"https:\/\/www.cae.net\/es\/creacion-cursos-idiomas-herramienta-de-autor\/\" \/>\n<meta property=\"og:site_name\" content=\"CAE Computer Aided E-learning\" \/>\n<meta property=\"article:publisher\" content=\"https:\/\/www.facebook.com\/elearning.cae\" \/>\n<meta property=\"article:modified_time\" content=\"2024-05-09T11:21:48+00:00\" \/>\n<meta property=\"og:image\" content=\"https:\/\/www.cae.net\/wp-content\/uploads\/2015\/04\/logo-5.png\" \/>\n\t<meta property=\"og:image:width\" content=\"247\" \/>\n\t<meta property=\"og:image:height\" content=\"71\" \/>\n\t<meta property=\"og:image:type\" content=\"image\/png\" \/>\n<meta name=\"twitter:card\" content=\"summary_large_image\" \/>\n<meta name=\"twitter:site\" content=\"@elearning_cae\" \/>\n<meta name=\"twitter:label1\" content=\"Tiempo de lectura\" \/>\n\t<meta name=\"twitter:data1\" content=\"4 minutos\" \/>\n<script type=\"application\/ld+json\" class=\"yoast-schema-graph\">{\"@context\":\"https:\\\/\\\/schema.org\",\"@graph\":[{\"@type\":\"WebPage\",\"@id\":\"https:\\\/\\\/www.cae.net\\\/es\\\/creacion-cursos-idiomas-herramienta-de-autor\\\/\",\"url\":\"https:\\\/\\\/www.cae.net\\\/es\\\/creacion-cursos-idiomas-herramienta-de-autor\\\/\",\"name\":\"Authoring Tool, herramienta para crear cursos de idiomas | CAE\",\"isPartOf\":{\"@id\":\"https:\\\/\\\/www.cae.net\\\/es\\\/#website\"},\"datePublished\":\"2019-02-13T16:28:54+00:00\",\"dateModified\":\"2024-05-09T11:21:48+00:00\",\"description\":\"Expertos en Authoring Tool. Creaci\u00f3n de cursos de idiomas online con herramienta de autor especializada en idiomas.\",\"breadcrumb\":{\"@id\":\"https:\\\/\\\/www.cae.net\\\/es\\\/creacion-cursos-idiomas-herramienta-de-autor\\\/#breadcrumb\"},\"inLanguage\":\"es\",\"potentialAction\":[{\"@type\":\"ReadAction\",\"target\":[\"https:\\\/\\\/www.cae.net\\\/es\\\/creacion-cursos-idiomas-herramienta-de-autor\\\/\"]}]},{\"@type\":\"BreadcrumbList\",\"@id\":\"https:\\\/\\\/www.cae.net\\\/es\\\/creacion-cursos-idiomas-herramienta-de-autor\\\/#breadcrumb\",\"itemListElement\":[{\"@type\":\"ListItem\",\"position\":1,\"name\":\"Portada\",\"item\":\"https:\\\/\\\/www.cae.net\\\/es\\\/\"},{\"@type\":\"ListItem\",\"position\":2,\"name\":\"Creaci\u00f3n de cursos de idiomas | Herramienta de autor\"}]},{\"@type\":\"WebSite\",\"@id\":\"https:\\\/\\\/www.cae.net\\\/es\\\/#website\",\"url\":\"https:\\\/\\\/www.cae.net\\\/es\\\/\",\"name\":\"CAE Computer Aided E-learning\",\"description\":\"Expertos en Elearning, Plataformas educativas, formaci\u00f3n en idiomas, contenidos  online y offline\",\"potentialAction\":[{\"@type\":\"SearchAction\",\"target\":{\"@type\":\"EntryPoint\",\"urlTemplate\":\"https:\\\/\\\/www.cae.net\\\/es\\\/?s={search_term_string}\"},\"query-input\":{\"@type\":\"PropertyValueSpecification\",\"valueRequired\":true,\"valueName\":\"search_term_string\"}}],\"inLanguage\":\"es\"}]}<\/script>\n<!-- \/ Yoast SEO plugin. -->","yoast_head_json":{"title":"Authoring Tool, herramienta para crear cursos de idiomas | CAE","description":"Expertos en Authoring Tool. Creaci\u00f3n de cursos de idiomas online con herramienta de autor especializada en idiomas.","robots":{"index":"index","follow":"follow","max-snippet":"max-snippet:-1","max-image-preview":"max-image-preview:large","max-video-preview":"max-video-preview:-1"},"canonical":"https:\/\/www.cae.net\/es\/creacion-cursos-idiomas-herramienta-de-autor\/","og_locale":"es_ES","og_type":"article","og_title":"Authoring Tool, herramienta para crear cursos de idiomas | CAE","og_description":"Expertos en Authoring Tool. Creaci\u00f3n de cursos de idiomas online con herramienta de autor especializada en idiomas.","og_url":"https:\/\/www.cae.net\/es\/creacion-cursos-idiomas-herramienta-de-autor\/","og_site_name":"CAE Computer Aided E-learning","article_publisher":"https:\/\/www.facebook.com\/elearning.cae","article_modified_time":"2024-05-09T11:21:48+00:00","og_image":[{"width":247,"height":71,"url":"https:\/\/www.cae.net\/wp-content\/uploads\/2015\/04\/logo-5.png","type":"image\/png"}],"twitter_card":"summary_large_image","twitter_site":"@elearning_cae","twitter_misc":{"Tiempo de lectura":"4 minutos"},"schema":{"@context":"https:\/\/schema.org","@graph":[{"@type":"WebPage","@id":"https:\/\/www.cae.net\/es\/creacion-cursos-idiomas-herramienta-de-autor\/","url":"https:\/\/www.cae.net\/es\/creacion-cursos-idiomas-herramienta-de-autor\/","name":"Authoring Tool, herramienta para crear cursos de idiomas | CAE","isPartOf":{"@id":"https:\/\/www.cae.net\/es\/#website"},"datePublished":"2019-02-13T16:28:54+00:00","dateModified":"2024-05-09T11:21:48+00:00","description":"Expertos en Authoring Tool. Creaci\u00f3n de cursos de idiomas online con herramienta de autor especializada en idiomas.","breadcrumb":{"@id":"https:\/\/www.cae.net\/es\/creacion-cursos-idiomas-herramienta-de-autor\/#breadcrumb"},"inLanguage":"es","potentialAction":[{"@type":"ReadAction","target":["https:\/\/www.cae.net\/es\/creacion-cursos-idiomas-herramienta-de-autor\/"]}]},{"@type":"BreadcrumbList","@id":"https:\/\/www.cae.net\/es\/creacion-cursos-idiomas-herramienta-de-autor\/#breadcrumb","itemListElement":[{"@type":"ListItem","position":1,"name":"Portada","item":"https:\/\/www.cae.net\/es\/"},{"@type":"ListItem","position":2,"name":"Creaci\u00f3n de cursos de idiomas | Herramienta de autor"}]},{"@type":"WebSite","@id":"https:\/\/www.cae.net\/es\/#website","url":"https:\/\/www.cae.net\/es\/","name":"CAE Computer Aided E-learning","description":"Expertos en Elearning, Plataformas educativas, formaci\u00f3n en idiomas, contenidos  online y offline","potentialAction":[{"@type":"SearchAction","target":{"@type":"EntryPoint","urlTemplate":"https:\/\/www.cae.net\/es\/?s={search_term_string}"},"query-input":{"@type":"PropertyValueSpecification","valueRequired":true,"valueName":"search_term_string"}}],"inLanguage":"es"}]}},"_links":{"self":[{"href":"https:\/\/www.cae.net\/es\/wp-json\/wp\/v2\/pages\/13962","targetHints":{"allow":["GET"]}}],"collection":[{"href":"https:\/\/www.cae.net\/es\/wp-json\/wp\/v2\/pages"}],"about":[{"href":"https:\/\/www.cae.net\/es\/wp-json\/wp\/v2\/types\/page"}],"author":[{"embeddable":true,"href":"https:\/\/www.cae.net\/es\/wp-json\/wp\/v2\/users\/2"}],"replies":[{"embeddable":true,"href":"https:\/\/www.cae.net\/es\/wp-json\/wp\/v2\/comments?post=13962"}],"version-history":[{"count":0,"href":"https:\/\/www.cae.net\/es\/wp-json\/wp\/v2\/pages\/13962\/revisions"}],"wp:attachment":[{"href":"https:\/\/www.cae.net\/es\/wp-json\/wp\/v2\/media?parent=13962"}],"curies":[{"name":"wp","href":"https:\/\/api.w.org\/{rel}","templated":true}]}}