{"id":17039,"date":"2020-06-19T14:13:21","date_gmt":"2020-06-19T12:13:21","guid":{"rendered":"https:\/\/www.cae.net\/?page_id=17039"},"modified":"2020-06-19T14:46:28","modified_gmt":"2020-06-19T12:46:28","slug":"encuestas","status":"publish","type":"page","link":"https:\/\/www.cae.net\/es\/encuestas\/","title":{"rendered":"Encuesta e-learning"},"content":{"rendered":"<p>[et_pb_section fb_built=\u00bb1&#8243; admin_label=\u00bbsection\u00bb _builder_version=\u00bb3.22&#8243;][et_pb_row column_structure=\u00bb1_2,1_2&#8243; admin_label=\u00bbrow\u00bb _builder_version=\u00bb3.25&#8243; background_size=\u00bbinitial\u00bb background_position=\u00bbtop_left\u00bb background_repeat=\u00bbrepeat\u00bb][et_pb_column type=\u00bb1_2&#8243; _builder_version=\u00bb3.25&#8243; custom_padding=\u00bb|||\u00bb custom_padding__hover=\u00bb|||\u00bb][et_pb_divider show_divider=\u00bboff\u00bb disabled_on=\u00bbon|on|off\u00bb admin_label=\u00bbSeparador\u00bb _builder_version=\u00bb3.23.4&#8243; height=\u00bb5px\u00bb hide_on_mobile=\u00bbon\u00bb][\/et_pb_divider][et_pb_image src=\u00bbhttps:\/\/www.cae.net\/wp-content\/uploads\/2020\/06\/language-center.jpg\u00bb alt=\u00bbEncuesta sobre e-learning para centros de idiomas\u00bb title_text=\u00bbC\u00f3mo est\u00e1n dando forma a la educaci\u00f3n las nuevas tecnolog\u00edas\u00bb show_bottom_space=\u00bboff\u00bb align_tablet=\u00bbcenter\u00bb align_phone=\u00bb\u00bb align_last_edited=\u00bbon|desktop\u00bb admin_label=\u00bbImagen\u00bb _builder_version=\u00bb4.3.2&#8243; width=\u00bb80%\u00bb module_alignment=\u00bbcenter\u00bb border_radii=\u00bbon|12px|12px|12px|12px\u00bb use_border_color=\u00bboff\u00bb][\/et_pb_image][\/et_pb_column][et_pb_column type=\u00bb1_2&#8243; _builder_version=\u00bb3.25&#8243; custom_padding=\u00bb|||\u00bb custom_padding__hover=\u00bb|||\u00bb][et_pb_divider show_divider=\u00bboff\u00bb disabled_on=\u00bbon|on|off\u00bb admin_label=\u00bbSeparador\u00bb _builder_version=\u00bb3.23.4&#8243; height=\u00bb10px\u00bb hide_on_mobile=\u00bbon\u00bb][\/et_pb_divider][et_pb_text admin_label=\u00bbTexto\u00bb _builder_version=\u00bb4.3.2&#8243; background_size=\u00bbinitial\u00bb background_position=\u00bbtop_left\u00bb background_repeat=\u00bbrepeat\u00bb use_border_color=\u00bboff\u00bb border_color=\u00bb#ffffff\u00bb border_style=\u00bbsolid\u00bb]<\/p>\n<h2>Rellene nuestra encuesta sobre centros de idiomas<\/h2>\n<p>[\/et_pb_text][et_pb_text admin_label=\u00bbTexto\u00bb _builder_version=\u00bb4.3.2&#8243; background_size=\u00bbinitial\u00bb background_position=\u00bbtop_left\u00bb background_repeat=\u00bbrepeat\u00bb custom_margin=\u00bb||0px||false|false\u00bb custom_padding=\u00bb||19px||false|false\u00bb use_border_color=\u00bboff\u00bb]El ecosistema educativo lleva a\u00f1os evolucionando, pero tras el COVID-19 estamos experimentando una aceleraci\u00f3n en estos cambios.<\/p>\n<p>\u00bfC\u00f3mo han cambiado las circunstancias en los centros de idiomas desde nuestro estudio anterior (Verxact 2019) y ahora? Ay\u00fadenos a descubrirlo rellenando la siguiente encuesta (1 minuto).[\/et_pb_text][et_pb_contact_form captcha=\u00bboff\u00bb email=\u00bbinfo@cae.net\u00bb custom_message=\u00bb||et_pb_line_break_holder||%%name%%||et_pb_line_break_holder||%%Email%%||et_pb_line_break_holder||%%center%%||et_pb_line_break_holder||%%website%%||et_pb_line_break_holder||%%demanda%%  OTRO: %%demanda2%%||et_pb_line_break_holder||%%certificados%%  OTRO: %%certificados_2%%||et_pb_line_break_holder||%%level%%||et_pb_line_break_holder||%%profile%%||et_pb_line_break_holder||%%value%%||et_pb_line_break_holder||%%techlevel%%||et_pb_line_break_holder||%%tools%%||et_pb_line_break_holder||%%improve%%||et_pb_line_break_holder||%%privacy%%||et_pb_line_break_holder||||et_pb_line_break_holder||||et_pb_line_break_holder||SURVEY ES &#8211;  LANGUAGE CENTERS 2020&#8243; success_message=\u00bbHemos recibido sus respuestas correctamente. Muchas gracias por participar en la encuesta.\u00bb submit_button_text=\u00bbEnviar\u00bb _builder_version=\u00bb4.3.2&#8243; form_field_text_align=\u00bbleft\u00bb custom_button=\u00bbon\u00bb button_text_color=\u00bb#ffffff\u00bb button_bg_color=\u00bb#ff8c17&#8243; text_orientation=\u00bbleft\u00bb custom_margin=\u00bb0px||||false|false\u00bb custom_padding=\u00bb21px||||false|false\u00bb hover_enabled=\u00bb0&#8243; border_radii=\u00bbon|8px|8px|8px|8px\u00bb][et_pb_contact_field field_id=\u00bbName\u00bb field_title=\u00bbNombre\u00bb _builder_version=\u00bb3.16&#8243; button_text_size__hover_enabled=\u00bboff\u00bb button_one_text_size__hover_enabled=\u00bboff\u00bb button_two_text_size__hover_enabled=\u00bboff\u00bb button_text_color__hover_enabled=\u00bboff\u00bb button_one_text_color__hover_enabled=\u00bboff\u00bb button_two_text_color__hover_enabled=\u00bboff\u00bb button_border_width__hover_enabled=\u00bboff\u00bb button_one_border_width__hover_enabled=\u00bboff\u00bb button_two_border_width__hover_enabled=\u00bboff\u00bb button_border_color__hover_enabled=\u00bboff\u00bb button_one_border_color__hover_enabled=\u00bboff\u00bb button_two_border_color__hover_enabled=\u00bboff\u00bb button_border_radius__hover_enabled=\u00bboff\u00bb button_one_border_radius__hover_enabled=\u00bboff\u00bb button_two_border_radius__hover_enabled=\u00bboff\u00bb button_letter_spacing__hover_enabled=\u00bboff\u00bb button_one_letter_spacing__hover_enabled=\u00bboff\u00bb button_two_letter_spacing__hover_enabled=\u00bboff\u00bb button_bg_color__hover_enabled=\u00bboff\u00bb button_one_bg_color__hover_enabled=\u00bboff\u00bb button_two_bg_color__hover_enabled=\u00bboff\u00bb][\/et_pb_contact_field][et_pb_contact_field field_id=\u00bbEmail\u00bb field_title=\u00bbCorreo electr\u00f3nico\u00bb field_type=\u00bbemail\u00bb _builder_version=\u00bb3.16&#8243; button_text_size__hover_enabled=\u00bboff\u00bb button_one_text_size__hover_enabled=\u00bboff\u00bb button_two_text_size__hover_enabled=\u00bboff\u00bb button_text_color__hover_enabled=\u00bboff\u00bb button_one_text_color__hover_enabled=\u00bboff\u00bb button_two_text_color__hover_enabled=\u00bboff\u00bb button_border_width__hover_enabled=\u00bboff\u00bb button_one_border_width__hover_enabled=\u00bboff\u00bb button_two_border_width__hover_enabled=\u00bboff\u00bb button_border_color__hover_enabled=\u00bboff\u00bb button_one_border_color__hover_enabled=\u00bboff\u00bb button_two_border_color__hover_enabled=\u00bboff\u00bb button_border_radius__hover_enabled=\u00bboff\u00bb button_one_border_radius__hover_enabled=\u00bboff\u00bb button_two_border_radius__hover_enabled=\u00bboff\u00bb button_letter_spacing__hover_enabled=\u00bboff\u00bb button_one_letter_spacing__hover_enabled=\u00bboff\u00bb button_two_letter_spacing__hover_enabled=\u00bboff\u00bb button_bg_color__hover_enabled=\u00bboff\u00bb button_one_bg_color__hover_enabled=\u00bboff\u00bb button_two_bg_color__hover_enabled=\u00bboff\u00bb][\/et_pb_contact_field][et_pb_contact_field field_id=\u00bbcenter\u00bb field_title=\u00bbPa\u00eds\u00bb _builder_version=\u00bb4.3.2&#8243; button_text_size__hover_enabled=\u00bboff\u00bb button_one_text_size__hover_enabled=\u00bboff\u00bb button_two_text_size__hover_enabled=\u00bboff\u00bb button_text_color__hover_enabled=\u00bboff\u00bb button_one_text_color__hover_enabled=\u00bboff\u00bb button_two_text_color__hover_enabled=\u00bboff\u00bb button_border_width__hover_enabled=\u00bboff\u00bb button_one_border_width__hover_enabled=\u00bboff\u00bb button_two_border_width__hover_enabled=\u00bboff\u00bb button_border_color__hover_enabled=\u00bboff\u00bb button_one_border_color__hover_enabled=\u00bboff\u00bb button_two_border_color__hover_enabled=\u00bboff\u00bb button_border_radius__hover_enabled=\u00bboff\u00bb button_one_border_radius__hover_enabled=\u00bboff\u00bb button_two_border_radius__hover_enabled=\u00bboff\u00bb button_letter_spacing__hover_enabled=\u00bboff\u00bb button_one_letter_spacing__hover_enabled=\u00bboff\u00bb button_two_letter_spacing__hover_enabled=\u00bboff\u00bb button_bg_color__hover_enabled=\u00bboff\u00bb button_one_bg_color__hover_enabled=\u00bboff\u00bb button_two_bg_color__hover_enabled=\u00bboff\u00bb][\/et_pb_contact_field][et_pb_contact_field field_id=\u00bbwebsite\u00bb field_title=\u00bbP\u00e1gina web de su centro\u00bb _builder_version=\u00bb4.3.2&#8243; button_text_size__hover_enabled=\u00bboff\u00bb button_one_text_size__hover_enabled=\u00bboff\u00bb button_two_text_size__hover_enabled=\u00bboff\u00bb button_text_color__hover_enabled=\u00bboff\u00bb button_one_text_color__hover_enabled=\u00bboff\u00bb button_two_text_color__hover_enabled=\u00bboff\u00bb button_border_width__hover_enabled=\u00bboff\u00bb button_one_border_width__hover_enabled=\u00bboff\u00bb button_two_border_width__hover_enabled=\u00bboff\u00bb button_border_color__hover_enabled=\u00bboff\u00bb button_one_border_color__hover_enabled=\u00bboff\u00bb button_two_border_color__hover_enabled=\u00bboff\u00bb button_border_radius__hover_enabled=\u00bboff\u00bb button_one_border_radius__hover_enabled=\u00bboff\u00bb button_two_border_radius__hover_enabled=\u00bboff\u00bb button_letter_spacing__hover_enabled=\u00bboff\u00bb button_one_letter_spacing__hover_enabled=\u00bboff\u00bb button_two_letter_spacing__hover_enabled=\u00bboff\u00bb button_bg_color__hover_enabled=\u00bboff\u00bb button_one_bg_color__hover_enabled=\u00bboff\u00bb button_two_bg_color__hover_enabled=\u00bboff\u00bb][\/et_pb_contact_field][et_pb_contact_field field_id=\u00bbvalue\u00bb field_title=\u00bb\u00bfQu\u00e9 es lo que m\u00e1s valoran sus estudiantes de su centro?\u00bb field_type=\u00bbcheckbox\u00bb checkbox_options=\u00bb%91{%22value%22:%22Profesores nativos%22,%22checked%22:0,%22dragID%22:-1},{%22dragID%22:0,%22value%22:%22Cursos interactivos y clases online%22,%22checked%22:0},{%22dragID%22:1,%22value%22:%22Horarios flexibles%22,%22checked%22:0},{%22dragID%22:2,%22value%22:%22M\u00e9todos acreditados%22,%22checked%22:0}%93&#8243; _builder_version=\u00bb4.3.2&#8243;][\/et_pb_contact_field][et_pb_contact_field field_id=\u00bbtechlevel\u00bb field_title=\u00bb\u00bfC\u00f3mo se encuentra su academia a nivel tecnol\u00f3gico? (1 bajo &#8211; 4 alto)\u00bb field_type=\u00bbcheckbox\u00bb checkbox_options=\u00bb%91{%22value%22:%221%22,%22checked%22:0,%22dragID%22:-1},{%22dragID%22:0,%22value%22:%222%22,%22checked%22:0},{%22dragID%22:1,%22value%22:%223%22,%22checked%22:0},{%22dragID%22:2,%22value%22:%224%22,%22checked%22:0}%93&#8243; _builder_version=\u00bb4.3.2&#8243;][\/et_pb_contact_field][et_pb_contact_field field_id=\u00bbtools\u00bb field_title=\u00bb\u00bfQu\u00e9 herramientas incorporar\u00eda a sus clases?\u00bb field_type=\u00bbcheckbox\u00bb checkbox_options=\u00bb%91{%22dragID%22:-1,%22value%22:%22Lecciones y ejercicios online%22,%22checked%22:0},{%22dragID%22:0,%22value%22:%22Clases por videoconferencia%22,%22checked%22:0},{%22dragID%22:1,%22value%22:%22Campus virtual (plataforma)%22,%22checked%22:0},{%22dragID%22:2,%22value%22:%22APP para m\u00f3viles%22,%22checked%22:0}%93&#8243; _builder_version=\u00bb4.3.2&#8243; text_orientation=\u00bbleft\u00bb][\/et_pb_contact_field][et_pb_contact_field field_id=\u00bbimprove\u00bb field_title=\u00bb\u00bfPlanea mejorar el uso de la tecnolog\u00eda en su centro?\u00bb field_type=\u00bbcheckbox\u00bb checkbox_options=\u00bb%91{%22value%22:%22S\u00ed, estoy en proceso%22,%22checked%22:0,%22dragID%22:-1},{%22dragID%22:0,%22value%22:%22S\u00ed, pero no tengo recursos%22,%22checked%22:0},{%22dragID%22:1,%22value%22:%22No, pero veo sus beneficios%22,%22checked%22:0},{%22dragID%22:2,%22value%22:%22Mi centro no la necesita%22,%22checked%22:0}%93&#8243; _builder_version=\u00bb4.3.2&#8243; form_field_text_align=\u00bbleft\u00bb][\/et_pb_contact_field][et_pb_contact_field field_id=\u00bbdemanda\u00bb field_title=\u00bb\u00bfCu\u00e1l es el idioma m\u00e1s demandado en su centro?\u00bb field_type=\u00bbcheckbox\u00bb checkbox_options=\u00bb%91{%22value%22:%22Ingl\u00e9s%22,%22checked%22:0,%22dragID%22:-1},{%22dragID%22:0,%22value%22:%22Espa\u00f1ol%22,%22checked%22:0},{%22dragID%22:1,%22value%22:%22Franc\u00e9s%22,%22checked%22:0},{%22dragID%22:2,%22value%22:%22Otro%22,%22checked%22:0}%93&#8243; _builder_version=\u00bb4.3.2&#8243;][\/et_pb_contact_field][et_pb_contact_field field_id=\u00bbdemanda2&#8243; field_title=\u00bbOtro:\u00bb fullwidth_field=\u00bbon\u00bb conditional_logic=\u00bbon\u00bb conditional_logic_rules=\u00bb%91{%22field%22:%22demanda%22,%22condition%22:%22is%22,%22value%22:%22Otro%22}%93&#8243; _builder_version=\u00bb4.3.2&#8243;][\/et_pb_contact_field][et_pb_contact_field field_id=\u00bbcertificados\u00bb field_title=\u00bb\u00bfQu\u00e9 certificaciones son las m\u00e1s solicitadas?\u00bb field_type=\u00bbcheckbox\u00bb checkbox_options=\u00bb%91{%22value%22:%22TOEFL%22,%22checked%22:0,%22dragID%22:-1},{%22dragID%22:0,%22value%22:%22Cambridge Exams%22,%22checked%22:0},{%22dragID%22:1,%22value%22:%22IELTS%22,%22checked%22:0},{%22dragID%22:4,%22value%22:%22Other%22,%22checked%22:0}%93&#8243; _builder_version=\u00bb4.3.2&#8243;][\/et_pb_contact_field][et_pb_contact_field field_id=\u00bbcertificados_2&#8243; field_title=\u00bb\u00bfQu\u00e9 nivel de ingl\u00e9s es el m\u00e1s demandado?\u00bb fullwidth_field=\u00bbon\u00bb conditional_logic=\u00bbon\u00bb conditional_logic_rules=\u00bb%91{%22field%22:%22certificados%22,%22condition%22:%22is%22,%22value%22:%22Other%22}%93&#8243; _builder_version=\u00bb4.3.2&#8243;][\/et_pb_contact_field][et_pb_contact_field field_id=\u00bblevel\u00bb field_title=\u00bb\u00bfQu\u00e9 perfil de alumno se repite con mayor frecuencia?\u00bb field_type=\u00bbcheckbox\u00bb checkbox_options=\u00bb%91{%22value%22:%22A1-A2%22,%22checked%22:0,%22dragID%22:-1},{%22dragID%22:1,%22value%22:%22B1-B2%22,%22checked%22:0},{%22dragID%22:3,%22value%22:%22C1-C2%22,%22checked%22:0}%93&#8243; _builder_version=\u00bb4.3.2&#8243;][\/et_pb_contact_field][et_pb_contact_field field_id=\u00bbprofile\u00bb field_title=\u00bb\u00bfQu\u00e9 perfil de alumno se repite con mayor frecuencia?\u00bb field_type=\u00bbcheckbox\u00bb checkbox_options=\u00bb%91{%22value%22:%22Estudiantes%22,%22checked%22:0,%22dragID%22:-1},{%22dragID%22:0,%22value%22:%22Profesionales%22,%22checked%22:0},{%22dragID%22:1,%22value%22:%22Ni\u00f1os%22,%22checked%22:0},{%22dragID%22:2,%22value%22:%22Otro%22,%22checked%22:0}%93&#8243; _builder_version=\u00bb4.3.2&#8243;][\/et_pb_contact_field][et_pb_contact_field field_id=\u00bbprivacy\u00bb field_title=\u00bbPrivacidad\u00bb field_type=\u00bbcheckbox\u00bb checkbox_options=\u00bb%91{%22value%22:%22Doy mi consentimiento para el procesamiento de datos de acuerdo con su pol\u00edtica de privacidad. S\u00ed, me gustar\u00eda ser contactado y recibir informaci\u00f3n actualizada por correo electr\u00f3nico y tel\u00e9fono. %22,%22checked%22:0,%22dragID%22:-1,%22link_url%22:%22https:\/\/www.cae.net\/privacy\/%22}%93&#8243; fullwidth_field=\u00bbon\u00bb _builder_version=\u00bb4.3.2&#8243; form_field_font_size=\u00bb10px\u00bb][\/et_pb_contact_field][\/et_pb_contact_form][et_pb_text _builder_version=\u00bb4.3.2&#8243;]<\/p>\n<p style=\"text-align: justify;\"><span style=\"font-size: x-small;\">Computer Aided E-learning\/CAE Computer Aided USA Corp. le informa de que los datos de car\u00e1cter personal que nos proporcione al rellenar el presente formulario ser\u00e1n tratados por\u00a0Computer Aided E-learning\/CAE Computer Aided USA Corp., empresa responsable de esta web, y estar\u00e1n sujetos a las leyes vigentes de recogida, tratamiento y uso que establece la UE. La finalidad de la recogida y tratamiento de sus datos personales tiene los objetivos de atender su solicitud de informaci\u00f3n y contactar con usted en el futuro para comunicaciones comerciales sobre productos, servicios y promociones de\u00a0CAE. Tiene derecho a acceder, rectificar, limitar o suprimir sus datos en el momento que lo desee como se explica en nuestro\u00a0<a href=\"https:\/\/www.cae.net\/es\/privacidad\/\" target=\"_blank\" rel=\"noopener noreferrer\">apartado de Privacidad<\/a>.<\/span><\/p>\n<p>[\/et_pb_text][\/et_pb_column][\/et_pb_row][et_pb_row _builder_version=\u00bb4.3.2&#8243; column_structure=\u00bb1_4,1_4,1_4,1_4&#8243;][et_pb_column _builder_version=\u00bb4.3.2&#8243; type=\u00bb1_4&#8243;][\/et_pb_column][et_pb_column _builder_version=\u00bb4.3.2&#8243; type=\u00bb1_4&#8243;][\/et_pb_column][et_pb_column _builder_version=\u00bb4.3.2&#8243; type=\u00bb1_4&#8243;][et_pb_blurb title=\u00bbAulas virtuales\u00bb _builder_version=\u00bb4.3.2&#8243; use_icon=\u00bbon\u00bb icon_placement=\u00bbleft\u00bb font_icon=\u00bb%%107%%\u00bb hover_enabled=\u00bb0&#8243; url=\u00bbhttps:\/\/www.cae.net\/es\/aula-virtual\/\u00bb link_option_url=\u00bbhttps:\/\/www.cae.net\/es\/aula-virtual\/\u00bb]<\/p>\n<p>M\u00e1s informaci\u00f3n<\/p>\n<p>[\/et_pb_blurb][\/et_pb_column][et_pb_column _builder_version=\u00bb4.3.2&#8243; type=\u00bb1_4&#8243;][et_pb_blurb title=\u00bbCampus virtual\u00bb _builder_version=\u00bb4.3.2&#8243; use_icon=\u00bbon\u00bb icon_placement=\u00bbleft\u00bb font_icon=\u00bb%%107%%\u00bb hover_enabled=\u00bb0&#8243; url=\u00bbhttps:\/\/www.cae.net\/es\/lms-academias-de-idiomas-caracteristicas\/\u00bb link_option_url=\u00bbhttps:\/\/www.cae.net\/es\/lms-academias-de-idiomas-caracteristicas\/\u00bb]<\/p>\n<p>M\u00e1s informaci\u00f3n<\/p>\n<p>[\/et_pb_blurb][\/et_pb_column][\/et_pb_row][\/et_pb_section][et_pb_section fb_built=\u00bb1&#8243; _builder_version=\u00bb4.3.2&#8243; custom_padding=\u00bb||11px|||\u00bb][\/et_pb_section]<\/p>\n","protected":false},"excerpt":{"rendered":"<p>Rellene nuestra encuesta sobre centros de idiomasEl ecosistema educativo lleva a\u00f1os evolucionando, pero tras el COVID-19 estamos experimentando una aceleraci\u00f3n en estos cambios. \u00bfC\u00f3mo han cambiado las circunstancias en los centros de idiomas desde nuestro estudio anterior (Verxact 2019) y ahora? Ay\u00fadenos a descubrirlo rellenando la siguiente encuesta (1 minuto).Computer Aided E-learning\/CAE Computer Aided USA [&hellip;]<\/p>\n","protected":false},"author":2,"featured_media":17017,"parent":0,"menu_order":0,"comment_status":"closed","ping_status":"closed","template":"","meta":{"_et_pb_use_builder":"on","_et_pb_old_content":"","_et_gb_content_width":"","footnotes":""},"class_list":["post-17039","page","type-page","status-publish","has-post-thumbnail","hentry"],"yoast_head":"<!-- This site is optimized with the Yoast SEO plugin v27.4 - https:\/\/yoast.com\/product\/yoast-seo-wordpress\/ -->\n<title>Encuesta e-learning | CAE Computer Aided E-learning<\/title>\n<meta name=\"robots\" content=\"noindex, nofollow\" \/>\n<meta property=\"og:locale\" content=\"es_ES\" \/>\n<meta property=\"og:type\" content=\"article\" \/>\n<meta property=\"og:title\" content=\"Encuesta e-learning | CAE Computer Aided E-learning\" \/>\n<meta property=\"og:url\" content=\"https:\/\/www.cae.net\/es\/encuestas\/\" \/>\n<meta property=\"og:site_name\" content=\"CAE Computer Aided E-learning\" \/>\n<meta property=\"article:publisher\" content=\"https:\/\/www.facebook.com\/elearning.cae\" \/>\n<meta property=\"article:modified_time\" content=\"2020-06-19T12:46:28+00:00\" \/>\n<meta property=\"og:image\" content=\"https:\/\/www.cae.net\/wp-content\/uploads\/2020\/06\/language-center.jpg\" \/>\n\t<meta property=\"og:image:width\" content=\"800\" \/>\n\t<meta property=\"og:image:height\" content=\"1040\" \/>\n\t<meta property=\"og:image:type\" content=\"image\/jpeg\" \/>\n<meta name=\"twitter:card\" content=\"summary_large_image\" \/>\n<meta name=\"twitter:site\" content=\"@elearning_cae\" \/>\n<meta name=\"twitter:label1\" content=\"Tiempo de lectura\" \/>\n\t<meta name=\"twitter:data1\" content=\"10 minutos\" \/>\n<script type=\"application\/ld+json\" class=\"yoast-schema-graph\">{\"@context\":\"https:\\\/\\\/schema.org\",\"@graph\":[{\"@type\":\"WebPage\",\"@id\":\"https:\\\/\\\/www.cae.net\\\/es\\\/encuestas\\\/\",\"url\":\"https:\\\/\\\/www.cae.net\\\/es\\\/encuestas\\\/\",\"name\":\"Encuesta e-learning | CAE Computer Aided E-learning\",\"isPartOf\":{\"@id\":\"https:\\\/\\\/www.cae.net\\\/es\\\/#website\"},\"primaryImageOfPage\":{\"@id\":\"https:\\\/\\\/www.cae.net\\\/es\\\/encuestas\\\/#primaryimage\"},\"image\":{\"@id\":\"https:\\\/\\\/www.cae.net\\\/es\\\/encuestas\\\/#primaryimage\"},\"thumbnailUrl\":\"https:\\\/\\\/www.cae.net\\\/wp-content\\\/uploads\\\/2020\\\/06\\\/language-center.jpg\",\"datePublished\":\"2020-06-19T12:13:21+00:00\",\"dateModified\":\"2020-06-19T12:46:28+00:00\",\"breadcrumb\":{\"@id\":\"https:\\\/\\\/www.cae.net\\\/es\\\/encuestas\\\/#breadcrumb\"},\"inLanguage\":\"es\",\"potentialAction\":[{\"@type\":\"ReadAction\",\"target\":[\"https:\\\/\\\/www.cae.net\\\/es\\\/encuestas\\\/\"]}]},{\"@type\":\"ImageObject\",\"inLanguage\":\"es\",\"@id\":\"https:\\\/\\\/www.cae.net\\\/es\\\/encuestas\\\/#primaryimage\",\"url\":\"https:\\\/\\\/www.cae.net\\\/wp-content\\\/uploads\\\/2020\\\/06\\\/language-center.jpg\",\"contentUrl\":\"https:\\\/\\\/www.cae.net\\\/wp-content\\\/uploads\\\/2020\\\/06\\\/language-center.jpg\",\"width\":800,\"height\":1040,\"caption\":\"Alumnos CAE\"},{\"@type\":\"BreadcrumbList\",\"@id\":\"https:\\\/\\\/www.cae.net\\\/es\\\/encuestas\\\/#breadcrumb\",\"itemListElement\":[{\"@type\":\"ListItem\",\"position\":1,\"name\":\"Portada\",\"item\":\"https:\\\/\\\/www.cae.net\\\/es\\\/\"},{\"@type\":\"ListItem\",\"position\":2,\"name\":\"Encuesta e-learning\"}]},{\"@type\":\"WebSite\",\"@id\":\"https:\\\/\\\/www.cae.net\\\/es\\\/#website\",\"url\":\"https:\\\/\\\/www.cae.net\\\/es\\\/\",\"name\":\"CAE Computer Aided E-learning\",\"description\":\"Expertos en Elearning, Plataformas educativas, formaci\u00f3n en idiomas, contenidos  online y offline\",\"potentialAction\":[{\"@type\":\"SearchAction\",\"target\":{\"@type\":\"EntryPoint\",\"urlTemplate\":\"https:\\\/\\\/www.cae.net\\\/es\\\/?s={search_term_string}\"},\"query-input\":{\"@type\":\"PropertyValueSpecification\",\"valueRequired\":true,\"valueName\":\"search_term_string\"}}],\"inLanguage\":\"es\"}]}<\/script>\n<!-- \/ Yoast SEO plugin. -->","yoast_head_json":{"title":"Encuesta e-learning | CAE Computer Aided E-learning","robots":{"index":"noindex","follow":"nofollow"},"og_locale":"es_ES","og_type":"article","og_title":"Encuesta e-learning | CAE Computer Aided E-learning","og_url":"https:\/\/www.cae.net\/es\/encuestas\/","og_site_name":"CAE Computer Aided E-learning","article_publisher":"https:\/\/www.facebook.com\/elearning.cae","article_modified_time":"2020-06-19T12:46:28+00:00","og_image":[{"width":800,"height":1040,"url":"https:\/\/www.cae.net\/wp-content\/uploads\/2020\/06\/language-center.jpg","type":"image\/jpeg"}],"twitter_card":"summary_large_image","twitter_site":"@elearning_cae","twitter_misc":{"Tiempo de lectura":"10 minutos"},"schema":{"@context":"https:\/\/schema.org","@graph":[{"@type":"WebPage","@id":"https:\/\/www.cae.net\/es\/encuestas\/","url":"https:\/\/www.cae.net\/es\/encuestas\/","name":"Encuesta e-learning | CAE Computer Aided E-learning","isPartOf":{"@id":"https:\/\/www.cae.net\/es\/#website"},"primaryImageOfPage":{"@id":"https:\/\/www.cae.net\/es\/encuestas\/#primaryimage"},"image":{"@id":"https:\/\/www.cae.net\/es\/encuestas\/#primaryimage"},"thumbnailUrl":"https:\/\/www.cae.net\/wp-content\/uploads\/2020\/06\/language-center.jpg","datePublished":"2020-06-19T12:13:21+00:00","dateModified":"2020-06-19T12:46:28+00:00","breadcrumb":{"@id":"https:\/\/www.cae.net\/es\/encuestas\/#breadcrumb"},"inLanguage":"es","potentialAction":[{"@type":"ReadAction","target":["https:\/\/www.cae.net\/es\/encuestas\/"]}]},{"@type":"ImageObject","inLanguage":"es","@id":"https:\/\/www.cae.net\/es\/encuestas\/#primaryimage","url":"https:\/\/www.cae.net\/wp-content\/uploads\/2020\/06\/language-center.jpg","contentUrl":"https:\/\/www.cae.net\/wp-content\/uploads\/2020\/06\/language-center.jpg","width":800,"height":1040,"caption":"Alumnos CAE"},{"@type":"BreadcrumbList","@id":"https:\/\/www.cae.net\/es\/encuestas\/#breadcrumb","itemListElement":[{"@type":"ListItem","position":1,"name":"Portada","item":"https:\/\/www.cae.net\/es\/"},{"@type":"ListItem","position":2,"name":"Encuesta e-learning"}]},{"@type":"WebSite","@id":"https:\/\/www.cae.net\/es\/#website","url":"https:\/\/www.cae.net\/es\/","name":"CAE Computer Aided E-learning","description":"Expertos en Elearning, Plataformas educativas, formaci\u00f3n en idiomas, contenidos  online y offline","potentialAction":[{"@type":"SearchAction","target":{"@type":"EntryPoint","urlTemplate":"https:\/\/www.cae.net\/es\/?s={search_term_string}"},"query-input":{"@type":"PropertyValueSpecification","valueRequired":true,"valueName":"search_term_string"}}],"inLanguage":"es"}]}},"_links":{"self":[{"href":"https:\/\/www.cae.net\/es\/wp-json\/wp\/v2\/pages\/17039","targetHints":{"allow":["GET"]}}],"collection":[{"href":"https:\/\/www.cae.net\/es\/wp-json\/wp\/v2\/pages"}],"about":[{"href":"https:\/\/www.cae.net\/es\/wp-json\/wp\/v2\/types\/page"}],"author":[{"embeddable":true,"href":"https:\/\/www.cae.net\/es\/wp-json\/wp\/v2\/users\/2"}],"replies":[{"embeddable":true,"href":"https:\/\/www.cae.net\/es\/wp-json\/wp\/v2\/comments?post=17039"}],"version-history":[{"count":0,"href":"https:\/\/www.cae.net\/es\/wp-json\/wp\/v2\/pages\/17039\/revisions"}],"wp:featuredmedia":[{"embeddable":true,"href":"https:\/\/www.cae.net\/es\/wp-json\/wp\/v2\/media\/17017"}],"wp:attachment":[{"href":"https:\/\/www.cae.net\/es\/wp-json\/wp\/v2\/media?parent=17039"}],"curies":[{"name":"wp","href":"https:\/\/api.w.org\/{rel}","templated":true}]}}