{"id":1875,"date":"2015-10-15T09:35:24","date_gmt":"2015-10-15T09:35:24","guid":{"rendered":"https:\/\/www.cae.net\/?page_id=1875"},"modified":"2026-05-08T07:19:30","modified_gmt":"2026-05-08T05:19:30","slug":"sector-educativo","status":"publish","type":"page","link":"https:\/\/www.cae.net\/es\/sector-educativo\/","title":{"rendered":"SECTOR EDUCATIVO"},"content":{"rendered":"\n\n<div class=\"et_pb_section_1 et_pb_section et_section_regular et_block_section preset--module--divi-section--cca81d97-4d8b-452c-b4fa-21fcc81ab57c\">\n<div class=\"et_pb_row_1 et_pb_row et_block_row\">\n<div class=\"et_pb_column_2 et_pb_column et_pb_column_2_3 et_block_column et_pb_css_mix_blend_mode_passthrough\">\n<div class=\"et_pb_text_2 et_pb_text et_pb_bg_layout_dark et_pb_module et_block_module\"><div class=\"et_pb_text_inner\"><h1>Soluciones e-learning para <strong>colegios<\/strong> y <strong>universidades<\/strong><\/h1>\n<\/div><\/div>\n\n<div class=\"et_pb_text_3 et_pb_text et_pb_bg_layout_dark et_pb_module et_block_module preset--module--divi-text--6baebc0b-74ca-4d64-9430-355b619eb221\"><div class=\"et_pb_text_inner\"><p>Innovaci\u00f3n educativa para potenciar el aprendizaje de idiomas con tecnolog\u00eda adaptativa y metodolog\u00edas eficaces en centros educativos.<\/p>\n<\/div><\/div>\n<\/div>\n\n<div class=\"et_pb_column_3 et_pb_column et_pb_column_1_3 et-last-child et_block_column et_pb_column_empty et_pb_css_mix_blend_mode_passthrough\"><\/div>\n<\/div>\n<\/div>\n\n<div class=\"et_pb_section_2 et_pb_section et_section_regular et_block_section preset--module--divi-section--cca81d97-4d8b-452c-b4fa-21fcc81ab57c\">\n<div class=\"et_pb_row_2 et_pb_row et_block_row\">\n<div class=\"et_pb_column_4 et_pb_column et_pb_column_4_4 et-last-child et_block_column et_pb_css_mix_blend_mode_passthrough\">\n<div class=\"et_pb_text_4 et_pb_text et_pb_bg_layout_dark et_pb_module et_block_module\"><div class=\"et_pb_text_inner\"><h1>Soluciones e-learning para <strong>colegios<\/strong> y <strong>universidades<\/strong><\/h1>\n<\/div><\/div>\n\n<div class=\"et_pb_text_5 et_pb_text et_pb_bg_layout_dark et_pb_module et_block_module preset--module--divi-text--6baebc0b-74ca-4d64-9430-355b619eb221\"><div class=\"et_pb_text_inner\"><p>Innovaci\u00f3n educativa para potenciar el aprendizaje de idiomas con tecnolog\u00eda adaptativa y metodolog\u00edas eficaces en centros educativos.<\/p>\n<\/div><\/div>\n<\/div>\n<\/div>\n<\/div>\n\n\n\n<div class=\"et_pb_section_4 et_pb_section et_section_regular et_block_section preset--module--divi-section--default\">\n<div class=\"et_pb_row_4 et_pb_row et_block_row\">\n<div class=\"et_pb_column_6 et_pb_column et_pb_column_1_2 et_block_column et_pb_css_mix_blend_mode_passthrough\">\n<div class=\"et_pb_text_9 et_pb_text et_pb_bg_layout_light et_pb_module et_block_module\"><div class=\"et_pb_text_inner\"><p>Los alumnos que aprenden a familiarizarse con las nuevas tecnolog\u00edas optimizan su tiempo, a conocer de manera m\u00e1s amena, din\u00e1mica y, por lo tanto, perdurable, est\u00e1n m\u00e1s preparados para afrontar los retos profesionales de la sociedad de la informaci\u00f3n.<\/p>\n<\/div><\/div>\n<\/div>\n\n<div class=\"et_pb_column_7 et_pb_column et_pb_column_1_2 et-last-child et_block_column et_pb_css_mix_blend_mode_passthrough\">\n<div class=\"et_pb_divider_0 et_pb_divider_hidden et_pb_space et_pb_divider_position_top et_pb_module\"><div class=\"et_pb_divider_internal\"><\/div><\/div>\n\n<div class=\"et_pb_text_10 et_pb_text et_pb_bg_layout_light et_pb_module et_block_module\"><div class=\"et_pb_text_inner\"><p>Ofrezca una <strong>aprendizaje m\u00e1s completo e innovador<\/strong> con soluciones formativas online para colegios, formaci\u00f3n profesional y universidades<\/p>\n<\/div><\/div>\n\n<div class=\"et_pb_divider_1 et_pb_divider et_pb_space et_pb_divider_position_top et_pb_module\"><div class=\"et_pb_divider_internal\"><\/div><\/div>\n<\/div>\n<\/div>\n\n<div class=\"et_pb_row_5 et_pb_row et_block_row\">\n<div class=\"et_pb_column_8 et_pb_column et_pb_column_1_3 et_block_column et_pb_css_mix_blend_mode_passthrough\">\n<div class=\"et_pb_blurb_0 et_pb_blurb et_pb_bg_layout_light et_pb_text_align_center et_pb_blurb_position_top et_pb_module et_block_module\"><div class=\"et_pb_blurb_content\"><div class=\"et_pb_main_blurb_image\"><span class=\"et_pb_image_wrap\"><span class=\"et-pb-icon\">\uf51b<\/span><\/span><\/div><div class=\"et_pb_blurb_container\"><h3 class=\"et_pb_module_header\">Cat\u00e1logos de cursos online<\/h3><div class=\"et_pb_blurb_description\"><p>Contenidos para online, blended o presencial aulas: adaptados a la modalidad que desee implementar su centro. SCORM para su LMS\/plataforma.<\/p>\n<\/div><\/div><\/div><\/div>\n<\/div>\n\n<div class=\"et_pb_column_9 et_pb_column et_pb_column_1_3 et_block_column et_pb_css_mix_blend_mode_passthrough\">\n<div class=\"et_pb_blurb_1 et_pb_blurb et_pb_bg_layout_light et_pb_text_align_center et_pb_blurb_position_top et_pb_module et_block_module\"><div class=\"et_pb_blurb_content\"><div class=\"et_pb_main_blurb_image\"><span class=\"et_pb_image_wrap\"><span class=\"et-pb-icon\">\uf109<\/span><\/span><\/div><div class=\"et_pb_blurb_container\"><h3 class=\"et_pb_module_header\">Plataformas educativas idiomas<\/h3><div class=\"et_pb_blurb_description\"><p>Facilitan una completa gesti\u00f3n acad\u00e9mica, la creaci\u00f3n de contenido y cursos, el seguimiento y evaluaci\u00f3n de sus alumnos, gamificaci\u00f3n, funcionalidades IA, etc.<strong><a href=\"https:\/\/www.cae.net\/es\/lms-academias-de-idiomas-caracteristicas\/\" title=\"Plataformas educativas\"><\/a><\/strong><\/p>\n<\/div><\/div><\/div><\/div>\n<\/div>\n\n<div class=\"et_pb_column_10 et_pb_column et_pb_column_1_3 et-last-child et_block_column et_pb_css_mix_blend_mode_passthrough\">\n<div class=\"et_pb_blurb_2 et_pb_blurb et_pb_bg_layout_light et_pb_text_align_center et_pb_blurb_position_top et_pb_module et_block_module\"><div class=\"et_pb_blurb_content\"><div class=\"et_pb_main_blurb_image\"><span class=\"et_pb_image_wrap\"><span class=\"et-pb-icon\">\uf110<\/span><\/span><\/div><div class=\"et_pb_blurb_container\"><h3 class=\"et_pb_module_header\">Tecnolog\u00eda e innovaci\u00f3n <\/h3><div class=\"et_pb_blurb_description\"><p>Gamificaci\u00f3n, IA, tutorizaci\u00f3n virtual, anal\u00edticas y seguimiento, trabajo de los ODS, gu\u00edas de apoyo para el profesorado, tareas activas de expresi\u00f3n oral y escrita...<strong><a href=\"https:\/\/www.cae.net\/es\/lms-academias-de-idiomas-caracteristicas\/\" title=\"Plataformas educativas\"><\/a><\/strong><\/p>\n<\/div><\/div><\/div><\/div>\n<\/div>\n<\/div>\n<\/div>\n\n<div class=\"et_pb_section_5 et_pb_section et_section_regular et_block_section preset--module--divi-section--default\">\n<div class=\"et_pb_row_6 et_pb_row et_pb_equal_columns et_pb_gutters2 et_block_row\">\n<div class=\"et_pb_column_11 et_pb_column et_pb_column_1_2 et_block_column et_pb_css_mix_blend_mode_passthrough\">\n<div class=\"et_pb_image_0 et_pb_image et_pb_module et_block_module\"><span class=\"et_pb_image_wrap\"><img loading=\"lazy\" decoding=\"async\" src=\"https:\/\/www.cae.net\/wp-content\/uploads\/2023\/07\/Metodo-blended-learning-portada.jpg\" width=\"957\" height=\"500\" srcset=\"https:\/\/www.cae.net\/wp-content\/uploads\/2023\/07\/Metodo-blended-learning-portada.jpg 957w, https:\/\/www.cae.net\/wp-content\/uploads\/2023\/07\/Metodo-blended-learning-portada-480x251.jpg 480w\" sizes=\"(min-width: 0px) and (max-width: 480px) 480px, (min-width: 481px) 957px, 100vw\" class=\"wp-image-25729\" title=\"Soluciones educativas para colegios y universidades\" alt=\"Soluciones formativas para educaci\u00f3n\" \/><\/span><\/div>\n<\/div>\n\n<div class=\"et_pb_column_12 et_pb_column et_pb_column_1_2 et-last-child et_block_column et_pb_css_mix_blend_mode_passthrough\">\n<div class=\"et_pb_text_11 et_pb_text et_pb_bg_layout_light et_pb_module et_block_module\"><div class=\"et_pb_text_inner\"><h2><strong>Cursos de idiomas <\/strong>DEXWAY<\/h2>\n<p>Amplio cat\u00e1logo de cursos de idiomas (ingl\u00e9s brit\u00e1nico\/americano, espa\u00f1ol, franc\u00e9s, alem\u00e1n, portugu\u00e9s, ruso e italiano), A1 a C1 alineados con el MCER.<\/p>\n<p>&nbsp;<\/p>\n<ul>\n<li>Diferentes versiones para adaptarse a las necesidades de cada centro educativo.<\/li>\n<li>Contenido digital para el aula, complemento a las clases o cursos independientes de refuerzo.<\/li>\n<li>Test de nivel para evaluar a su alumnado.<\/li>\n<li>Gamificaci\u00f3n, apps, inteligencia artificial, grupos de conversaci\u00f3n...<\/li>\n<\/ul>\n<\/div><\/div>\n\n<div class=\"et_pb_module et_pb_button_module_wrapper et_pb_button_0_wrapper\"><a class=\"et_pb_button_0 et_pb_button et_pb_bg_layout_light et_pb_module et_block_module\" href=\"https:\/\/www.cae.net\/es\/idiomas\/\">M\u00e1s informaci\u00f3n<\/a><\/div>\n\n<div class=\"et_pb_text_12 et_pb_text et_pb_bg_layout_light et_pb_module et_block_module\"><div class=\"et_pb_text_inner\"><h2><strong>Cat\u00e1logos de cursos<\/strong> especialidades formativas, empresas y microlearning\/p\u00edldoras LearningHub CAE<\/h2>\n<p>Oferta formativa en inform\u00e1tica, mecanograf\u00eda, ofim\u00e1tica, dise\u00f1o... Prepare a su alumnado en las mejores habilidades para su futuro.<\/p>\n<\/div><\/div>\n\n<div class=\"et_pb_module et_pb_button_module_wrapper et_pb_button_1_wrapper\"><a class=\"et_pb_button_1 et_pb_button et_pb_bg_layout_light et_pb_module et_block_module\" href=\"https:\/\/www.cae.net\/es\/cursos\/\">M\u00e1s informaci\u00f3n<\/a><\/div>\n\n\n\n\n<\/div>\n<\/div>\n<\/div>\n\n<div class=\"et_pb_section_6 et_pb_section et_section_regular et_block_section preset--module--divi-section--default\">\n<div class=\"et_pb_row_7 et_pb_row et_block_row\">\n<div class=\"et_pb_column_13 et_pb_column et_pb_column_4_4 et-last-child et_block_column et_pb_css_mix_blend_mode_passthrough\">\n<div class=\"et_pb_text_15 et_pb_text et_pb_bg_layout_light et_pb_module et_block_module\"><div class=\"et_pb_text_inner\"><h2 style=\"text-align: center;\">Modalidades e-learning para educaci\u00f3n<\/h2>\n<\/div><\/div>\n<\/div>\n<\/div>\n\n<div class=\"et_pb_row_8 et_pb_row et_block_row\">\n<div class=\"et_pb_column_14 et_pb_column et_pb_column_1_2 et_block_column et_pb_css_mix_blend_mode_passthrough\">\n<div class=\"et_pb_blurb_3 et_pb_blurb et_pb_bg_layout_light et_pb_blurb_position_left et_pb_module et_block_module\"><div class=\"et_pb_blurb_content\"><div class=\"et_pb_main_blurb_image\"><span class=\"et_pb_image_wrap\"><span class=\"et-pb-icon\">\uf51c<\/span><\/span><\/div><div class=\"et_pb_blurb_container\"><h4 class=\"et_pb_module_header\">Presencial aulas<\/h4><div class=\"et_pb_blurb_description\"><p>Los cursos Dexway In Person focalizan el aprendizaje en objetivos ling\u00fc\u00edsticos, siguiendo el curr\u00edculum educativo con cursos para secundaria, bachiller, formaci\u00f3n profesional y universidad. A1-C1 MCER.<\/p>\n<\/div><\/div><\/div><\/div>\n<\/div>\n\n<div class=\"et_pb_column_15 et_pb_column et_pb_column_1_2 et-last-child et_block_column et_pb_css_mix_blend_mode_passthrough\">\n<div class=\"et_pb_blurb_4 et_pb_blurb et_pb_bg_layout_light et_pb_blurb_position_left et_pb_module et_block_module\"><div class=\"et_pb_blurb_content\"><div class=\"et_pb_main_blurb_image\"><span class=\"et_pb_image_wrap\"><span class=\"et-pb-icon\">\ue0e3<\/span><\/span><\/div><div class=\"et_pb_blurb_container\"><h4 class=\"et_pb_module_header\">Online<\/h4><div class=\"et_pb_blurb_description\"><p>Soluci\u00f3n e-learning integral para apoyar de forma digital la formaci\u00f3n de idiomas con la metodolog\u00eda \"learning by doing\", aprender practicando. Acceso multidispositivo desde el navegador o las Apps oficiales.<\/p>\n<\/div><\/div><\/div><\/div>\n<\/div>\n<\/div>\n\n<div class=\"et_pb_row_9 et_pb_row et_block_row\">\n<div class=\"et_pb_column_16 et_pb_column et_pb_column_1_2 et_block_column et_pb_css_mix_blend_mode_passthrough\">\n<div class=\"et_pb_blurb_5 et_pb_blurb et_pb_bg_layout_light et_pb_blurb_position_left et_pb_module et_block_module\"><div class=\"et_pb_blurb_content\"><div class=\"et_pb_main_blurb_image\"><span class=\"et_pb_image_wrap\"><span class=\"et-pb-icon\">l<\/span><\/span><\/div><div class=\"et_pb_blurb_container\"><h4 class=\"et_pb_module_header\">Blended learning<\/h4><div class=\"et_pb_blurb_description\"><p>El m\u00e9todo combinado (o mixto) es una forma eficaz de ense\u00f1ar idiomas de forma progresiva y flexible a trav\u00e9s de la pr\u00e1ctica. En el cat\u00e1logo de cursos Dexway encontrar\u00e1 m\u00faltiples versiones que se adaptan a esta metodolog\u00eda h\u00edbrida.<\/p>\n<\/div><\/div><\/div><\/div>\n\n\n<\/div>\n\n<div class=\"et_pb_column_17 et_pb_column et_pb_column_1_2 et-last-child et_block_column et_pb_css_mix_blend_mode_passthrough\">\n<div class=\"et_pb_blurb_7 et_pb_blurb et_pb_bg_layout_light et_pb_blurb_position_left et_pb_module et_block_module\"><div class=\"et_pb_blurb_content\"><div class=\"et_pb_main_blurb_image\"><span class=\"et_pb_image_wrap\"><span class=\"et-pb-icon\">*<\/span><\/span><\/div><div class=\"et_pb_blurb_container\"><h4 class=\"et_pb_module_header\">Flipped<\/h4><div class=\"et_pb_blurb_description\"><p>El aula invertida da un giro a la forma tradicional de dar clases: las exposiciones se dejan para fuera del aula, y el tiempo en clase se aprovecha para practicar y resolver dudas.<\/p>\n<\/div><\/div><\/div><\/div>\n<\/div>\n<\/div>\n<\/div>\n\n<div class=\"et_pb_section_7 et_pb_section et_section_regular et_block_section preset--module--divi-section--default\">\n<div class=\"et_pb_row_10 et_pb_row et_block_row\">\n<div class=\"et_pb_column_18 et_pb_column et_pb_column_4_4 et-last-child et_block_column et_pb_css_mix_blend_mode_passthrough\">\n<div class=\"et_pb_cta_0 et_pb_promo et_pb_bg_layout_dark et_pb_module et_block_module\"><div class=\"et_pb_promo_description\"><div class=\"et_pb_promo_content\"><p>Nuestros especialistas le asesorar\u00e1n sobre nuestras soluciones formativas para el sector educaci\u00f3n<\/p>\n<\/div><\/div><div class=\"et_pb_button_wrapper\"><a class=\"et_pb_button et_pb_promo_button\" href=\"https:\/\/www.cae.net\/es\/contacto-cae\/\">Solicitar informaci\u00f3n<\/a><\/div><\/div>\n<\/div>\n<\/div>\n<\/div>\n\n<div class=\"et_pb_section_8 et_pb_section et_section_regular et_block_section preset--module--divi-section--default\">\n\n<\/div>\n\n\n\n\n\n","protected":false},"excerpt":{"rendered":"","protected":false},"author":2,"featured_media":0,"parent":0,"menu_order":0,"comment_status":"open","ping_status":"open","template":"","meta":{"footnotes":""},"class_list":["post-1875","page","type-page","status-publish","hentry"],"yoast_head":"<!-- This site is optimized with the Yoast SEO plugin v27.5 - https:\/\/yoast.com\/product\/yoast-seo-wordpress\/ -->\n<title>Soluciones formativas para el sector educaci\u00f3n | CAE<\/title>\n<meta name=\"description\" content=\"Soluciones formativas para el sector educaci\u00f3n que combina formaci\u00f3n presencial, online y blended learning.\" \/>\n<meta name=\"robots\" content=\"index, follow, max-snippet:-1, max-image-preview:large, max-video-preview:-1\" \/>\n<link rel=\"canonical\" href=\"https:\/\/www.cae.net\/es\/sector-educativo\/\" \/>\n<meta property=\"og:locale\" content=\"es_ES\" \/>\n<meta property=\"og:type\" content=\"article\" \/>\n<meta property=\"og:title\" content=\"Soluciones formativas para el sector educaci\u00f3n | CAE\" \/>\n<meta property=\"og:description\" content=\"Soluciones formativas para el sector educaci\u00f3n que combina formaci\u00f3n presencial, online y blended learning.\" \/>\n<meta property=\"og:url\" content=\"https:\/\/www.cae.net\/es\/sector-educativo\/\" \/>\n<meta property=\"og:site_name\" content=\"CAE Computer Aided E-learning\" \/>\n<meta property=\"article:publisher\" content=\"https:\/\/www.facebook.com\/elearning.cae\" \/>\n<meta property=\"article:modified_time\" content=\"2026-05-08T05:19:30+00:00\" \/>\n<meta property=\"og:image\" content=\"https:\/\/www.cae.net\/wp-content\/uploads\/2015\/04\/logo-5.png\" \/>\n\t<meta property=\"og:image:width\" content=\"247\" \/>\n\t<meta property=\"og:image:height\" content=\"71\" \/>\n\t<meta property=\"og:image:type\" content=\"image\/png\" \/>\n<meta name=\"twitter:card\" content=\"summary_large_image\" \/>\n<meta name=\"twitter:site\" content=\"@elearning_cae\" \/>\n<meta name=\"twitter:label1\" content=\"Tiempo de lectura\" \/>\n\t<meta name=\"twitter:data1\" content=\"6 minutos\" \/>\n<script type=\"application\/ld+json\" class=\"yoast-schema-graph\">{\"@context\":\"https:\\\/\\\/schema.org\",\"@graph\":[{\"@type\":\"WebPage\",\"@id\":\"https:\\\/\\\/www.cae.net\\\/es\\\/sector-educativo\\\/\",\"url\":\"https:\\\/\\\/www.cae.net\\\/es\\\/sector-educativo\\\/\",\"name\":\"Soluciones formativas para el sector educaci\u00f3n | CAE\",\"isPartOf\":{\"@id\":\"https:\\\/\\\/www.cae.net\\\/es\\\/#website\"},\"datePublished\":\"2015-10-15T09:35:24+00:00\",\"dateModified\":\"2026-05-08T05:19:30+00:00\",\"description\":\"Soluciones formativas para el sector educaci\u00f3n que combina formaci\u00f3n presencial, online y blended learning.\",\"breadcrumb\":{\"@id\":\"https:\\\/\\\/www.cae.net\\\/es\\\/sector-educativo\\\/#breadcrumb\"},\"inLanguage\":\"es\",\"potentialAction\":[{\"@type\":\"ReadAction\",\"target\":[\"https:\\\/\\\/www.cae.net\\\/es\\\/sector-educativo\\\/\"]}]},{\"@type\":\"BreadcrumbList\",\"@id\":\"https:\\\/\\\/www.cae.net\\\/es\\\/sector-educativo\\\/#breadcrumb\",\"itemListElement\":[{\"@type\":\"ListItem\",\"position\":1,\"name\":\"Portada\",\"item\":\"https:\\\/\\\/www.cae.net\\\/es\\\/\"},{\"@type\":\"ListItem\",\"position\":2,\"name\":\"SECTOR EDUCATIVO\"}]},{\"@type\":\"WebSite\",\"@id\":\"https:\\\/\\\/www.cae.net\\\/es\\\/#website\",\"url\":\"https:\\\/\\\/www.cae.net\\\/es\\\/\",\"name\":\"CAE Computer Aided E-learning\",\"description\":\"Expertos en Elearning, Plataformas educativas, formaci\u00f3n en idiomas, contenidos  online y offline\",\"potentialAction\":[{\"@type\":\"SearchAction\",\"target\":{\"@type\":\"EntryPoint\",\"urlTemplate\":\"https:\\\/\\\/www.cae.net\\\/es\\\/?s={search_term_string}\"},\"query-input\":{\"@type\":\"PropertyValueSpecification\",\"valueRequired\":true,\"valueName\":\"search_term_string\"}}],\"inLanguage\":\"es\"}]}<\/script>\n<!-- \/ Yoast SEO plugin. -->","yoast_head_json":{"title":"Soluciones formativas para el sector educaci\u00f3n | CAE","description":"Soluciones formativas para el sector educaci\u00f3n que combina formaci\u00f3n presencial, online y blended learning.","robots":{"index":"index","follow":"follow","max-snippet":"max-snippet:-1","max-image-preview":"max-image-preview:large","max-video-preview":"max-video-preview:-1"},"canonical":"https:\/\/www.cae.net\/es\/sector-educativo\/","og_locale":"es_ES","og_type":"article","og_title":"Soluciones formativas para el sector educaci\u00f3n | CAE","og_description":"Soluciones formativas para el sector educaci\u00f3n que combina formaci\u00f3n presencial, online y blended learning.","og_url":"https:\/\/www.cae.net\/es\/sector-educativo\/","og_site_name":"CAE Computer Aided E-learning","article_publisher":"https:\/\/www.facebook.com\/elearning.cae","article_modified_time":"2026-05-08T05:19:30+00:00","og_image":[{"width":247,"height":71,"url":"https:\/\/www.cae.net\/wp-content\/uploads\/2015\/04\/logo-5.png","type":"image\/png"}],"twitter_card":"summary_large_image","twitter_site":"@elearning_cae","twitter_misc":{"Tiempo de lectura":"6 minutos"},"schema":{"@context":"https:\/\/schema.org","@graph":[{"@type":"WebPage","@id":"https:\/\/www.cae.net\/es\/sector-educativo\/","url":"https:\/\/www.cae.net\/es\/sector-educativo\/","name":"Soluciones formativas para el sector educaci\u00f3n | CAE","isPartOf":{"@id":"https:\/\/www.cae.net\/es\/#website"},"datePublished":"2015-10-15T09:35:24+00:00","dateModified":"2026-05-08T05:19:30+00:00","description":"Soluciones formativas para el sector educaci\u00f3n que combina formaci\u00f3n presencial, online y blended learning.","breadcrumb":{"@id":"https:\/\/www.cae.net\/es\/sector-educativo\/#breadcrumb"},"inLanguage":"es","potentialAction":[{"@type":"ReadAction","target":["https:\/\/www.cae.net\/es\/sector-educativo\/"]}]},{"@type":"BreadcrumbList","@id":"https:\/\/www.cae.net\/es\/sector-educativo\/#breadcrumb","itemListElement":[{"@type":"ListItem","position":1,"name":"Portada","item":"https:\/\/www.cae.net\/es\/"},{"@type":"ListItem","position":2,"name":"SECTOR EDUCATIVO"}]},{"@type":"WebSite","@id":"https:\/\/www.cae.net\/es\/#website","url":"https:\/\/www.cae.net\/es\/","name":"CAE Computer Aided E-learning","description":"Expertos en Elearning, Plataformas educativas, formaci\u00f3n en idiomas, contenidos  online y offline","potentialAction":[{"@type":"SearchAction","target":{"@type":"EntryPoint","urlTemplate":"https:\/\/www.cae.net\/es\/?s={search_term_string}"},"query-input":{"@type":"PropertyValueSpecification","valueRequired":true,"valueName":"search_term_string"}}],"inLanguage":"es"}]}},"_links":{"self":[{"href":"https:\/\/www.cae.net\/es\/wp-json\/wp\/v2\/pages\/1875","targetHints":{"allow":["GET"]}}],"collection":[{"href":"https:\/\/www.cae.net\/es\/wp-json\/wp\/v2\/pages"}],"about":[{"href":"https:\/\/www.cae.net\/es\/wp-json\/wp\/v2\/types\/page"}],"author":[{"embeddable":true,"href":"https:\/\/www.cae.net\/es\/wp-json\/wp\/v2\/users\/2"}],"replies":[{"embeddable":true,"href":"https:\/\/www.cae.net\/es\/wp-json\/wp\/v2\/comments?post=1875"}],"version-history":[{"count":2,"href":"https:\/\/www.cae.net\/es\/wp-json\/wp\/v2\/pages\/1875\/revisions"}],"predecessor-version":[{"id":330236,"href":"https:\/\/www.cae.net\/es\/wp-json\/wp\/v2\/pages\/1875\/revisions\/330236"}],"wp:attachment":[{"href":"https:\/\/www.cae.net\/es\/wp-json\/wp\/v2\/media?parent=1875"}],"curies":[{"name":"wp","href":"https:\/\/api.w.org\/{rel}","templated":true}]}}