{"id":20985,"date":"2020-12-04T14:45:58","date_gmt":"2020-12-04T13:45:58","guid":{"rendered":"https:\/\/www.cae.net\/descagar-ebook-implementacion-de-un-rotation-station-lab\/"},"modified":"2024-02-02T09:21:53","modified_gmt":"2024-02-02T08:21:53","slug":"descagar-ebook-implementacion-de-un-rotation-station-lab","status":"publish","type":"page","link":"https:\/\/www.cae.net\/es\/descagar-ebook-implementacion-de-un-rotation-station-lab\/","title":{"rendered":"Descagar eBook \u00abImplementaci\u00f3n de un Rotation Station Lab\u00bb"},"content":{"rendered":"<p>[et_pb_section fb_built=\u00bb1&#8243; _builder_version=\u00bb4.16&#8243; global_colors_info=\u00bb{}\u00bb][et_pb_row column_structure=\u00bb1_2,1_2&#8243; _builder_version=\u00bb4.16&#8243; global_colors_info=\u00bb{}\u00bb][et_pb_column type=\u00bb1_2&#8243; _builder_version=\u00bb4.16&#8243; custom_padding=\u00bb|||\u00bb global_colors_info=\u00bb{}\u00bb custom_padding__hover=\u00bb|||\u00bb][et_pb_divider show_divider=\u00bboff\u00bb _builder_version=\u00bb4.16&#8243; global_colors_info=\u00bb{}\u00bb][\/et_pb_divider][et_pb_text _builder_version=\u00bb4.19.3&#8243; global_colors_info=\u00bb{}\u00bb]<\/p>\n<h1 style=\"text-align: center;\">eBook: Casos de \u00e9xito de Station Rotation Labs para aprender idiomas<\/h1>\n<p>[\/et_pb_text][et_pb_image src=\u00bbhttps:\/\/www.cae.net\/wp-content\/uploads\/2020\/10\/ebook-station-rotation.jpg\u00bb alt=\u00bbCasos de \u00e9xito: Station Rotation Lab\u00bb title_text=\u00bbEbook Station Rotationi Lab\u00bb align_tablet=\u00bbcenter\u00bb align_phone=\u00bb\u00bb align_last_edited=\u00bbon|desktop\u00bb _builder_version=\u00bb4.16&#8243; width=\u00bb89%\u00bb module_alignment=\u00bbcenter\u00bb border_width_all=\u00bb1px\u00bb border_color_all=\u00bb#ddd\u00bb always_center_on_mobile=\u00bbon\u00bb global_colors_info=\u00bb{}\u00bb][\/et_pb_image][et_pb_text _builder_version=\u00bb4.16&#8243; custom_margin=\u00bb||1px|||\u00bb global_colors_info=\u00bb{}\u00bb]<\/p>\n<p align=\"justify\">Descubra en este eBook c\u00f3mo implementar un Station Rotation Lab (conocidos como Station Rotation), as\u00ed como casos de \u00e9xito en el sector educativo<\/p>\n<p align=\"justify\">\n<ul>\n<li>\u00bfC\u00f3mo funcionan los Station Rotation Labs?<\/li>\n<li>\u00bfC\u00f3mo sacar ventaja de un modelo Station Rotation Labs?<\/li>\n<li>Metodolog\u00eda.<\/li>\n<li>Casps de \u00e9xito en la implantaci\u00f3n de laboratorios Station Rotation para clases de idiomas en universidades.<\/li>\n<li>Conclusiones.<\/li>\n<li>Sobre CAE.<\/li>\n<\/ul>\n<p>[\/et_pb_text][\/et_pb_column][et_pb_column type=\u00bb1_2&#8243; _builder_version=\u00bb4.16&#8243; custom_padding=\u00bb|||\u00bb global_colors_info=\u00bb{}\u00bb custom_padding__hover=\u00bb|||\u00bb][et_pb_divider show_divider=\u00bboff\u00bb _builder_version=\u00bb4.16&#8243; global_colors_info=\u00bb{}\u00bb][\/et_pb_divider][et_pb_text _builder_version=\u00bb4.19.3&#8243; module_alignment=\u00bbleft\u00bb custom_padding=\u00bb41px|45px|41px|45px|true|true\u00bb border_width_all=\u00bb1px\u00bb border_color_all=\u00bb#273d43&#8243; global_colors_info=\u00bb{}\u00bb background_color=\u00bb#ffffff\u00bb background_size=\u00bbinitial\u00bb background_position=\u00bbtop_left\u00bb background_repeat=\u00bbrepeat\u00bb border_style_all=\u00bbdashed\u00bb]\n<div class=\"wpcf7 no-js\" id=\"wpcf7-f20984-o1\" lang=\"en-US\" dir=\"ltr\" data-wpcf7-id=\"20984\">\n<div class=\"screen-reader-response\"><p role=\"status\" aria-live=\"polite\" aria-atomic=\"true\"><\/p> <ul><\/ul><\/div>\n<form action=\"\/es\/wp-json\/wp\/v2\/pages\/20985#wpcf7-f20984-o1\" method=\"post\" class=\"wpcf7-form init wpcf7-acceptance-as-validation\" aria-label=\"Contact form\" novalidate=\"novalidate\" data-status=\"init\">\n<fieldset class=\"hidden-fields-container\"><input type=\"hidden\" name=\"_wpcf7\" value=\"20984\" \/><input type=\"hidden\" name=\"_wpcf7_version\" value=\"6.1.5\" \/><input type=\"hidden\" name=\"_wpcf7_locale\" value=\"en_US\" \/><input type=\"hidden\" name=\"_wpcf7_unit_tag\" value=\"wpcf7-f20984-o1\" \/><input type=\"hidden\" name=\"_wpcf7_container_post\" value=\"0\" \/><input type=\"hidden\" name=\"_wpcf7_posted_data_hash\" value=\"\" \/>\n<\/fieldset>\n<p><b>Nombre<\/b>\n<\/p>\n<p><span class=\"wpcf7-form-control-wrap\" data-name=\"your-name\"><input size=\"40\" maxlength=\"400\" class=\"wpcf7-form-control wpcf7-text wpcf7-validates-as-required\" aria-required=\"true\" aria-invalid=\"false\" value=\"\" type=\"text\" name=\"your-name\" \/><\/span>\n<\/p>\n<p><b>Correo electr\u00f3nico corporativo<\/b>\n<\/p>\n<p><span class=\"wpcf7-form-control-wrap\" data-name=\"your-email\"><input size=\"40\" maxlength=\"400\" class=\"wpcf7-form-control wpcf7-email wpcf7-validates-as-required wpcf7-text wpcf7-validates-as-email\" aria-required=\"true\" aria-invalid=\"false\" value=\"\" type=\"email\" name=\"your-email\" \/><\/span>\n<\/p>\n<p><b>P\u00e1gina web<\/b>\n<\/p>\n<p><span class=\"wpcf7-form-control-wrap\" data-name=\"empresa\"><input size=\"40\" maxlength=\"400\" class=\"wpcf7-form-control wpcf7-text wpcf7-validates-as-required\" aria-required=\"true\" aria-invalid=\"false\" value=\"\" type=\"text\" name=\"empresa\" \/><\/span>\n<\/p>\n<p><b>Pa\u00eds<\/b>\n<\/p>\n<p><span class=\"wpcf7-form-control-wrap\" data-name=\"pais\"><input size=\"40\" maxlength=\"400\" class=\"wpcf7-form-control wpcf7-text wpcf7-validates-as-required\" aria-required=\"true\" aria-invalid=\"false\" value=\"\" type=\"text\" name=\"pais\" \/><\/span>\n<\/p>\n<p><b>Tipo de sector<\/b><br \/>\n<span class=\"wpcf7-form-control-wrap\" data-name=\"menu-868\"><select class=\"wpcf7-form-control wpcf7-select\" aria-invalid=\"false\" name=\"menu-868\"><option value=\"Seleccionar...\">Seleccionar...<\/option><option value=\"Sector educativo\">Sector educativo<\/option><option value=\"Sector corporativo\">Sector corporativo<\/option><option value=\"Sector editorial\">Sector editorial<\/option><option value=\"Partner\">Partner<\/option><\/select><\/span>\n<\/p>\n<p><span class=\"wpcf7-form-control-wrap\" data-name=\"politica\"><span class=\"wpcf7-form-control wpcf7-acceptance\"><span class=\"wpcf7-list-item\"><input type=\"checkbox\" name=\"politica\" value=\"1\" aria-invalid=\"false\" \/><\/span><\/span><\/span><span style=\"font-size: 9pt;\">Doy mi consentimiento para el procesamiento de datos de acuerdo con su <a href=\"https:\/\/www.cae.net\/es\/privacidad\/\" target=\"_blank\">pol\u00edtica de privacidad<\/a>. S\u00ed, me gustar\u00eda ser contactado para recibir informaci\u00f3n por correo electr\u00f3nico.<\/span>\n<\/p>\n<p style=\"text-align: center\"><input class=\"wpcf7-form-control wpcf7-submit has-spinner\" type=\"submit\" value=\"Solicitar\" \/>\n<\/p>\n<p class=\"politica__new\" style=\"font-size:8pt;\">Computer Aided E-learning\/CAE Computer Aided USA Corp. le informa de que los datos de car\u00e1cter personal que nos proporcione al rellenar el presente formulario ser\u00e1n tratados por Computer Aided E-learning\/CAE Computer Aided USA Corp., empresa responsable de esta web, y estar\u00e1n sujetos a las leyes vigentes de recogida, tratamiento y uso que establece la UE. La finalidad de la recogida y tratamiento de sus datos personales tiene los objetivos de atender su solicitud de informaci\u00f3n y contactar con usted en el futuro a trav\u00e9s de nuestras newsletters (bimensuales). Tiene derecho a acceder, rectificar, limitar o suprimir sus datos en el momento que lo desee como se explica en nuestro <a href=\"https:\/\/www.cae.net\/es\/privacidad\/\" target=\"_blank\">apartado de Privacidad<\/a>.\n<\/p>\n<input type='hidden' class='wpcf7-pum' value='{\"closepopup\":false,\"closedelay\":0,\"openpopup\":false,\"openpopup_id\":0}' \/><div class=\"wpcf7-response-output\" aria-hidden=\"true\"><\/div>\n<\/form>\n<\/div>\n[\/et_pb_text][\/et_pb_column][\/et_pb_row][\/et_pb_section]<\/p>\n","protected":false},"excerpt":{"rendered":"<p>eBook: Casos de \u00e9xito de Station Rotation Labs para aprender idiomasDescubra en este eBook c\u00f3mo implementar un Station Rotation Lab (conocidos como Station Rotation), as\u00ed como casos de \u00e9xito en el sector educativo \u00bfC\u00f3mo funcionan los Station Rotation Labs? \u00bfC\u00f3mo sacar ventaja de un modelo Station Rotation Labs? Metodolog\u00eda. Casps de \u00e9xito en la implantaci\u00f3n [&hellip;]<\/p>\n","protected":false},"author":2,"featured_media":0,"parent":0,"menu_order":0,"comment_status":"closed","ping_status":"closed","template":"","meta":{"_et_pb_use_builder":"on","_et_pb_old_content":"","_et_gb_content_width":"","footnotes":""},"class_list":["post-20985","page","type-page","status-publish","hentry"],"yoast_head":"<!-- This site is optimized with the Yoast SEO plugin v27.4 - https:\/\/yoast.com\/product\/yoast-seo-wordpress\/ -->\n<title>Descagar eBook &quot;Implementaci\u00f3n de un Rotation Station Lab&quot;<\/title>\n<meta name=\"description\" content=\"Descargue gratis el eBook &quot;Casos de \u00e9xito de implementaci\u00f3n de station rotation labs en centros educativos para aprender idiomas&quot;\" \/>\n<meta name=\"robots\" content=\"index, follow, max-snippet:-1, max-image-preview:large, max-video-preview:-1\" \/>\n<link rel=\"canonical\" href=\"https:\/\/www.cae.net\/es\/descagar-ebook-implementacion-de-un-rotation-station-lab\/\" \/>\n<meta property=\"og:locale\" content=\"es_ES\" \/>\n<meta property=\"og:type\" content=\"article\" \/>\n<meta property=\"og:title\" content=\"Descagar eBook &quot;Implementaci\u00f3n de un Rotation Station Lab&quot;\" \/>\n<meta property=\"og:description\" content=\"Descargue gratis el eBook &quot;Casos de \u00e9xito de implementaci\u00f3n de station rotation labs en centros educativos para aprender idiomas&quot;\" \/>\n<meta property=\"og:url\" content=\"https:\/\/www.cae.net\/es\/descagar-ebook-implementacion-de-un-rotation-station-lab\/\" \/>\n<meta property=\"og:site_name\" content=\"CAE Computer Aided E-learning\" \/>\n<meta property=\"article:publisher\" content=\"https:\/\/www.facebook.com\/elearning.cae\" \/>\n<meta property=\"article:modified_time\" content=\"2024-02-02T08:21:53+00:00\" \/>\n<meta property=\"og:image\" content=\"https:\/\/www.cae.net\/wp-content\/uploads\/2015\/04\/logo-5.png\" \/>\n\t<meta property=\"og:image:width\" content=\"247\" \/>\n\t<meta property=\"og:image:height\" content=\"71\" \/>\n\t<meta property=\"og:image:type\" content=\"image\/png\" \/>\n<meta name=\"twitter:card\" content=\"summary_large_image\" \/>\n<meta name=\"twitter:site\" content=\"@elearning_cae\" \/>\n<meta name=\"twitter:label1\" content=\"Tiempo de lectura\" \/>\n\t<meta name=\"twitter:data1\" content=\"1 minuto\" \/>\n<script type=\"application\/ld+json\" class=\"yoast-schema-graph\">{\"@context\":\"https:\\\/\\\/schema.org\",\"@graph\":[{\"@type\":\"WebPage\",\"@id\":\"https:\\\/\\\/www.cae.net\\\/es\\\/descagar-ebook-implementacion-de-un-rotation-station-lab\\\/\",\"url\":\"https:\\\/\\\/www.cae.net\\\/es\\\/descagar-ebook-implementacion-de-un-rotation-station-lab\\\/\",\"name\":\"Descagar eBook \\\"Implementaci\u00f3n de un Rotation Station Lab\\\"\",\"isPartOf\":{\"@id\":\"https:\\\/\\\/www.cae.net\\\/es\\\/#website\"},\"datePublished\":\"2020-12-04T13:45:58+00:00\",\"dateModified\":\"2024-02-02T08:21:53+00:00\",\"description\":\"Descargue gratis el eBook \\\"Casos de \u00e9xito de implementaci\u00f3n de station rotation labs en centros educativos para aprender idiomas\\\"\",\"breadcrumb\":{\"@id\":\"https:\\\/\\\/www.cae.net\\\/es\\\/descagar-ebook-implementacion-de-un-rotation-station-lab\\\/#breadcrumb\"},\"inLanguage\":\"es\",\"potentialAction\":[{\"@type\":\"ReadAction\",\"target\":[\"https:\\\/\\\/www.cae.net\\\/es\\\/descagar-ebook-implementacion-de-un-rotation-station-lab\\\/\"]}]},{\"@type\":\"BreadcrumbList\",\"@id\":\"https:\\\/\\\/www.cae.net\\\/es\\\/descagar-ebook-implementacion-de-un-rotation-station-lab\\\/#breadcrumb\",\"itemListElement\":[{\"@type\":\"ListItem\",\"position\":1,\"name\":\"Portada\",\"item\":\"https:\\\/\\\/www.cae.net\\\/es\\\/\"},{\"@type\":\"ListItem\",\"position\":2,\"name\":\"Descagar eBook &#8220;Implementaci\u00f3n de un Rotation Station Lab&#8221;\"}]},{\"@type\":\"WebSite\",\"@id\":\"https:\\\/\\\/www.cae.net\\\/es\\\/#website\",\"url\":\"https:\\\/\\\/www.cae.net\\\/es\\\/\",\"name\":\"CAE Computer Aided E-learning\",\"description\":\"Expertos en Elearning, Plataformas educativas, formaci\u00f3n en idiomas, contenidos  online y offline\",\"potentialAction\":[{\"@type\":\"SearchAction\",\"target\":{\"@type\":\"EntryPoint\",\"urlTemplate\":\"https:\\\/\\\/www.cae.net\\\/es\\\/?s={search_term_string}\"},\"query-input\":{\"@type\":\"PropertyValueSpecification\",\"valueRequired\":true,\"valueName\":\"search_term_string\"}}],\"inLanguage\":\"es\"}]}<\/script>\n<!-- \/ Yoast SEO plugin. -->","yoast_head_json":{"title":"Descagar eBook \"Implementaci\u00f3n de un Rotation Station Lab\"","description":"Descargue gratis el eBook \"Casos de \u00e9xito de implementaci\u00f3n de station rotation labs en centros educativos para aprender idiomas\"","robots":{"index":"index","follow":"follow","max-snippet":"max-snippet:-1","max-image-preview":"max-image-preview:large","max-video-preview":"max-video-preview:-1"},"canonical":"https:\/\/www.cae.net\/es\/descagar-ebook-implementacion-de-un-rotation-station-lab\/","og_locale":"es_ES","og_type":"article","og_title":"Descagar eBook \"Implementaci\u00f3n de un Rotation Station Lab\"","og_description":"Descargue gratis el eBook \"Casos de \u00e9xito de implementaci\u00f3n de station rotation labs en centros educativos para aprender idiomas\"","og_url":"https:\/\/www.cae.net\/es\/descagar-ebook-implementacion-de-un-rotation-station-lab\/","og_site_name":"CAE Computer Aided E-learning","article_publisher":"https:\/\/www.facebook.com\/elearning.cae","article_modified_time":"2024-02-02T08:21:53+00:00","og_image":[{"width":247,"height":71,"url":"https:\/\/www.cae.net\/wp-content\/uploads\/2015\/04\/logo-5.png","type":"image\/png"}],"twitter_card":"summary_large_image","twitter_site":"@elearning_cae","twitter_misc":{"Tiempo de lectura":"1 minuto"},"schema":{"@context":"https:\/\/schema.org","@graph":[{"@type":"WebPage","@id":"https:\/\/www.cae.net\/es\/descagar-ebook-implementacion-de-un-rotation-station-lab\/","url":"https:\/\/www.cae.net\/es\/descagar-ebook-implementacion-de-un-rotation-station-lab\/","name":"Descagar eBook \"Implementaci\u00f3n de un Rotation Station Lab\"","isPartOf":{"@id":"https:\/\/www.cae.net\/es\/#website"},"datePublished":"2020-12-04T13:45:58+00:00","dateModified":"2024-02-02T08:21:53+00:00","description":"Descargue gratis el eBook \"Casos de \u00e9xito de implementaci\u00f3n de station rotation labs en centros educativos para aprender idiomas\"","breadcrumb":{"@id":"https:\/\/www.cae.net\/es\/descagar-ebook-implementacion-de-un-rotation-station-lab\/#breadcrumb"},"inLanguage":"es","potentialAction":[{"@type":"ReadAction","target":["https:\/\/www.cae.net\/es\/descagar-ebook-implementacion-de-un-rotation-station-lab\/"]}]},{"@type":"BreadcrumbList","@id":"https:\/\/www.cae.net\/es\/descagar-ebook-implementacion-de-un-rotation-station-lab\/#breadcrumb","itemListElement":[{"@type":"ListItem","position":1,"name":"Portada","item":"https:\/\/www.cae.net\/es\/"},{"@type":"ListItem","position":2,"name":"Descagar eBook &#8220;Implementaci\u00f3n de un Rotation Station Lab&#8221;"}]},{"@type":"WebSite","@id":"https:\/\/www.cae.net\/es\/#website","url":"https:\/\/www.cae.net\/es\/","name":"CAE Computer Aided E-learning","description":"Expertos en Elearning, Plataformas educativas, formaci\u00f3n en idiomas, contenidos  online y offline","potentialAction":[{"@type":"SearchAction","target":{"@type":"EntryPoint","urlTemplate":"https:\/\/www.cae.net\/es\/?s={search_term_string}"},"query-input":{"@type":"PropertyValueSpecification","valueRequired":true,"valueName":"search_term_string"}}],"inLanguage":"es"}]}},"_links":{"self":[{"href":"https:\/\/www.cae.net\/es\/wp-json\/wp\/v2\/pages\/20985","targetHints":{"allow":["GET"]}}],"collection":[{"href":"https:\/\/www.cae.net\/es\/wp-json\/wp\/v2\/pages"}],"about":[{"href":"https:\/\/www.cae.net\/es\/wp-json\/wp\/v2\/types\/page"}],"author":[{"embeddable":true,"href":"https:\/\/www.cae.net\/es\/wp-json\/wp\/v2\/users\/2"}],"replies":[{"embeddable":true,"href":"https:\/\/www.cae.net\/es\/wp-json\/wp\/v2\/comments?post=20985"}],"version-history":[{"count":5,"href":"https:\/\/www.cae.net\/es\/wp-json\/wp\/v2\/pages\/20985\/revisions"}],"predecessor-version":[{"id":27384,"href":"https:\/\/www.cae.net\/es\/wp-json\/wp\/v2\/pages\/20985\/revisions\/27384"}],"wp:attachment":[{"href":"https:\/\/www.cae.net\/es\/wp-json\/wp\/v2\/media?parent=20985"}],"curies":[{"name":"wp","href":"https:\/\/api.w.org\/{rel}","templated":true}]}}