{"id":22896,"date":"2022-06-17T09:53:28","date_gmt":"2022-06-17T07:53:28","guid":{"rendered":"https:\/\/www.cae.net\/?page_id=22896"},"modified":"2026-05-08T07:11:07","modified_gmt":"2026-05-08T05:11:07","slug":"proctoring-online-supervision-de-examenes","status":"publish","type":"page","link":"https:\/\/www.cae.net\/es\/proctoring-online-supervision-de-examenes\/","title":{"rendered":"Proctoring online: supervisi\u00f3n de ex\u00e1menes"},"content":{"rendered":"<div class=\"et_pb_section_0 et_pb_section et_section_regular et_block_section preset--module--divi-section--default\">\n<div class=\"et_pb_row_0 et_pb_row et_block_row\">\n<div class=\"et_pb_column_0 et_pb_column et_pb_column_3_5 et_block_column et_pb_css_mix_blend_mode_passthrough\">\n<div class=\"et_pb_text_0 et_pb_text et_pb_bg_layout_dark et_pb_module et_block_module preset--module--divi-text--817a32bc-6911-45fd-a95f-24c05c516040\"><div class=\"et_pb_text_inner\"><h1>Expertos en proctoring online<\/h1>\n<\/div><\/div>\n<\/div>\n\n<div class=\"et_pb_column_1 et_pb_column et_pb_column_2_5 et-last-child et_block_column et_pb_column_empty et_pb_css_mix_blend_mode_passthrough\"><\/div>\n<\/div>\n<\/div>\n\n<div class=\"et_pb_section_1 et_pb_section et_section_regular et_block_section preset--module--divi-section--default\">\n<div class=\"et_pb_row_1 et_pb_row et_block_row\">\n<div class=\"et_pb_column_2 et_pb_column et_pb_column_1_2 et_block_column et_pb_css_mix_blend_mode_passthrough\">\n<div class=\"et_pb_text_1 et_pb_text et_pb_bg_layout_light et_pb_module et_block_module\"><div class=\"et_pb_text_inner\"><p>El software de <em>proctoring online<\/em> se caracteriza por el registro inmediato de las respuestas, l\u00edmite de tiempo para las preguntas, aleatorizaci\u00f3n de contenido...<\/p>\n<\/div><\/div>\n<\/div>\n\n<div class=\"et_pb_column_3 et_pb_column et_pb_column_1_2 et-last-child et_block_column et_pb_css_mix_blend_mode_passthrough\">\n<div class=\"et_pb_divider_0 et_pb_divider_hidden et_pb_space et_pb_divider_position_top et_pb_module\"><div class=\"et_pb_divider_internal\"><\/div><\/div>\n\n<div class=\"et_pb_text_2 et_pb_text et_pb_bg_layout_light et_pb_module et_block_module\"><div class=\"et_pb_text_inner\"><p>Supervise el desempe\u00f1o de los estudiantes en los ex\u00e1menes. <strong>100% de supervisi\u00f3n garantizada<\/strong><\/p>\n<\/div><\/div>\n\n<div class=\"et_pb_divider_1 et_pb_divider et_pb_space et_pb_divider_position_top et_pb_module\"><div class=\"et_pb_divider_internal\"><\/div><\/div>\n<\/div>\n<\/div>\n\n<div class=\"et_pb_row_2 et_pb_row et_block_row\">\n<div class=\"et_pb_column_4 et_pb_column et_pb_column_4_4 et-last-child et_block_column et_pb_css_mix_blend_mode_passthrough\">\n<div class=\"et_pb_text_3 et_pb_text et_pb_bg_layout_light et_pb_module et_block_module\"><div class=\"et_pb_text_inner\"><h2>Para colegios e instituciones educativas<strong><br \/><\/strong><\/h2>\n<\/div><\/div>\n<\/div>\n<\/div>\n\n<div class=\"et_pb_row_3 et_pb_row et_block_row\">\n<div class=\"et_pb_column_5 et_pb_column et_pb_column_1_2 et_block_column et_pb_css_mix_blend_mode_passthrough\">\n<div class=\"et_pb_image_0 et_pb_image et_pb_module et_block_module\"><span class=\"et_pb_image_wrap\"><img loading=\"lazy\" decoding=\"async\" src=\"https:\/\/www.cae.net\/wp-content\/uploads\/2024\/05\/photo-proctoring-online.png\" width=\"606\" height=\"411\" srcset=\"https:\/\/www.cae.net\/wp-content\/uploads\/2024\/05\/photo-proctoring-online.png 606w, https:\/\/www.cae.net\/wp-content\/uploads\/2024\/05\/photo-proctoring-online-480x326.png 480w\" sizes=\"(min-width: 0px) and (max-width: 480px) 480px, (min-width: 481px) 606px, 100vw\" class=\"wp-image-28634\" title=\"photo-proctoring-online\" \/><\/span><\/div>\n<\/div>\n\n<div class=\"et_pb_column_6 et_pb_column et_pb_column_1_2 et-last-child et_block_column et_pb_css_mix_blend_mode_passthrough\">\n<div class=\"et_pb_blurb_0 et_pb_blurb et_pb_bg_layout_light et_pb_blurb_position_left et_pb_module et_block_module h4\"><div class=\"et_pb_blurb_content\"><div class=\"et_pb_main_blurb_image\"><span class=\"et_pb_image_wrap\"><span class=\"et-pb-icon\">\uf3ed<\/span><\/span><\/div><div class=\"et_pb_blurb_container\"><div class=\"et_pb_blurb_description\"><p>Software de supervisi\u00f3n del desempe\u00f1o de los estudiantes en los ex\u00e1menes.<\/p>\n<\/div><\/div><\/div><\/div>\n\n<div class=\"et_pb_blurb_1 et_pb_blurb et_pb_bg_layout_light et_pb_blurb_position_left et_pb_module et_block_module h4\"><div class=\"et_pb_blurb_content\"><div class=\"et_pb_main_blurb_image\"><span class=\"et_pb_image_wrap\"><span class=\"et-pb-icon\">\uf248<\/span><\/span><\/div><div class=\"et_pb_blurb_container\"><div class=\"et_pb_blurb_description\"><p>Sistema anticopia con diferentes herramientas para asegurar la m\u00e1xima transparencia en la realizaci\u00f3n de los ex\u00e1menes online.<\/p>\n<\/div><\/div><\/div><\/div>\n\n<div class=\"et_pb_blurb_2 et_pb_blurb et_pb_bg_layout_light et_pb_blurb_position_left et_pb_module et_block_module h4\"><div class=\"et_pb_blurb_content\"><div class=\"et_pb_main_blurb_image\"><span class=\"et_pb_image_wrap\"><span class=\"et-pb-icon\">\ue059<\/span><\/span><\/div><div class=\"et_pb_blurb_container\"><div class=\"et_pb_blurb_description\"><p>Flexibilidad en la identificaci\u00f3n, personalizaci\u00f3n de los par\u00e1metros requeridos, multidispositivo...<\/p>\n<\/div><\/div><\/div><\/div>\n<\/div>\n<\/div>\n<\/div>\n\n<div class=\"et_pb_section_2 et_pb_section et_section_regular et_block_section preset--module--divi-section--default\">\n<div class=\"et_pb_row_4 et_pb_row et_block_row\">\n<div class=\"et_pb_column_7 et_pb_column et_pb_column_4_4 et-last-child et_block_column et_pb_css_mix_blend_mode_passthrough\">\n<div class=\"et_pb_text_4 et_pb_text et_pb_bg_layout_light et_pb_module et_block_module\"><div class=\"et_pb_text_inner\"><h2 style=\"text-align: center;\">Herramientas de proctoring online<\/h2>\n<\/div><\/div>\n<\/div>\n<\/div>\n<\/div>\n\n<div class=\"et_pb_section_3 et_pb_section et_section_regular et_block_section preset--module--divi-section--default\">\n<div class=\"et_pb_row_5 et_pb_row et_block_row\">\n<div class=\"et_pb_column_8 et_pb_column et_pb_column_1_3 et_block_column et_pb_css_mix_blend_mode_passthrough\">\n<div class=\"et_pb_text_5 et_pb_text et_pb_bg_layout_light et_pb_module et_block_module\"><div class=\"et_pb_text_inner\"><h2>Herramientas de proctoring online<\/h2>\n<p>Todas las medidas anticopia que se toman en los ex\u00e1menes Dexway.<\/p>\n<\/div><\/div>\n<\/div>\n\n<div class=\"et_pb_column_9 et_pb_column et_pb_column_1_3 et_block_column et_pb_css_mix_blend_mode_passthrough\">\n<div class=\"et_pb_blurb_3 et_pb_blurb et_pb_bg_layout_light et_pb_blurb_position_left et_pb_module et_block_module\"><div class=\"et_pb_blurb_content\"><div class=\"et_pb_main_blurb_image\"><span class=\"et_pb_image_wrap\"><span class=\"et-pb-icon et_animated et_animated\">\uf118<\/span><\/span><\/div><div class=\"et_pb_blurb_container\"><h3 class=\"et_pb_module_header\">Registro facial<\/h3><div class=\"et_pb_blurb_description\"><p class=\"et_pb_module_header f-size19\">\n<div style=\"text-align: left;\">Obtenga registro del rostro del alumnado para la comprobaci\u00f3n previa al comienzo del examen.<\/div>\n<div style=\"text-align: left;\"><\/div>\n<\/div><\/div><\/div><\/div>\n<\/div>\n\n<div class=\"et_pb_column_10 et_pb_column et_pb_column_1_3 et-last-child et_block_column et_pb_css_mix_blend_mode_passthrough\">\n<div class=\"et_pb_blurb_4 et_pb_blurb et_pb_bg_layout_light et_pb_blurb_position_left et_pb_module et_block_module\"><div class=\"et_pb_blurb_content\"><div class=\"et_pb_main_blurb_image\"><span class=\"et_pb_image_wrap\"><span class=\"et-pb-icon et_animated et_animated\">\uf2bb<\/span><\/span><\/div><div class=\"et_pb_blurb_container\"><h3 class=\"et_pb_module_header\">Registro documento identidad<\/h3><div class=\"et_pb_blurb_description\"><div style=\"text-align: left;\">Verifique con una fotograf\u00eda previa al examen de la documentaci\u00f3n del alumnado.<\/div>\n<div style=\"text-align: left;\"><\/div>\n<\/div><\/div><\/div><\/div>\n<\/div>\n<\/div>\n\n<div class=\"et_pb_row_6 et_pb_row et_block_row\">\n<div class=\"et_pb_column_11 et_pb_column et_pb_column_1_3 et_block_column et_pb_css_mix_blend_mode_passthrough\">\n<div class=\"et_pb_blurb_5 et_pb_blurb et_pb_bg_layout_light et_pb_blurb_position_left et_pb_module et_block_module\"><div class=\"et_pb_blurb_content\"><div class=\"et_pb_main_blurb_image\"><span class=\"et_pb_image_wrap\"><span class=\"et-pb-icon et_animated et_animated\">\uf03d<\/span><\/span><\/div><div class=\"et_pb_blurb_container\"><h3 class=\"et_pb_module_header\">Grabaci\u00f3n webcam<\/h3><div class=\"et_pb_blurb_description\"><p class=\"et_pb_module_header f-size19\">\n<div style=\"text-align: left;\">Registro de la c\u00e1mara de cada estudiante (y otra adicional) mientras se realiza la prueba.<\/div>\n<div style=\"text-align: left;\"><\/div>\n<\/div><\/div><\/div><\/div>\n<\/div>\n\n<div class=\"et_pb_column_12 et_pb_column et_pb_column_1_3 et_block_column et_pb_css_mix_blend_mode_passthrough\">\n<div class=\"et_pb_blurb_6 et_pb_blurb et_pb_bg_layout_light et_pb_blurb_position_left et_pb_module et_block_module\"><div class=\"et_pb_blurb_content\"><div class=\"et_pb_main_blurb_image\"><span class=\"et_pb_image_wrap\"><span class=\"et-pb-icon et_animated et_animated\">\uf5fc<\/span><\/span><\/div><div class=\"et_pb_blurb_container\"><h3 class=\"et_pb_module_header\">Bloqueo multitarea<\/h3><div class=\"et_pb_blurb_description\"><div style=\"text-align: left;\">Impida el acceso a otros programas en el ordenador del alumnado mientras se realiza el examen.<\/div>\n<\/div><\/div><\/div><\/div>\n<\/div>\n\n<div class=\"et_pb_column_13 et_pb_column et_pb_column_1_3 et-last-child et_block_column et_pb_css_mix_blend_mode_passthrough\">\n<div class=\"et_pb_blurb_7 et_pb_blurb et_pb_bg_layout_light et_pb_blurb_position_left et_pb_module et_block_module\"><div class=\"et_pb_blurb_content\"><div class=\"et_pb_main_blurb_image\"><span class=\"et_pb_image_wrap\"><span class=\"et-pb-icon et_animated et_animated\">\uf108<\/span><\/span><\/div><div class=\"et_pb_blurb_container\"><h3 class=\"et_pb_module_header\">Forzado de pantalla completa<\/h3><div class=\"et_pb_blurb_description\"><p>Si el alumnado minimiza la pantalla donde se realiza el examen, este se finaliza autom\u00e1ticamente.<\/p>\n<\/div><\/div><\/div><\/div>\n<\/div>\n<\/div>\n<\/div>\n\n<div class=\"et_pb_section_4 et_pb_section et_section_regular et_block_section preset--module--divi-section--default\">\n<div class=\"et_pb_row_7 et_pb_row et_block_row\">\n<div class=\"et_pb_column_14 et_pb_column et_pb_column_4_4 et-last-child et_block_column et_pb_css_mix_blend_mode_passthrough\">\n<div class=\"et_pb_text_6 et_pb_text et_pb_bg_layout_light et_pb_module et_block_module\"><div class=\"et_pb_text_inner\"><h3 class=\"h4\"><b>Completa compatibilidad con m\u00f3viles y otros dispositivos<br \/><\/b><\/h3>\n<p> Listo para usar en cualquier momento. Los estudiantes pueden acceder desde casa y en cualquier situaci\u00f3n en la que cuenten con un m\u00f3vil o tablet.<\/p>\n<\/div><\/div>\n\n<div class=\"et_pb_text_7 et_pb_text et_pb_bg_layout_light et_pb_module et_block_module\"><div class=\"et_pb_text_inner\"><h3 class=\"h4\"><b>Promueva la motivaci\u00f3n<\/b><\/h3>\n<p>El sistema de proctoring online aumenta la relevancia del examen y motiva a los estudiantes.<\/p>\n<\/div><\/div>\n\n\n<\/div>\n<\/div>\n<\/div>\n\n<div class=\"et_pb_section_5 et_pb_section et_section_regular et_block_section preset--module--divi-section--default\">\n<div class=\"et_pb_row_8 et_pb_row et_block_row\">\n<div class=\"et_pb_column_15 et_pb_column et_pb_column_4_4 et-last-child et_block_column et_pb_css_mix_blend_mode_passthrough\">\n<div class=\"et_pb_cta_0 et_pb_promo et_pb_bg_layout_light et_pb_module et_block_module\"><div class=\"et_pb_promo_description\"><h2 class=\"et_pb_module_header\">Nuestros especialistas le asesorar\u00e1n sobre nuestras soluciones formativas<\/h2><\/div><div class=\"et_pb_button_wrapper\"><a class=\"et_pb_button et_pb_promo_button\" href=\"https:\/\/www.cae.net\/es\/contacto-cae\/\">Solicitar informaci\u00f3n<\/a><\/div><\/div>\n<\/div>\n<\/div>\n<\/div>\n\n","protected":false},"excerpt":{"rendered":"<p>Software CAE de supervisi\u00f3n de ex\u00e1menes: sistema de proctoring para dar apoyo a los profesores durante los ex\u00e1menes online, blended o presenciales.<\/p>\n","protected":false},"author":2,"featured_media":0,"parent":0,"menu_order":0,"comment_status":"closed","ping_status":"closed","template":"","meta":{"footnotes":""},"class_list":["post-22896","page","type-page","status-publish","hentry"],"yoast_head":"<!-- This site is optimized with the Yoast SEO plugin v27.5 - https:\/\/yoast.com\/product\/yoast-seo-wordpress\/ -->\n<title>Proctoring online: supervisi\u00f3n de ex\u00e1menes | CAE<\/title>\n<meta name=\"description\" content=\"Software CAE de supervisi\u00f3n de ex\u00e1menes: sistema de proctoring para dar apoyo a los profesores durante los ex\u00e1menes online, blended o presenciales.\" \/>\n<meta name=\"robots\" content=\"index, follow, max-snippet:-1, max-image-preview:large, max-video-preview:-1\" \/>\n<link rel=\"canonical\" href=\"https:\/\/www.cae.net\/es\/proctoring-online-supervision-de-examenes\/\" \/>\n<meta property=\"og:locale\" content=\"es_ES\" \/>\n<meta property=\"og:type\" content=\"article\" \/>\n<meta property=\"og:title\" content=\"Proctoring online: supervisi\u00f3n de ex\u00e1menes | CAE\" \/>\n<meta property=\"og:description\" content=\"Software CAE de supervisi\u00f3n de ex\u00e1menes: sistema de proctoring para dar apoyo a los profesores durante los ex\u00e1menes online, blended o presenciales.\" \/>\n<meta property=\"og:url\" content=\"https:\/\/www.cae.net\/es\/proctoring-online-supervision-de-examenes\/\" \/>\n<meta property=\"og:site_name\" content=\"CAE Computer Aided E-learning\" \/>\n<meta property=\"article:publisher\" content=\"https:\/\/www.facebook.com\/elearning.cae\" \/>\n<meta property=\"article:modified_time\" content=\"2026-05-08T05:11:07+00:00\" \/>\n<meta property=\"og:image\" content=\"https:\/\/www.cae.net\/wp-content\/uploads\/2015\/04\/logo-5.png\" \/>\n\t<meta property=\"og:image:width\" content=\"247\" \/>\n\t<meta property=\"og:image:height\" content=\"71\" \/>\n\t<meta property=\"og:image:type\" content=\"image\/png\" \/>\n<meta name=\"twitter:card\" content=\"summary_large_image\" \/>\n<meta name=\"twitter:site\" content=\"@elearning_cae\" \/>\n<meta name=\"twitter:label1\" content=\"Tiempo de lectura\" \/>\n\t<meta name=\"twitter:data1\" content=\"3 minutos\" \/>\n<script type=\"application\/ld+json\" class=\"yoast-schema-graph\">{\"@context\":\"https:\\\/\\\/schema.org\",\"@graph\":[{\"@type\":\"WebPage\",\"@id\":\"https:\\\/\\\/www.cae.net\\\/es\\\/proctoring-online-supervision-de-examenes\\\/\",\"url\":\"https:\\\/\\\/www.cae.net\\\/es\\\/proctoring-online-supervision-de-examenes\\\/\",\"name\":\"Proctoring online: supervisi\u00f3n de ex\u00e1menes | CAE\",\"isPartOf\":{\"@id\":\"https:\\\/\\\/www.cae.net\\\/es\\\/#website\"},\"datePublished\":\"2022-06-17T07:53:28+00:00\",\"dateModified\":\"2026-05-08T05:11:07+00:00\",\"description\":\"Software CAE de supervisi\u00f3n de ex\u00e1menes: sistema de proctoring para dar apoyo a los profesores durante los ex\u00e1menes online, blended o presenciales.\",\"breadcrumb\":{\"@id\":\"https:\\\/\\\/www.cae.net\\\/es\\\/proctoring-online-supervision-de-examenes\\\/#breadcrumb\"},\"inLanguage\":\"es\",\"potentialAction\":[{\"@type\":\"ReadAction\",\"target\":[\"https:\\\/\\\/www.cae.net\\\/es\\\/proctoring-online-supervision-de-examenes\\\/\"]}]},{\"@type\":\"BreadcrumbList\",\"@id\":\"https:\\\/\\\/www.cae.net\\\/es\\\/proctoring-online-supervision-de-examenes\\\/#breadcrumb\",\"itemListElement\":[{\"@type\":\"ListItem\",\"position\":1,\"name\":\"Portada\",\"item\":\"https:\\\/\\\/www.cae.net\\\/es\\\/\"},{\"@type\":\"ListItem\",\"position\":2,\"name\":\"Proctoring online: supervisi\u00f3n de ex\u00e1menes\"}]},{\"@type\":\"WebSite\",\"@id\":\"https:\\\/\\\/www.cae.net\\\/es\\\/#website\",\"url\":\"https:\\\/\\\/www.cae.net\\\/es\\\/\",\"name\":\"CAE Computer Aided E-learning\",\"description\":\"Expertos en Elearning, Plataformas educativas, formaci\u00f3n en idiomas, contenidos  online y offline\",\"potentialAction\":[{\"@type\":\"SearchAction\",\"target\":{\"@type\":\"EntryPoint\",\"urlTemplate\":\"https:\\\/\\\/www.cae.net\\\/es\\\/?s={search_term_string}\"},\"query-input\":{\"@type\":\"PropertyValueSpecification\",\"valueRequired\":true,\"valueName\":\"search_term_string\"}}],\"inLanguage\":\"es\"}]}<\/script>\n<!-- \/ Yoast SEO plugin. -->","yoast_head_json":{"title":"Proctoring online: supervisi\u00f3n de ex\u00e1menes | CAE","description":"Software CAE de supervisi\u00f3n de ex\u00e1menes: sistema de proctoring para dar apoyo a los profesores durante los ex\u00e1menes online, blended o presenciales.","robots":{"index":"index","follow":"follow","max-snippet":"max-snippet:-1","max-image-preview":"max-image-preview:large","max-video-preview":"max-video-preview:-1"},"canonical":"https:\/\/www.cae.net\/es\/proctoring-online-supervision-de-examenes\/","og_locale":"es_ES","og_type":"article","og_title":"Proctoring online: supervisi\u00f3n de ex\u00e1menes | CAE","og_description":"Software CAE de supervisi\u00f3n de ex\u00e1menes: sistema de proctoring para dar apoyo a los profesores durante los ex\u00e1menes online, blended o presenciales.","og_url":"https:\/\/www.cae.net\/es\/proctoring-online-supervision-de-examenes\/","og_site_name":"CAE Computer Aided E-learning","article_publisher":"https:\/\/www.facebook.com\/elearning.cae","article_modified_time":"2026-05-08T05:11:07+00:00","og_image":[{"width":247,"height":71,"url":"https:\/\/www.cae.net\/wp-content\/uploads\/2015\/04\/logo-5.png","type":"image\/png"}],"twitter_card":"summary_large_image","twitter_site":"@elearning_cae","twitter_misc":{"Tiempo de lectura":"3 minutos"},"schema":{"@context":"https:\/\/schema.org","@graph":[{"@type":"WebPage","@id":"https:\/\/www.cae.net\/es\/proctoring-online-supervision-de-examenes\/","url":"https:\/\/www.cae.net\/es\/proctoring-online-supervision-de-examenes\/","name":"Proctoring online: supervisi\u00f3n de ex\u00e1menes | CAE","isPartOf":{"@id":"https:\/\/www.cae.net\/es\/#website"},"datePublished":"2022-06-17T07:53:28+00:00","dateModified":"2026-05-08T05:11:07+00:00","description":"Software CAE de supervisi\u00f3n de ex\u00e1menes: sistema de proctoring para dar apoyo a los profesores durante los ex\u00e1menes online, blended o presenciales.","breadcrumb":{"@id":"https:\/\/www.cae.net\/es\/proctoring-online-supervision-de-examenes\/#breadcrumb"},"inLanguage":"es","potentialAction":[{"@type":"ReadAction","target":["https:\/\/www.cae.net\/es\/proctoring-online-supervision-de-examenes\/"]}]},{"@type":"BreadcrumbList","@id":"https:\/\/www.cae.net\/es\/proctoring-online-supervision-de-examenes\/#breadcrumb","itemListElement":[{"@type":"ListItem","position":1,"name":"Portada","item":"https:\/\/www.cae.net\/es\/"},{"@type":"ListItem","position":2,"name":"Proctoring online: supervisi\u00f3n de ex\u00e1menes"}]},{"@type":"WebSite","@id":"https:\/\/www.cae.net\/es\/#website","url":"https:\/\/www.cae.net\/es\/","name":"CAE Computer Aided E-learning","description":"Expertos en Elearning, Plataformas educativas, formaci\u00f3n en idiomas, contenidos  online y offline","potentialAction":[{"@type":"SearchAction","target":{"@type":"EntryPoint","urlTemplate":"https:\/\/www.cae.net\/es\/?s={search_term_string}"},"query-input":{"@type":"PropertyValueSpecification","valueRequired":true,"valueName":"search_term_string"}}],"inLanguage":"es"}]}},"_links":{"self":[{"href":"https:\/\/www.cae.net\/es\/wp-json\/wp\/v2\/pages\/22896","targetHints":{"allow":["GET"]}}],"collection":[{"href":"https:\/\/www.cae.net\/es\/wp-json\/wp\/v2\/pages"}],"about":[{"href":"https:\/\/www.cae.net\/es\/wp-json\/wp\/v2\/types\/page"}],"author":[{"embeddable":true,"href":"https:\/\/www.cae.net\/es\/wp-json\/wp\/v2\/users\/2"}],"replies":[{"embeddable":true,"href":"https:\/\/www.cae.net\/es\/wp-json\/wp\/v2\/comments?post=22896"}],"version-history":[{"count":1,"href":"https:\/\/www.cae.net\/es\/wp-json\/wp\/v2\/pages\/22896\/revisions"}],"predecessor-version":[{"id":330229,"href":"https:\/\/www.cae.net\/es\/wp-json\/wp\/v2\/pages\/22896\/revisions\/330229"}],"wp:attachment":[{"href":"https:\/\/www.cae.net\/es\/wp-json\/wp\/v2\/media?parent=22896"}],"curies":[{"name":"wp","href":"https:\/\/api.w.org\/{rel}","templated":true}]}}