{"id":26137,"date":"2023-11-03T15:21:56","date_gmt":"2023-11-03T14:21:56","guid":{"rendered":"https:\/\/www.cae.net\/?page_id=26137"},"modified":"2026-05-08T07:09:09","modified_gmt":"2026-05-08T05:09:09","slug":"inteligencia-artificial-en-cursos-de-idiomas","status":"publish","type":"page","link":"https:\/\/www.cae.net\/es\/inteligencia-artificial-en-cursos-de-idiomas\/","title":{"rendered":"Inteligencia artificial en cursos de idiomas"},"content":{"rendered":"<div class=\"et_pb_section_0 et_pb_section et_section_regular et_block_section preset--module--divi-section--default\">\n<div class=\"et_pb_row_0 et_pb_row et_block_row\">\n<div class=\"et_pb_column_0 et_pb_column et_pb_column_3_5 et_block_column et_pb_css_mix_blend_mode_passthrough\">\n<div class=\"et_pb_text_0 et_pb_text et_pb_bg_layout_dark et_pb_module et_block_module preset--module--divi-text--817a32bc-6911-45fd-a95f-24c05c516040\"><div class=\"et_pb_text_inner\"><h1>Expertos en inteligencia artificial en cursos de idiomas<\/h1>\n<\/div><\/div>\n<\/div>\n\n<div class=\"et_pb_column_1 et_pb_column et_pb_column_2_5 et-last-child et_block_column et_pb_column_empty et_pb_css_mix_blend_mode_passthrough\"><\/div>\n<\/div>\n<\/div>\n\n<div class=\"et_pb_section_1 et_pb_section et_section_regular et_block_section preset--module--divi-section--default\">\n<div class=\"et_pb_row_1 et_pb_row et_block_row\">\n<div class=\"et_pb_column_2 et_pb_column et_pb_column_1_2 et_block_column et_pb_css_mix_blend_mode_passthrough\">\n<div class=\"et_pb_text_1 et_pb_text et_pb_bg_layout_light et_pb_module et_block_module\"><div class=\"et_pb_text_inner\"><p>La implementaci\u00f3n de inteligencia artificial en cursos de idiomas Dexway ofrece una experiencia de ense\u00f1anza y aprendizaje enriquecedora que busca adaptarse a las necesidades actuales de docentes y alumnos. Acorta los tiempos de evaluaci\u00f3n y apoya el avance de sus estudiantes con diferentes funcionalidades.<\/p>\n<\/div><\/div>\n<\/div>\n\n<div class=\"et_pb_column_3 et_pb_column et_pb_column_1_2 et-last-child et_block_column et_pb_css_mix_blend_mode_passthrough\">\n<div class=\"et_pb_text_2 et_pb_text et_pb_bg_layout_light et_pb_module et_block_module\"><div class=\"et_pb_text_inner\"><p>Funciones de IA en nuestros contenidos de idiomas para una ense\u00f1anza m\u00e1s personalizada y efectiva<\/p>\n<\/div><\/div>\n\n<div class=\"et_pb_divider_0 et_pb_divider et_pb_space et_pb_divider_position_top et_pb_module\"><div class=\"et_pb_divider_internal\"><\/div><\/div>\n<\/div>\n<\/div>\n<\/div>\n\n<div class=\"et_pb_section_2 et_pb_section et_section_regular et_block_section preset--module--divi-section--default\">\n<div class=\"et_pb_row_2 et_pb_row et_block_row\">\n<div class=\"et_pb_column_4 et_pb_column et_pb_column_4_4 et-last-child et_block_column et_pb_css_mix_blend_mode_passthrough\">\n<div class=\"et_pb_text_3 et_pb_text et_pb_bg_layout_light et_pb_module et_block_module\"><div class=\"et_pb_text_inner\"><h2 style=\"text-align: center;\">Innovaci\u00f3n: inteligencia artificial en cursos de idiomas<strong><br \/><\/strong><\/h2>\n<\/div><\/div>\n\n<div class=\"et_pb_text_4 et_pb_text et_pb_bg_layout_light et_pb_module et_block_module\"><div class=\"et_pb_text_inner\"><p>Los <a href=\"https:\/\/www.cae.net\/es\/idiomas\/\">cursos de idiomas Dexway<\/a> incluyen diferentes utilidades desarrolladas con inteligencia artificial. Tecnolog\u00eda innovadora m\u00e1s all\u00e1 de herramientas de consulta que refuerza la eficacia de nuestras soluciones de idiomas con evaluaciones automatizadas, reconocimiento de voz, simulaciones role-play o asistentes virtuales.<strong><br \/><\/strong><\/p>\n<\/div><\/div>\n<\/div>\n<\/div>\n\n<div class=\"et_pb_row_3 et_pb_row et_block_row\">\n<div class=\"et_pb_column_5 et_pb_column et_pb_column_1_2 et_block_column et_pb_css_mix_blend_mode_passthrough\">\n<div class=\"et_pb_blurb_0 et_pb_blurb et_pb_bg_layout_light et_pb_blurb_position_left et_pb_module et_block_module\"><div class=\"et_pb_blurb_content\"><div class=\"et_pb_main_blurb_image\"><span class=\"et_pb_image_wrap\"><span class=\"et-pb-icon\">R<\/span><\/span><\/div><div class=\"et_pb_blurb_container\"><h4 class=\"et_pb_module_header\">Tutor virtual IA<\/h4><div class=\"et_pb_blurb_description\"><p>El asistente integrado en todos los cursos de idiomas ofrece orientaci\u00f3n, asistencia y feedback para resolver dudas 24\/7.<\/p>\n<\/div><\/div><\/div><\/div>\n\n<div class=\"et_pb_blurb_1 et_pb_blurb et_pb_bg_layout_light et_pb_blurb_position_left et_pb_module et_block_module\"><div class=\"et_pb_blurb_content\"><div class=\"et_pb_main_blurb_image\"><span class=\"et_pb_image_wrap\"><span class=\"et-pb-icon\">R<\/span><\/span><\/div><div class=\"et_pb_blurb_container\"><h4 class=\"et_pb_module_header\">Diccionario IA<\/h4><div class=\"et_pb_blurb_description\"><p>Diccionario contextual integrado con inteligencia artificial que <span>adem\u00e1s de definir y traducir, ofrece pronunciaci\u00f3n, sin\u00f3nimos, ejemplos de uso.<\/span><\/p>\n<\/div><\/div><\/div><\/div>\n\n<div class=\"et_pb_blurb_2 et_pb_blurb et_pb_bg_layout_light et_pb_blurb_position_left et_pb_module et_block_module\"><div class=\"et_pb_blurb_content\"><div class=\"et_pb_main_blurb_image\"><span class=\"et_pb_image_wrap\"><span class=\"et-pb-icon\">R<\/span><\/span><\/div><div class=\"et_pb_blurb_container\"><h4 class=\"et_pb_module_header\">Masterclass con IA<\/h4><div class=\"et_pb_blurb_description\"><p>Clases dise\u00f1adas para mejorar el dominio del idioma enfocadas en l\u00e9xico y gram\u00e1tica. Con el apoyo de profesores nativos IA, que se adaptan a su nivel en tiempo real.<\/p>\n<\/div><\/div><\/div><\/div>\n\n<div class=\"et_pb_blurb_3 et_pb_blurb et_pb_bg_layout_light et_pb_blurb_position_left et_pb_module et_block_module\"><div class=\"et_pb_blurb_content\"><div class=\"et_pb_main_blurb_image\"><span class=\"et_pb_image_wrap\"><span class=\"et-pb-icon\">R<\/span><\/span><\/div><div class=\"et_pb_blurb_container\"><h4 class=\"et_pb_module_header\">Simulaciones role-play IA<\/h4><div class=\"et_pb_blurb_description\"><p>Simulaciones role-play interactivas orales o escritas dise\u00f1adas para recrear situaciones comunicativas reales en un entorno educativo digital.<\/p>\n<\/div><\/div><\/div><\/div>\n\n<div class=\"et_pb_blurb_4 et_pb_blurb et_pb_bg_layout_light et_pb_blurb_position_left et_pb_module et_block_module\"><div class=\"et_pb_blurb_content\"><div class=\"et_pb_main_blurb_image\"><span class=\"et_pb_image_wrap\"><span class=\"et-pb-icon\">R<\/span><\/span><\/div><div class=\"et_pb_blurb_container\"><h4 class=\"et_pb_module_header\">Clases de conversaci\u00f3n con profesorado nativo IA<\/h4><div class=\"et_pb_blurb_description\"><p>Pr\u00e1cticas orales interactivas donde el estudiante se comunica con un tutor virtual de IA que sugiere temas, corrige errores al instante y estimula una participaci\u00f3n activa.<\/p>\n<\/div><\/div><\/div><\/div>\n\n<div class=\"et_pb_blurb_5 et_pb_blurb et_pb_bg_layout_light et_pb_blurb_position_left et_pb_module et_block_module\"><div class=\"et_pb_blurb_content\"><div class=\"et_pb_main_blurb_image\"><span class=\"et_pb_image_wrap\"><span class=\"et-pb-icon\">R<\/span><\/span><\/div><div class=\"et_pb_blurb_container\"><h4 class=\"et_pb_module_header\">Speaking y writing con evaluaci\u00f3n y comentarios IA<\/h4><div class=\"et_pb_blurb_description\"><p>Tareas de expresi\u00f3n libre oral y escrita evaluadas y comentadas por inteligencia artificial. Pronunciaci\u00f3n y fluidez valoradas con comentarios de mejora.<\/p>\n<\/div><\/div><\/div><\/div>\n\n<div class=\"et_pb_blurb_6 et_pb_blurb et_pb_bg_layout_light et_pb_blurb_position_left et_pb_module et_block_module\"><div class=\"et_pb_blurb_content\"><div class=\"et_pb_main_blurb_image\"><span class=\"et_pb_image_wrap\"><span class=\"et-pb-icon\">R<\/span><\/span><\/div><div class=\"et_pb_blurb_container\"><h4 class=\"et_pb_module_header\">Grupos de conversaci\u00f3n IA<\/h4><div class=\"et_pb_blurb_description\"><p>Grupos de conversaci\u00f3n por mensajes de texto y voz entre alumnado del mismo nivel y supervisores IA que gu\u00edan la sesi\u00f3n y mantienen la seguridad en la sala.<\/p>\n<\/div><\/div><\/div><\/div>\n\n<div class=\"et_pb_module et_pb_button_module_wrapper et_pb_button_0_wrapper\"><a class=\"et_pb_button_0 et_pb_button et_pb_bg_layout_light et_pb_module et_block_module\" href=\"https:\/\/www.dexway.com\/es\/\" data-icon=\"$\">A\u00f1ada IA a su oferta e-learning de idiomas<\/a><\/div>\n<\/div>\n\n<div class=\"et_pb_column_6 et_pb_column et_pb_column_1_2 et-last-child et_block_column et_pb_css_mix_blend_mode_passthrough\">\n<div class=\"et_pb_image_0 et_pb_image et_pb_module et_block_module\"><span class=\"et_pb_image_wrap\"><img loading=\"lazy\" decoding=\"async\" src=\"https:\/\/www.cae.net\/wp-content\/uploads\/2025\/12\/tutor-dexway.jpg\" width=\"600\" height=\"323\" srcset=\"https:\/\/www.cae.net\/wp-content\/uploads\/2025\/12\/tutor-dexway.jpg 600w, https:\/\/www.cae.net\/wp-content\/uploads\/2025\/12\/tutor-dexway-480x258.jpg 480w\" sizes=\"(min-width: 0px) and (max-width: 480px) 480px, (min-width: 481px) 600px, 100vw\" class=\"wp-image-74020\" title=\"Tutor virtual con inteligencia artificial\" \/><\/span><\/div>\n<\/div>\n<\/div>\n<\/div>\n\n<div class=\"et_pb_section_3 et_pb_section et_section_regular et_block_section preset--module--divi-section--default\">\n<div class=\"et_pb_row_4 et_pb_row et_block_row\">\n<div class=\"et_pb_column_7 et_pb_column et_pb_column_4_4 et-last-child et_block_column et_pb_css_mix_blend_mode_passthrough\">\n<div class=\"et_pb_cta_0 et_pb_promo et_pb_bg_layout_light et_pb_module et_block_module\"><div class=\"et_pb_promo_description\"><h2 class=\"et_pb_module_header\">Nuestros especialistas le asesorar\u00e1n sobre nuestras soluciones formativas<\/h2><\/div><div class=\"et_pb_button_wrapper\"><a class=\"et_pb_button et_pb_promo_button\" href=\"https:\/\/www.cae.net\/es\/contacto-cae\/\">Solicitar informaci\u00f3n<\/a><\/div><\/div>\n<\/div>\n<\/div>\n<\/div>\n\n","protected":false},"excerpt":{"rendered":"","protected":false},"author":30,"featured_media":0,"parent":0,"menu_order":0,"comment_status":"closed","ping_status":"closed","template":"","meta":{"footnotes":""},"class_list":["post-26137","page","type-page","status-publish","hentry"],"yoast_head":"<!-- This site is optimized with the Yoast SEO plugin v27.5 - https:\/\/yoast.com\/product\/yoast-seo-wordpress\/ -->\n<title>Inteligencia artificial en cursos de idiomas | CAE Computer Aided E-learning<\/title>\n<meta name=\"description\" content=\"Inteligencia artificial en cursos de idiomas Dexway con utilidades como role-play con IA, asistentes virtuales inteligentes o test con IA\" \/>\n<meta name=\"robots\" content=\"index, follow, max-snippet:-1, max-image-preview:large, max-video-preview:-1\" \/>\n<link rel=\"canonical\" href=\"https:\/\/www.cae.net\/es\/inteligencia-artificial-en-cursos-de-idiomas\/\" \/>\n<meta property=\"og:locale\" content=\"es_ES\" \/>\n<meta property=\"og:type\" content=\"article\" \/>\n<meta property=\"og:title\" content=\"Inteligencia artificial en cursos de idiomas | CAE Computer Aided E-learning\" \/>\n<meta property=\"og:description\" content=\"Inteligencia artificial en cursos de idiomas Dexway con utilidades como role-play con IA, asistentes virtuales inteligentes o test con IA\" \/>\n<meta property=\"og:url\" content=\"https:\/\/www.cae.net\/es\/inteligencia-artificial-en-cursos-de-idiomas\/\" \/>\n<meta property=\"og:site_name\" content=\"CAE Computer Aided E-learning\" \/>\n<meta property=\"article:publisher\" content=\"https:\/\/www.facebook.com\/elearning.cae\" \/>\n<meta property=\"article:modified_time\" content=\"2026-05-08T05:09:09+00:00\" \/>\n<meta property=\"og:image\" content=\"https:\/\/www.cae.net\/wp-content\/uploads\/2015\/04\/logo-5.png\" \/>\n\t<meta property=\"og:image:width\" content=\"247\" \/>\n\t<meta property=\"og:image:height\" content=\"71\" \/>\n\t<meta property=\"og:image:type\" content=\"image\/png\" \/>\n<meta name=\"twitter:card\" content=\"summary_large_image\" \/>\n<meta name=\"twitter:site\" content=\"@elearning_cae\" \/>\n<meta name=\"twitter:label1\" content=\"Tiempo de lectura\" \/>\n\t<meta name=\"twitter:data1\" content=\"3 minutos\" \/>\n<script type=\"application\/ld+json\" class=\"yoast-schema-graph\">{\"@context\":\"https:\\\/\\\/schema.org\",\"@graph\":[{\"@type\":\"WebPage\",\"@id\":\"https:\\\/\\\/www.cae.net\\\/es\\\/inteligencia-artificial-en-cursos-de-idiomas\\\/\",\"url\":\"https:\\\/\\\/www.cae.net\\\/es\\\/inteligencia-artificial-en-cursos-de-idiomas\\\/\",\"name\":\"Inteligencia artificial en cursos de idiomas | CAE Computer Aided E-learning\",\"isPartOf\":{\"@id\":\"https:\\\/\\\/www.cae.net\\\/es\\\/#website\"},\"datePublished\":\"2023-11-03T14:21:56+00:00\",\"dateModified\":\"2026-05-08T05:09:09+00:00\",\"description\":\"Inteligencia artificial en cursos de idiomas Dexway con utilidades como role-play con IA, asistentes virtuales inteligentes o test con IA\",\"breadcrumb\":{\"@id\":\"https:\\\/\\\/www.cae.net\\\/es\\\/inteligencia-artificial-en-cursos-de-idiomas\\\/#breadcrumb\"},\"inLanguage\":\"es\",\"potentialAction\":[{\"@type\":\"ReadAction\",\"target\":[\"https:\\\/\\\/www.cae.net\\\/es\\\/inteligencia-artificial-en-cursos-de-idiomas\\\/\"]}]},{\"@type\":\"BreadcrumbList\",\"@id\":\"https:\\\/\\\/www.cae.net\\\/es\\\/inteligencia-artificial-en-cursos-de-idiomas\\\/#breadcrumb\",\"itemListElement\":[{\"@type\":\"ListItem\",\"position\":1,\"name\":\"Portada\",\"item\":\"https:\\\/\\\/www.cae.net\\\/es\\\/\"},{\"@type\":\"ListItem\",\"position\":2,\"name\":\"Inteligencia artificial en cursos de idiomas\"}]},{\"@type\":\"WebSite\",\"@id\":\"https:\\\/\\\/www.cae.net\\\/es\\\/#website\",\"url\":\"https:\\\/\\\/www.cae.net\\\/es\\\/\",\"name\":\"CAE Computer Aided E-learning\",\"description\":\"Expertos en Elearning, Plataformas educativas, formaci\u00f3n en idiomas, contenidos  online y offline\",\"potentialAction\":[{\"@type\":\"SearchAction\",\"target\":{\"@type\":\"EntryPoint\",\"urlTemplate\":\"https:\\\/\\\/www.cae.net\\\/es\\\/?s={search_term_string}\"},\"query-input\":{\"@type\":\"PropertyValueSpecification\",\"valueRequired\":true,\"valueName\":\"search_term_string\"}}],\"inLanguage\":\"es\"}]}<\/script>\n<!-- \/ Yoast SEO plugin. -->","yoast_head_json":{"title":"Inteligencia artificial en cursos de idiomas | CAE Computer Aided E-learning","description":"Inteligencia artificial en cursos de idiomas Dexway con utilidades como role-play con IA, asistentes virtuales inteligentes o test con IA","robots":{"index":"index","follow":"follow","max-snippet":"max-snippet:-1","max-image-preview":"max-image-preview:large","max-video-preview":"max-video-preview:-1"},"canonical":"https:\/\/www.cae.net\/es\/inteligencia-artificial-en-cursos-de-idiomas\/","og_locale":"es_ES","og_type":"article","og_title":"Inteligencia artificial en cursos de idiomas | CAE Computer Aided E-learning","og_description":"Inteligencia artificial en cursos de idiomas Dexway con utilidades como role-play con IA, asistentes virtuales inteligentes o test con IA","og_url":"https:\/\/www.cae.net\/es\/inteligencia-artificial-en-cursos-de-idiomas\/","og_site_name":"CAE Computer Aided E-learning","article_publisher":"https:\/\/www.facebook.com\/elearning.cae","article_modified_time":"2026-05-08T05:09:09+00:00","og_image":[{"width":247,"height":71,"url":"https:\/\/www.cae.net\/wp-content\/uploads\/2015\/04\/logo-5.png","type":"image\/png"}],"twitter_card":"summary_large_image","twitter_site":"@elearning_cae","twitter_misc":{"Tiempo de lectura":"3 minutos"},"schema":{"@context":"https:\/\/schema.org","@graph":[{"@type":"WebPage","@id":"https:\/\/www.cae.net\/es\/inteligencia-artificial-en-cursos-de-idiomas\/","url":"https:\/\/www.cae.net\/es\/inteligencia-artificial-en-cursos-de-idiomas\/","name":"Inteligencia artificial en cursos de idiomas | CAE Computer Aided E-learning","isPartOf":{"@id":"https:\/\/www.cae.net\/es\/#website"},"datePublished":"2023-11-03T14:21:56+00:00","dateModified":"2026-05-08T05:09:09+00:00","description":"Inteligencia artificial en cursos de idiomas Dexway con utilidades como role-play con IA, asistentes virtuales inteligentes o test con IA","breadcrumb":{"@id":"https:\/\/www.cae.net\/es\/inteligencia-artificial-en-cursos-de-idiomas\/#breadcrumb"},"inLanguage":"es","potentialAction":[{"@type":"ReadAction","target":["https:\/\/www.cae.net\/es\/inteligencia-artificial-en-cursos-de-idiomas\/"]}]},{"@type":"BreadcrumbList","@id":"https:\/\/www.cae.net\/es\/inteligencia-artificial-en-cursos-de-idiomas\/#breadcrumb","itemListElement":[{"@type":"ListItem","position":1,"name":"Portada","item":"https:\/\/www.cae.net\/es\/"},{"@type":"ListItem","position":2,"name":"Inteligencia artificial en cursos de idiomas"}]},{"@type":"WebSite","@id":"https:\/\/www.cae.net\/es\/#website","url":"https:\/\/www.cae.net\/es\/","name":"CAE Computer Aided E-learning","description":"Expertos en Elearning, Plataformas educativas, formaci\u00f3n en idiomas, contenidos  online y offline","potentialAction":[{"@type":"SearchAction","target":{"@type":"EntryPoint","urlTemplate":"https:\/\/www.cae.net\/es\/?s={search_term_string}"},"query-input":{"@type":"PropertyValueSpecification","valueRequired":true,"valueName":"search_term_string"}}],"inLanguage":"es"}]}},"_links":{"self":[{"href":"https:\/\/www.cae.net\/es\/wp-json\/wp\/v2\/pages\/26137","targetHints":{"allow":["GET"]}}],"collection":[{"href":"https:\/\/www.cae.net\/es\/wp-json\/wp\/v2\/pages"}],"about":[{"href":"https:\/\/www.cae.net\/es\/wp-json\/wp\/v2\/types\/page"}],"author":[{"embeddable":true,"href":"https:\/\/www.cae.net\/es\/wp-json\/wp\/v2\/users\/30"}],"replies":[{"embeddable":true,"href":"https:\/\/www.cae.net\/es\/wp-json\/wp\/v2\/comments?post=26137"}],"version-history":[{"count":1,"href":"https:\/\/www.cae.net\/es\/wp-json\/wp\/v2\/pages\/26137\/revisions"}],"predecessor-version":[{"id":330228,"href":"https:\/\/www.cae.net\/es\/wp-json\/wp\/v2\/pages\/26137\/revisions\/330228"}],"wp:attachment":[{"href":"https:\/\/www.cae.net\/es\/wp-json\/wp\/v2\/media?parent=26137"}],"curies":[{"name":"wp","href":"https:\/\/api.w.org\/{rel}","templated":true}]}}