{"id":27358,"date":"2024-02-02T09:12:58","date_gmt":"2024-02-02T08:12:58","guid":{"rendered":"https:\/\/www.cae.net\/?page_id=27358"},"modified":"2024-02-02T14:37:30","modified_gmt":"2024-02-02T13:37:30","slug":"e-book-inteligencia-artificial-y-educacion","status":"publish","type":"page","link":"https:\/\/www.cae.net\/es\/e-book-inteligencia-artificial-y-educacion\/","title":{"rendered":"E-book \u00abInteligencia artificial y educaci\u00f3n\u00bb"},"content":{"rendered":"<p>[et_pb_section fb_built=\u00bb1&#8243; _builder_version=\u00bb4.16&#8243; global_colors_info=\u00bb{}\u00bb][et_pb_row column_structure=\u00bb1_2,1_2&#8243; _builder_version=\u00bb4.16&#8243; global_colors_info=\u00bb{}\u00bb][et_pb_column type=\u00bb1_2&#8243; _builder_version=\u00bb4.16&#8243; custom_padding=\u00bb|||\u00bb global_colors_info=\u00bb{}\u00bb custom_padding__hover=\u00bb|||\u00bb][et_pb_text _builder_version=\u00bb4.24.0&#8243; _module_preset=\u00bbdefault\u00bb global_colors_info=\u00bb{}\u00bb]<\/p>\n<p style=\"text-align: center;\"><span style=\"color: #999999;\"><em>E-book inteligencia artificial y educaci\u00f3n<\/em><\/span><\/p>\n<p>[\/et_pb_text][et_pb_text _builder_version=\u00bb4.19.3&#8243; custom_margin=\u00bb||-2px|||\u00bb custom_padding=\u00bb|95px||95px||true\u00bb global_colors_info=\u00bb{}\u00bb]<\/p>\n<h1 style=\"text-align: center;\">Descargue gratis el e-book IA y Educaci\u00f3n<\/h1>\n<p>[\/et_pb_text][et_pb_text _builder_version=\u00bb4.24.0&#8243; _module_preset=\u00bbdefault\u00bb hover_enabled=\u00bb0&#8243; global_colors_info=\u00bb{}\u00bb sticky_enabled=\u00bb0&#8243;]<\/p>\n<p style=\"text-align: center;\">C\u00f3mo implementar IA en las aulas<\/p>\n<p>[\/et_pb_text][et_pb_image src=\u00bbhttps:\/\/www.cae.net\/wp-content\/uploads\/2024\/02\/portada-ebook-ia.jpg\u00bb alt=\u00bbPortada ebook IA\u00bb title_text=\u00bbEbook Station Rotationi Lab\u00bb align_tablet=\u00bbcenter\u00bb align_phone=\u00bb\u00bb align_last_edited=\u00bbon|desktop\u00bb _builder_version=\u00bb4.24.0&#8243; width=\u00bb53%\u00bb module_alignment=\u00bbcenter\u00bb border_width_all=\u00bb3px\u00bb border_color_all=\u00bb#ddd\u00bb always_center_on_mobile=\u00bbon\u00bb global_colors_info=\u00bb{}\u00bb][\/et_pb_image][et_pb_text _builder_version=\u00bb4.16&#8243; custom_margin=\u00bb||1px|||\u00bb custom_padding=\u00bb1px|||||\u00bb global_colors_info=\u00bb{}\u00bb]<\/p>\n<p align=\"justify\">\u00abE-book IA y educaci\u00f3n\u00bb: descubra en este e-book el origen y evoluci\u00f3n de la inteligencia artificial, as\u00ed como su relaci\u00f3n con la educaci\u00f3n y los retos que enfrenta.<\/p>\n<p align=\"justify\">\n<ul>\n<li><span style=\"font-size: 16px;\">Avances del uso de la inteligencia artificial en plataformas educativas de idiomas.<\/span><\/li>\n<li><span style=\"font-size: 16px;\">C\u00f3mo implementar la IA en sus clases de idiomas.<\/span><\/li>\n<li><span style=\"font-size: 16px;\">C\u00f3mo ayuda la inteligencia artificial a sus profesores de idiomas.<\/span><\/li>\n<li><span style=\"font-size: 16px;\">Evaluaci\u00f3n de idiomas con inteligencia artificial.<\/span><\/li>\n<\/ul>\n<p><span style=\"font-size: 16px;\"><\/span><\/p>\n<blockquote><\/blockquote>\n<p><em>\u00abLa inteligencia artificial est\u00e1 cambiando el mundo. Esta tecnolog\u00eda revolucionaria se est\u00e1 colando en todos los rincones de la vida diaria, pero a pesar de su imparable influencia todav\u00eda es poco lo que sabemos de su potencial&#8230;\u00bb<\/em><\/p>\n<p>&nbsp;<\/p>\n<p><strong style=\"font-size: 16px;\">Definici\u00f3n, origen, hitos, retos y su relaci\u00f3n con la ense\u00f1anza de idiomas: en este e-book damos un repaso por la tecnolog\u00eda que lo est\u00e1 cambiando todo.<\/strong><\/p>\n<p>[\/et_pb_text][\/et_pb_column][et_pb_column type=\u00bb1_2&#8243; _builder_version=\u00bb4.16&#8243; custom_padding=\u00bb|||\u00bb global_colors_info=\u00bb{}\u00bb custom_padding__hover=\u00bb|||\u00bb][et_pb_divider show_divider=\u00bboff\u00bb _builder_version=\u00bb4.16&#8243; global_colors_info=\u00bb{}\u00bb][\/et_pb_divider][et_pb_text _builder_version=\u00bb4.24.0&#8243; background_color=\u00bb#ffffff\u00bb background_size=\u00bbinitial\u00bb background_position=\u00bbtop_left\u00bb background_repeat=\u00bbrepeat\u00bb module_alignment=\u00bbleft\u00bb custom_padding=\u00bb41px|45px|41px|45px|true|true\u00bb border_width_all=\u00bb1px\u00bb border_color_all=\u00bb#273d43&#8243; border_style_all=\u00bbdashed\u00bb global_colors_info=\u00bb{}\u00bb]<\/p>\n<p class=\"wpcf7-contact-form-not-found\"><strong>Error:<\/strong> Formulario de contacto no encontrado.<\/p>\n<p>[\/et_pb_text][\/et_pb_column][\/et_pb_row][\/et_pb_section]<\/p>\n","protected":false},"excerpt":{"rendered":"<p>E-book inteligencia artificial y educaci\u00f3nDescargue gratis el e-book IA y Educaci\u00f3nC\u00f3mo implementar IA en las aulas\u00bbE-book IA y educaci\u00f3n\u00bb: descubra en este e-book el origen y evoluci\u00f3n de la inteligencia artificial, as\u00ed como su relaci\u00f3n con la educaci\u00f3n y los retos que enfrenta. Avances del uso de la inteligencia artificial en plataformas educativas de idiomas. [&hellip;]<\/p>\n","protected":false},"author":30,"featured_media":27366,"parent":0,"menu_order":0,"comment_status":"closed","ping_status":"closed","template":"","meta":{"_et_pb_use_builder":"on","_et_pb_old_content":"","_et_gb_content_width":"","footnotes":""},"class_list":["post-27358","page","type-page","status-publish","has-post-thumbnail","hentry"],"yoast_head":"<!-- This site is optimized with the Yoast SEO plugin v27.4 - https:\/\/yoast.com\/product\/yoast-seo-wordpress\/ -->\n<title>E-book &quot;Inteligencia artificial y educaci\u00f3n&quot; | CAE Computer Aided E-learning<\/title>\n<meta name=\"description\" content=\"E-book inteligencia artificial y educaci\u00f3n: descargar gratis e-book sobre la influencia de la inteligencia artificial en la educaci\u00f3n\" \/>\n<meta name=\"robots\" content=\"index, follow, max-snippet:-1, max-image-preview:large, max-video-preview:-1\" \/>\n<link rel=\"canonical\" href=\"https:\/\/www.cae.net\/es\/e-book-inteligencia-artificial-y-educacion\/\" \/>\n<meta property=\"og:locale\" content=\"es_ES\" \/>\n<meta property=\"og:type\" content=\"article\" \/>\n<meta property=\"og:title\" content=\"E-book &quot;Inteligencia artificial y educaci\u00f3n&quot; | CAE Computer Aided E-learning\" \/>\n<meta property=\"og:description\" content=\"E-book inteligencia artificial y educaci\u00f3n: descargar gratis e-book sobre la influencia de la inteligencia artificial en la educaci\u00f3n\" \/>\n<meta property=\"og:url\" content=\"https:\/\/www.cae.net\/es\/e-book-inteligencia-artificial-y-educacion\/\" \/>\n<meta property=\"og:site_name\" content=\"CAE Computer Aided E-learning\" \/>\n<meta property=\"article:publisher\" content=\"https:\/\/www.facebook.com\/elearning.cae\" \/>\n<meta property=\"article:modified_time\" content=\"2024-02-02T13:37:30+00:00\" \/>\n<meta property=\"og:image\" content=\"https:\/\/www.cae.net\/wp-content\/uploads\/2024\/02\/portada-ebook-ia.jpg\" \/>\n\t<meta property=\"og:image:width\" content=\"507\" \/>\n\t<meta property=\"og:image:height\" content=\"736\" \/>\n\t<meta property=\"og:image:type\" content=\"image\/jpeg\" \/>\n<meta name=\"twitter:card\" content=\"summary_large_image\" \/>\n<meta name=\"twitter:site\" content=\"@elearning_cae\" \/>\n<meta name=\"twitter:label1\" content=\"Tiempo de lectura\" \/>\n\t<meta name=\"twitter:data1\" content=\"2 minutos\" \/>\n<script type=\"application\/ld+json\" class=\"yoast-schema-graph\">{\"@context\":\"https:\\\/\\\/schema.org\",\"@graph\":[{\"@type\":\"WebPage\",\"@id\":\"https:\\\/\\\/www.cae.net\\\/es\\\/e-book-inteligencia-artificial-y-educacion\\\/\",\"url\":\"https:\\\/\\\/www.cae.net\\\/es\\\/e-book-inteligencia-artificial-y-educacion\\\/\",\"name\":\"E-book \\\"Inteligencia artificial y educaci\u00f3n\\\" | CAE Computer Aided E-learning\",\"isPartOf\":{\"@id\":\"https:\\\/\\\/www.cae.net\\\/es\\\/#website\"},\"primaryImageOfPage\":{\"@id\":\"https:\\\/\\\/www.cae.net\\\/es\\\/e-book-inteligencia-artificial-y-educacion\\\/#primaryimage\"},\"image\":{\"@id\":\"https:\\\/\\\/www.cae.net\\\/es\\\/e-book-inteligencia-artificial-y-educacion\\\/#primaryimage\"},\"thumbnailUrl\":\"https:\\\/\\\/www.cae.net\\\/wp-content\\\/uploads\\\/2024\\\/02\\\/portada-ebook-ia.jpg\",\"datePublished\":\"2024-02-02T08:12:58+00:00\",\"dateModified\":\"2024-02-02T13:37:30+00:00\",\"description\":\"E-book inteligencia artificial y educaci\u00f3n: descargar gratis e-book sobre la influencia de la inteligencia artificial en la educaci\u00f3n\",\"breadcrumb\":{\"@id\":\"https:\\\/\\\/www.cae.net\\\/es\\\/e-book-inteligencia-artificial-y-educacion\\\/#breadcrumb\"},\"inLanguage\":\"es\",\"potentialAction\":[{\"@type\":\"ReadAction\",\"target\":[\"https:\\\/\\\/www.cae.net\\\/es\\\/e-book-inteligencia-artificial-y-educacion\\\/\"]}]},{\"@type\":\"ImageObject\",\"inLanguage\":\"es\",\"@id\":\"https:\\\/\\\/www.cae.net\\\/es\\\/e-book-inteligencia-artificial-y-educacion\\\/#primaryimage\",\"url\":\"https:\\\/\\\/www.cae.net\\\/wp-content\\\/uploads\\\/2024\\\/02\\\/portada-ebook-ia.jpg\",\"contentUrl\":\"https:\\\/\\\/www.cae.net\\\/wp-content\\\/uploads\\\/2024\\\/02\\\/portada-ebook-ia.jpg\",\"width\":507,\"height\":736,\"caption\":\"Portada ebook IA\"},{\"@type\":\"BreadcrumbList\",\"@id\":\"https:\\\/\\\/www.cae.net\\\/es\\\/e-book-inteligencia-artificial-y-educacion\\\/#breadcrumb\",\"itemListElement\":[{\"@type\":\"ListItem\",\"position\":1,\"name\":\"Portada\",\"item\":\"https:\\\/\\\/www.cae.net\\\/es\\\/\"},{\"@type\":\"ListItem\",\"position\":2,\"name\":\"E-book &#8220;Inteligencia artificial y educaci\u00f3n&#8221;\"}]},{\"@type\":\"WebSite\",\"@id\":\"https:\\\/\\\/www.cae.net\\\/es\\\/#website\",\"url\":\"https:\\\/\\\/www.cae.net\\\/es\\\/\",\"name\":\"CAE Computer Aided E-learning\",\"description\":\"Expertos en Elearning, Plataformas educativas, formaci\u00f3n en idiomas, contenidos  online y offline\",\"potentialAction\":[{\"@type\":\"SearchAction\",\"target\":{\"@type\":\"EntryPoint\",\"urlTemplate\":\"https:\\\/\\\/www.cae.net\\\/es\\\/?s={search_term_string}\"},\"query-input\":{\"@type\":\"PropertyValueSpecification\",\"valueRequired\":true,\"valueName\":\"search_term_string\"}}],\"inLanguage\":\"es\"}]}<\/script>\n<!-- \/ Yoast SEO plugin. -->","yoast_head_json":{"title":"E-book \"Inteligencia artificial y educaci\u00f3n\" | CAE Computer Aided E-learning","description":"E-book inteligencia artificial y educaci\u00f3n: descargar gratis e-book sobre la influencia de la inteligencia artificial en la educaci\u00f3n","robots":{"index":"index","follow":"follow","max-snippet":"max-snippet:-1","max-image-preview":"max-image-preview:large","max-video-preview":"max-video-preview:-1"},"canonical":"https:\/\/www.cae.net\/es\/e-book-inteligencia-artificial-y-educacion\/","og_locale":"es_ES","og_type":"article","og_title":"E-book \"Inteligencia artificial y educaci\u00f3n\" | CAE Computer Aided E-learning","og_description":"E-book inteligencia artificial y educaci\u00f3n: descargar gratis e-book sobre la influencia de la inteligencia artificial en la educaci\u00f3n","og_url":"https:\/\/www.cae.net\/es\/e-book-inteligencia-artificial-y-educacion\/","og_site_name":"CAE Computer Aided E-learning","article_publisher":"https:\/\/www.facebook.com\/elearning.cae","article_modified_time":"2024-02-02T13:37:30+00:00","og_image":[{"width":507,"height":736,"url":"https:\/\/www.cae.net\/wp-content\/uploads\/2024\/02\/portada-ebook-ia.jpg","type":"image\/jpeg"}],"twitter_card":"summary_large_image","twitter_site":"@elearning_cae","twitter_misc":{"Tiempo de lectura":"2 minutos"},"schema":{"@context":"https:\/\/schema.org","@graph":[{"@type":"WebPage","@id":"https:\/\/www.cae.net\/es\/e-book-inteligencia-artificial-y-educacion\/","url":"https:\/\/www.cae.net\/es\/e-book-inteligencia-artificial-y-educacion\/","name":"E-book \"Inteligencia artificial y educaci\u00f3n\" | CAE Computer Aided E-learning","isPartOf":{"@id":"https:\/\/www.cae.net\/es\/#website"},"primaryImageOfPage":{"@id":"https:\/\/www.cae.net\/es\/e-book-inteligencia-artificial-y-educacion\/#primaryimage"},"image":{"@id":"https:\/\/www.cae.net\/es\/e-book-inteligencia-artificial-y-educacion\/#primaryimage"},"thumbnailUrl":"https:\/\/www.cae.net\/wp-content\/uploads\/2024\/02\/portada-ebook-ia.jpg","datePublished":"2024-02-02T08:12:58+00:00","dateModified":"2024-02-02T13:37:30+00:00","description":"E-book inteligencia artificial y educaci\u00f3n: descargar gratis e-book sobre la influencia de la inteligencia artificial en la educaci\u00f3n","breadcrumb":{"@id":"https:\/\/www.cae.net\/es\/e-book-inteligencia-artificial-y-educacion\/#breadcrumb"},"inLanguage":"es","potentialAction":[{"@type":"ReadAction","target":["https:\/\/www.cae.net\/es\/e-book-inteligencia-artificial-y-educacion\/"]}]},{"@type":"ImageObject","inLanguage":"es","@id":"https:\/\/www.cae.net\/es\/e-book-inteligencia-artificial-y-educacion\/#primaryimage","url":"https:\/\/www.cae.net\/wp-content\/uploads\/2024\/02\/portada-ebook-ia.jpg","contentUrl":"https:\/\/www.cae.net\/wp-content\/uploads\/2024\/02\/portada-ebook-ia.jpg","width":507,"height":736,"caption":"Portada ebook IA"},{"@type":"BreadcrumbList","@id":"https:\/\/www.cae.net\/es\/e-book-inteligencia-artificial-y-educacion\/#breadcrumb","itemListElement":[{"@type":"ListItem","position":1,"name":"Portada","item":"https:\/\/www.cae.net\/es\/"},{"@type":"ListItem","position":2,"name":"E-book &#8220;Inteligencia artificial y educaci\u00f3n&#8221;"}]},{"@type":"WebSite","@id":"https:\/\/www.cae.net\/es\/#website","url":"https:\/\/www.cae.net\/es\/","name":"CAE Computer Aided E-learning","description":"Expertos en Elearning, Plataformas educativas, formaci\u00f3n en idiomas, contenidos  online y offline","potentialAction":[{"@type":"SearchAction","target":{"@type":"EntryPoint","urlTemplate":"https:\/\/www.cae.net\/es\/?s={search_term_string}"},"query-input":{"@type":"PropertyValueSpecification","valueRequired":true,"valueName":"search_term_string"}}],"inLanguage":"es"}]}},"_links":{"self":[{"href":"https:\/\/www.cae.net\/es\/wp-json\/wp\/v2\/pages\/27358","targetHints":{"allow":["GET"]}}],"collection":[{"href":"https:\/\/www.cae.net\/es\/wp-json\/wp\/v2\/pages"}],"about":[{"href":"https:\/\/www.cae.net\/es\/wp-json\/wp\/v2\/types\/page"}],"author":[{"embeddable":true,"href":"https:\/\/www.cae.net\/es\/wp-json\/wp\/v2\/users\/30"}],"replies":[{"embeddable":true,"href":"https:\/\/www.cae.net\/es\/wp-json\/wp\/v2\/comments?post=27358"}],"version-history":[{"count":11,"href":"https:\/\/www.cae.net\/es\/wp-json\/wp\/v2\/pages\/27358\/revisions"}],"predecessor-version":[{"id":27397,"href":"https:\/\/www.cae.net\/es\/wp-json\/wp\/v2\/pages\/27358\/revisions\/27397"}],"wp:featuredmedia":[{"embeddable":true,"href":"https:\/\/www.cae.net\/es\/wp-json\/wp\/v2\/media\/27366"}],"wp:attachment":[{"href":"https:\/\/www.cae.net\/es\/wp-json\/wp\/v2\/media?parent=27358"}],"curies":[{"name":"wp","href":"https:\/\/api.w.org\/{rel}","templated":true}]}}