{"id":2959,"date":"2015-11-23T16:12:49","date_gmt":"2015-11-23T16:12:49","guid":{"rendered":"https:\/\/www.cae.net\/?page_id=2959"},"modified":"2023-12-07T16:48:28","modified_gmt":"2023-12-07T15:48:28","slug":"certificados-calidad","status":"publish","type":"page","link":"https:\/\/www.cae.net\/es\/certificados-calidad\/","title":{"rendered":"Certificados de calidad"},"content":{"rendered":"<p>[et_pb_section fb_built=\u00bb1&#8243; admin_label=\u00bbsection\u00bb _builder_version=\u00bb4.16&#8243; global_colors_info=\u00bb{}\u00bb][et_pb_row admin_label=\u00bbrow\u00bb _builder_version=\u00bb4.16&#8243; background_size=\u00bbinitial\u00bb background_position=\u00bbtop_left\u00bb background_repeat=\u00bbrepeat\u00bb global_colors_info=\u00bb{}\u00bb][et_pb_column type=\u00bb4_4&#8243; _builder_version=\u00bb4.16&#8243; custom_padding=\u00bb|||\u00bb global_colors_info=\u00bb{}\u00bb custom_padding__hover=\u00bb|||\u00bb][et_pb_text admin_label=\u00bbTexto\u00bb _builder_version=\u00bb4.23.1&#8243; background_size=\u00bbinitial\u00bb background_position=\u00bbtop_left\u00bb background_repeat=\u00bbrepeat\u00bb hover_enabled=\u00bb0&#8243; use_border_color=\u00bboff\u00bb global_colors_info=\u00bb{}\u00bb sticky_enabled=\u00bb0&#8243;]<\/p>\n<h1 class=\" h2\">CERTIFICADOS DE CALIDAD<\/h1>\n<div style=\"text-align: justify;\">Nuestro esfuerzo constante por dar a nuestros clientes la mayor calidad posible d\u00eda a d\u00eda, durante nuestra trayectoria de 40 a\u00f1os, hace que todo nuestro equipo humano se esfuerce a\u00fan m\u00e1s para renovar las certificaciones de calidad avaladas a nivel internacional.La experiencia\u00a0 de Computer Aided E-learning aporta un valor a\u00f1adido a toda su tecnolog\u00eda y saber hacer a trav\u00e9s de todas sus soluciones formativas, como puedan ser las <a href=\"https:\/\/www.cae.net\/es\/lms-academias-de-idiomas-caracteristicas\/\" target=\"_blank\" rel=\"noopener noreferrer\">plataformas educativas<\/a>, laboratorios de <a href=\"http:\/\/www.dexway.com\/es\/\" target=\"_blank\" rel=\"noopener noreferrer\">idiomas<\/a> e inform\u00e1tica, haciendo que puedan funcionar\u00a0sincr\u00f3nicamente online\/offline,\u00a0\u00a0as\u00ed como los contenidos educativos en formato <a href=\"https:\/\/www.cae.net\/contenidos-online\/\" target=\"_blank\" rel=\"noopener noreferrer\">SCORM<\/a> que durante todos estos a\u00f1os han demostrado ser el m\u00e1ximo referente en tecnolog\u00eda para la formaci\u00f3n, llevando\u00a0a\u00a0CAE hacia su\u00a0prestigio entre los profesionales del sector. Todo esto ha motivado a desarrollar e invertir a\u00fan m\u00e1s en calidad y desarrollo I+D+I como ejemplo es nuestra soluci\u00f3n en idiomas\u00a0Dexway, basada en una\u00a0metodolog\u00eda\u00a0\u00fanica, que abarca desde el principio al fin del aprendizaje con continuidad y sin perdidas de contenido.<\/div>\n<p>[\/et_pb_text][et_pb_text admin_label=\u00bbTexto\u00bb _builder_version=\u00bb4.16&#8243; background_size=\u00bbinitial\u00bb background_position=\u00bbtop_left\u00bb background_repeat=\u00bbrepeat\u00bb use_border_color=\u00bboff\u00bb global_colors_info=\u00bb{}\u00bb]<\/p>\n<h2>ISO 9001<\/h2>\n<div style=\"text-align: justify;\">Certificaci\u00f3n de gesti\u00f3n de la calidad seg\u00fan normativa internacional que eval\u00faa\u00a0todos los elementos de gesti\u00f3n de la calidad con los que una empresa debe contar\u00a0para tener un sistema efectivo que le permita gestionar y mejorar la calidad y\u00a0atenci\u00f3n al cliente.<\/div>\n<p>[\/et_pb_text][et_pb_text admin_label=\u00bbTexto\u00bb _builder_version=\u00bb4.23.1&#8243; background_size=\u00bbinitial\u00bb background_position=\u00bbtop_left\u00bb background_repeat=\u00bbrepeat\u00bb hover_enabled=\u00bb0&#8243; use_border_color=\u00bboff\u00bb global_colors_info=\u00bb{}\u00bb sticky_enabled=\u00bb0&#8243;]<\/p>\n<h3>Norma UNE 139803:2012 de Requisitos de Accesibilidad para contenidos en la web<\/h3>\n<div style=\"text-align: justify;\">Normativa espa\u00f1ola que establece los requisitos de accesibilidad para los\u00a0contenidos web seg\u00fan unos est\u00e1ndares de calidad homologados. Nivel AA\u00a0alcanzado para la Plataforma LMS CAE.<\/div>\n<div><\/div>\n<p>[\/et_pb_text][et_pb_text admin_label=\u00bbTexto\u00bb _builder_version=\u00bb4.16&#8243; background_size=\u00bbinitial\u00bb background_position=\u00bbtop_left\u00bb background_repeat=\u00bbrepeat\u00bb use_border_color=\u00bboff\u00bb global_colors_info=\u00bb{}\u00bb]<\/p>\n<h3>Norma UNE 66181:2012 de Gesti\u00f3n de la calidad<\/h3>\n<div style=\"text-align: justify;\"><strong>Calidad<\/strong> de la<strong> formaci\u00f3n virtual<\/strong>, que <strong>garantiza<\/strong> las caracter\u00edsticas de las <strong>acciones\u00a0formativas virtuales<\/strong>, de forma que los compradores de formaci\u00f3n virtual puedan\u00a0seleccionar los productos que mejor se adapten a sus necesidades y expectativas,\u00a0y para que los suministradores puedan mejorar su oferta y con ello la satisfacci\u00f3n\u00a0de sus clientes o alumnos.<\/div>\n<p>[\/et_pb_text][et_pb_cta title=\u00bbCertificaciones calidad\u00bb button_url=\u00bbhttps:\/\/www.cae.net\/wp-content\/uploads\/2019\/04\/certificaciones-calidad-computer-aided-elearning2021.pdf\u00bb url_new_window=\u00bbon\u00bb button_text=\u00bbM\u00e1s informaci\u00f3n\u00bb admin_label=\u00bbLlamada a la acci\u00f3n\u00bb _builder_version=\u00bb4.16&#8243; use_background_color=\u00bboff\u00bb background_size=\u00bbinitial\u00bb background_position=\u00bbtop_left\u00bb background_repeat=\u00bbrepeat\u00bb custom_button=\u00bbon\u00bb button_bg_color=\u00bb#00abc9&#8243; button_icon=\u00bb&#xe056;||divi||400&#8243; button_icon_color=\u00bb#ffffff\u00bb button_icon_placement=\u00bbleft\u00bb use_border_color=\u00bboff\u00bb saved_tabs=\u00bball\u00bb global_colors_info=\u00bb{}\u00bb button_text_size__hover_enabled=\u00bboff\u00bb button_one_text_size__hover_enabled=\u00bboff\u00bb button_two_text_size__hover_enabled=\u00bboff\u00bb button_text_color__hover_enabled=\u00bboff\u00bb button_one_text_color__hover_enabled=\u00bboff\u00bb button_two_text_color__hover_enabled=\u00bboff\u00bb button_border_width__hover_enabled=\u00bboff\u00bb button_one_border_width__hover_enabled=\u00bboff\u00bb button_two_border_width__hover_enabled=\u00bboff\u00bb button_border_color__hover_enabled=\u00bboff\u00bb button_one_border_color__hover_enabled=\u00bboff\u00bb button_two_border_color__hover_enabled=\u00bboff\u00bb button_border_radius__hover_enabled=\u00bboff\u00bb button_one_border_radius__hover_enabled=\u00bboff\u00bb button_two_border_radius__hover_enabled=\u00bboff\u00bb button_letter_spacing__hover_enabled=\u00bboff\u00bb button_one_letter_spacing__hover_enabled=\u00bboff\u00bb button_two_letter_spacing__hover_enabled=\u00bboff\u00bb button_bg_color__hover_enabled=\u00bboff\u00bb button_one_bg_color__hover_enabled=\u00bboff\u00bb button_two_bg_color__hover_enabled=\u00bboff\u00bb][\/et_pb_cta][\/et_pb_column][\/et_pb_row][et_pb_row admin_label=\u00bbFila\u00bb _builder_version=\u00bb4.16&#8243; background_size=\u00bbinitial\u00bb background_position=\u00bbtop_left\u00bb background_repeat=\u00bbrepeat\u00bb global_colors_info=\u00bb{}\u00bb][et_pb_column type=\u00bb4_4&#8243; _builder_version=\u00bb4.16&#8243; custom_padding=\u00bb|||\u00bb global_colors_info=\u00bb{}\u00bb custom_padding__hover=\u00bb|||\u00bb][et_pb_image src=\u00bbhttps:\/\/www.cae.net\/wp-content\/uploads\/2015\/04\/certificaciones-calidad-computer-aided-elearning-peq.jpg\u00bb align=\u00bbcenter\u00bb align_tablet=\u00bbcenter\u00bb align_phone=\u00bb\u00bb align_last_edited=\u00bbon|desktop\u00bb admin_label=\u00bbImagen\u00bb _builder_version=\u00bb4.16&#8243; use_border_color=\u00bboff\u00bb border_color=\u00bb#ffffff\u00bb border_style=\u00bbsolid\u00bb animation=\u00bboff\u00bb sticky=\u00bboff\u00bb global_colors_info=\u00bb{}\u00bb][\/et_pb_image][\/et_pb_column][\/et_pb_row][\/et_pb_section]<\/p>\n","protected":false},"excerpt":{"rendered":"<p>CERTIFICADOS DE CALIDAD Nuestro esfuerzo constante por dar a nuestros clientes la mayor calidad posible d\u00eda a d\u00eda, durante nuestra trayectoria de 40 a\u00f1os, hace que todo nuestro equipo humano se esfuerce a\u00fan m\u00e1s para renovar las certificaciones de calidad avaladas a nivel internacional.La experiencia\u00a0 de Computer Aided E-learning aporta un valor a\u00f1adido a toda [&hellip;]<\/p>\n","protected":false},"author":2,"featured_media":0,"parent":0,"menu_order":0,"comment_status":"closed","ping_status":"closed","template":"","meta":{"_et_pb_use_builder":"on","_et_pb_old_content":"","_et_gb_content_width":"","footnotes":""},"class_list":["post-2959","page","type-page","status-publish","hentry"],"yoast_head":"<!-- This site is optimized with the Yoast SEO plugin v27.4 - https:\/\/yoast.com\/product\/yoast-seo-wordpress\/ -->\n<title>Certificados de calidad de Computer Aided Elearning | CAE<\/title>\n<meta name=\"description\" content=\"Conoce los certificados de calidad de CAE. Trabajamos para mejorar la calidad en todas sus soluciones formativas.\" \/>\n<meta name=\"robots\" content=\"index, follow, max-snippet:-1, max-image-preview:large, max-video-preview:-1\" \/>\n<link rel=\"canonical\" href=\"https:\/\/www.cae.net\/es\/certificados-calidad\/\" \/>\n<meta property=\"og:locale\" content=\"es_ES\" \/>\n<meta property=\"og:type\" content=\"article\" \/>\n<meta property=\"og:title\" content=\"Certificados de calidad de Computer Aided Elearning | CAE\" \/>\n<meta property=\"og:description\" content=\"Conoce los certificados de calidad de CAE. Trabajamos para mejorar la calidad en todas sus soluciones formativas.\" \/>\n<meta property=\"og:url\" content=\"https:\/\/www.cae.net\/es\/certificados-calidad\/\" \/>\n<meta property=\"og:site_name\" content=\"CAE Computer Aided E-learning\" \/>\n<meta property=\"article:publisher\" content=\"https:\/\/www.facebook.com\/elearning.cae\" \/>\n<meta property=\"article:modified_time\" content=\"2023-12-07T15:48:28+00:00\" \/>\n<meta property=\"og:image\" content=\"https:\/\/www.cae.net\/wp-content\/uploads\/2015\/04\/logo-5.png\" \/>\n\t<meta property=\"og:image:width\" content=\"247\" \/>\n\t<meta property=\"og:image:height\" content=\"71\" \/>\n\t<meta property=\"og:image:type\" content=\"image\/png\" \/>\n<meta name=\"twitter:card\" content=\"summary_large_image\" \/>\n<meta name=\"twitter:site\" content=\"@elearning_cae\" \/>\n<meta name=\"twitter:label1\" content=\"Tiempo de lectura\" \/>\n\t<meta name=\"twitter:data1\" content=\"4 minutos\" \/>\n<script type=\"application\/ld+json\" class=\"yoast-schema-graph\">{\"@context\":\"https:\\\/\\\/schema.org\",\"@graph\":[{\"@type\":\"WebPage\",\"@id\":\"https:\\\/\\\/www.cae.net\\\/es\\\/certificados-calidad\\\/\",\"url\":\"https:\\\/\\\/www.cae.net\\\/es\\\/certificados-calidad\\\/\",\"name\":\"Certificados de calidad de Computer Aided Elearning | CAE\",\"isPartOf\":{\"@id\":\"https:\\\/\\\/www.cae.net\\\/es\\\/#website\"},\"datePublished\":\"2015-11-23T16:12:49+00:00\",\"dateModified\":\"2023-12-07T15:48:28+00:00\",\"description\":\"Conoce los certificados de calidad de CAE. Trabajamos para mejorar la calidad en todas sus soluciones formativas.\",\"breadcrumb\":{\"@id\":\"https:\\\/\\\/www.cae.net\\\/es\\\/certificados-calidad\\\/#breadcrumb\"},\"inLanguage\":\"es\",\"potentialAction\":[{\"@type\":\"ReadAction\",\"target\":[\"https:\\\/\\\/www.cae.net\\\/es\\\/certificados-calidad\\\/\"]}]},{\"@type\":\"BreadcrumbList\",\"@id\":\"https:\\\/\\\/www.cae.net\\\/es\\\/certificados-calidad\\\/#breadcrumb\",\"itemListElement\":[{\"@type\":\"ListItem\",\"position\":1,\"name\":\"Portada\",\"item\":\"https:\\\/\\\/www.cae.net\\\/es\\\/\"},{\"@type\":\"ListItem\",\"position\":2,\"name\":\"Certificados de calidad\"}]},{\"@type\":\"WebSite\",\"@id\":\"https:\\\/\\\/www.cae.net\\\/es\\\/#website\",\"url\":\"https:\\\/\\\/www.cae.net\\\/es\\\/\",\"name\":\"CAE Computer Aided E-learning\",\"description\":\"Expertos en Elearning, Plataformas educativas, formaci\u00f3n en idiomas, contenidos  online y offline\",\"potentialAction\":[{\"@type\":\"SearchAction\",\"target\":{\"@type\":\"EntryPoint\",\"urlTemplate\":\"https:\\\/\\\/www.cae.net\\\/es\\\/?s={search_term_string}\"},\"query-input\":{\"@type\":\"PropertyValueSpecification\",\"valueRequired\":true,\"valueName\":\"search_term_string\"}}],\"inLanguage\":\"es\"}]}<\/script>\n<!-- \/ Yoast SEO plugin. -->","yoast_head_json":{"title":"Certificados de calidad de Computer Aided Elearning | CAE","description":"Conoce los certificados de calidad de CAE. Trabajamos para mejorar la calidad en todas sus soluciones formativas.","robots":{"index":"index","follow":"follow","max-snippet":"max-snippet:-1","max-image-preview":"max-image-preview:large","max-video-preview":"max-video-preview:-1"},"canonical":"https:\/\/www.cae.net\/es\/certificados-calidad\/","og_locale":"es_ES","og_type":"article","og_title":"Certificados de calidad de Computer Aided Elearning | CAE","og_description":"Conoce los certificados de calidad de CAE. Trabajamos para mejorar la calidad en todas sus soluciones formativas.","og_url":"https:\/\/www.cae.net\/es\/certificados-calidad\/","og_site_name":"CAE Computer Aided E-learning","article_publisher":"https:\/\/www.facebook.com\/elearning.cae","article_modified_time":"2023-12-07T15:48:28+00:00","og_image":[{"width":247,"height":71,"url":"https:\/\/www.cae.net\/wp-content\/uploads\/2015\/04\/logo-5.png","type":"image\/png"}],"twitter_card":"summary_large_image","twitter_site":"@elearning_cae","twitter_misc":{"Tiempo de lectura":"4 minutos"},"schema":{"@context":"https:\/\/schema.org","@graph":[{"@type":"WebPage","@id":"https:\/\/www.cae.net\/es\/certificados-calidad\/","url":"https:\/\/www.cae.net\/es\/certificados-calidad\/","name":"Certificados de calidad de Computer Aided Elearning | CAE","isPartOf":{"@id":"https:\/\/www.cae.net\/es\/#website"},"datePublished":"2015-11-23T16:12:49+00:00","dateModified":"2023-12-07T15:48:28+00:00","description":"Conoce los certificados de calidad de CAE. Trabajamos para mejorar la calidad en todas sus soluciones formativas.","breadcrumb":{"@id":"https:\/\/www.cae.net\/es\/certificados-calidad\/#breadcrumb"},"inLanguage":"es","potentialAction":[{"@type":"ReadAction","target":["https:\/\/www.cae.net\/es\/certificados-calidad\/"]}]},{"@type":"BreadcrumbList","@id":"https:\/\/www.cae.net\/es\/certificados-calidad\/#breadcrumb","itemListElement":[{"@type":"ListItem","position":1,"name":"Portada","item":"https:\/\/www.cae.net\/es\/"},{"@type":"ListItem","position":2,"name":"Certificados de calidad"}]},{"@type":"WebSite","@id":"https:\/\/www.cae.net\/es\/#website","url":"https:\/\/www.cae.net\/es\/","name":"CAE Computer Aided E-learning","description":"Expertos en Elearning, Plataformas educativas, formaci\u00f3n en idiomas, contenidos  online y offline","potentialAction":[{"@type":"SearchAction","target":{"@type":"EntryPoint","urlTemplate":"https:\/\/www.cae.net\/es\/?s={search_term_string}"},"query-input":{"@type":"PropertyValueSpecification","valueRequired":true,"valueName":"search_term_string"}}],"inLanguage":"es"}]}},"_links":{"self":[{"href":"https:\/\/www.cae.net\/es\/wp-json\/wp\/v2\/pages\/2959","targetHints":{"allow":["GET"]}}],"collection":[{"href":"https:\/\/www.cae.net\/es\/wp-json\/wp\/v2\/pages"}],"about":[{"href":"https:\/\/www.cae.net\/es\/wp-json\/wp\/v2\/types\/page"}],"author":[{"embeddable":true,"href":"https:\/\/www.cae.net\/es\/wp-json\/wp\/v2\/users\/2"}],"replies":[{"embeddable":true,"href":"https:\/\/www.cae.net\/es\/wp-json\/wp\/v2\/comments?post=2959"}],"version-history":[{"count":1,"href":"https:\/\/www.cae.net\/es\/wp-json\/wp\/v2\/pages\/2959\/revisions"}],"predecessor-version":[{"id":27029,"href":"https:\/\/www.cae.net\/es\/wp-json\/wp\/v2\/pages\/2959\/revisions\/27029"}],"wp:attachment":[{"href":"https:\/\/www.cae.net\/es\/wp-json\/wp\/v2\/media?parent=2959"}],"curies":[{"name":"wp","href":"https:\/\/api.w.org\/{rel}","templated":true}]}}