{"id":334,"date":"2015-04-20T19:26:13","date_gmt":"2015-04-20T19:26:13","guid":{"rendered":"http:\/\/onyon365.com\/cae\/?page_id=334"},"modified":"2024-07-31T13:42:32","modified_gmt":"2024-07-31T11:42:32","slug":"trabaja-con-nosotros","status":"publish","type":"page","link":"https:\/\/www.cae.net\/es\/trabaja-con-nosotros\/","title":{"rendered":"Trabaja con nosotros"},"content":{"rendered":"<p><div class=\"et_d4_element et_pb_section et_pb_section_0 et_pb_with_background  et_pb_css_mix_blend_mode et_section_regular et_block_section\" >\n\t\t\t\t\n\t\t\t\t\n\t\t\t\t\n\t\t\t\t\n\t\t\t\t\n\t\t\t\t\n\t\t\t\t<div class=\"et_d4_element et_pb_row et_pb_row_0  et_pb_css_mix_blend_mode et_block_row\">\n\t\t\t\t<div class=\"et_d4_element et_pb_column_1_2 et_pb_column et_pb_column_0  et_pb_css_mix_blend_mode et_block_column\">\n\t\t\t\t\n\t\t\t\t\n\t\t\t\t\n\t\t\t\t\n\t\t\t\t<div class=\"et_pb_module et_d4_element et_pb_text et_pb_text_0  et_pb_text_align_left et_pb_bg_layout_dark\">\n\t\t\t\t\n\t\t\t\t\n\t\t\t\t\n\t\t\t\t\n\t\t\t\t<div class=\"et_pb_text_inner\"><h1>Trabaje con nosotros<\/h1><\/div>\n\t\t\t<\/div>\n\t\t\t<\/div><div class=\"et_d4_element et_pb_column_1_2 et_pb_column et_pb_column_1  et_pb_css_mix_blend_mode et-last-child et_block_column et_pb_column_empty\">\n\t\t\t\t\n\t\t\t\t\n\t\t\t\t\n\t\t\t\t\n\t\t\t\t\n\t\t\t<\/div>\n\t\t\t\t\n\t\t\t\t\n\t\t\t\t\n\t\t\t\t\n\t\t\t<\/div>\n\t\t\t\t\n\t\t\t\t\n\t\t\t<\/div><div class=\"et_pb_with_border et_d4_element et_pb_section et_pb_section_1  et_pb_css_mix_blend_mode et_section_regular et_block_section\" >\n\t\t\t\t\n\t\t\t\t\n\t\t\t\t\n\t\t\t\t\n\t\t\t\t\n\t\t\t\t\n\t\t\t\t<div class=\"et_d4_element et_pb_row et_pb_row_1  et_pb_css_mix_blend_mode et_block_row\">\n\t\t\t\t<div class=\"et_d4_element et_pb_column_4_4 et_pb_column et_pb_column_2  et_pb_css_mix_blend_mode et-last-child et_block_column\">\n\t\t\t\t\n\t\t\t\t\n\t\t\t\t\n\t\t\t\t\n\t\t\t\t<div class=\"et_pb_module et_d4_element et_pb_text et_pb_text_1  et_pb_text_align_left et_pb_bg_layout_light\">\n\t\t\t\t\n\t\t\t\t\n\t\t\t\t\n\t\t\t\t\n\t\t\t\t<div class=\"et_pb_text_inner\"><h2 class=\"h3\"><strong>Con usted, podemos llegar a\u00fan m\u00e1s lejos<\/strong><\/h2>\n<p>En<strong> CAE<\/strong>, <strong>Computer Aided E-learning,\u00a0<\/strong>somos <strong>expertos<\/strong> en desarrollar e implementar <strong>soluciones educativas<\/strong> y de formaci\u00f3n\u00a0apoyada en <strong>tecnolog\u00eda<\/strong>, llevamos m\u00e1s de 40<strong>\u00a0a\u00f1os innovando<\/strong> para desarrollar soluciones y servicios de formaci\u00f3n de la m\u00e1s alta calidad.<\/p>\n<p>CAE cuenta con un staff multidisciplinar compuesto por profesionales que aportan valor a la compa\u00f1\u00eda y ayudan a perfilar un equipo humano del m\u00e1s alto nivel. La empresa cuenta con sedes en Estados Unidos, Am\u00e9rica Latina y Europa con necesidades organizativas vivas y en pleno crecimiento.<\/p>\n<p>Trabajamos d\u00eda a d\u00eda para desarrollar las mejores pr\u00e1cticas de gobierno corporativo y estamos siempre abiertos a recibir contacto de aquellas personas interesadas en trabajar con nosotros y que piensen pueden aportar valor a\u00f1adido a nuestra empresa.<\/p>\n<p>Si quiere presentarnos su candidatura para formar parte de nuestro equipo,\u00a0<strong>env\u00ede su CV<\/strong> a <strong>staff @cae.net<\/strong>.<strong><\/strong><\/p><\/div>\n\t\t\t<\/div>\n\t\t\t<\/div>\n\t\t\t\t\n\t\t\t\t\n\t\t\t\t\n\t\t\t\t\n\t\t\t<\/div>\n\t\t\t\t\n\t\t\t\t\n\t\t\t<\/div><\/p>\n","protected":false},"excerpt":{"rendered":"","protected":false},"author":2,"featured_media":0,"parent":0,"menu_order":0,"comment_status":"open","ping_status":"open","template":"","meta":{"_et_pb_use_builder":"on","_et_pb_old_content":"","_et_gb_content_width":"","footnotes":""},"class_list":["post-334","page","type-page","status-publish","hentry"],"yoast_head":"<!-- This site is optimized with the Yoast SEO plugin v27.5 - https:\/\/yoast.com\/product\/yoast-seo-wordpress\/ -->\n<title>\u00bfQuieres trabajar en CAE? | CAE<\/title>\n<meta name=\"description\" content=\"Si quieres trabajar en CAE, \u00a1env\u00edanos tu CV! Tenemos sedes en Estados Unidos, Am\u00e9rica Latina y Europa. Grandes oportunidades profesionales\" \/>\n<meta name=\"robots\" content=\"index, follow, max-snippet:-1, max-image-preview:large, max-video-preview:-1\" \/>\n<link rel=\"canonical\" href=\"https:\/\/www.cae.net\/es\/trabaja-con-nosotros\/\" \/>\n<meta property=\"og:locale\" content=\"es_ES\" \/>\n<meta property=\"og:type\" content=\"article\" \/>\n<meta property=\"og:title\" content=\"\u00bfQuieres trabajar en CAE? | CAE\" \/>\n<meta property=\"og:description\" content=\"Si quieres trabajar en CAE, \u00a1env\u00edanos tu CV! Tenemos sedes en Estados Unidos, Am\u00e9rica Latina y Europa. Grandes oportunidades profesionales\" \/>\n<meta property=\"og:url\" content=\"https:\/\/www.cae.net\/es\/trabaja-con-nosotros\/\" \/>\n<meta property=\"og:site_name\" content=\"CAE Computer Aided E-learning\" \/>\n<meta property=\"article:publisher\" content=\"https:\/\/www.facebook.com\/elearning.cae\" \/>\n<meta property=\"article:modified_time\" content=\"2024-07-31T11:42:32+00:00\" \/>\n<meta property=\"og:image\" content=\"https:\/\/www.cae.net\/wp-content\/uploads\/2015\/04\/logo-5.png\" \/>\n\t<meta property=\"og:image:width\" content=\"247\" \/>\n\t<meta property=\"og:image:height\" content=\"71\" \/>\n\t<meta property=\"og:image:type\" content=\"image\/png\" \/>\n<meta name=\"twitter:card\" content=\"summary_large_image\" \/>\n<meta name=\"twitter:site\" content=\"@elearning_cae\" \/>\n<meta name=\"twitter:label1\" content=\"Tiempo de lectura\" \/>\n\t<meta name=\"twitter:data1\" content=\"1 minuto\" \/>\n<script type=\"application\/ld+json\" class=\"yoast-schema-graph\">{\"@context\":\"https:\\\/\\\/schema.org\",\"@graph\":[{\"@type\":\"WebPage\",\"@id\":\"https:\\\/\\\/www.cae.net\\\/es\\\/trabaja-con-nosotros\\\/\",\"url\":\"https:\\\/\\\/www.cae.net\\\/es\\\/trabaja-con-nosotros\\\/\",\"name\":\"\u00bfQuieres trabajar en CAE? | CAE\",\"isPartOf\":{\"@id\":\"https:\\\/\\\/www.cae.net\\\/es\\\/#website\"},\"datePublished\":\"2015-04-20T19:26:13+00:00\",\"dateModified\":\"2024-07-31T11:42:32+00:00\",\"description\":\"Si quieres trabajar en CAE, \u00a1env\u00edanos tu CV! Tenemos sedes en Estados Unidos, Am\u00e9rica Latina y Europa. Grandes oportunidades profesionales\",\"breadcrumb\":{\"@id\":\"https:\\\/\\\/www.cae.net\\\/es\\\/trabaja-con-nosotros\\\/#breadcrumb\"},\"inLanguage\":\"es\",\"potentialAction\":[{\"@type\":\"ReadAction\",\"target\":[\"https:\\\/\\\/www.cae.net\\\/es\\\/trabaja-con-nosotros\\\/\"]}]},{\"@type\":\"BreadcrumbList\",\"@id\":\"https:\\\/\\\/www.cae.net\\\/es\\\/trabaja-con-nosotros\\\/#breadcrumb\",\"itemListElement\":[{\"@type\":\"ListItem\",\"position\":1,\"name\":\"Portada\",\"item\":\"https:\\\/\\\/www.cae.net\\\/es\\\/\"},{\"@type\":\"ListItem\",\"position\":2,\"name\":\"Trabaja con nosotros\"}]},{\"@type\":\"WebSite\",\"@id\":\"https:\\\/\\\/www.cae.net\\\/es\\\/#website\",\"url\":\"https:\\\/\\\/www.cae.net\\\/es\\\/\",\"name\":\"CAE Computer Aided E-learning\",\"description\":\"Expertos en Elearning, Plataformas educativas, formaci\u00f3n en idiomas, contenidos  online y offline\",\"potentialAction\":[{\"@type\":\"SearchAction\",\"target\":{\"@type\":\"EntryPoint\",\"urlTemplate\":\"https:\\\/\\\/www.cae.net\\\/es\\\/?s={search_term_string}\"},\"query-input\":{\"@type\":\"PropertyValueSpecification\",\"valueRequired\":true,\"valueName\":\"search_term_string\"}}],\"inLanguage\":\"es\"}]}<\/script>\n<!-- \/ Yoast SEO plugin. -->","yoast_head_json":{"title":"\u00bfQuieres trabajar en CAE? | CAE","description":"Si quieres trabajar en CAE, \u00a1env\u00edanos tu CV! Tenemos sedes en Estados Unidos, Am\u00e9rica Latina y Europa. Grandes oportunidades profesionales","robots":{"index":"index","follow":"follow","max-snippet":"max-snippet:-1","max-image-preview":"max-image-preview:large","max-video-preview":"max-video-preview:-1"},"canonical":"https:\/\/www.cae.net\/es\/trabaja-con-nosotros\/","og_locale":"es_ES","og_type":"article","og_title":"\u00bfQuieres trabajar en CAE? | CAE","og_description":"Si quieres trabajar en CAE, \u00a1env\u00edanos tu CV! Tenemos sedes en Estados Unidos, Am\u00e9rica Latina y Europa. Grandes oportunidades profesionales","og_url":"https:\/\/www.cae.net\/es\/trabaja-con-nosotros\/","og_site_name":"CAE Computer Aided E-learning","article_publisher":"https:\/\/www.facebook.com\/elearning.cae","article_modified_time":"2024-07-31T11:42:32+00:00","og_image":[{"width":247,"height":71,"url":"https:\/\/www.cae.net\/wp-content\/uploads\/2015\/04\/logo-5.png","type":"image\/png"}],"twitter_card":"summary_large_image","twitter_site":"@elearning_cae","twitter_misc":{"Tiempo de lectura":"1 minuto"},"schema":{"@context":"https:\/\/schema.org","@graph":[{"@type":"WebPage","@id":"https:\/\/www.cae.net\/es\/trabaja-con-nosotros\/","url":"https:\/\/www.cae.net\/es\/trabaja-con-nosotros\/","name":"\u00bfQuieres trabajar en CAE? | CAE","isPartOf":{"@id":"https:\/\/www.cae.net\/es\/#website"},"datePublished":"2015-04-20T19:26:13+00:00","dateModified":"2024-07-31T11:42:32+00:00","description":"Si quieres trabajar en CAE, \u00a1env\u00edanos tu CV! Tenemos sedes en Estados Unidos, Am\u00e9rica Latina y Europa. Grandes oportunidades profesionales","breadcrumb":{"@id":"https:\/\/www.cae.net\/es\/trabaja-con-nosotros\/#breadcrumb"},"inLanguage":"es","potentialAction":[{"@type":"ReadAction","target":["https:\/\/www.cae.net\/es\/trabaja-con-nosotros\/"]}]},{"@type":"BreadcrumbList","@id":"https:\/\/www.cae.net\/es\/trabaja-con-nosotros\/#breadcrumb","itemListElement":[{"@type":"ListItem","position":1,"name":"Portada","item":"https:\/\/www.cae.net\/es\/"},{"@type":"ListItem","position":2,"name":"Trabaja con nosotros"}]},{"@type":"WebSite","@id":"https:\/\/www.cae.net\/es\/#website","url":"https:\/\/www.cae.net\/es\/","name":"CAE Computer Aided E-learning","description":"Expertos en Elearning, Plataformas educativas, formaci\u00f3n en idiomas, contenidos  online y offline","potentialAction":[{"@type":"SearchAction","target":{"@type":"EntryPoint","urlTemplate":"https:\/\/www.cae.net\/es\/?s={search_term_string}"},"query-input":{"@type":"PropertyValueSpecification","valueRequired":true,"valueName":"search_term_string"}}],"inLanguage":"es"}]}},"_links":{"self":[{"href":"https:\/\/www.cae.net\/es\/wp-json\/wp\/v2\/pages\/334","targetHints":{"allow":["GET"]}}],"collection":[{"href":"https:\/\/www.cae.net\/es\/wp-json\/wp\/v2\/pages"}],"about":[{"href":"https:\/\/www.cae.net\/es\/wp-json\/wp\/v2\/types\/page"}],"author":[{"embeddable":true,"href":"https:\/\/www.cae.net\/es\/wp-json\/wp\/v2\/users\/2"}],"replies":[{"embeddable":true,"href":"https:\/\/www.cae.net\/es\/wp-json\/wp\/v2\/comments?post=334"}],"version-history":[{"count":0,"href":"https:\/\/www.cae.net\/es\/wp-json\/wp\/v2\/pages\/334\/revisions"}],"wp:attachment":[{"href":"https:\/\/www.cae.net\/es\/wp-json\/wp\/v2\/media?parent=334"}],"curies":[{"name":"wp","href":"https:\/\/api.w.org\/{rel}","templated":true}]}}