{"id":352,"date":"2015-04-20T19:37:01","date_gmt":"2015-04-20T19:37:01","guid":{"rendered":"http:\/\/onyon365.com\/cae\/?page_id=352"},"modified":"2023-12-12T14:59:55","modified_gmt":"2023-12-12T13:59:55","slug":"terminos-y-condiciones","status":"publish","type":"page","link":"https:\/\/www.cae.net\/es\/terminos-y-condiciones\/","title":{"rendered":"T\u00c9RMINOS Y CONDICIONES"},"content":{"rendered":"<div class=\"et_d4_element et_pb_section et_pb_section_0  et_pb_css_mix_blend_mode et_section_regular et_block_section\" >\n\t\t\t\t\n\t\t\t\t\n\t\t\t\t\n\t\t\t\t\n\t\t\t\t\n\t\t\t\t\n\t\t\t\t<div class=\"et_d4_element et_pb_row et_pb_row_0  et_pb_css_mix_blend_mode et_block_row\">\n\t\t\t\t<div class=\"et_d4_element et_pb_column_4_4 et_pb_column et_pb_column_0  et_pb_css_mix_blend_mode et-last-child et_block_column\">\n\t\t\t\t\n\t\t\t\t\n\t\t\t\t\n\t\t\t\t\n\t\t\t\t<div class=\"et_pb_module et_d4_element et_pb_text et_pb_text_0  et_pb_text_align_left et_pb_bg_layout_light\">\n\t\t\t\t\n\t\t\t\t\n\t\t\t\t\n\t\t\t\t\n\t\t\t\t<div class=\"et_pb_text_inner\"><h2 style=\"text-align: justify;\"><span style=\"color: #60bf19;\"><strong>T\u00c9RMINOS Y CONDICIONES<\/strong><\/span><\/h2>\n<p style=\"text-align: justify;\">El cliente es responsable del cumplimiento de las leyes y reglamentos en vigor y las reglas aplicables al uso aceptable que de las soluciones y aplicaciones realice. No obstante, se proh\u00edbe el uso las soluciones provistas por Computer Aided eLearning contrario a la buena fe, en particular, de forma no exhaustiva:<\/p>\n<p style=\"text-align: justify;\">La utilizaci\u00f3n que resulte contraria a las leyes espa\u00f1olas o que infrinja los derechos de terceros. o La publicaci\u00f3n o la transmisi\u00f3n de cualquier contenido que resulte violento, obsceno, abusivo, ilegal, racial, xen\u00f3fobo o difamatorio.<\/p>\n<p style=\"text-align: justify;\">Alterar o intervenir por medios fraudulentos, plataforma, soluciones, correos electr\u00f3nicos o sistemas de otros usuarios o terceros sin autorizaci\u00f3n de los mismos.<\/p>\n<p style=\"text-align: justify;\">Los cracks, n\u00fameros de serie de programas o cualquier otro contenido que vulnere derechos de la propiedad intelectual de terceros.<\/p>\n<p style=\"text-align: justify;\">La recogida y\/o utilizaci\u00f3n de datos personales de otros usuarios sin su consentimiento expreso o contraviniendo lo dispuesto en la Ley Org\u00e1nica 15\/1999, de 13 de diciembre, de Protecci\u00f3n de Datos de Car\u00e1cter Personal.<\/p>\n<p style=\"text-align: justify;\">La utilizaci\u00f3n del servidor de correo del dominio y de las direcciones de correo electr\u00f3nico con los fines de spam, mail bombing, phishing, escrow fraud, scam 419, pharming, difusi\u00f3n de virus (troyanos, gusanos, etc.), o cualquier otro tipo de actividad realizada con \u00e1nimo saboteador, fraudulento o delictivo.<\/p>\n<p style=\"text-align: justify;\">El cliente, usuario y\/o el titular de la plataforma o soluci\u00f3n garantizan a Computer Aided eLearning que la soluci\u00f3n elegida no se registra con prop\u00f3sitos il\u00edcitos ni lesiona los derechos de propiedad intelectual e industrial u otros derechos e intereses leg\u00edtimos de terceros.<\/p>\n<p style=\"text-align: justify;\">El cliente se obliga a mantener operativa, activa y actualizada la direcci\u00f3n e-mail proporcionada en el formulario de contrataci\u00f3n para las comunicaciones con Computer Aided eLearning, ya que constituye el medio de comunicaci\u00f3n preferente de Computer Aided eLearning.<\/p>\n<p style=\"text-align: justify;\">El cliente es el \u00fanico responsable de la utilizaci\u00f3n y conservaci\u00f3n de los logins y passwords facilitados por Computer Aided eLearning para el uso de las herramientas que se ponen a su disposici\u00f3n para la gesti\u00f3n de las soluciones contratados, ya que son los identificadores necesarios que permiten contrastar a Computer Aided eLearning la autentificaci\u00f3n del acceso del cliente y sus usuarios y facilitar el permiso a las actuaciones que se soliciten desde estas herramientas. El uso de estos identificadores y la comunicaci\u00f3n, incluso a terceras personas, se produce bajo la \u00fanica responsabilidad del cliente.<\/p>\n<p style=\"text-align: justify;\">El cliente tiene la total responsabilidad del contenido de su plataforma, de la informaci\u00f3n transmitidas y almacenadas de sus explotaciones, de los enlaces de hipertexto, de las reivindicaciones de terceros y de las acciones legales que pueden desencadenar en toda la referencia a propiedad intelectual, derechos de la personalidad y protecci\u00f3n de menores.<\/p>\n<p style=\"text-align: justify;\">Queda prohibido acceder, modificar, visualizar la configuraci\u00f3n, estructura y ficheros de los servidores de Computer Aided eLearning. Cualquier problema que se pudiera producir en los servidores y sistemas de seguridad de Computer Aided eLearning como consecuencia directa de una actuaci\u00f3n negligente del cliente, \u00e9ste responder\u00e1 por la responsabilidad civil y penal que le pudiera corresponder.<\/p>\n<p style=\"text-align: justify;\">El cliente respetar\u00e1 los est\u00e1ndares t\u00e9cnicos dispuestos por Computer Aided eLearning en la administraci\u00f3n y desarrollo de los productos contratados de forma que no se produzca uso abusivo que ralentice los servidores perjudicando la prestaci\u00f3n de los productos o derechos de otros clientes.<\/p><\/div>\n\t\t\t<\/div>\n\t\t\t<\/div>\n\t\t\t\t\n\t\t\t\t\n\t\t\t\t\n\t\t\t\t\n\t\t\t<\/div>\n\t\t\t\t\n\t\t\t\t\n\t\t\t<\/div>\n","protected":false},"excerpt":{"rendered":"","protected":false},"author":2,"featured_media":0,"parent":0,"menu_order":0,"comment_status":"open","ping_status":"open","template":"","meta":{"_et_pb_use_builder":"on","_et_pb_old_content":"","_et_gb_content_width":"","footnotes":""},"class_list":["post-352","page","type-page","status-publish","hentry"],"yoast_head":"<!-- This site is optimized with the Yoast SEO plugin v27.5 - https:\/\/yoast.com\/product\/yoast-seo-wordpress\/ -->\n<title>T\u00e9rminos y condiciones Computer Aided Elearning<\/title>\n<meta name=\"description\" content=\"El cliente es responsable del cumplimiento de los t\u00e9rminos y condiciones, de las leyes y reglamentos en vigor y las reglas aplicables\" \/>\n<meta name=\"robots\" content=\"noindex, follow\" \/>\n<meta property=\"og:locale\" content=\"es_ES\" \/>\n<meta property=\"og:type\" content=\"article\" \/>\n<meta property=\"og:title\" content=\"T\u00e9rminos y condiciones Computer Aided Elearning\" \/>\n<meta property=\"og:description\" content=\"El cliente es responsable del cumplimiento de los t\u00e9rminos y condiciones, de las leyes y reglamentos en vigor y las reglas aplicables\" \/>\n<meta property=\"og:url\" content=\"https:\/\/www.cae.net\/es\/terminos-y-condiciones\/\" \/>\n<meta property=\"og:site_name\" content=\"CAE Computer Aided E-learning\" \/>\n<meta property=\"article:publisher\" content=\"https:\/\/www.facebook.com\/elearning.cae\" \/>\n<meta property=\"article:modified_time\" content=\"2023-12-12T13:59:55+00:00\" \/>\n<meta property=\"og:image\" content=\"https:\/\/www.cae.net\/wp-content\/uploads\/2015\/04\/logo-5.png\" \/>\n\t<meta property=\"og:image:width\" content=\"247\" \/>\n\t<meta property=\"og:image:height\" content=\"71\" \/>\n\t<meta property=\"og:image:type\" content=\"image\/png\" \/>\n<meta name=\"twitter:card\" content=\"summary_large_image\" \/>\n<meta name=\"twitter:site\" content=\"@elearning_cae\" \/>\n<meta name=\"twitter:label1\" content=\"Tiempo de lectura\" \/>\n\t<meta name=\"twitter:data1\" content=\"3 minutos\" \/>\n<script type=\"application\/ld+json\" class=\"yoast-schema-graph\">{\"@context\":\"https:\\\/\\\/schema.org\",\"@graph\":[{\"@type\":\"WebPage\",\"@id\":\"https:\\\/\\\/www.cae.net\\\/es\\\/terminos-y-condiciones\\\/\",\"url\":\"https:\\\/\\\/www.cae.net\\\/es\\\/terminos-y-condiciones\\\/\",\"name\":\"T\u00e9rminos y condiciones Computer Aided Elearning\",\"isPartOf\":{\"@id\":\"https:\\\/\\\/www.cae.net\\\/es\\\/#website\"},\"datePublished\":\"2015-04-20T19:37:01+00:00\",\"dateModified\":\"2023-12-12T13:59:55+00:00\",\"description\":\"El cliente es responsable del cumplimiento de los t\u00e9rminos y condiciones, de las leyes y reglamentos en vigor y las reglas aplicables\",\"breadcrumb\":{\"@id\":\"https:\\\/\\\/www.cae.net\\\/es\\\/terminos-y-condiciones\\\/#breadcrumb\"},\"inLanguage\":\"es\",\"potentialAction\":[{\"@type\":\"ReadAction\",\"target\":[\"https:\\\/\\\/www.cae.net\\\/es\\\/terminos-y-condiciones\\\/\"]}]},{\"@type\":\"BreadcrumbList\",\"@id\":\"https:\\\/\\\/www.cae.net\\\/es\\\/terminos-y-condiciones\\\/#breadcrumb\",\"itemListElement\":[{\"@type\":\"ListItem\",\"position\":1,\"name\":\"Portada\",\"item\":\"https:\\\/\\\/www.cae.net\\\/es\\\/\"},{\"@type\":\"ListItem\",\"position\":2,\"name\":\"T\u00c9RMINOS Y CONDICIONES\"}]},{\"@type\":\"WebSite\",\"@id\":\"https:\\\/\\\/www.cae.net\\\/es\\\/#website\",\"url\":\"https:\\\/\\\/www.cae.net\\\/es\\\/\",\"name\":\"CAE Computer Aided E-learning\",\"description\":\"Expertos en Elearning, Plataformas educativas, formaci\u00f3n en idiomas, contenidos  online y offline\",\"potentialAction\":[{\"@type\":\"SearchAction\",\"target\":{\"@type\":\"EntryPoint\",\"urlTemplate\":\"https:\\\/\\\/www.cae.net\\\/es\\\/?s={search_term_string}\"},\"query-input\":{\"@type\":\"PropertyValueSpecification\",\"valueRequired\":true,\"valueName\":\"search_term_string\"}}],\"inLanguage\":\"es\"}]}<\/script>\n<!-- \/ Yoast SEO plugin. -->","yoast_head_json":{"title":"T\u00e9rminos y condiciones Computer Aided Elearning","description":"El cliente es responsable del cumplimiento de los t\u00e9rminos y condiciones, de las leyes y reglamentos en vigor y las reglas aplicables","robots":{"index":"noindex","follow":"follow"},"og_locale":"es_ES","og_type":"article","og_title":"T\u00e9rminos y condiciones Computer Aided Elearning","og_description":"El cliente es responsable del cumplimiento de los t\u00e9rminos y condiciones, de las leyes y reglamentos en vigor y las reglas aplicables","og_url":"https:\/\/www.cae.net\/es\/terminos-y-condiciones\/","og_site_name":"CAE Computer Aided E-learning","article_publisher":"https:\/\/www.facebook.com\/elearning.cae","article_modified_time":"2023-12-12T13:59:55+00:00","og_image":[{"width":247,"height":71,"url":"https:\/\/www.cae.net\/wp-content\/uploads\/2015\/04\/logo-5.png","type":"image\/png"}],"twitter_card":"summary_large_image","twitter_site":"@elearning_cae","twitter_misc":{"Tiempo de lectura":"3 minutos"},"schema":{"@context":"https:\/\/schema.org","@graph":[{"@type":"WebPage","@id":"https:\/\/www.cae.net\/es\/terminos-y-condiciones\/","url":"https:\/\/www.cae.net\/es\/terminos-y-condiciones\/","name":"T\u00e9rminos y condiciones Computer Aided Elearning","isPartOf":{"@id":"https:\/\/www.cae.net\/es\/#website"},"datePublished":"2015-04-20T19:37:01+00:00","dateModified":"2023-12-12T13:59:55+00:00","description":"El cliente es responsable del cumplimiento de los t\u00e9rminos y condiciones, de las leyes y reglamentos en vigor y las reglas aplicables","breadcrumb":{"@id":"https:\/\/www.cae.net\/es\/terminos-y-condiciones\/#breadcrumb"},"inLanguage":"es","potentialAction":[{"@type":"ReadAction","target":["https:\/\/www.cae.net\/es\/terminos-y-condiciones\/"]}]},{"@type":"BreadcrumbList","@id":"https:\/\/www.cae.net\/es\/terminos-y-condiciones\/#breadcrumb","itemListElement":[{"@type":"ListItem","position":1,"name":"Portada","item":"https:\/\/www.cae.net\/es\/"},{"@type":"ListItem","position":2,"name":"T\u00c9RMINOS Y CONDICIONES"}]},{"@type":"WebSite","@id":"https:\/\/www.cae.net\/es\/#website","url":"https:\/\/www.cae.net\/es\/","name":"CAE Computer Aided E-learning","description":"Expertos en Elearning, Plataformas educativas, formaci\u00f3n en idiomas, contenidos  online y offline","potentialAction":[{"@type":"SearchAction","target":{"@type":"EntryPoint","urlTemplate":"https:\/\/www.cae.net\/es\/?s={search_term_string}"},"query-input":{"@type":"PropertyValueSpecification","valueRequired":true,"valueName":"search_term_string"}}],"inLanguage":"es"}]}},"_links":{"self":[{"href":"https:\/\/www.cae.net\/es\/wp-json\/wp\/v2\/pages\/352","targetHints":{"allow":["GET"]}}],"collection":[{"href":"https:\/\/www.cae.net\/es\/wp-json\/wp\/v2\/pages"}],"about":[{"href":"https:\/\/www.cae.net\/es\/wp-json\/wp\/v2\/types\/page"}],"author":[{"embeddable":true,"href":"https:\/\/www.cae.net\/es\/wp-json\/wp\/v2\/users\/2"}],"replies":[{"embeddable":true,"href":"https:\/\/www.cae.net\/es\/wp-json\/wp\/v2\/comments?post=352"}],"version-history":[{"count":0,"href":"https:\/\/www.cae.net\/es\/wp-json\/wp\/v2\/pages\/352\/revisions"}],"wp:attachment":[{"href":"https:\/\/www.cae.net\/es\/wp-json\/wp\/v2\/media?parent=352"}],"curies":[{"name":"wp","href":"https:\/\/api.w.org\/{rel}","templated":true}]}}