{"id":5387,"date":"2016-04-01T12:05:36","date_gmt":"2016-04-01T12:05:36","guid":{"rendered":"https:\/\/www.cae.net\/en\/?page_id=5387"},"modified":"2026-03-25T10:09:33","modified_gmt":"2026-03-25T09:09:33","slug":"cursos-de-informatica-online","status":"publish","type":"page","link":"https:\/\/www.cae.net\/es\/formulario-catalogos-cursos\/","title":{"rendered":"Solicite informaci\u00f3n: Cat\u00e1logos de cursos B2B"},"content":{"rendered":"<p>[et_pb_section fb_built=\u00bb1&#8243; admin_label=\u00bbsection\u00bb _builder_version=\u00bb4.16&#8243; custom_margin=\u00bb0px||0px||false|false\u00bb custom_padding=\u00bb40px|||||\u00bb locked=\u00bboff\u00bb global_colors_info=\u00bb{}\u00bb][et_pb_row padding_mobile=\u00bboff\u00bb column_padding_mobile=\u00bbon\u00bb admin_label=\u00bbrow\u00bb _builder_version=\u00bb4.16&#8243; background_size=\u00bbinitial\u00bb background_position=\u00bbtop_left\u00bb background_repeat=\u00bbrepeat\u00bb make_fullwidth=\u00bboff\u00bb use_custom_width=\u00bboff\u00bb width_unit=\u00bbon\u00bb global_colors_info=\u00bb{}\u00bb][et_pb_column type=\u00bb4_4&#8243; _builder_version=\u00bb4.16&#8243; custom_padding=\u00bb|||\u00bb global_colors_info=\u00bb{}\u00bb custom_padding__hover=\u00bb|||\u00bb][et_pb_text admin_label=\u00bbText\u00bb _builder_version=\u00bb4.16&#8243; header_font=\u00bb||||||||\u00bb background_size=\u00bbinitial\u00bb background_position=\u00bbtop_left\u00bb background_repeat=\u00bbrepeat\u00bb use_border_color=\u00bboff\u00bb border_color=\u00bb#ffffff\u00bb border_style=\u00bbsolid\u00bb global_colors_info=\u00bb{}\u00bb]<\/p>\n<h1 style=\"text-align: center;\"><strong>Planes de formaci\u00f3n y cat\u00e1logos cursos LearningHub CAE<\/strong><\/h1>\n<p style=\"text-align: center;\">Solicite ahora<strong> informaci\u00f3n detallada<\/strong>\u00a0y<strong> asesoramiento<\/strong> sobre nuestros planes formativos personalizados para todas sus necesidades y las de sus clientes. Nos pondremos en contacto con usted a la mayor brevedad posible para facilitarles nuestros cat\u00e1logos.<\/p>\n<p>[\/et_pb_text][\/et_pb_column][\/et_pb_row][et_pb_row column_structure=\u00bb1_2,1_2&#8243; _builder_version=\u00bb4.16&#8243; global_colors_info=\u00bb{}\u00bb][et_pb_column type=\u00bb1_2&#8243; _builder_version=\u00bb4.16&#8243; global_colors_info=\u00bb{}\u00bb][et_pb_image src=\u00bbhttps:\/\/www.cae.net\/wp-content\/uploads\/2026\/03\/catalogos-learninghub.jpg\u00bb alt=\u00bbCursos CAE inform\u00e1tica\u00bb title_text=\u00bbCursos CAE de inform\u00e1tica, ofim\u00e1tica, programaci\u00f3n, dise\u00f1o\u00bb align=\u00bbcenter\u00bb _builder_version=\u00bb4.27.6&#8243; width=\u00bb77%\u00bb max_width=\u00bb77%\u00bb custom_padding=\u00bb14px|||||\u00bb border_radii=\u00bbon|8px|8px|8px|8px\u00bb border_width_all=\u00bb1px\u00bb border_color_all=\u00bbrgba(39,60,67,0.14)\u00bb global_colors_info=\u00bb{}\u00bb][\/et_pb_image][et_pb_text _builder_version=\u00bb4.27.6&#8243; _module_preset=\u00bbdefault\u00bb custom_padding=\u00bb20px|||||\u00bb hover_enabled=\u00bb0&#8243; global_colors_info=\u00bb{}\u00bb sticky_enabled=\u00bb0&#8243; text_font_size=\u00bb15px\u00bb]<\/p>\n<h2>+1500 cursos e-learning SCORM<\/h2>\n<p>Delphi, Java, HTML5, CSS3, Javascript, Oracle, SQL Server, Visual Basic, InDesign CC, Photoshop CC, Illustratror CC, Access, Excel, Power Point, Word, Office 365, AutoCAD 2020, PHP, P\u00edldoras Office 365, C++.<\/p>\n<p><strong>\u00c1reas_ <\/strong>Administraci\u00f3n y gesti\u00f3n, Administraci\u00f3n de empresas, Gesti\u00f3n, Ofim\u00e1tica, Internet, Soft Skills, Actividades f\u00edsicas y deportivas, Comunicaci\u00f3n, Comercio y marketing, Habilidades personales y sociales, Imagen personal, Hosteler\u00eda y turismo, Producci\u00f3n creativa y audiovisual, Dise\u00f1o, Artes gr\u00e1ficas, Imagen y sonido, Industrias alimentarias, Industrias extractivas, Edificaci\u00f3n y obra civil, Fabricaci\u00f3n mec\u00e1nica, Agraria, Instalaci\u00f3n y mantenimiento, Mar\u00edtimo pesquera, Qu\u00edmica, Textil, confecci\u00f3n y piel, Vidrio y cer\u00e1mica, Electricidad y electr\u00f3nica, Sanidad, Seguridad y medioambiente, Energ\u00eda y agua, Formaci\u00f3n y educaci\u00f3n, Formaci\u00f3n complementaria, Servicios socioculturales y a la comunidad, Inform\u00e1tica y comunicaciones, Programaci\u00f3n, Sistemas operativos.<\/p>\n<p>[\/et_pb_text][\/et_pb_column][et_pb_column type=\u00bb1_2&#8243; _builder_version=\u00bb4.16&#8243; global_colors_info=\u00bb{}\u00bb][et_pb_contact_form captcha=\u00bboff\u00bb email=\u00bbinfo@cae.net\u00bb custom_message=\u00bbSolicitud informaci\u00f3n cursos LearningHub CAE||et_pb_line_break_holder||www.cae.net||et_pb_line_break_holder||||et_pb_line_break_holder||Nombre: %%name%%||et_pb_line_break_holder||Cargo: %%cargo%%||et_pb_line_break_holder||Email: %%email%%||et_pb_line_break_holder||Web: %%web%%||et_pb_line_break_holder||Sector: %%sector%%||et_pb_line_break_holder||Pa\u00eds: %%Country%%||et_pb_line_break_holder||Tel\u00e9fono: %%Phone%%||et_pb_line_break_holder||Opci\u00f3n: %%Option%%||et_pb_line_break_holder||Volumen: %%Volumen%%||et_pb_line_break_holder||||et_pb_line_break_holder||Mensaje: %%mensaje%%||et_pb_line_break_holder||||et_pb_line_break_holder||%%privacy%%||et_pb_line_break_holder||||et_pb_line_break_holder||||et_pb_line_break_holder||Env\u00edo desde https:\/\/www.cae.net\/es\/formulario-catalogos-cursos\/\u00bb success_message=\u00bbGracias por su inter\u00e9s. Le enviaremos nuestro cat\u00e1logo de cursos CAE de inform\u00e1tica a la mayor brevedad.\u00bb submit_button_text=\u00bbEnviar\u00bb disabled_on=\u00bboff|off|off\u00bb _builder_version=\u00bb4.27.6&#8243; _unique_id=\u00bbd728cb32-ec97-4cbc-910b-7b08348e6e2a\u00bb captcha_font_size=\u00bb14px\u00bb captcha_line_height=\u00bb1.3em\u00bb custom_button=\u00bbon\u00bb button_text_size=\u00bb17px\u00bb button_text_color=\u00bb#ffffff\u00bb button_bg_color=\u00bb#57AD31&#8243; button_border_width=\u00bb0px\u00bb button_border_radius=\u00bb14px\u00bb button_use_icon=\u00bboff\u00bb button_custom_padding=\u00bb10px|22px|10px|22px|true|true\u00bb hover_enabled=\u00bb0&#8243; z_index_tablet=\u00bb500&#8243; border_radii=\u00bbon|8px|8px|8px|8px\u00bb border_width_all=\u00bb1px\u00bb border_color_all=\u00bb#d3d3d3&#8243; saved_tabs=\u00bball\u00bb global_colors_info=\u00bb{}\u00bb sticky_enabled=\u00bb0&#8243;][et_pb_contact_field field_id=\u00bbName\u00bb field_title=\u00bbNombre\u00bb _builder_version=\u00bb4.24.2&#8243; global_colors_info=\u00bb{}\u00bb][\/et_pb_contact_field][et_pb_contact_field field_id=\u00bbcargo\u00bb field_title=\u00bbCargo\u00bb _builder_version=\u00bb4.27.4&#8243; global_colors_info=\u00bb{}\u00bb][\/et_pb_contact_field][et_pb_contact_field field_id=\u00bbEmail\u00bb field_title=\u00bbE-mail corporativo\u00bb field_type=\u00bbemail\u00bb _builder_version=\u00bb4.24.2&#8243; global_colors_info=\u00bb{}\u00bb][\/et_pb_contact_field][et_pb_contact_field field_id=\u00bbWeb\u00bb field_title=\u00bbWeb\u00bb _builder_version=\u00bb4.16&#8243; global_colors_info=\u00bb{}\u00bb][\/et_pb_contact_field][et_pb_contact_field field_id=\u00bbCountry\u00bb field_title=\u00bbPa\u00eds \/ Ciudad\u00bb _builder_version=\u00bb4.16&#8243; global_colors_info=\u00bb{}\u00bb][\/et_pb_contact_field][et_pb_contact_field field_id=\u00bbPhone\u00bb field_title=\u00bbTel\u00e9fono\u00bb allowed_symbols=\u00bbnumbers\u00bb required_mark=\u00bboff\u00bb _builder_version=\u00bb4.24.2&#8243; global_colors_info=\u00bb{}\u00bb][\/et_pb_contact_field][et_pb_contact_field field_id=\u00bbSector\u00bb field_title=\u00bbSector\u00bb field_type=\u00bbselect\u00bb select_options=\u00bb%91{%22dragID%22:-1,%22value%22:%22Gran empresa%22,%22checked%22:0},{%22dragID%22:3,%22value%22:%22Consultor\u00edas%22,%22checked%22:0},{%22dragID%22:0,%22value%22:%22Centro de formaci\u00f3n%22,%22checked%22:0},{%22dragID%22:5,%22value%22:%22Distribuidor LMS%22,%22checked%22:0},{%22dragID%22:6,%22value%22:%22Distribuidor editorial%22,%22checked%22:0},{%22value%22:%22Partner \/Distribuidor%22,%22checked%22:0,%22dragID%22:1},{%22dragID%22:2,%22value%22:%22Colegios \/ Centros de educaci\u00f3n superior%22,%22checked%22:0},{%22value%22:%22Otros%22,%22checked%22:0,%22dragID%22:4}%93&#8243; _builder_version=\u00bb4.27.6&#8243; hover_enabled=\u00bb0&#8243; global_colors_info=\u00bb{}\u00bb sticky_enabled=\u00bb0&#8243;][\/et_pb_contact_field][et_pb_contact_field field_id=\u00bbVolumen\u00bb field_title=\u00bbVolumen\u00bb field_type=\u00bbselect\u00bb select_options=\u00bb%91{%22value%22:%22+500%22,%22checked%22:0,%22dragID%22:1},{%22dragID%22:2,%22value%22:%22+1000%22,%22checked%22:0},{%22dragID%22:3,%22value%22:%22+5000%22,%22checked%22:0}%93&#8243; _builder_version=\u00bb4.27.6&#8243; hover_enabled=\u00bb0&#8243; global_colors_info=\u00bb{}\u00bb sticky_enabled=\u00bb0&#8243;][\/et_pb_contact_field][et_pb_contact_field field_id=\u00bbOption\u00bb field_title=\u00bbOpci\u00f3n de su inter\u00e9s\u00bb field_type=\u00bbradio\u00bb radio_options=\u00bb%91{%22value%22:%22Cat\u00e1logo especialidades formativas (SCORM)%22,%22checked%22:0,%22dragID%22:-1},{%22dragID%22:0,%22value%22:%22Cat\u00e1logo formaci\u00f3n para empresas (SCORM)%22,%22checked%22:0},{%22dragID%22:1,%22value%22:%22Cat\u00e1logo microlearning corporativo (SCORM)%22,%22checked%22:0}%93&#8243; fullwidth_field=\u00bbon\u00bb _builder_version=\u00bb4.27.6&#8243; form_field_font_size=\u00bb14px\u00bb hover_enabled=\u00bb0&#8243; global_colors_info=\u00bb{}\u00bb sticky_enabled=\u00bb0&#8243;][\/et_pb_contact_field][et_pb_contact_field field_id=\u00bbmensaje\u00bb field_title=\u00bbMensaje\u00bb fullwidth_field=\u00bbon\u00bb _builder_version=\u00bb4.27.6&#8243; _module_preset=\u00bbdefault\u00bb hover_enabled=\u00bb0&#8243; global_colors_info=\u00bb{}\u00bb required_mark=\u00bboff\u00bb sticky_enabled=\u00bb0&#8243; field_type=\u00bbtext\u00bb][\/et_pb_contact_field][et_pb_contact_field field_id=\u00bbPrivacy\u00bb field_title=\u00bbPrivacidad\u00bb field_type=\u00bbradio\u00bb radio_options=\u00bb%91{%22value%22:%22Doy mi consentimiento para el procesamiento de datos de acuerdo con su pol\u00edtica de privacidad.  S\u00ed, me gustar\u00eda ser contactado y recibir informaci\u00f3n actualizada por correo electr\u00f3nico y tel\u00e9fono%22,%22checked%22:0,%22dragID%22:-1,%22link_url%22:%22https:\/\/www.cae.net\/es\/privacidad\/%22,%22link_text%22:%22%22}%93&#8243; fullwidth_field=\u00bbon\u00bb _builder_version=\u00bb4.27.6&#8243; form_field_font_size=\u00bb10px\u00bb link_option_url=\u00bbhttps:\/\/www.cae.net\/es\/privacidad\/\u00bb link_option_url_new_window=\u00bbon\u00bb hover_enabled=\u00bb0&#8243; form_field_font_size_tablet=\u00bb9&#8243; form_field_font_size_phone=\u00bb9&#8243; global_colors_info=\u00bb{}\u00bb sticky_enabled=\u00bb0&#8243;][\/et_pb_contact_field][\/et_pb_contact_form][et_pb_text _builder_version=\u00bb4.24.2&#8243; _module_preset=\u00bbdefault\u00bb text_font_size=\u00bb9px\u00bb text_line_height=\u00bb1.5em\u00bb global_colors_info=\u00bb{}\u00bb]<\/p>\n<p><span>Computer Aided E-learning\/CAE Computer Aided USA Corp. le informa de que los datos de car\u00e1cter personal que nos proporcione al rellenar el presente formulario ser\u00e1n tratados por Computer Aided E-learning\/CAE Computer Aided USA Corp., empresa responsable de esta web, y estar\u00e1n sujetos a las leyes vigentes de recogida, tratamiento y uso que establece la UE. La finalidad de la recogida y tratamiento de sus datos personales tiene los objetivos de atender su solicitud de informaci\u00f3n y contactar con usted en el futuro a trav\u00e9s de nuestras newsletters (bimensuales). Tiene derecho a acceder, rectificar, limitar o suprimir sus datos en el momento que lo desee como se explica en nuestro \u00a0<\/span><a href=\"https:\/\/www.cae.net\/es\/privacidad\/\" target=\"_blank\" rel=\"noopener\">apartado de Privacidad<\/a><span>.<\/span><\/p>\n<p>[\/et_pb_text][\/et_pb_column][\/et_pb_row][et_pb_row padding_mobile=\u00bboff\u00bb column_padding_mobile=\u00bbon\u00bb disabled_on=\u00bbon|on|on\u00bb admin_label=\u00bbrow\u00bb _builder_version=\u00bb4.16&#8243; background_size=\u00bbinitial\u00bb background_position=\u00bbtop_left\u00bb background_repeat=\u00bbrepeat\u00bb max_width=\u00bb1280px\u00bb make_fullwidth=\u00bbon\u00bb use_custom_width=\u00bbon\u00bb width_unit=\u00bbon\u00bb custom_width_px=\u00bb1280px\u00bb disabled=\u00bbon\u00bb global_colors_info=\u00bb{}\u00bb][et_pb_column type=\u00bb4_4&#8243; _builder_version=\u00bb4.16&#8243; custom_padding=\u00bb|||\u00bb global_colors_info=\u00bb{}\u00bb custom_padding__hover=\u00bb|||\u00bb][et_pb_text admin_label=\u00bbTexto\u00bb _builder_version=\u00bb4.19.3&#8243; background_size=\u00bbinitial\u00bb background_position=\u00bbtop_left\u00bb background_repeat=\u00bbrepeat\u00bb use_border_color=\u00bboff\u00bb border_color=\u00bb#ffffff\u00bb border_style=\u00bbsolid\u00bb global_colors_info=\u00bb{}\u00bb]<\/p>\n<h1 class=\" h2\" style=\"text-align: center;\">Cursos de inform\u00e1tica online: destacan por calidad e innovaci\u00f3n<\/h1>\n<h2 style=\"text-align: center;\">Los alumnos realmente aprenden\u00a0en\u00a0profundidad con la m\u00e1xima efectividad.<\/h2>\n<p><img loading=\"lazy\" decoding=\"async\" class=\"aligncenter size-full wp-image-5483\" src=\"https:\/\/www.cae.net\/wp-content\/uploads\/2016\/04\/scorm-banner.jpg\" alt=\"scorm-banner\" width=\"1112\" height=\"214\" srcset=\"https:\/\/www.cae.net\/wp-content\/uploads\/2016\/04\/scorm-banner.jpg 1112w, https:\/\/www.cae.net\/wp-content\/uploads\/2016\/04\/scorm-banner-400x77.jpg 400w, https:\/\/www.cae.net\/wp-content\/uploads\/2016\/04\/scorm-banner-300x58.jpg 300w, https:\/\/www.cae.net\/wp-content\/uploads\/2016\/04\/scorm-banner-1024x197.jpg 1024w, https:\/\/www.cae.net\/wp-content\/uploads\/2016\/04\/scorm-banner-610x117.jpg 610w, https:\/\/www.cae.net\/wp-content\/uploads\/2016\/04\/scorm-banner-1080x208.jpg 1080w\" sizes=\"(max-width: 1112px) 100vw, 1112px\" \/><\/p>\n<p>[\/et_pb_text][\/et_pb_column][\/et_pb_row][\/et_pb_section]<\/p>\n","protected":false},"excerpt":{"rendered":"<p>Planes de formaci\u00f3n y cat\u00e1logos cursos LearningHub CAE Solicite ahora informaci\u00f3n detallada\u00a0y asesoramiento sobre nuestros planes formativos personalizados para todas sus necesidades y las de sus clientes. Nos pondremos en contacto con usted a la mayor brevedad posible para facilitarles nuestros cat\u00e1logos.+1500 cursos e-learning SCORM Delphi, Java, HTML5, CSS3, Javascript, Oracle, SQL Server, Visual Basic, [&hellip;]<\/p>\n","protected":false},"author":2,"featured_media":0,"parent":0,"menu_order":0,"comment_status":"closed","ping_status":"closed","template":"","meta":{"_et_pb_use_builder":"on","_et_pb_old_content":"","_et_gb_content_width":"","footnotes":""},"class_list":["post-5387","page","type-page","status-publish","hentry"],"yoast_head":"<!-- This site is optimized with the Yoast SEO plugin v27.4 - https:\/\/yoast.com\/product\/yoast-seo-wordpress\/ -->\n<title>Cat\u00e1logos de cursos y planes formativos B2B: Solicite informaci\u00f3n | CAE Computer Aided E-learning<\/title>\n<meta name=\"description\" content=\"Solicite informaci\u00f3n sobre los cat\u00e1logos de cursos online (especialidades formativas, formaci\u00f3n empresas, microlearning) LearningHub CAE\" \/>\n<meta name=\"robots\" content=\"index, follow, max-snippet:-1, max-image-preview:large, max-video-preview:-1\" \/>\n<link rel=\"canonical\" href=\"https:\/\/www.cae.net\/es\/formulario-catalogos-cursos\/\" \/>\n<meta property=\"og:locale\" content=\"es_ES\" \/>\n<meta property=\"og:type\" content=\"article\" \/>\n<meta property=\"og:title\" content=\"Cat\u00e1logos de cursos y planes formativos B2B: Solicite informaci\u00f3n | CAE Computer Aided E-learning\" \/>\n<meta property=\"og:description\" content=\"Solicite informaci\u00f3n sobre los cat\u00e1logos de cursos online (especialidades formativas, formaci\u00f3n empresas, microlearning) LearningHub CAE\" \/>\n<meta property=\"og:url\" content=\"https:\/\/www.cae.net\/es\/formulario-catalogos-cursos\/\" \/>\n<meta property=\"og:site_name\" content=\"CAE Computer Aided E-learning\" \/>\n<meta property=\"article:publisher\" content=\"https:\/\/www.facebook.com\/elearning.cae\" \/>\n<meta property=\"article:modified_time\" content=\"2026-03-25T09:09:33+00:00\" \/>\n<meta property=\"og:image\" content=\"https:\/\/www.cae.net\/wp-content\/uploads\/2016\/04\/scorm-banner.jpg\" \/>\n<meta name=\"twitter:card\" content=\"summary_large_image\" \/>\n<meta name=\"twitter:site\" content=\"@elearning_cae\" \/>\n<meta name=\"twitter:label1\" content=\"Tiempo de lectura\" \/>\n\t<meta name=\"twitter:data1\" content=\"2 minutos\" \/>\n<script type=\"application\/ld+json\" class=\"yoast-schema-graph\">{\"@context\":\"https:\\\/\\\/schema.org\",\"@graph\":[{\"@type\":\"WebPage\",\"@id\":\"https:\\\/\\\/www.cae.net\\\/es\\\/formulario-catalogos-cursos\\\/\",\"url\":\"https:\\\/\\\/www.cae.net\\\/es\\\/formulario-catalogos-cursos\\\/\",\"name\":\"Cat\u00e1logos de cursos y planes formativos B2B: Solicite informaci\u00f3n | CAE Computer Aided E-learning\",\"isPartOf\":{\"@id\":\"https:\\\/\\\/www.cae.net\\\/es\\\/#website\"},\"primaryImageOfPage\":{\"@id\":\"https:\\\/\\\/www.cae.net\\\/es\\\/formulario-catalogos-cursos\\\/#primaryimage\"},\"image\":{\"@id\":\"https:\\\/\\\/www.cae.net\\\/es\\\/formulario-catalogos-cursos\\\/#primaryimage\"},\"thumbnailUrl\":\"https:\\\/\\\/www.cae.net\\\/wp-content\\\/uploads\\\/2016\\\/04\\\/scorm-banner.jpg\",\"datePublished\":\"2016-04-01T12:05:36+00:00\",\"dateModified\":\"2026-03-25T09:09:33+00:00\",\"description\":\"Solicite informaci\u00f3n sobre los cat\u00e1logos de cursos online (especialidades formativas, formaci\u00f3n empresas, microlearning) LearningHub CAE\",\"breadcrumb\":{\"@id\":\"https:\\\/\\\/www.cae.net\\\/es\\\/formulario-catalogos-cursos\\\/#breadcrumb\"},\"inLanguage\":\"es\",\"potentialAction\":[{\"@type\":\"ReadAction\",\"target\":[\"https:\\\/\\\/www.cae.net\\\/es\\\/formulario-catalogos-cursos\\\/\"]}]},{\"@type\":\"ImageObject\",\"inLanguage\":\"es\",\"@id\":\"https:\\\/\\\/www.cae.net\\\/es\\\/formulario-catalogos-cursos\\\/#primaryimage\",\"url\":\"https:\\\/\\\/www.cae.net\\\/wp-content\\\/uploads\\\/2016\\\/04\\\/scorm-banner.jpg\",\"contentUrl\":\"https:\\\/\\\/www.cae.net\\\/wp-content\\\/uploads\\\/2016\\\/04\\\/scorm-banner.jpg\"},{\"@type\":\"BreadcrumbList\",\"@id\":\"https:\\\/\\\/www.cae.net\\\/es\\\/formulario-catalogos-cursos\\\/#breadcrumb\",\"itemListElement\":[{\"@type\":\"ListItem\",\"position\":1,\"name\":\"Portada\",\"item\":\"https:\\\/\\\/www.cae.net\\\/es\\\/\"},{\"@type\":\"ListItem\",\"position\":2,\"name\":\"Solicite informaci\u00f3n: Cat\u00e1logos de cursos B2B\"}]},{\"@type\":\"WebSite\",\"@id\":\"https:\\\/\\\/www.cae.net\\\/es\\\/#website\",\"url\":\"https:\\\/\\\/www.cae.net\\\/es\\\/\",\"name\":\"CAE Computer Aided E-learning\",\"description\":\"Expertos en Elearning, Plataformas educativas, formaci\u00f3n en idiomas, contenidos  online y offline\",\"potentialAction\":[{\"@type\":\"SearchAction\",\"target\":{\"@type\":\"EntryPoint\",\"urlTemplate\":\"https:\\\/\\\/www.cae.net\\\/es\\\/?s={search_term_string}\"},\"query-input\":{\"@type\":\"PropertyValueSpecification\",\"valueRequired\":true,\"valueName\":\"search_term_string\"}}],\"inLanguage\":\"es\"}]}<\/script>\n<!-- \/ Yoast SEO plugin. -->","yoast_head_json":{"title":"Cat\u00e1logos de cursos y planes formativos B2B: Solicite informaci\u00f3n | CAE Computer Aided E-learning","description":"Solicite informaci\u00f3n sobre los cat\u00e1logos de cursos online (especialidades formativas, formaci\u00f3n empresas, microlearning) LearningHub CAE","robots":{"index":"index","follow":"follow","max-snippet":"max-snippet:-1","max-image-preview":"max-image-preview:large","max-video-preview":"max-video-preview:-1"},"canonical":"https:\/\/www.cae.net\/es\/formulario-catalogos-cursos\/","og_locale":"es_ES","og_type":"article","og_title":"Cat\u00e1logos de cursos y planes formativos B2B: Solicite informaci\u00f3n | CAE Computer Aided E-learning","og_description":"Solicite informaci\u00f3n sobre los cat\u00e1logos de cursos online (especialidades formativas, formaci\u00f3n empresas, microlearning) LearningHub CAE","og_url":"https:\/\/www.cae.net\/es\/formulario-catalogos-cursos\/","og_site_name":"CAE Computer Aided E-learning","article_publisher":"https:\/\/www.facebook.com\/elearning.cae","article_modified_time":"2026-03-25T09:09:33+00:00","og_image":[{"url":"https:\/\/www.cae.net\/wp-content\/uploads\/2016\/04\/scorm-banner.jpg","type":"","width":"","height":""}],"twitter_card":"summary_large_image","twitter_site":"@elearning_cae","twitter_misc":{"Tiempo de lectura":"2 minutos"},"schema":{"@context":"https:\/\/schema.org","@graph":[{"@type":"WebPage","@id":"https:\/\/www.cae.net\/es\/formulario-catalogos-cursos\/","url":"https:\/\/www.cae.net\/es\/formulario-catalogos-cursos\/","name":"Cat\u00e1logos de cursos y planes formativos B2B: Solicite informaci\u00f3n | CAE Computer Aided E-learning","isPartOf":{"@id":"https:\/\/www.cae.net\/es\/#website"},"primaryImageOfPage":{"@id":"https:\/\/www.cae.net\/es\/formulario-catalogos-cursos\/#primaryimage"},"image":{"@id":"https:\/\/www.cae.net\/es\/formulario-catalogos-cursos\/#primaryimage"},"thumbnailUrl":"https:\/\/www.cae.net\/wp-content\/uploads\/2016\/04\/scorm-banner.jpg","datePublished":"2016-04-01T12:05:36+00:00","dateModified":"2026-03-25T09:09:33+00:00","description":"Solicite informaci\u00f3n sobre los cat\u00e1logos de cursos online (especialidades formativas, formaci\u00f3n empresas, microlearning) LearningHub CAE","breadcrumb":{"@id":"https:\/\/www.cae.net\/es\/formulario-catalogos-cursos\/#breadcrumb"},"inLanguage":"es","potentialAction":[{"@type":"ReadAction","target":["https:\/\/www.cae.net\/es\/formulario-catalogos-cursos\/"]}]},{"@type":"ImageObject","inLanguage":"es","@id":"https:\/\/www.cae.net\/es\/formulario-catalogos-cursos\/#primaryimage","url":"https:\/\/www.cae.net\/wp-content\/uploads\/2016\/04\/scorm-banner.jpg","contentUrl":"https:\/\/www.cae.net\/wp-content\/uploads\/2016\/04\/scorm-banner.jpg"},{"@type":"BreadcrumbList","@id":"https:\/\/www.cae.net\/es\/formulario-catalogos-cursos\/#breadcrumb","itemListElement":[{"@type":"ListItem","position":1,"name":"Portada","item":"https:\/\/www.cae.net\/es\/"},{"@type":"ListItem","position":2,"name":"Solicite informaci\u00f3n: Cat\u00e1logos de cursos B2B"}]},{"@type":"WebSite","@id":"https:\/\/www.cae.net\/es\/#website","url":"https:\/\/www.cae.net\/es\/","name":"CAE Computer Aided E-learning","description":"Expertos en Elearning, Plataformas educativas, formaci\u00f3n en idiomas, contenidos  online y offline","potentialAction":[{"@type":"SearchAction","target":{"@type":"EntryPoint","urlTemplate":"https:\/\/www.cae.net\/es\/?s={search_term_string}"},"query-input":{"@type":"PropertyValueSpecification","valueRequired":true,"valueName":"search_term_string"}}],"inLanguage":"es"}]}},"_links":{"self":[{"href":"https:\/\/www.cae.net\/es\/wp-json\/wp\/v2\/pages\/5387","targetHints":{"allow":["GET"]}}],"collection":[{"href":"https:\/\/www.cae.net\/es\/wp-json\/wp\/v2\/pages"}],"about":[{"href":"https:\/\/www.cae.net\/es\/wp-json\/wp\/v2\/types\/page"}],"author":[{"embeddable":true,"href":"https:\/\/www.cae.net\/es\/wp-json\/wp\/v2\/users\/2"}],"replies":[{"embeddable":true,"href":"https:\/\/www.cae.net\/es\/wp-json\/wp\/v2\/comments?post=5387"}],"version-history":[{"count":9,"href":"https:\/\/www.cae.net\/es\/wp-json\/wp\/v2\/pages\/5387\/revisions"}],"predecessor-version":[{"id":321104,"href":"https:\/\/www.cae.net\/es\/wp-json\/wp\/v2\/pages\/5387\/revisions\/321104"}],"wp:attachment":[{"href":"https:\/\/www.cae.net\/es\/wp-json\/wp\/v2\/media?parent=5387"}],"curies":[{"name":"wp","href":"https:\/\/api.w.org\/{rel}","templated":true}]}}