{"id":6298,"date":"2018-05-25T12:16:23","date_gmt":"2018-05-25T16:16:23","guid":{"rendered":"https:\/\/www.cae.net\/?page_id=6298"},"modified":"2024-02-02T09:18:48","modified_gmt":"2024-02-02T08:18:48","slug":"descargar-ebook-blended-learning","status":"publish","type":"page","link":"https:\/\/www.cae.net\/es\/descargar-ebook-blended-learning\/","title":{"rendered":"eBook Gratis Blended Learning"},"content":{"rendered":"<p>[et_pb_section fb_built=\u00bb1&#8243; admin_label=\u00bbsection\u00bb _builder_version=\u00bb4.16&#8243; global_colors_info=\u00bb{}\u00bb][et_pb_row column_structure=\u00bb1_2,1_2&#8243; admin_label=\u00bbrow\u00bb _builder_version=\u00bb4.16&#8243; background_size=\u00bbinitial\u00bb background_position=\u00bbtop_left\u00bb background_repeat=\u00bbrepeat\u00bb global_colors_info=\u00bb{}\u00bb][et_pb_column type=\u00bb1_2&#8243; _builder_version=\u00bb4.16&#8243; custom_padding=\u00bb|||\u00bb global_colors_info=\u00bb{}\u00bb custom_padding__hover=\u00bb|||\u00bb][et_pb_divider show_divider=\u00bboff\u00bb disabled_on=\u00bbon|on|off\u00bb admin_label=\u00bbSeparador\u00bb _builder_version=\u00bb4.16&#8243; height=\u00bb5px\u00bb hide_on_mobile=\u00bbon\u00bb global_colors_info=\u00bb{}\u00bb]&nbsp;[\/et_pb_divider][et_pb_text admin_label=\u00bbTexto\u00bb _builder_version=\u00bb4.19.3&#8243; background_size=\u00bbinitial\u00bb background_position=\u00bbtop_left\u00bb background_repeat=\u00bbrepeat\u00bb custom_margin=\u00bb27px||20px|||\u00bb use_border_color=\u00bboff\u00bb global_colors_info=\u00bb{}\u00bb]<\/p>\n<h1 style=\"text-align: center;\">Descargue gratis el ebook \u00abEl \u00e9xito del blended Learning en idiomas\u00bb<\/h1>\n<p>[\/et_pb_text][et_pb_image src=\u00bbhttps:\/\/www.cae.net\/wp-content\/uploads\/2020\/10\/ebook-blended-leanring-exito.jpg\u00bb alt=\u00bbEbook Blended Learning gratis\u00bb title_text=\u00bbEl \u00e9xito del blended learning en idiomas (ebook)\u00bb show_bottom_space=\u00bboff\u00bb align=\u00bbcenter\u00bb align_tablet=\u00bbcenter\u00bb align_phone=\u00bb\u00bb align_last_edited=\u00bbon|desktop\u00bb admin_label=\u00bbImagen\u00bb _builder_version=\u00bb4.16&#8243; width=\u00bb89%\u00bb custom_margin=\u00bb||14px|||\u00bb border_width_all=\u00bb1px\u00bb border_color_all=\u00bbrgba(0,0,0,0.22)\u00bb use_border_color=\u00bboff\u00bb always_center_on_mobile=\u00bbon\u00bb global_colors_info=\u00bb{}\u00bb]&nbsp;[\/et_pb_image][et_pb_text admin_label=\u00bbTexto\u00bb _builder_version=\u00bb4.16&#8243; header_2_font_size=\u00bb20px\u00bb background_size=\u00bbinitial\u00bb background_position=\u00bbtop_left\u00bb background_repeat=\u00bbrepeat\u00bb use_border_color=\u00bboff\u00bb global_colors_info=\u00bb{}\u00bb]<\/p>\n<p>Est\u00e1 demostrado que el\u00a0<strong>Blended Learning<\/strong>\u00a0como\u00a0<strong>aprendizaje mixto<\/strong>\u00a0que combina la\u00a0<strong>formaci\u00f3n presencial<\/strong>\u00a0con la\u00a0<strong>formaci\u00f3n online<\/strong>\u00a0es el modelo pedag\u00f3gico que mejor alcanza los resultados de los alumnos y de la ense\u00f1anza de los profesores en las instituciones educativas.<\/p>\n<h2>A lo largo de este eBook descubrir\u00e1 m\u00e1s acerca de:<\/h2>\n<ul>\n<li>Ventajas el aprendizaje Blended Learning<\/li>\n<li>Implementaci\u00f3n del m\u00e9todo Blended Learning<\/li>\n<li>La tecnolog\u00eda educativa, el complemento perfecto<\/li>\n<li>Plataformas educativas, el entorno virtual adecuado<\/li>\n<li>Flipped Classroom o Aula Inversa y mucho m\u00e1s!<\/li>\n<\/ul>\n<p>Hoy en d\u00eda no ofrecer este formato educativo es perderse una gran\u00a0oportunidad.<\/p>\n<p><strong>\u00a1Descubra el porqu\u00e9 de su eficacia en este eBook!<\/strong><\/p>\n<p>[\/et_pb_text][\/et_pb_column][et_pb_column type=\u00bb1_2&#8243; _builder_version=\u00bb4.16&#8243; custom_padding=\u00bb|||\u00bb global_colors_info=\u00bb{}\u00bb custom_padding__hover=\u00bb|||\u00bb][et_pb_divider show_divider=\u00bboff\u00bb disabled_on=\u00bbon|on|off\u00bb admin_label=\u00bbSeparador\u00bb _builder_version=\u00bb4.16&#8243; height=\u00bb10px\u00bb hide_on_mobile=\u00bbon\u00bb global_colors_info=\u00bb{}\u00bb]&nbsp;[\/et_pb_divider][et_pb_divider show_divider=\u00bboff\u00bb disabled_on=\u00bbon|on|off\u00bb admin_label=\u00bbSeparador\u00bb _builder_version=\u00bb4.16&#8243; height=\u00bb2px\u00bb custom_margin=\u00bb||-14px||false|false\u00bb hide_on_mobile=\u00bbon\u00bb global_colors_info=\u00bb{}\u00bb]&nbsp;[\/et_pb_divider][et_pb_text admin_label=\u00bbTexto\u00bb _builder_version=\u00bb4.16&#8243; module_alignment=\u00bbleft\u00bb custom_padding=\u00bb41px|45px|41px|45px|true|true\u00bb border_width_all=\u00bb1px\u00bb border_color_all=\u00bb#273d43&#8243; use_border_color=\u00bboff\u00bb global_colors_info=\u00bb{}\u00bb background_color=\u00bb#ffffff\u00bb background_size=\u00bbinitial\u00bb background_position=\u00bbtop_left\u00bb background_repeat=\u00bbrepeat\u00bb border_style_all=\u00bbdashed\u00bb]\n<div class=\"wpcf7 no-js\" id=\"wpcf7-f20137-o1\" lang=\"en-US\" dir=\"ltr\" data-wpcf7-id=\"20137\">\n<div class=\"screen-reader-response\"><p role=\"status\" aria-live=\"polite\" aria-atomic=\"true\"><\/p> <ul><\/ul><\/div>\n<form action=\"\/es\/wp-json\/wp\/v2\/pages\/6298#wpcf7-f20137-o1\" method=\"post\" class=\"wpcf7-form init wpcf7-acceptance-as-validation\" aria-label=\"Contact form\" novalidate=\"novalidate\" data-status=\"init\">\n<fieldset class=\"hidden-fields-container\"><input type=\"hidden\" name=\"_wpcf7\" value=\"20137\" \/><input type=\"hidden\" name=\"_wpcf7_version\" value=\"6.1.5\" \/><input type=\"hidden\" name=\"_wpcf7_locale\" value=\"en_US\" \/><input type=\"hidden\" name=\"_wpcf7_unit_tag\" value=\"wpcf7-f20137-o1\" \/><input type=\"hidden\" name=\"_wpcf7_container_post\" value=\"0\" \/><input type=\"hidden\" name=\"_wpcf7_posted_data_hash\" value=\"\" \/>\n<\/fieldset>\n<p><b>Nombre<\/b>\n<\/p>\n<p><span class=\"wpcf7-form-control-wrap\" data-name=\"your-name\"><input size=\"40\" maxlength=\"400\" class=\"wpcf7-form-control wpcf7-text wpcf7-validates-as-required\" aria-required=\"true\" aria-invalid=\"false\" value=\"\" type=\"text\" name=\"your-name\" \/><\/span>\n<\/p>\n<p><b>Correo electr\u00f3nico corporativo<\/b>\n<\/p>\n<p><span class=\"wpcf7-form-control-wrap\" data-name=\"your-email\"><input size=\"40\" maxlength=\"400\" class=\"wpcf7-form-control wpcf7-email wpcf7-validates-as-required wpcf7-text wpcf7-validates-as-email\" aria-required=\"true\" aria-invalid=\"false\" value=\"\" type=\"email\" name=\"your-email\" \/><\/span>\n<\/p>\n<p><b>P\u00e1gina web<\/b>\n<\/p>\n<p><span class=\"wpcf7-form-control-wrap\" data-name=\"empresa\"><input size=\"40\" maxlength=\"400\" class=\"wpcf7-form-control wpcf7-text wpcf7-validates-as-required\" aria-required=\"true\" aria-invalid=\"false\" value=\"\" type=\"text\" name=\"empresa\" \/><\/span>\n<\/p>\n<p><b>Pa\u00eds<\/b>\n<\/p>\n<p><span class=\"wpcf7-form-control-wrap\" data-name=\"pais\"><input size=\"40\" maxlength=\"400\" class=\"wpcf7-form-control wpcf7-text wpcf7-validates-as-required\" aria-required=\"true\" aria-invalid=\"false\" value=\"\" type=\"text\" name=\"pais\" \/><\/span>\n<\/p>\n<p><b>Tipo de sector<\/b><br \/>\n<span class=\"wpcf7-form-control-wrap\" data-name=\"menu-868\"><select class=\"wpcf7-form-control wpcf7-select\" aria-invalid=\"false\" name=\"menu-868\"><option value=\"Seleccionar...\">Seleccionar...<\/option><option value=\"Sector educativo\">Sector educativo<\/option><option value=\"Sector corporativo\">Sector corporativo<\/option><option value=\"Sector editorial\">Sector editorial<\/option><option value=\"Partner\">Partner<\/option><\/select><\/span>\n<\/p>\n<p><span class=\"wpcf7-form-control-wrap\" data-name=\"politica\"><span class=\"wpcf7-form-control wpcf7-acceptance\"><span class=\"wpcf7-list-item\"><input type=\"checkbox\" name=\"politica\" value=\"1\" aria-invalid=\"false\" \/><\/span><\/span><\/span><span style=\"font-size: 9pt;\">Doy mi consentimiento para el procesamiento de datos de acuerdo con su <a href=\"https:\/\/www.cae.net\/es\/privacidad\/\" target=\"_blank\">pol\u00edtica de privacidad<\/a>. S\u00ed, me gustar\u00eda ser contactado para recibir informaci\u00f3n por correo electr\u00f3nico.<\/span>\n<\/p>\n<p style=\"text-align:center\"><input class=\"wpcf7-form-control wpcf7-submit has-spinner\" type=\"submit\" value=\"Solicitar\" \/>\n<\/p>\n<p class=\"politica__new\" style=\"font-size:8pt;\">Computer Aided E-learning\/CAE Computer Aided USA Corp. le informa de que los datos de car\u00e1cter personal que nos proporcione al rellenar el presente formulario ser\u00e1n tratados por Computer Aided E-learning\/CAE Computer Aided USA Corp., empresa responsable de esta web, y estar\u00e1n sujetos a las leyes vigentes de recogida, tratamiento y uso que establece la UE. La finalidad de la recogida y tratamiento de sus datos personales tiene los objetivos de atender su solicitud de informaci\u00f3n y contactar con usted en el futuro a trav\u00e9s de nuestras newsletters (bimensuales). Tiene derecho a acceder, rectificar, limitar o suprimir sus datos en el momento que lo desee como se explica en nuestro <a href=\"https:\/\/www.cae.net\/es\/privacidad\/\" target=\"_blank\">apartado de Privacidad<\/a>.\n<\/p>\n<input type='hidden' class='wpcf7-pum' value='{\"closepopup\":false,\"closedelay\":0,\"openpopup\":false,\"openpopup_id\":0}' \/><div class=\"wpcf7-response-output\" aria-hidden=\"true\"><\/div>\n<\/form>\n<\/div>\n[\/et_pb_text][\/et_pb_column][\/et_pb_row][\/et_pb_section]<\/p>\n","protected":false},"excerpt":{"rendered":"<p>&nbsp;Descargue gratis el ebook \u00abEl \u00e9xito del blended Learning en idiomas\u00bb&nbsp;Est\u00e1 demostrado que el\u00a0Blended Learning\u00a0como\u00a0aprendizaje mixto\u00a0que combina la\u00a0formaci\u00f3n presencial\u00a0con la\u00a0formaci\u00f3n online\u00a0es el modelo pedag\u00f3gico que mejor alcanza los resultados de los alumnos y de la ense\u00f1anza de los profesores en las instituciones educativas. A lo largo de este eBook descubrir\u00e1 m\u00e1s acerca de: Ventajas el [&hellip;]<\/p>\n","protected":false},"author":2,"featured_media":0,"parent":0,"menu_order":0,"comment_status":"closed","ping_status":"closed","template":"","meta":{"_et_pb_use_builder":"on","_et_pb_old_content":"","_et_gb_content_width":"","footnotes":""},"class_list":["post-6298","page","type-page","status-publish","hentry"],"yoast_head":"<!-- This site is optimized with the Yoast SEO plugin v27.4 - https:\/\/yoast.com\/product\/yoast-seo-wordpress\/ -->\n<title>Ebook: El \u00e9xito del Blended Learning en idiomas | CAE<\/title>\n<meta name=\"description\" content=\"Desc\u00e1rgate gratis el ebook El \u00e9xito del blended learning en idiomas, un ebook en el que presentamos la modalidad educativa semipresencial\" \/>\n<meta name=\"robots\" content=\"index, follow, max-snippet:-1, max-image-preview:large, max-video-preview:-1\" \/>\n<link rel=\"canonical\" href=\"https:\/\/www.cae.net\/es\/descargar-ebook-blended-learning\/\" \/>\n<meta property=\"og:locale\" content=\"es_ES\" \/>\n<meta property=\"og:type\" content=\"article\" \/>\n<meta property=\"og:title\" content=\"Ebook: El \u00e9xito del Blended Learning en idiomas | CAE\" \/>\n<meta property=\"og:description\" content=\"Desc\u00e1rgate gratis el ebook El \u00e9xito del blended learning en idiomas, un ebook en el que presentamos la modalidad educativa semipresencial\" \/>\n<meta property=\"og:url\" content=\"https:\/\/www.cae.net\/es\/descargar-ebook-blended-learning\/\" \/>\n<meta property=\"og:site_name\" content=\"CAE Computer Aided E-learning\" \/>\n<meta property=\"article:publisher\" content=\"https:\/\/www.facebook.com\/elearning.cae\" \/>\n<meta property=\"article:modified_time\" content=\"2024-02-02T08:18:48+00:00\" \/>\n<meta property=\"og:image\" content=\"https:\/\/www.cae.net\/wp-content\/uploads\/2015\/04\/logo-5.png\" \/>\n\t<meta property=\"og:image:width\" content=\"247\" \/>\n\t<meta property=\"og:image:height\" content=\"71\" \/>\n\t<meta property=\"og:image:type\" content=\"image\/png\" \/>\n<meta name=\"twitter:card\" content=\"summary_large_image\" \/>\n<meta name=\"twitter:site\" content=\"@elearning_cae\" \/>\n<meta name=\"twitter:label1\" content=\"Tiempo de lectura\" \/>\n\t<meta name=\"twitter:data1\" content=\"1 minuto\" \/>\n<script type=\"application\/ld+json\" class=\"yoast-schema-graph\">{\"@context\":\"https:\\\/\\\/schema.org\",\"@graph\":[{\"@type\":\"WebPage\",\"@id\":\"https:\\\/\\\/www.cae.net\\\/es\\\/descargar-ebook-blended-learning\\\/\",\"url\":\"https:\\\/\\\/www.cae.net\\\/es\\\/descargar-ebook-blended-learning\\\/\",\"name\":\"Ebook: El \u00e9xito del Blended Learning en idiomas | CAE\",\"isPartOf\":{\"@id\":\"https:\\\/\\\/www.cae.net\\\/es\\\/#website\"},\"datePublished\":\"2018-05-25T16:16:23+00:00\",\"dateModified\":\"2024-02-02T08:18:48+00:00\",\"description\":\"Desc\u00e1rgate gratis el ebook El \u00e9xito del blended learning en idiomas, un ebook en el que presentamos la modalidad educativa semipresencial\",\"breadcrumb\":{\"@id\":\"https:\\\/\\\/www.cae.net\\\/es\\\/descargar-ebook-blended-learning\\\/#breadcrumb\"},\"inLanguage\":\"es\",\"potentialAction\":[{\"@type\":\"ReadAction\",\"target\":[\"https:\\\/\\\/www.cae.net\\\/es\\\/descargar-ebook-blended-learning\\\/\"]}]},{\"@type\":\"BreadcrumbList\",\"@id\":\"https:\\\/\\\/www.cae.net\\\/es\\\/descargar-ebook-blended-learning\\\/#breadcrumb\",\"itemListElement\":[{\"@type\":\"ListItem\",\"position\":1,\"name\":\"Portada\",\"item\":\"https:\\\/\\\/www.cae.net\\\/es\\\/\"},{\"@type\":\"ListItem\",\"position\":2,\"name\":\"eBook Gratis Blended Learning\"}]},{\"@type\":\"WebSite\",\"@id\":\"https:\\\/\\\/www.cae.net\\\/es\\\/#website\",\"url\":\"https:\\\/\\\/www.cae.net\\\/es\\\/\",\"name\":\"CAE Computer Aided E-learning\",\"description\":\"Expertos en Elearning, Plataformas educativas, formaci\u00f3n en idiomas, contenidos  online y offline\",\"potentialAction\":[{\"@type\":\"SearchAction\",\"target\":{\"@type\":\"EntryPoint\",\"urlTemplate\":\"https:\\\/\\\/www.cae.net\\\/es\\\/?s={search_term_string}\"},\"query-input\":{\"@type\":\"PropertyValueSpecification\",\"valueRequired\":true,\"valueName\":\"search_term_string\"}}],\"inLanguage\":\"es\"}]}<\/script>\n<!-- \/ Yoast SEO plugin. -->","yoast_head_json":{"title":"Ebook: El \u00e9xito del Blended Learning en idiomas | CAE","description":"Desc\u00e1rgate gratis el ebook El \u00e9xito del blended learning en idiomas, un ebook en el que presentamos la modalidad educativa semipresencial","robots":{"index":"index","follow":"follow","max-snippet":"max-snippet:-1","max-image-preview":"max-image-preview:large","max-video-preview":"max-video-preview:-1"},"canonical":"https:\/\/www.cae.net\/es\/descargar-ebook-blended-learning\/","og_locale":"es_ES","og_type":"article","og_title":"Ebook: El \u00e9xito del Blended Learning en idiomas | CAE","og_description":"Desc\u00e1rgate gratis el ebook El \u00e9xito del blended learning en idiomas, un ebook en el que presentamos la modalidad educativa semipresencial","og_url":"https:\/\/www.cae.net\/es\/descargar-ebook-blended-learning\/","og_site_name":"CAE Computer Aided E-learning","article_publisher":"https:\/\/www.facebook.com\/elearning.cae","article_modified_time":"2024-02-02T08:18:48+00:00","og_image":[{"width":247,"height":71,"url":"https:\/\/www.cae.net\/wp-content\/uploads\/2015\/04\/logo-5.png","type":"image\/png"}],"twitter_card":"summary_large_image","twitter_site":"@elearning_cae","twitter_misc":{"Tiempo de lectura":"1 minuto"},"schema":{"@context":"https:\/\/schema.org","@graph":[{"@type":"WebPage","@id":"https:\/\/www.cae.net\/es\/descargar-ebook-blended-learning\/","url":"https:\/\/www.cae.net\/es\/descargar-ebook-blended-learning\/","name":"Ebook: El \u00e9xito del Blended Learning en idiomas | CAE","isPartOf":{"@id":"https:\/\/www.cae.net\/es\/#website"},"datePublished":"2018-05-25T16:16:23+00:00","dateModified":"2024-02-02T08:18:48+00:00","description":"Desc\u00e1rgate gratis el ebook El \u00e9xito del blended learning en idiomas, un ebook en el que presentamos la modalidad educativa semipresencial","breadcrumb":{"@id":"https:\/\/www.cae.net\/es\/descargar-ebook-blended-learning\/#breadcrumb"},"inLanguage":"es","potentialAction":[{"@type":"ReadAction","target":["https:\/\/www.cae.net\/es\/descargar-ebook-blended-learning\/"]}]},{"@type":"BreadcrumbList","@id":"https:\/\/www.cae.net\/es\/descargar-ebook-blended-learning\/#breadcrumb","itemListElement":[{"@type":"ListItem","position":1,"name":"Portada","item":"https:\/\/www.cae.net\/es\/"},{"@type":"ListItem","position":2,"name":"eBook Gratis Blended Learning"}]},{"@type":"WebSite","@id":"https:\/\/www.cae.net\/es\/#website","url":"https:\/\/www.cae.net\/es\/","name":"CAE Computer Aided E-learning","description":"Expertos en Elearning, Plataformas educativas, formaci\u00f3n en idiomas, contenidos  online y offline","potentialAction":[{"@type":"SearchAction","target":{"@type":"EntryPoint","urlTemplate":"https:\/\/www.cae.net\/es\/?s={search_term_string}"},"query-input":{"@type":"PropertyValueSpecification","valueRequired":true,"valueName":"search_term_string"}}],"inLanguage":"es"}]}},"_links":{"self":[{"href":"https:\/\/www.cae.net\/es\/wp-json\/wp\/v2\/pages\/6298","targetHints":{"allow":["GET"]}}],"collection":[{"href":"https:\/\/www.cae.net\/es\/wp-json\/wp\/v2\/pages"}],"about":[{"href":"https:\/\/www.cae.net\/es\/wp-json\/wp\/v2\/types\/page"}],"author":[{"embeddable":true,"href":"https:\/\/www.cae.net\/es\/wp-json\/wp\/v2\/users\/2"}],"replies":[{"embeddable":true,"href":"https:\/\/www.cae.net\/es\/wp-json\/wp\/v2\/comments?post=6298"}],"version-history":[{"count":4,"href":"https:\/\/www.cae.net\/es\/wp-json\/wp\/v2\/pages\/6298\/revisions"}],"predecessor-version":[{"id":27378,"href":"https:\/\/www.cae.net\/es\/wp-json\/wp\/v2\/pages\/6298\/revisions\/27378"}],"wp:attachment":[{"href":"https:\/\/www.cae.net\/es\/wp-json\/wp\/v2\/media?parent=6298"}],"curies":[{"name":"wp","href":"https:\/\/api.w.org\/{rel}","templated":true}]}}