{"id":6723,"date":"2016-09-22T14:29:21","date_gmt":"2016-09-22T14:29:21","guid":{"rendered":"https:\/\/www.cae.net\/?page_id=6723"},"modified":"2026-05-08T07:20:20","modified_gmt":"2026-05-08T05:20:20","slug":"sector-educativo-academias-idiomas","status":"publish","type":"page","link":"https:\/\/www.cae.net\/es\/sector-educativo-academias-idiomas\/","title":{"rendered":"SECTOR EDUCATIVO ACADEMIAS DE IDIOMAS"},"content":{"rendered":"\n\n<div class=\"et_pb_section_1 et_pb_section et_section_regular et_block_section preset--module--divi-section--cca81d97-4d8b-452c-b4fa-21fcc81ab57c\">\n<div class=\"et_pb_row_1 et_pb_row et_block_row\">\n<div class=\"et_pb_column_2 et_pb_column et_pb_column_2_3 et_block_column et_pb_css_mix_blend_mode_passthrough\">\n\n\n<div class=\"et_pb_text_3 et_pb_text et_pb_bg_layout_dark et_pb_module et_block_module\"><div class=\"et_pb_text_inner\"><h1>Soluciones para centros de formaci\u00f3n y academias de idiomas<\/h1>\n<\/div><\/div>\n\n<div class=\"et_pb_text_4 et_pb_text et_pb_bg_layout_dark et_pb_module et_block_module preset--module--divi-text--6baebc0b-74ca-4d64-9430-355b619eb221\"><div class=\"et_pb_text_inner\"><p>Tecnolog\u00eda e-learning dise\u00f1ada para mejorar la ense\u00f1anza de idiomas con IA, contenidos interactivos y herramientas avanzadas.<\/p>\n<\/div><\/div>\n<\/div>\n\n<div class=\"et_pb_column_3 et_pb_column et_pb_column_1_3 et-last-child et_block_column et_pb_column_empty et_pb_css_mix_blend_mode_passthrough\"><\/div>\n<\/div>\n<\/div>\n\n<div class=\"et_pb_section_2 et_pb_section et_section_regular et_block_section preset--module--divi-section--cca81d97-4d8b-452c-b4fa-21fcc81ab57c\">\n<div class=\"et_pb_row_2 et_pb_row et_block_row\">\n<div class=\"et_pb_column_4 et_pb_column et_pb_column_4_4 et-last-child et_block_column et_pb_css_mix_blend_mode_passthrough\">\n\n\n<div class=\"et_pb_text_6 et_pb_text et_pb_bg_layout_dark et_pb_module et_block_module\"><div class=\"et_pb_text_inner\"><h1>Soluciones para centros de formaci\u00f3n y academias de idiomas<\/h1>\n<\/div><\/div>\n\n<div class=\"et_pb_text_7 et_pb_text et_pb_bg_layout_dark et_pb_module et_block_module preset--module--divi-text--6baebc0b-74ca-4d64-9430-355b619eb221\"><div class=\"et_pb_text_inner\"><p>Tecnolog\u00eda e-learning dise\u00f1ada para mejorar la ense\u00f1anza de idiomas con IA, contenidos interactivos y herramientas avanzadas.<\/p>\n<\/div><\/div>\n<\/div>\n<\/div>\n<\/div>\n\n<div class=\"et_pb_section_3 et_pb_section et_section_regular et_block_section preset--module--divi-section--default\">\n<div class=\"et_pb_row_3 et_pb_row et_block_row\">\n<div class=\"et_pb_column_5 et_pb_column et_pb_column_1_2 et_block_column et_pb_css_mix_blend_mode_passthrough\">\n<div class=\"et_pb_text_8 et_pb_text et_pb_bg_layout_light et_pb_module et_block_module\"><div class=\"et_pb_text_inner\"><p>Somos especialistas en <strong>contenidos y tecnolog\u00eda para la formaci\u00f3n en academias de idiomas<\/strong>. Preparar a los estudiantes para un mundo globalizado requiere herramientas innovadoras. Nuestras soluciones educativas permiten a los centros de idiomas ofrecer una<strong> experiencia de aprendizaje m\u00e1s completa, efectiva<\/strong> y adaptada a las necesidades del sector.<\/p>\n<\/div><\/div>\n<\/div>\n\n<div class=\"et_pb_column_6 et_pb_column et_pb_column_1_2 et-last-child et_block_column et_pb_css_mix_blend_mode_passthrough\">\n<div class=\"et_pb_text_9 et_pb_text et_pb_bg_layout_light et_pb_module et_block_module\"><div class=\"et_pb_text_inner\"><h2>Soluciones de CAE para que su academia de formaci\u00f3n crezca<\/h2>\n<\/div><\/div>\n<\/div>\n<\/div>\n\n<div class=\"et_pb_row_4 et_pb_row et_pb_row_4col et_block_row et_block_row_4col\">\n<div class=\"et_pb_column_7 et_pb_column et_pb_column_1_4 et_block_column et_pb_css_mix_blend_mode_passthrough\">\n<div class=\"et_pb_blurb_0 et_pb_blurb et_pb_bg_layout_light et_pb_text_align_center et_pb_blurb_position_top et_pb_module et_block_module\"><div class=\"et_pb_blurb_content\"><div class=\"et_pb_main_blurb_image\"><span class=\"et_pb_image_wrap\"><span class=\"et-pb-icon\">\uf108<\/span><\/span><\/div><div class=\"et_pb_blurb_container\"><h3 class=\"et_pb_module_header\">Plataformas idiomas<\/h3><div class=\"et_pb_blurb_description\"><p>Completa gesti\u00f3n acad\u00e9mica, creaci\u00f3n de contenido y cursos.<\/p>\n<\/div><\/div><\/div><\/div>\n<\/div>\n\n<div class=\"et_pb_column_8 et_pb_column et_pb_column_1_4 et_block_column et_pb_css_mix_blend_mode_passthrough\">\n<div class=\"et_pb_blurb_1 et_pb_blurb et_pb_bg_layout_light et_pb_text_align_center et_pb_blurb_position_top et_pb_module et_block_module\"><div class=\"et_pb_blurb_content\"><div class=\"et_pb_main_blurb_image\"><span class=\"et_pb_image_wrap\"><span class=\"et-pb-icon\">\uf382<\/span><\/span><\/div><div class=\"et_pb_blurb_container\"><h3 class=\"et_pb_module_header\">Online learning<\/h3><div class=\"et_pb_blurb_description\"><p>Completo modelo de aprendizaje natural.<a href=\"https:\/\/www.cae.net\/es\/idiomas\/\" title=\"Online learning\"><strong><\/strong><\/a><\/p>\n<\/div><\/div><\/div><\/div>\n<\/div>\n\n<div class=\"et_pb_column_9 et_pb_column et_pb_column_1_4 et_block_column et_pb_css_mix_blend_mode_passthrough\">\n<div class=\"et_pb_blurb_2 et_pb_blurb et_pb_bg_layout_light et_pb_text_align_center et_pb_blurb_position_top et_pb_module et_block_module\"><div class=\"et_pb_blurb_content\"><div class=\"et_pb_main_blurb_image\"><span class=\"et_pb_image_wrap\"><span class=\"et-pb-icon\">\uf3cd<\/span><\/span><\/div><div class=\"et_pb_blurb_container\"><h3 class=\"et_pb_module_header\">Blended learning<\/h3><div class=\"et_pb_blurb_description\"><p>Efectiva metodolog\u00eda: ense\u00f1anza presencial y tradicional.<\/p>\n<\/div><\/div><\/div><\/div>\n<\/div>\n\n<div class=\"et_pb_column_10 et_pb_column et_pb_column_1_4 et-last-child et_block_column et_pb_css_mix_blend_mode_passthrough\">\n<div class=\"et_pb_blurb_3 et_pb_blurb et_pb_bg_layout_light et_pb_text_align_center et_pb_blurb_position_top et_pb_module et_block_module\"><div class=\"et_pb_blurb_content\"><div class=\"et_pb_main_blurb_image\"><span class=\"et_pb_image_wrap\"><span class=\"et-pb-icon\">\uf074<\/span><\/span><\/div><div class=\"et_pb_blurb_container\"><h3 class=\"et_pb_module_header\">Aula invertida<\/h3><div class=\"et_pb_blurb_description\"><p>Metodolog\u00eda exclusiva \"flipped classroom\".<\/p>\n<\/div><\/div><\/div><\/div>\n<\/div>\n<\/div>\n<\/div>\n\n<div class=\"et_pb_section_4 et_pb_section et_section_regular et_block_section preset--module--divi-section--default\">\n<div class=\"et_pb_row_5 et_pb_row et_pb_equal_columns et_pb_gutters2 et_block_row\">\n<div class=\"et_pb_column_11 et_pb_column et_pb_column_1_2 et_block_column et_pb_css_mix_blend_mode_passthrough\">\n<div class=\"et_pb_image_0 et_pb_image et_pb_module et_block_module\"><span class=\"et_pb_image_wrap\"><img loading=\"lazy\" decoding=\"async\" src=\"https:\/\/www.cae.net\/wp-content\/uploads\/2016\/10\/blended-learning-educacion.jpg\" width=\"1075\" height=\"600\" srcset=\"https:\/\/www.cae.net\/wp-content\/uploads\/2016\/10\/blended-learning-educacion.jpg 1075w, https:\/\/www.cae.net\/wp-content\/uploads\/2016\/10\/blended-learning-educacion-980x547.jpg 980w, https:\/\/www.cae.net\/wp-content\/uploads\/2016\/10\/blended-learning-educacion-480x268.jpg 480w\" sizes=\"(min-width: 0px) and (max-width: 480px) 480px, (min-width: 481px) and (max-width: 980px) 980px, (min-width: 981px) 1075px, 100vw\" class=\"wp-image-23622\" title=\"blended learning educaci\u00f3n\" alt=\"blended learning languages\" \/><\/span><\/div>\n<\/div>\n\n<div class=\"et_pb_column_12 et_pb_column et_pb_column_1_2 et-last-child et_block_column et_pb_css_mix_blend_mode_passthrough\">\n<div class=\"et_pb_text_10 et_pb_text et_pb_bg_layout_light et_pb_module et_block_module\"><div class=\"et_pb_text_inner\"><h2><strong>Cursos de idiomas <\/strong>DEXWAY<\/h2>\n<p>Le ofrecemos un amplio cat\u00e1logo de cursos de idiomas (ingl\u00e9s brit\u00e1nico\/americano, espa\u00f1ol, franc\u00e9s, alem\u00e1n, portugu\u00e9s, ruso e italiano), A1 a C1 alineados con el MCER, que se adaptan perfectamente a sus necesidades y modalidades de formaci\u00f3n.<\/p>\n<p>&nbsp;<\/p>\n<ul>\n<li>Diferentes versiones para adaptarse a las necesidades de cada centro educativo: Dexway Academy, Dexway Certificate, Dexway Soft Skills, Dexway in Person...<\/li>\n<li>Contenido digital para el aula, complemento a las clases o cursos independientes de refuerzo.<\/li>\n<li>Test de nivel para evaluar a su alumnado.<\/li>\n<li>Gamificaci\u00f3n.<\/li>\n<li>Apps.<\/li>\n<li>Dexway IA: Inteligencia artificial en evaluaci\u00f3n de tareas de writing y speaking, tutor virtual, clases de conversaci\u00f3n, masterclases o role-play con IA.<\/li>\n<li>Grupos de conversaci\u00f3n IA.<\/li>\n<\/ul>\n<\/div><\/div>\n<\/div>\n<\/div>\n<\/div>\n\n<div class=\"et_pb_section_5 et_pb_section et_section_regular et_block_section preset--module--divi-section--default\">\n<div class=\"et_pb_row_6 et_pb_row et_block_row\">\n<div class=\"et_pb_column_13 et_pb_column et_pb_column_4_4 et-last-child et_block_column et_pb_css_mix_blend_mode_passthrough\">\n<div class=\"et_pb_cta_0 et_pb_promo et_pb_bg_layout_dark et_pb_module et_block_module\"><div class=\"et_pb_promo_description\"><div class=\"et_pb_promo_content\"><p>Nuestros especialistas le asesorar\u00e1n sobres las mejores soluciones formativas para su academia<\/p>\n<\/div><\/div><div class=\"et_pb_button_wrapper\"><a class=\"et_pb_button et_pb_promo_button\" href=\"https:\/\/www.cae.net\/es\/contacto-cae\/\">SOLICITAR INFORMACI\u00d3N<\/a><\/div><\/div>\n<\/div>\n<\/div>\n<\/div>\n\n\n\n","protected":false},"excerpt":{"rendered":"","protected":false},"author":2,"featured_media":0,"parent":0,"menu_order":0,"comment_status":"closed","ping_status":"closed","template":"","meta":{"footnotes":""},"class_list":["post-6723","page","type-page","status-publish","hentry"],"yoast_head":"<!-- This site is optimized with the Yoast SEO plugin v27.5 - https:\/\/yoast.com\/product\/yoast-seo-wordpress\/ -->\n<title>Soluciones formativas para academias y centros de formaci\u00f3n | CAE<\/title>\n<meta name=\"description\" content=\"Soluciones formativas para academias y centros de formaci\u00f3n: plataformas de ense\u00f1anza, videoconferencia y contenido de apoyo\" \/>\n<meta name=\"robots\" content=\"index, follow, max-snippet:-1, max-image-preview:large, max-video-preview:-1\" \/>\n<link rel=\"canonical\" href=\"https:\/\/www.cae.net\/es\/sector-educativo-academias-idiomas\/\" \/>\n<meta property=\"og:locale\" content=\"es_ES\" \/>\n<meta property=\"og:type\" content=\"article\" \/>\n<meta property=\"og:title\" content=\"Soluciones formativas para academias y centros de formaci\u00f3n | CAE\" \/>\n<meta property=\"og:description\" content=\"Soluciones formativas para academias y centros de formaci\u00f3n: plataformas de ense\u00f1anza, videoconferencia y contenido de apoyo\" \/>\n<meta property=\"og:url\" content=\"https:\/\/www.cae.net\/es\/sector-educativo-academias-idiomas\/\" \/>\n<meta property=\"og:site_name\" content=\"CAE Computer Aided E-learning\" \/>\n<meta property=\"article:publisher\" content=\"https:\/\/www.facebook.com\/elearning.cae\" \/>\n<meta property=\"article:modified_time\" content=\"2026-05-08T05:20:20+00:00\" \/>\n<meta property=\"og:image\" content=\"https:\/\/www.cae.net\/wp-content\/uploads\/2015\/04\/logo-5.png\" \/>\n\t<meta property=\"og:image:width\" content=\"247\" \/>\n\t<meta property=\"og:image:height\" content=\"71\" \/>\n\t<meta property=\"og:image:type\" content=\"image\/png\" \/>\n<meta name=\"twitter:card\" content=\"summary_large_image\" \/>\n<meta name=\"twitter:site\" content=\"@elearning_cae\" \/>\n<meta name=\"twitter:label1\" content=\"Tiempo de lectura\" \/>\n\t<meta name=\"twitter:data1\" content=\"4 minutos\" \/>\n<script type=\"application\/ld+json\" class=\"yoast-schema-graph\">{\"@context\":\"https:\\\/\\\/schema.org\",\"@graph\":[{\"@type\":\"WebPage\",\"@id\":\"https:\\\/\\\/www.cae.net\\\/es\\\/sector-educativo-academias-idiomas\\\/\",\"url\":\"https:\\\/\\\/www.cae.net\\\/es\\\/sector-educativo-academias-idiomas\\\/\",\"name\":\"Soluciones formativas para academias y centros de formaci\u00f3n | CAE\",\"isPartOf\":{\"@id\":\"https:\\\/\\\/www.cae.net\\\/es\\\/#website\"},\"datePublished\":\"2016-09-22T14:29:21+00:00\",\"dateModified\":\"2026-05-08T05:20:20+00:00\",\"description\":\"Soluciones formativas para academias y centros de formaci\u00f3n: plataformas de ense\u00f1anza, videoconferencia y contenido de apoyo\",\"breadcrumb\":{\"@id\":\"https:\\\/\\\/www.cae.net\\\/es\\\/sector-educativo-academias-idiomas\\\/#breadcrumb\"},\"inLanguage\":\"es\",\"potentialAction\":[{\"@type\":\"ReadAction\",\"target\":[\"https:\\\/\\\/www.cae.net\\\/es\\\/sector-educativo-academias-idiomas\\\/\"]}]},{\"@type\":\"BreadcrumbList\",\"@id\":\"https:\\\/\\\/www.cae.net\\\/es\\\/sector-educativo-academias-idiomas\\\/#breadcrumb\",\"itemListElement\":[{\"@type\":\"ListItem\",\"position\":1,\"name\":\"Portada\",\"item\":\"https:\\\/\\\/www.cae.net\\\/es\\\/\"},{\"@type\":\"ListItem\",\"position\":2,\"name\":\"SECTOR EDUCATIVO ACADEMIAS DE IDIOMAS\"}]},{\"@type\":\"WebSite\",\"@id\":\"https:\\\/\\\/www.cae.net\\\/es\\\/#website\",\"url\":\"https:\\\/\\\/www.cae.net\\\/es\\\/\",\"name\":\"CAE Computer Aided E-learning\",\"description\":\"Expertos en Elearning, Plataformas educativas, formaci\u00f3n en idiomas, contenidos  online y offline\",\"potentialAction\":[{\"@type\":\"SearchAction\",\"target\":{\"@type\":\"EntryPoint\",\"urlTemplate\":\"https:\\\/\\\/www.cae.net\\\/es\\\/?s={search_term_string}\"},\"query-input\":{\"@type\":\"PropertyValueSpecification\",\"valueRequired\":true,\"valueName\":\"search_term_string\"}}],\"inLanguage\":\"es\"}]}<\/script>\n<!-- \/ Yoast SEO plugin. -->","yoast_head_json":{"title":"Soluciones formativas para academias y centros de formaci\u00f3n | CAE","description":"Soluciones formativas para academias y centros de formaci\u00f3n: plataformas de ense\u00f1anza, videoconferencia y contenido de apoyo","robots":{"index":"index","follow":"follow","max-snippet":"max-snippet:-1","max-image-preview":"max-image-preview:large","max-video-preview":"max-video-preview:-1"},"canonical":"https:\/\/www.cae.net\/es\/sector-educativo-academias-idiomas\/","og_locale":"es_ES","og_type":"article","og_title":"Soluciones formativas para academias y centros de formaci\u00f3n | CAE","og_description":"Soluciones formativas para academias y centros de formaci\u00f3n: plataformas de ense\u00f1anza, videoconferencia y contenido de apoyo","og_url":"https:\/\/www.cae.net\/es\/sector-educativo-academias-idiomas\/","og_site_name":"CAE Computer Aided E-learning","article_publisher":"https:\/\/www.facebook.com\/elearning.cae","article_modified_time":"2026-05-08T05:20:20+00:00","og_image":[{"width":247,"height":71,"url":"https:\/\/www.cae.net\/wp-content\/uploads\/2015\/04\/logo-5.png","type":"image\/png"}],"twitter_card":"summary_large_image","twitter_site":"@elearning_cae","twitter_misc":{"Tiempo de lectura":"4 minutos"},"schema":{"@context":"https:\/\/schema.org","@graph":[{"@type":"WebPage","@id":"https:\/\/www.cae.net\/es\/sector-educativo-academias-idiomas\/","url":"https:\/\/www.cae.net\/es\/sector-educativo-academias-idiomas\/","name":"Soluciones formativas para academias y centros de formaci\u00f3n | CAE","isPartOf":{"@id":"https:\/\/www.cae.net\/es\/#website"},"datePublished":"2016-09-22T14:29:21+00:00","dateModified":"2026-05-08T05:20:20+00:00","description":"Soluciones formativas para academias y centros de formaci\u00f3n: plataformas de ense\u00f1anza, videoconferencia y contenido de apoyo","breadcrumb":{"@id":"https:\/\/www.cae.net\/es\/sector-educativo-academias-idiomas\/#breadcrumb"},"inLanguage":"es","potentialAction":[{"@type":"ReadAction","target":["https:\/\/www.cae.net\/es\/sector-educativo-academias-idiomas\/"]}]},{"@type":"BreadcrumbList","@id":"https:\/\/www.cae.net\/es\/sector-educativo-academias-idiomas\/#breadcrumb","itemListElement":[{"@type":"ListItem","position":1,"name":"Portada","item":"https:\/\/www.cae.net\/es\/"},{"@type":"ListItem","position":2,"name":"SECTOR EDUCATIVO ACADEMIAS DE IDIOMAS"}]},{"@type":"WebSite","@id":"https:\/\/www.cae.net\/es\/#website","url":"https:\/\/www.cae.net\/es\/","name":"CAE Computer Aided E-learning","description":"Expertos en Elearning, Plataformas educativas, formaci\u00f3n en idiomas, contenidos  online y offline","potentialAction":[{"@type":"SearchAction","target":{"@type":"EntryPoint","urlTemplate":"https:\/\/www.cae.net\/es\/?s={search_term_string}"},"query-input":{"@type":"PropertyValueSpecification","valueRequired":true,"valueName":"search_term_string"}}],"inLanguage":"es"}]}},"_links":{"self":[{"href":"https:\/\/www.cae.net\/es\/wp-json\/wp\/v2\/pages\/6723","targetHints":{"allow":["GET"]}}],"collection":[{"href":"https:\/\/www.cae.net\/es\/wp-json\/wp\/v2\/pages"}],"about":[{"href":"https:\/\/www.cae.net\/es\/wp-json\/wp\/v2\/types\/page"}],"author":[{"embeddable":true,"href":"https:\/\/www.cae.net\/es\/wp-json\/wp\/v2\/users\/2"}],"replies":[{"embeddable":true,"href":"https:\/\/www.cae.net\/es\/wp-json\/wp\/v2\/comments?post=6723"}],"version-history":[{"count":2,"href":"https:\/\/www.cae.net\/es\/wp-json\/wp\/v2\/pages\/6723\/revisions"}],"predecessor-version":[{"id":330237,"href":"https:\/\/www.cae.net\/es\/wp-json\/wp\/v2\/pages\/6723\/revisions\/330237"}],"wp:attachment":[{"href":"https:\/\/www.cae.net\/es\/wp-json\/wp\/v2\/media?parent=6723"}],"curies":[{"name":"wp","href":"https:\/\/api.w.org\/{rel}","templated":true}]}}