{"id":7020,"date":"2016-09-30T11:23:29","date_gmt":"2016-09-30T11:23:29","guid":{"rendered":"https:\/\/www.cae.net\/?page_id=7020"},"modified":"2026-05-08T07:21:47","modified_gmt":"2026-05-08T05:21:47","slug":"empresas-soluciones-educativas","status":"publish","type":"page","link":"https:\/\/www.cae.net\/es\/empresas-soluciones-educativas\/","title":{"rendered":"Soluciones para empresas"},"content":{"rendered":"\n\n<div class=\"et_pb_section_1 et_pb_section et_section_regular et_block_section preset--module--divi-section--cca81d97-4d8b-452c-b4fa-21fcc81ab57c\">\n<div class=\"et_pb_row_1 et_pb_row et_block_row\">\n<div class=\"et_pb_column_2 et_pb_column et_pb_column_2_3 et_block_column et_pb_css_mix_blend_mode_passthrough\">\n\n\n<div class=\"et_pb_text_3 et_pb_text et_pb_bg_layout_dark et_pb_module et_block_module\"><div class=\"et_pb_text_inner\"><h1>Soluciones e-learning para empresas y grandes cuentas<\/h1>\n<\/div><\/div>\n\n<div class=\"et_pb_text_4 et_pb_text et_pb_bg_layout_dark et_pb_module et_block_module preset--module--divi-text--6baebc0b-74ca-4d64-9430-355b619eb221\"><div class=\"et_pb_text_inner\"><p>Formaci\u00f3n flexible y escalable para optimizar el aprendizaje corporativo y potenciar el desarrollo profesional.<\/p>\n<\/div><\/div>\n<\/div>\n\n<div class=\"et_pb_column_3 et_pb_column et_pb_column_1_3 et-last-child et_block_column et_pb_column_empty et_pb_css_mix_blend_mode_passthrough\"><\/div>\n<\/div>\n<\/div>\n\n<div class=\"et_pb_section_2 et_pb_section et_section_regular et_block_section preset--module--divi-section--cca81d97-4d8b-452c-b4fa-21fcc81ab57c\">\n<div class=\"et_pb_row_2 et_pb_row et_block_row\">\n<div class=\"et_pb_column_4 et_pb_column et_pb_column_4_4 et-last-child et_block_column et_pb_css_mix_blend_mode_passthrough\">\n<div class=\"et_pb_text_5 et_pb_text et_pb_bg_layout_dark et_pb_module et_block_module\"><div class=\"et_pb_text_inner\"><h3>Licencias formativas<\/h3>\n<\/div><\/div>\n\n<div class=\"et_pb_text_6 et_pb_text et_pb_bg_layout_dark et_pb_module et_block_module\"><div class=\"et_pb_text_inner\"><h1>Soluciones e-learning para empresas y grandes cuentas<\/h1>\n<\/div><\/div>\n\n<div class=\"et_pb_text_7 et_pb_text et_pb_bg_layout_dark et_pb_module et_block_module preset--module--divi-text--6baebc0b-74ca-4d64-9430-355b619eb221\"><div class=\"et_pb_text_inner\"><p>Formaci\u00f3n flexible y escalable para optimizar el aprendizaje corporativo y potenciar el desarrollo profesional.<\/p>\n<\/div><\/div>\n<\/div>\n<\/div>\n<\/div>\n\n<div class=\"et_pb_section_3 et_pb_section et_section_regular et_block_section preset--module--divi-section--default\">\n<div class=\"et_pb_row_3 et_pb_row et_block_row\">\n<div class=\"et_pb_column_5 et_pb_column et_pb_column_1_2 et_block_column et_pb_css_mix_blend_mode_passthrough\">\n<div class=\"et_pb_text_8 et_pb_text et_pb_bg_layout_light et_pb_module et_block_module\"><div class=\"et_pb_text_inner\"><p>Ayudamos a las empresas a adaptar el sistema de formaci\u00f3n tradicional a uno online a trav\u00e9s de la implementaci\u00f3n y el seguimiento, mediante los distintos recursos que ofrecemos.<\/p>\n<p>Nuestras <strong>soluciones educativas online y offline<\/strong> para organismos de formaci\u00f3n y grandes\u00a0empresas p\u00fablicas o privadas, disponen de un amplio cat\u00e1logo: desde la formaci\u00f3n en <a href=\"https:\/\/www.cae.net\/es\/idiomas\/ \">idiomas<\/a>\u00a0(ingl\u00e9s, franc\u00e9s, alem\u00e1n, espa\u00f1ol, italiano...),\u00a0<a href=\"https:\/\/www.cae.net\/es\/informatica\/\">inform\u00e1tica<\/a>, ofim\u00e1tica, dise\u00f1o en SCORM o en nuestra plataforma.<\/p>\n<\/div><\/div>\n<\/div>\n\n<div class=\"et_pb_column_6 et_pb_column et_pb_column_1_2 et-last-child et_block_column et_pb_css_mix_blend_mode_passthrough\">\n<div class=\"et_pb_divider_0 et_pb_divider_hidden et_pb_space et_pb_divider_position_top et_pb_module\"><div class=\"et_pb_divider_internal\"><\/div><\/div>\n\n<div class=\"et_pb_text_9 et_pb_text et_pb_bg_layout_light et_pb_module et_block_module\"><div class=\"et_pb_text_inner\"><p>Cursos e-learning\u00a0CAE para la <strong>formaci\u00f3n continua<\/strong> de su plantilla<\/p>\n<\/div><\/div>\n<\/div>\n<\/div>\n<\/div>\n\n<div class=\"et_pb_section_4 et_pb_section et_section_regular et_block_section preset--module--divi-section--default\">\n<div class=\"et_pb_row_4 et_pb_row et_pb_equal_columns et_pb_gutters2 et_block_row\">\n<div class=\"et_pb_column_7 et_pb_column et_pb_column_1_2 et_block_column et_pb_css_mix_blend_mode_passthrough\">\n<div class=\"et_pb_image_0 et_pb_image et_pb_module et_block_module\"><span class=\"et_pb_image_wrap\"><img loading=\"lazy\" decoding=\"async\" src=\"https:\/\/www.cae.net\/wp-content\/uploads\/2024\/04\/gran-corporacion.jpg\" width=\"1920\" height=\"1280\" srcset=\"https:\/\/www.cae.net\/wp-content\/uploads\/2024\/04\/gran-corporacion.jpg 1920w, https:\/\/www.cae.net\/wp-content\/uploads\/2024\/04\/gran-corporacion-1280x853.jpg 1280w, https:\/\/www.cae.net\/wp-content\/uploads\/2024\/04\/gran-corporacion-980x653.jpg 980w, https:\/\/www.cae.net\/wp-content\/uploads\/2024\/04\/gran-corporacion-480x320.jpg 480w\" sizes=\"(min-width: 0px) and (max-width: 480px) 480px, (min-width: 481px) and (max-width: 980px) 980px, (min-width: 981px) and (max-width: 1280px) 1280px, (min-width: 1281px) 1920px, 100vw\" class=\"wp-image-28173\" title=\"Soluciones elearning para empresas\" \/><\/span><\/div>\n<\/div>\n\n<div class=\"et_pb_column_8 et_pb_column et_pb_column_1_2 et-last-child et_block_column et_pb_css_mix_blend_mode_passthrough\">\n<div class=\"et_pb_text_10 et_pb_text et_pb_bg_layout_light et_pb_module et_block_module\"><div class=\"et_pb_text_inner\"><h2>Cursos online\u00a0IDIOMAS<\/h2>\n<p>Formaci\u00f3n continua online \/ offline en 8 idiomas para empresas.<\/p>\n<\/div><\/div>\n\n<div class=\"et_pb_text_11 et_pb_text et_pb_bg_layout_light et_pb_module et_block_module\"><div class=\"et_pb_text_inner\"><ul>\n<li>Requieren una m\u00ednima inversi\u00f3n y suponen un gran ahorro en costes, as\u00ed como una r\u00e1pida mejora de las aptitudes del equipo.<\/li>\n<\/ul>\n<\/div><\/div>\n\n<div class=\"et_pb_text_12 et_pb_text et_pb_bg_layout_light et_pb_module et_block_module\"><div class=\"et_pb_text_inner\"><h2>Cursos online LearningHub CAE<\/h2>\n<p><strong>Cat\u00e1logos con m\u00e1s de 1500 cursos<\/strong> pensados para el perfeccionamiento profesional en ofim\u00e1tica, idiomas, programaci\u00f3n, dise\u00f1o, servicios socioculturales, sanidad, industria, alimentaci\u00f3n, turismo o inform\u00e1tica, entre otros muchos.\u00a0<\/p>\n<\/div><\/div>\n\n<div class=\"et_pb_text_13 et_pb_text et_pb_bg_layout_light et_pb_module et_block_module\"><div class=\"et_pb_text_inner\"><ul>\n<li>Acciones formativas r\u00e1pidas, satisfactorias y exitosas.<\/li>\n<li>No precisan de instalaciones ni de requisitos especiales para ser ejecutados correctamente. Soporte t\u00e9cnico.<\/li>\n<li>SEPE. Recoger\u00e1 el 100 % de los datos que exige SEPE.<\/li>\n<li>SCORM\/LTI (en formaciones de idiomas, los SCORM tienen integrada una videoconferencia entre alumnado, aunque su LMS no posea estas funciones).<\/li>\n<\/ul>\n<\/div><\/div>\n\n<div class=\"et_pb_module et_pb_button_module_wrapper et_pb_button_0_wrapper\"><a class=\"et_pb_button_0 et_pb_button et_pb_bg_layout_light et_pb_module et_block_module\" href=\"https:\/\/www.cae.net\/es\/formulario-catalogos-cursos\/\" data-icon=\"$\">Solicitar cat\u00e1logo<\/a><\/div>\n\n\n<\/div>\n<\/div>\n<\/div>\n\n<div class=\"et_pb_section_5 et_pb_section et_section_regular et_block_section preset--module--divi-section--default\">\n<div class=\"et_pb_row_5 et_pb_row et_block_row\">\n<div class=\"et_pb_column_9 et_pb_column et_pb_column_4_4 et-last-child et_block_column et_pb_css_mix_blend_mode_passthrough\">\n<div class=\"et_pb_text_15 et_pb_text et_pb_bg_layout_light et_pb_module et_block_module\"><div class=\"et_pb_text_inner\"><h2>Mejore las aptitudes de su plantilla con nuevas habilidades<\/h2>\n<p>Beneficios de los cursos online: a trav\u00e9s del e-learning sus empleados mejoran sus habilidades, las usan de forma correcta y se sienten motivados.<\/p>\n<\/div><\/div>\n<\/div>\n<\/div>\n<\/div>\n\n<div class=\"et_pb_section_6 et_pb_section et_section_regular et_block_section preset--module--divi-section--default\">\n<div class=\"et_pb_row_6 et_pb_row et_block_row\">\n<div class=\"et_pb_column_10 et_pb_column et_pb_column_1_3 et_block_column et_pb_css_mix_blend_mode_passthrough\">\n<div class=\"et_pb_text_16 et_pb_text et_pb_bg_layout_light et_pb_module et_block_module\"><div class=\"et_pb_text_inner\"><h2>Mejore las aptitudes de su plantilla con nuevas habilidades<\/h2>\n<p>Beneficios de los cursos online: a trav\u00e9s del e-learning sus empleados mejoran sus habilidades, las usan de forma correcta y se sienten motivados.<\/p>\n<\/div><\/div>\n<\/div>\n\n<div class=\"et_pb_column_11 et_pb_column et_pb_column_1_3 et_block_column et_pb_css_mix_blend_mode_passthrough\">\n<div class=\"et_pb_blurb_0 et_pb_blurb et_pb_bg_layout_light et_pb_blurb_position_left et_pb_module et_block_module\"><div class=\"et_pb_blurb_content\"><div class=\"et_pb_main_blurb_image\"><span class=\"et_pb_image_wrap\"><span class=\"et-pb-icon et_animated et_animated\">\uf135<\/span><\/span><\/div><div class=\"et_pb_blurb_container\"><h3 class=\"et_pb_module_header\">Inteligencia artificial<\/h3><div class=\"et_pb_blurb_description\"><p class=\"et_pb_module_header f-size19\">\n<div style=\"text-align: left;\">Tareas de <em>writing<\/em> y <em>speaking<\/em> evaluadas y comentadas por IA, actividades de role-play con IA o tutorizaci\u00f3n virtual con IA.<\/div>\n<div style=\"text-align: left;\"><\/div>\n<\/div><\/div><\/div><\/div>\n<\/div>\n\n<div class=\"et_pb_column_12 et_pb_column et_pb_column_1_3 et-last-child et_block_column et_pb_css_mix_blend_mode_passthrough\">\n<div class=\"et_pb_blurb_1 et_pb_blurb et_pb_bg_layout_light et_pb_blurb_position_left et_pb_module et_block_module\"><div class=\"et_pb_blurb_content\"><div class=\"et_pb_main_blurb_image\"><span class=\"et_pb_image_wrap\"><span class=\"et-pb-icon et_animated et_animated\">\ue60d<\/span><\/span><\/div><div class=\"et_pb_blurb_container\"><h3 class=\"et_pb_module_header\">Flexibilidad<\/h3><div class=\"et_pb_blurb_description\"><div style=\"text-align: left;\">Acceso al estudio las 24 horas del d\u00eda, los 7 d\u00edas de la semana (todos los d\u00edas del a\u00f1o).<\/div>\n<div style=\"text-align: left;\"><\/div>\n<\/div><\/div><\/div><\/div>\n<\/div>\n<\/div>\n\n<div class=\"et_pb_row_7 et_pb_row et_block_row\">\n<div class=\"et_pb_column_13 et_pb_column et_pb_column_1_3 et_block_column et_pb_css_mix_blend_mode_passthrough\">\n<div class=\"et_pb_blurb_2 et_pb_blurb et_pb_bg_layout_light et_pb_blurb_position_left et_animated et_pb_module et_block_module\"><div class=\"et_pb_blurb_content\"><div class=\"et_pb_main_blurb_image\"><span class=\"et_pb_image_wrap\"><span class=\"et-pb-icon\">\ue00b<\/span><\/span><\/div><div class=\"et_pb_blurb_container\"><h3 class=\"et_pb_module_header\">Accesibilidad y movilidad<\/h3><div class=\"et_pb_blurb_description\"><p>Disponible en cualquier momento\/lugar y desde distintos dispositivos, con sincronizaci\u00f3n a su curso.<\/p>\n<\/div><\/div><\/div><\/div>\n<\/div>\n\n<div class=\"et_pb_column_14 et_pb_column et_pb_column_1_3 et_block_column et_pb_css_mix_blend_mode_passthrough\">\n<div class=\"et_pb_blurb_3 et_pb_blurb et_pb_bg_layout_light et_pb_blurb_position_left et_animated et_pb_module et_block_module\"><div class=\"et_pb_blurb_content\"><div class=\"et_pb_main_blurb_image\"><span class=\"et_pb_image_wrap\"><span class=\"et-pb-icon\">l<\/span><\/span><\/div><div class=\"et_pb_blurb_container\"><h3 class=\"et_pb_module_header\">Formaci\u00f3n y seguimiento<\/h3><div class=\"et_pb_blurb_description\"><p>Permite el seguimiento en su plataforma\/LMS facilitando el an\u00e1lisis del ROI de las formaciones.<\/p>\n<\/div><\/div><\/div><\/div>\n<\/div>\n\n<div class=\"et_pb_column_15 et_pb_column et_pb_column_1_3 et-last-child et_block_column et_pb_css_mix_blend_mode_passthrough\">\n<div class=\"et_pb_blurb_4 et_pb_blurb et_pb_bg_layout_light et_pb_blurb_position_left et_animated et_pb_module et_block_module\"><div class=\"et_pb_blurb_content\"><div class=\"et_pb_main_blurb_image\"><span class=\"et_pb_image_wrap\"><span class=\"et-pb-icon\">\ue106<\/span><\/span><\/div><div class=\"et_pb_blurb_container\"><h3 class=\"et_pb_module_header\">Mayor eficiencia y eficacia<\/h3><div class=\"et_pb_blurb_description\"><div style=\"text-align: left;\">Mejore la productividad y eficiencia de su plantilla perfeccionando sus competencias.<\/div>\n<\/div><\/div><\/div><\/div>\n<\/div>\n<\/div>\n\n<div class=\"et_pb_row_8 et_pb_row et_block_row\">\n<div class=\"et_pb_column_16 et_pb_column et_pb_column_1_3 et_block_column et_pb_css_mix_blend_mode_passthrough\">\n<div class=\"et_pb_blurb_5 et_pb_blurb et_pb_bg_layout_light et_pb_blurb_position_left et_animated et_pb_module et_block_module\"><div class=\"et_pb_blurb_content\"><div class=\"et_pb_main_blurb_image\"><span class=\"et_pb_image_wrap\"><span class=\"et-pb-icon\">:<\/span><\/span><\/div><div class=\"et_pb_blurb_container\"><h3 class=\"et_pb_module_header\">Mejora de soft skills<\/h3><div class=\"et_pb_blurb_description\"><p>Cursos de idiomas espec\u00edficos sobre<em> soft skills<\/em>, o \"habilidades blandas\" que cubren situaciones y tareas comunes.<\/p>\n<\/div><\/div><\/div><\/div>\n<\/div>\n\n<div class=\"et_pb_column_17 et_pb_column et_pb_column_1_3 et_block_column et_pb_css_mix_blend_mode_passthrough\">\n<div class=\"et_pb_blurb_6 et_pb_blurb et_pb_bg_layout_light et_pb_blurb_position_left et_animated et_pb_module et_block_module\"><div class=\"et_pb_blurb_content\"><div class=\"et_pb_main_blurb_image\"><span class=\"et_pb_image_wrap\"><span class=\"et-pb-icon\">\ue038<\/span><\/span><\/div><div class=\"et_pb_blurb_container\"><h3 class=\"et_pb_module_header\">Contenidos multimedia<\/h3><div class=\"et_pb_blurb_description\"><p>Tecnolog\u00eda adaptada a las actuales necesidades de las grandes corporaciones.<\/p>\n<\/div><\/div><\/div><\/div>\n<\/div>\n\n<div class=\"et_pb_column_18 et_pb_column et_pb_column_1_3 et-last-child et_block_column et_pb_css_mix_blend_mode_passthrough\">\n<div class=\"et_pb_blurb_7 et_pb_blurb et_pb_bg_layout_light et_pb_blurb_position_left et_animated et_pb_module et_block_module\"><div class=\"et_pb_blurb_content\"><div class=\"et_pb_main_blurb_image\"><span class=\"et_pb_image_wrap\"><span class=\"et-pb-icon\">\ue0e3<\/span><\/span><\/div><div class=\"et_pb_blurb_container\"><h3 class=\"et_pb_module_header\">Globalizaci\u00f3n de la formaci\u00f3n<\/h3><div class=\"et_pb_blurb_description\"><p>Distribuya y forme de forma masiva a sus empleados a nivel internacional, sin necesidad de destinar recursos f\u00edsicos.<\/p>\n<\/div><\/div><\/div><\/div>\n<\/div>\n<\/div>\n\n<div class=\"et_pb_row_9 et_pb_row et_block_row\">\n<div class=\"et_pb_column_19 et_pb_column et_pb_column_1_3 et_block_column et_pb_css_mix_blend_mode_passthrough\">\n<div class=\"et_pb_blurb_8 et_pb_blurb et_pb_bg_layout_light et_pb_blurb_position_left et_animated et_pb_module et_block_module\"><div class=\"et_pb_blurb_content\"><div class=\"et_pb_main_blurb_image\"><span class=\"et_pb_image_wrap\"><span class=\"et-pb-icon\">w<\/span><\/span><\/div><div class=\"et_pb_blurb_container\"><h3 class=\"et_pb_module_header\">Desarrollo del conocimiento<\/h3><div class=\"et_pb_blurb_description\"><p>El e-learning fomenta el intercambio de ideas, opiniones y experiencias a nivel internacional.<\/p>\n<\/div><\/div><\/div><\/div>\n<\/div>\n\n<div class=\"et_pb_column_20 et_pb_column et_pb_column_1_3 et_block_column et_pb_css_mix_blend_mode_passthrough\">\n<div class=\"et_pb_blurb_9 et_pb_blurb et_pb_bg_layout_light et_pb_blurb_position_left et_animated et_pb_module et_block_module\"><div class=\"et_pb_blurb_content\"><div class=\"et_pb_main_blurb_image\"><span class=\"et_pb_image_wrap\"><span class=\"et-pb-icon\">\ue0ed<\/span><\/span><\/div><div class=\"et_pb_blurb_container\"><h3 class=\"et_pb_module_header\">Ahorro tiempo y costes<\/h3><div class=\"et_pb_blurb_description\"><p>Forme a sus empleados sin necesidad de costes log\u00edsticos o metodol\u00f3gicos. Efectivo y rentable.<\/p>\n<\/div><\/div><\/div><\/div>\n<\/div>\n\n<div class=\"et_pb_column_21 et_pb_column et_pb_column_1_3 et-last-child et_block_column et_pb_css_mix_blend_mode_passthrough\">\n<div class=\"et_pb_blurb_10 et_pb_blurb et_pb_bg_layout_light et_pb_blurb_position_left et_animated et_pb_module et_block_module\"><div class=\"et_pb_blurb_content\"><div class=\"et_pb_main_blurb_image\"><span class=\"et_pb_image_wrap\"><span class=\"et-pb-icon\">&gt;<\/span><\/span><\/div><div class=\"et_pb_blurb_container\"><h3 class=\"et_pb_module_header\">Garant\u00eda de calidad<\/h3><div class=\"et_pb_blurb_description\"><p>M\u00e1s de 40 a\u00f1os de experiencia en proyectos formativos y en t\u00e9cnicas pedag\u00f3gicas aplicadas.<\/p>\n<\/div><\/div><\/div><\/div>\n<\/div>\n<\/div>\n\n\n<\/div>\n\n<div class=\"et_pb_section_7 et_pb_section et_section_regular et_block_section preset--module--divi-section--default\">\n<div class=\"et_pb_row_11 et_pb_row et_block_row\">\n<div class=\"et_pb_column_25 et_pb_column et_pb_column_4_4 et-last-child et_block_column et_pb_css_mix_blend_mode_passthrough\">\n<div class=\"et_pb_cta_0 et_pb_promo et_pb_bg_layout_dark et_pb_module et_block_module\"><div class=\"et_pb_promo_description\"><div class=\"et_pb_promo_content\"><p>Soluciones formativas de gran calidad para su organizaci\u00f3n<\/p>\n<\/div><\/div><div class=\"et_pb_button_wrapper\"><a class=\"et_pb_button et_pb_promo_button\" href=\"https:\/\/www.cae.net\/es\/contacto-cae\/\">SOLICITAR INFORMACI\u00d3N<\/a><\/div><\/div>\n<\/div>\n<\/div>\n<\/div>\n\n\n\n","protected":false},"excerpt":{"rendered":"","protected":false},"author":2,"featured_media":0,"parent":0,"menu_order":0,"comment_status":"closed","ping_status":"closed","template":"","meta":{"footnotes":""},"class_list":["post-7020","page","type-page","status-publish","hentry"],"yoast_head":"<!-- This site is optimized with the Yoast SEO plugin v27.5 - https:\/\/yoast.com\/product\/yoast-seo-wordpress\/ -->\n<title>Soluciones elearning para empresas y corporaciones | CAE<\/title>\n<meta name=\"description\" content=\"CAE ofrece un amplio cat\u00e1logo de soluciones elearning para empresas y corporaciones. Soluciones educativas online y offline\" \/>\n<meta name=\"robots\" content=\"index, follow, max-snippet:-1, max-image-preview:large, max-video-preview:-1\" \/>\n<link rel=\"canonical\" href=\"https:\/\/www.cae.net\/es\/empresas-soluciones-educativas\/\" \/>\n<meta property=\"og:locale\" content=\"es_ES\" \/>\n<meta property=\"og:type\" content=\"article\" \/>\n<meta property=\"og:title\" content=\"Soluciones elearning para empresas y corporaciones | CAE\" \/>\n<meta property=\"og:description\" content=\"CAE ofrece un amplio cat\u00e1logo de soluciones elearning para empresas y corporaciones. Soluciones educativas online y offline\" \/>\n<meta property=\"og:url\" content=\"https:\/\/www.cae.net\/es\/empresas-soluciones-educativas\/\" \/>\n<meta property=\"og:site_name\" content=\"CAE Computer Aided E-learning\" \/>\n<meta property=\"article:publisher\" content=\"https:\/\/www.facebook.com\/elearning.cae\" \/>\n<meta property=\"article:modified_time\" content=\"2026-05-08T05:21:47+00:00\" \/>\n<meta property=\"og:image\" content=\"https:\/\/www.cae.net\/wp-content\/uploads\/2015\/04\/logo-5.png\" \/>\n\t<meta property=\"og:image:width\" content=\"247\" \/>\n\t<meta property=\"og:image:height\" content=\"71\" \/>\n\t<meta property=\"og:image:type\" content=\"image\/png\" \/>\n<meta name=\"twitter:card\" content=\"summary_large_image\" \/>\n<meta name=\"twitter:site\" content=\"@elearning_cae\" \/>\n<meta name=\"twitter:label1\" content=\"Tiempo de lectura\" \/>\n\t<meta name=\"twitter:data1\" content=\"5 minutos\" \/>\n<script type=\"application\/ld+json\" class=\"yoast-schema-graph\">{\"@context\":\"https:\\\/\\\/schema.org\",\"@graph\":[{\"@type\":\"WebPage\",\"@id\":\"https:\\\/\\\/www.cae.net\\\/es\\\/empresas-soluciones-educativas\\\/\",\"url\":\"https:\\\/\\\/www.cae.net\\\/es\\\/empresas-soluciones-educativas\\\/\",\"name\":\"Soluciones elearning para empresas y corporaciones | CAE\",\"isPartOf\":{\"@id\":\"https:\\\/\\\/www.cae.net\\\/es\\\/#website\"},\"datePublished\":\"2016-09-30T11:23:29+00:00\",\"dateModified\":\"2026-05-08T05:21:47+00:00\",\"description\":\"CAE ofrece un amplio cat\u00e1logo de soluciones elearning para empresas y corporaciones. Soluciones educativas online y offline\",\"breadcrumb\":{\"@id\":\"https:\\\/\\\/www.cae.net\\\/es\\\/empresas-soluciones-educativas\\\/#breadcrumb\"},\"inLanguage\":\"es\",\"potentialAction\":[{\"@type\":\"ReadAction\",\"target\":[\"https:\\\/\\\/www.cae.net\\\/es\\\/empresas-soluciones-educativas\\\/\"]}]},{\"@type\":\"BreadcrumbList\",\"@id\":\"https:\\\/\\\/www.cae.net\\\/es\\\/empresas-soluciones-educativas\\\/#breadcrumb\",\"itemListElement\":[{\"@type\":\"ListItem\",\"position\":1,\"name\":\"Portada\",\"item\":\"https:\\\/\\\/www.cae.net\\\/es\\\/\"},{\"@type\":\"ListItem\",\"position\":2,\"name\":\"Soluciones para empresas\"}]},{\"@type\":\"WebSite\",\"@id\":\"https:\\\/\\\/www.cae.net\\\/es\\\/#website\",\"url\":\"https:\\\/\\\/www.cae.net\\\/es\\\/\",\"name\":\"CAE Computer Aided E-learning\",\"description\":\"Expertos en Elearning, Plataformas educativas, formaci\u00f3n en idiomas, contenidos  online y offline\",\"potentialAction\":[{\"@type\":\"SearchAction\",\"target\":{\"@type\":\"EntryPoint\",\"urlTemplate\":\"https:\\\/\\\/www.cae.net\\\/es\\\/?s={search_term_string}\"},\"query-input\":{\"@type\":\"PropertyValueSpecification\",\"valueRequired\":true,\"valueName\":\"search_term_string\"}}],\"inLanguage\":\"es\"}]}<\/script>\n<!-- \/ Yoast SEO plugin. -->","yoast_head_json":{"title":"Soluciones elearning para empresas y corporaciones | CAE","description":"CAE ofrece un amplio cat\u00e1logo de soluciones elearning para empresas y corporaciones. Soluciones educativas online y offline","robots":{"index":"index","follow":"follow","max-snippet":"max-snippet:-1","max-image-preview":"max-image-preview:large","max-video-preview":"max-video-preview:-1"},"canonical":"https:\/\/www.cae.net\/es\/empresas-soluciones-educativas\/","og_locale":"es_ES","og_type":"article","og_title":"Soluciones elearning para empresas y corporaciones | CAE","og_description":"CAE ofrece un amplio cat\u00e1logo de soluciones elearning para empresas y corporaciones. Soluciones educativas online y offline","og_url":"https:\/\/www.cae.net\/es\/empresas-soluciones-educativas\/","og_site_name":"CAE Computer Aided E-learning","article_publisher":"https:\/\/www.facebook.com\/elearning.cae","article_modified_time":"2026-05-08T05:21:47+00:00","og_image":[{"width":247,"height":71,"url":"https:\/\/www.cae.net\/wp-content\/uploads\/2015\/04\/logo-5.png","type":"image\/png"}],"twitter_card":"summary_large_image","twitter_site":"@elearning_cae","twitter_misc":{"Tiempo de lectura":"5 minutos"},"schema":{"@context":"https:\/\/schema.org","@graph":[{"@type":"WebPage","@id":"https:\/\/www.cae.net\/es\/empresas-soluciones-educativas\/","url":"https:\/\/www.cae.net\/es\/empresas-soluciones-educativas\/","name":"Soluciones elearning para empresas y corporaciones | CAE","isPartOf":{"@id":"https:\/\/www.cae.net\/es\/#website"},"datePublished":"2016-09-30T11:23:29+00:00","dateModified":"2026-05-08T05:21:47+00:00","description":"CAE ofrece un amplio cat\u00e1logo de soluciones elearning para empresas y corporaciones. Soluciones educativas online y offline","breadcrumb":{"@id":"https:\/\/www.cae.net\/es\/empresas-soluciones-educativas\/#breadcrumb"},"inLanguage":"es","potentialAction":[{"@type":"ReadAction","target":["https:\/\/www.cae.net\/es\/empresas-soluciones-educativas\/"]}]},{"@type":"BreadcrumbList","@id":"https:\/\/www.cae.net\/es\/empresas-soluciones-educativas\/#breadcrumb","itemListElement":[{"@type":"ListItem","position":1,"name":"Portada","item":"https:\/\/www.cae.net\/es\/"},{"@type":"ListItem","position":2,"name":"Soluciones para empresas"}]},{"@type":"WebSite","@id":"https:\/\/www.cae.net\/es\/#website","url":"https:\/\/www.cae.net\/es\/","name":"CAE Computer Aided E-learning","description":"Expertos en Elearning, Plataformas educativas, formaci\u00f3n en idiomas, contenidos  online y offline","potentialAction":[{"@type":"SearchAction","target":{"@type":"EntryPoint","urlTemplate":"https:\/\/www.cae.net\/es\/?s={search_term_string}"},"query-input":{"@type":"PropertyValueSpecification","valueRequired":true,"valueName":"search_term_string"}}],"inLanguage":"es"}]}},"_links":{"self":[{"href":"https:\/\/www.cae.net\/es\/wp-json\/wp\/v2\/pages\/7020","targetHints":{"allow":["GET"]}}],"collection":[{"href":"https:\/\/www.cae.net\/es\/wp-json\/wp\/v2\/pages"}],"about":[{"href":"https:\/\/www.cae.net\/es\/wp-json\/wp\/v2\/types\/page"}],"author":[{"embeddable":true,"href":"https:\/\/www.cae.net\/es\/wp-json\/wp\/v2\/users\/2"}],"replies":[{"embeddable":true,"href":"https:\/\/www.cae.net\/es\/wp-json\/wp\/v2\/comments?post=7020"}],"version-history":[{"count":2,"href":"https:\/\/www.cae.net\/es\/wp-json\/wp\/v2\/pages\/7020\/revisions"}],"predecessor-version":[{"id":330238,"href":"https:\/\/www.cae.net\/es\/wp-json\/wp\/v2\/pages\/7020\/revisions\/330238"}],"wp:attachment":[{"href":"https:\/\/www.cae.net\/es\/wp-json\/wp\/v2\/media?parent=7020"}],"curies":[{"name":"wp","href":"https:\/\/api.w.org\/{rel}","templated":true}]}}