{"id":836,"date":"2015-06-01T15:40:49","date_gmt":"2015-06-01T15:40:49","guid":{"rendered":"https:\/\/www.cae.net\/?page_id=836"},"modified":"2026-03-26T10:12:01","modified_gmt":"2026-03-26T09:12:01","slug":"soluciones-elearning-blog-cae","status":"publish","type":"page","link":"https:\/\/www.cae.net\/es\/soluciones-elearning-blog-cae\/","title":{"rendered":"BLOG"},"content":{"rendered":"<p>[et_pb_section fb_built=\u00bb1&#8243; disabled_on=\u00bboff|off|off\u00bb _builder_version=\u00bb4.25.2&#8243; _module_preset=\u00bbdefault\u00bb custom_padding=\u00bb42px||10px|||\u00bb border_width_bottom=\u00bb1px\u00bb border_color_bottom=\u00bbrgba(0,0,0,0.08)\u00bb global_colors_info=\u00bb{}\u00bb][et_pb_row _builder_version=\u00bb4.25.2&#8243; _module_preset=\u00bbdefault\u00bb global_colors_info=\u00bb{}\u00bb][et_pb_column type=\u00bb4_4&#8243; _builder_version=\u00bb4.25.2&#8243; _module_preset=\u00bbdefault\u00bb global_colors_info=\u00bb{}\u00bb][et_pb_text _builder_version=\u00bb4.27.5&#8243; header_font=\u00bb|700|||||||\u00bb header_text_color=\u00bb#000000&#8243; header_2_font=\u00bb|600|||||||\u00bb header_2_text_color=\u00bb#000000&#8243; header_2_font_size=\u00bb27px\u00bb locked=\u00bboff\u00bb global_colors_info=\u00bb{}\u00bb]<\/p>\n<h1 style=\"text-align: center;\">Blog CAE sobre e-learning<\/h1>\n<p style=\"text-align: center;\">[\/et_pb_text][\/et_pb_column][\/et_pb_row][et_pb_row column_structure=\u00bb2_3,1_3&#8243; _builder_version=\u00bb4.25.2&#8243; _module_preset=\u00bbdefault\u00bb custom_padding=\u00bb||6px|||\u00bb global_colors_info=\u00bb{}\u00bb][et_pb_column type=\u00bb2_3&#8243; _builder_version=\u00bb4.25.2&#8243; _module_preset=\u00bbdefault\u00bb global_colors_info=\u00bb{}\u00bb][et_pb_blog posts_number=\u00bb1&#8243; include_categories=\u00bb8&#8243; use_manual_excerpt=\u00bboff\u00bb show_author=\u00bboff\u00bb show_excerpt=\u00bboff\u00bb show_pagination=\u00bboff\u00bb _builder_version=\u00bb4.27.6&#8243; _module_preset=\u00bbdefault\u00bb header_font=\u00bb|600|||||||\u00bb header_text_align=\u00bbleft\u00bb header_font_size=\u00bb27px\u00bb meta_text_color=\u00bb#57AD31&#8243; meta_font_size=\u00bb13px\u00bb read_more_font=\u00bb|||on|||||\u00bb read_more_font_size=\u00bb17px\u00bb text_orientation=\u00bbcenter\u00bb width=\u00bb100%\u00bb max_width=\u00bb100%\u00bb module_alignment=\u00bbcenter\u00bb hover_enabled=\u00bb0&#8243; header_text_align_tablet=\u00bbleft\u00bb header_text_align_phone=\u00bbcenter\u00bb header_text_align_last_edited=\u00bbon|phone\u00bb border_radii_fullwidth=\u00bbon|16px|16px|16px|16px\u00bb global_colors_info=\u00bb{}\u00bb show_date=\u00bboff\u00bb sticky_enabled=\u00bb0&#8243;][\/et_pb_blog][et_pb_blog fullwidth=\u00bboff\u00bb include_categories=\u00bb8&#8243; excerpt_length=\u00bb200&#8243; show_author=\u00bboff\u00bb offset_number=\u00bb1&#8243; _builder_version=\u00bb4.27.6&#8243; header_font=\u00bb|600|||||||\u00bb header_text_color=\u00bb#000000&#8243; header_font_size=\u00bb24px\u00bb header_line_height=\u00bb1.1em\u00bb body_font=\u00bb||||||||\u00bb body_font_size=\u00bb15px\u00bb meta_font=\u00bb||||||||\u00bb meta_text_color=\u00bb#61be1a\u00bb meta_font_size=\u00bb13px\u00bb pagination_font=\u00bb||||||||\u00bb pagination_font_size=\u00bb14px\u00bb text_orientation=\u00bbleft\u00bb width=\u00bb99%\u00bb custom_margin=\u00bb18px||||false|false\u00bb hover_enabled=\u00bb0&#8243; header_text_align_tablet=\u00bbcenter\u00bb header_text_align_phone=\u00bbcenter\u00bb header_text_align_last_edited=\u00bbon|desktop\u00bb pagination_font_size_tablet=\u00bb51&#8243; pagination_line_height_tablet=\u00bb2&#8243; border_width_all=\u00bb0px\u00bb border_radii_image=\u00bboff|18px|18px||\u00bb use_dropshadow=\u00bboff\u00bb global_colors_info=\u00bb{}\u00bb show_date=\u00bboff\u00bb sticky_enabled=\u00bb0&#8243;][\/et_pb_blog][\/et_pb_column][et_pb_column type=\u00bb1_3&#8243; _builder_version=\u00bb4.25.2&#8243; _module_preset=\u00bbdefault\u00bb global_colors_info=\u00bb{}\u00bb][et_pb_text disabled_on=\u00bboff|off|off\u00bb _builder_version=\u00bb4.27.5&#8243; background_size=\u00bbinitial\u00bb background_position=\u00bbtop_left\u00bb background_repeat=\u00bbrepeat\u00bb module_alignment=\u00bbleft\u00bb custom_margin=\u00bb||15px|||\u00bb use_border_color=\u00bboff\u00bb locked=\u00bboff\u00bb global_colors_info=\u00bb{}\u00bb]<\/p>\n<h2>Sobre el Blog de CAE&#8230;<\/h2>\n<div style=\"text-align: center;\"><\/div>\n<p>[\/et_pb_text][et_pb_text disabled_on=\u00bboff|off|off\u00bb _builder_version=\u00bb4.24.3&#8243; header_font=\u00bb|700|||||||\u00bb header_text_color=\u00bb#000000&#8243; header_2_font=\u00bb|600|||||||\u00bb header_2_text_color=\u00bb#000000&#8243; header_2_font_size=\u00bb27px\u00bb custom_margin=\u00bb||1px|||\u00bb custom_padding=\u00bb||85px|||\u00bb locked=\u00bboff\u00bb global_colors_info=\u00bb{}\u00bb]<\/p>\n<p>Art\u00edculos y an\u00e1lisis sobre e-learning, plataformas educativas, campus virtuales, creadores de contenido interactivo y todo lo relacionado con las nuevas tecnolog\u00edas aplicadas al mundo de la formaci\u00f3n.<\/p>\n<p>Nuestros expertos, con d\u00e9cadas de experiencia en el sector, nos introducen en las herramientas m\u00e1s eficaces para dar clase online, blended y laboratorios, las ventajas de pasarse al e-learning o las caracter\u00edsticas imprescindibles de una completa plataforma de ense\u00f1anza para universidades, academias o empresas.<\/p>\n<p>[\/et_pb_text][et_pb_text _builder_version=\u00bb4.24.3&#8243; _module_preset=\u00bbdefault\u00bb custom_margin=\u00bb||12px|||\u00bb locked=\u00bboff\u00bb global_colors_info=\u00bb{}\u00bb]<\/p>\n<h2><strong>E-books sobre e-learning<\/strong> y ense\u00f1anza de idiomas blended, presencial, online<\/h2>\n<p>[\/et_pb_text][et_pb_text _builder_version=\u00bb4.27.5&#8243; _module_preset=\u00bbdefault\u00bb header_2_font=\u00bb|600|||||||\u00bb header_2_text_color=\u00bb#000000&#8243; header_2_font_size=\u00bb27px\u00bb locked=\u00bboff\u00bb global_colors_info=\u00bb{}\u00bb]<\/p>\n<p>Descargue de forma gratuita todos nuestros e-books sobre e-learning, transformaci\u00f3n digital en la ense\u00f1anza, tendencias en el aprendizaje de idiomas, blended learning o el aula invertida<\/p>\n<p>[\/et_pb_text][et_pb_button button_url=\u00bbhttps:\/\/www.cae.net\/es\/notas-prensa\/\u00bb button_text=\u00bbDescargar E-books\u00bb button_alignment=\u00bbcenter\u00bb _builder_version=\u00bb4.24.3&#8243; custom_button=\u00bbon\u00bb button_text_color=\u00bb#ffffff\u00bb button_bg_color=\u00bb#80ad39&#8243; button_border_width=\u00bb0px\u00bb button_border_radius=\u00bb9px\u00bb button_use_icon=\u00bboff\u00bb custom_margin=\u00bb||87px|||\u00bb locked=\u00bboff\u00bb global_colors_info=\u00bb{}\u00bb button_text_size__hover_enabled=\u00bboff\u00bb button_one_text_size__hover_enabled=\u00bboff\u00bb button_two_text_size__hover_enabled=\u00bboff\u00bb button_text_color__hover_enabled=\u00bboff\u00bb button_one_text_color__hover_enabled=\u00bboff\u00bb button_two_text_color__hover_enabled=\u00bboff\u00bb button_border_width__hover_enabled=\u00bboff\u00bb button_one_border_width__hover_enabled=\u00bboff\u00bb button_two_border_width__hover_enabled=\u00bboff\u00bb button_border_color__hover_enabled=\u00bboff\u00bb button_one_border_color__hover_enabled=\u00bboff\u00bb button_two_border_color__hover_enabled=\u00bboff\u00bb button_border_radius__hover_enabled=\u00bboff\u00bb button_one_border_radius__hover_enabled=\u00bboff\u00bb button_two_border_radius__hover_enabled=\u00bboff\u00bb button_letter_spacing__hover_enabled=\u00bboff\u00bb button_one_letter_spacing__hover_enabled=\u00bboff\u00bb button_two_letter_spacing__hover_enabled=\u00bboff\u00bb button_bg_color__hover_enabled=\u00bboff\u00bb button_one_bg_color__hover_enabled=\u00bboff\u00bb button_two_bg_color__hover_enabled=\u00bboff\u00bb][\/et_pb_button][et_pb_text _builder_version=\u00bb4.27.5&#8243; _module_preset=\u00bbdefault\u00bb custom_margin=\u00bb||22px|||\u00bb locked=\u00bboff\u00bb global_colors_info=\u00bb{}\u00bb]<\/p>\n<h2><strong>Congreso CAE<\/strong> EdTech profesionales de la educaci\u00f3n<\/h2>\n<p>[\/et_pb_text][et_pb_button button_url=\u00bbhttps:\/\/www.cae.net\/es\/webinars\/\u00bb button_text=\u00bbPr\u00f3ximos foros\u00bb button_alignment=\u00bbcenter\u00bb _builder_version=\u00bb4.27.5&#8243; custom_button=\u00bbon\u00bb button_text_color=\u00bb#ffffff\u00bb button_bg_color=\u00bb#80ad39&#8243; button_border_width=\u00bb0px\u00bb button_border_radius=\u00bb9px\u00bb button_use_icon=\u00bboff\u00bb custom_margin=\u00bb||87px|||\u00bb locked=\u00bboff\u00bb global_colors_info=\u00bb{}\u00bb button_text_size__hover_enabled=\u00bboff\u00bb button_one_text_size__hover_enabled=\u00bboff\u00bb button_two_text_size__hover_enabled=\u00bboff\u00bb button_text_color__hover_enabled=\u00bboff\u00bb button_one_text_color__hover_enabled=\u00bboff\u00bb button_two_text_color__hover_enabled=\u00bboff\u00bb button_border_width__hover_enabled=\u00bboff\u00bb button_one_border_width__hover_enabled=\u00bboff\u00bb button_two_border_width__hover_enabled=\u00bboff\u00bb button_border_color__hover_enabled=\u00bboff\u00bb button_one_border_color__hover_enabled=\u00bboff\u00bb button_two_border_color__hover_enabled=\u00bboff\u00bb button_border_radius__hover_enabled=\u00bboff\u00bb button_one_border_radius__hover_enabled=\u00bboff\u00bb button_two_border_radius__hover_enabled=\u00bboff\u00bb button_letter_spacing__hover_enabled=\u00bboff\u00bb button_one_letter_spacing__hover_enabled=\u00bboff\u00bb button_two_letter_spacing__hover_enabled=\u00bboff\u00bb button_bg_color__hover_enabled=\u00bboff\u00bb button_one_bg_color__hover_enabled=\u00bboff\u00bb button_two_bg_color__hover_enabled=\u00bboff\u00bb][\/et_pb_button][et_pb_signup mailchimp_list=\u00bbCAE15|2274a8bd04&#8243; first_name_fullwidth=\u00bboff\u00bb last_name_field=\u00bboff\u00bb email_fullwidth=\u00bboff\u00bb use_custom_fields=\u00bbon\u00bb title=\u00bbSuscr\u00edbase a nuestra newsletter\u00bb description=\u00bb<\/p>\n<p>para estar al d\u00eda de todas las novedades referentes al mundo educativo<\/p>\n<p>\u00bb first_name_fullwidth_tablet=\u00bboff\u00bb first_name_fullwidth_phone=\u00bbon\u00bb first_name_fullwidth_last_edited=\u00bbon|phone\u00bb email_fullwidth_tablet=\u00bboff\u00bb email_fullwidth_phone=\u00bbon\u00bb email_fullwidth_last_edited=\u00bbon|phone\u00bb disabled_on=\u00bbon|on|off\u00bb _builder_version=\u00bb4.24.3&#8243; _module_preset=\u00bbdefault\u00bb background_color=\u00bb#273d43&#8243; border_radii=\u00bbon|8px|8px|8px|8px\u00bb locked=\u00bboff\u00bb global_colors_info=\u00bb{}\u00bb][et_pb_signup_custom_field field_id=\u00bbf78975cfcf\u00bb field_title=\u00bbPol\u00edtica de privacidad\u00bb field_type=\u00bbcheckbox\u00bb checkbox_options=\u00bb%91{%22checked%22:0,%22value%22:%22He le\u00eddo y acepto la pol\u00edtica de privacidad%22,%22id%22:%22b220935292%22}%93&#8243; _builder_version=\u00bb4.16&#8243; _module_preset=\u00bbdefault\u00bb form_field_font_size=\u00bb13px\u00bb global_colors_info=\u00bb{}\u00bb predefined_field=\u00bbf78975cfcf\u00bb][\/et_pb_signup_custom_field][\/et_pb_signup][et_pb_text disabled_on=\u00bbon|on|on\u00bb _builder_version=\u00bb4.24.3&#8243; header_2_font=\u00bb|600|||||||\u00bb header_2_text_color=\u00bb#000000&#8243; header_2_font_size=\u00bb27px\u00bb use_border_color=\u00bboff\u00bb disabled=\u00bbon\u00bb global_colors_info=\u00bb{}\u00bb]<\/p>\n<div>Como pioneros y especialistas dentro del sector del e-learning hemos creado un espacio en el que compartir art\u00edculos, consejos y contenidos\u00a0de inter\u00e9s sobre plataformas educativas, LMS, LCMS, contenidos y cursos e-learning, tendencias de formaci\u00f3n, laboratorios de idiomas y de inform\u00e1tica, etc. Nuestro principal objetivo es que los profesionales de empresas y de instituciones educativas puedan distinguir y entender lo que necesitan, para as\u00ed ayudarles a mejorar su formaci\u00f3n y sacar el m\u00e1ximo partido a la tecnolog\u00eda especializada en educaci\u00f3n.<\/div>\n<div style=\"text-align: center;\"><\/div>\n<p>[\/et_pb_text][\/et_pb_column][\/et_pb_row][\/et_pb_section][et_pb_section fb_built=\u00bb1&#8243; disabled_on=\u00bboff|off|on\u00bb _builder_version=\u00bb4.24.3&#8243; _module_preset=\u00bbdefault\u00bb background_color=\u00bb#273C43&#8243; global_colors_info=\u00bb{}\u00bb][et_pb_row _builder_version=\u00bb4.24.3&#8243; _module_preset=\u00bbdefault\u00bb global_colors_info=\u00bb{}\u00bb][et_pb_column type=\u00bb4_4&#8243; _builder_version=\u00bb4.24.3&#8243; _module_preset=\u00bbdefault\u00bb global_colors_info=\u00bb{}\u00bb][et_pb_signup mailchimp_list=\u00bbCAE15|2274a8bd04&#8243; first_name_fullwidth=\u00bboff\u00bb last_name_field=\u00bboff\u00bb email_fullwidth=\u00bboff\u00bb use_custom_fields=\u00bbon\u00bb title=\u00bbSuscr\u00edbase a nuestra newsletter\u00bb description=\u00bb<\/p>\n<p>para estar al d\u00eda de todas las novedades referentes al mundo educativo<\/p>\n<p>\u00bb first_name_fullwidth_tablet=\u00bboff\u00bb first_name_fullwidth_phone=\u00bbon\u00bb first_name_fullwidth_last_edited=\u00bbon|phone\u00bb email_fullwidth_tablet=\u00bboff\u00bb email_fullwidth_phone=\u00bbon\u00bb email_fullwidth_last_edited=\u00bbon|phone\u00bb _builder_version=\u00bb4.24.3&#8243; _module_preset=\u00bbdefault\u00bb background_color=\u00bb#273d43&#8243; border_radii=\u00bbon|8px|8px|8px|8px\u00bb locked=\u00bboff\u00bb global_colors_info=\u00bb{}\u00bb][et_pb_signup_custom_field field_id=\u00bbf78975cfcf\u00bb field_title=\u00bbPol\u00edtica de privacidad\u00bb field_type=\u00bbcheckbox\u00bb checkbox_options=\u00bb%91{%22checked%22:0,%22value%22:%22He le\u00eddo y acepto la pol\u00edtica de privacidad%22,%22id%22:%22b220935292%22}%93&#8243; _builder_version=\u00bb4.16&#8243; _module_preset=\u00bbdefault\u00bb form_field_font_size=\u00bb13px\u00bb global_colors_info=\u00bb{}\u00bb predefined_field=\u00bbf78975cfcf\u00bb][\/et_pb_signup_custom_field][\/et_pb_signup][\/et_pb_column][\/et_pb_row][\/et_pb_section][et_pb_section fb_built=\u00bb1&#8243; disabled_on=\u00bbon|on|on\u00bb admin_label=\u00bbsection\u00bb _builder_version=\u00bb4.16&#8243; disabled=\u00bbon\u00bb global_colors_info=\u00bb{}\u00bb][et_pb_row make_equal=\u00bbon\u00bb disabled_on=\u00bboff|off|off\u00bb admin_label=\u00bbrow\u00bb _builder_version=\u00bb4.16&#8243; background_size=\u00bbinitial\u00bb background_position=\u00bbtop_left\u00bb background_repeat=\u00bbrepeat\u00bb module_alignment=\u00bbcenter\u00bb global_colors_info=\u00bb{}\u00bb][et_pb_column type=\u00bb4_4&#8243; _builder_version=\u00bb4.16&#8243; custom_padding=\u00bb|||\u00bb global_colors_info=\u00bb{}\u00bb custom_padding__hover=\u00bb|||\u00bb][et_pb_blog fullwidth=\u00bboff\u00bb posts_number=\u00bb9&#8243; include_categories=\u00bb8&#8243; excerpt_length=\u00bb150&#8243; show_author=\u00bboff\u00bb show_categories=\u00bboff\u00bb masonry_tile_background_color=\u00bb#ffffff\u00bb _builder_version=\u00bb4.27.5&#8243; header_font=\u00bb|600|||||||\u00bb header_text_color=\u00bb#000000&#8243; header_font_size=\u00bb17px\u00bb header_line_height=\u00bb1.1em\u00bb body_font=\u00bb||||||||\u00bb body_font_size=\u00bb15px\u00bb meta_font=\u00bb||||||||\u00bb meta_text_color=\u00bb#61be1a\u00bb meta_font_size=\u00bb13px\u00bb pagination_font=\u00bb||||||||\u00bb pagination_font_size=\u00bb14px\u00bb text_orientation=\u00bbleft\u00bb pagination_font_size_tablet=\u00bb51&#8243; pagination_line_height_tablet=\u00bb2&#8243; border_width_all=\u00bb0px\u00bb use_dropshadow=\u00bboff\u00bb global_colors_info=\u00bb{}\u00bb][\/et_pb_blog][\/et_pb_column][\/et_pb_row][et_pb_row disabled_on=\u00bbon|on|on\u00bb admin_label=\u00bbrow\u00bb _builder_version=\u00bb4.16&#8243; background_size=\u00bbinitial\u00bb background_position=\u00bbtop_left\u00bb background_repeat=\u00bbrepeat\u00bb disabled=\u00bbon\u00bb global_colors_info=\u00bb{}\u00bb][et_pb_column type=\u00bb4_4&#8243; _builder_version=\u00bb4.16&#8243; custom_padding=\u00bb|||\u00bb global_colors_info=\u00bb{}\u00bb custom_padding__hover=\u00bb|||\u00bb][et_pb_text _builder_version=\u00bb4.20.4&#8243; background_size=\u00bbinitial\u00bb background_position=\u00bbtop_left\u00bb background_repeat=\u00bbrepeat\u00bb module_alignment=\u00bbleft\u00bb use_border_color=\u00bboff\u00bb global_colors_info=\u00bb{}\u00bb]<\/p>\n<h1 style=\"text-align: center;\"><strong>BLOG CAE<\/strong><\/h1>\n<div style=\"text-align: center;\">\n<h2 style=\"text-align: center;\"><\/h2>\n<\/div>\n<p>[\/et_pb_text][\/et_pb_column][\/et_pb_row][\/et_pb_section][et_pb_section fb_built=\u00bb1&#8243; disabled_on=\u00bbon|on|on\u00bb _builder_version=\u00bb4.16&#8243; _module_preset=\u00bbdefault\u00bb background_color=\u00bb#273d43&#8243; disabled=\u00bbon\u00bb global_colors_info=\u00bb{}\u00bb][et_pb_row _builder_version=\u00bb4.16&#8243; _module_preset=\u00bbdefault\u00bb global_colors_info=\u00bb{}\u00bb][et_pb_column type=\u00bb4_4&#8243; _builder_version=\u00bb4.16&#8243; _module_preset=\u00bbdefault\u00bb global_colors_info=\u00bb{}\u00bb][et_pb_signup mailchimp_list=\u00bbCAE15|2274a8bd04&#8243; first_name_fullwidth=\u00bboff\u00bb last_name_field=\u00bboff\u00bb email_fullwidth=\u00bboff\u00bb use_custom_fields=\u00bbon\u00bb title=\u00bbSuscr\u00edbase a nuestra newsletter\u00bb description=\u00bb<\/p>\n<p>Est\u00e9 al d\u00eda de todas las novedades referentes al mundo educativo<\/p>\n<p>\u00bb _builder_version=\u00bb4.16&#8243; _module_preset=\u00bbdefault\u00bb background_color=\u00bb#273d43&#8243; global_colors_info=\u00bb{}\u00bb][et_pb_signup_custom_field field_id=\u00bbf78975cfcf\u00bb field_title=\u00bbPol\u00edtica de privacidad\u00bb field_type=\u00bbcheckbox\u00bb checkbox_options=\u00bb%91{%22checked%22:0,%22value%22:%22He le\u00eddo y acepto la pol\u00edtica de privacidad%22,%22id%22:%22b220935292%22}%93&#8243; _builder_version=\u00bb4.16&#8243; _module_preset=\u00bbdefault\u00bb form_field_font_size=\u00bb13px\u00bb global_colors_info=\u00bb{}\u00bb predefined_field=\u00bbf78975cfcf\u00bb][\/et_pb_signup_custom_field][\/et_pb_signup][\/et_pb_column][\/et_pb_row][\/et_pb_section]<\/p>\n","protected":false},"excerpt":{"rendered":"<p>Blog CAE sobre e-learning Sobre el Blog de CAE&#8230; Art\u00edculos y an\u00e1lisis sobre e-learning, plataformas educativas, campus virtuales, creadores de contenido interactivo y todo lo relacionado con las nuevas tecnolog\u00edas aplicadas al mundo de la formaci\u00f3n. Nuestros expertos, con d\u00e9cadas de experiencia en el sector, nos introducen en las herramientas m\u00e1s eficaces para dar clase [&hellip;]<\/p>\n","protected":false},"author":2,"featured_media":0,"parent":0,"menu_order":0,"comment_status":"open","ping_status":"open","template":"","meta":{"_et_pb_use_builder":"on","_et_pb_old_content":"","_et_gb_content_width":"","footnotes":""},"class_list":["post-836","page","type-page","status-publish","hentry"],"yoast_head":"<!-- This site is optimized with the Yoast SEO plugin v27.4 - https:\/\/yoast.com\/product\/yoast-seo-wordpress\/ -->\n<title>Blog e-learning de soluciones educativas. Blog de CAE | CAE<\/title>\n<meta name=\"description\" content=\"Blog e-learning. Novedades y noticias sobre la formaci\u00f3n online y offline, plataformas educativas y contenidos online.\" \/>\n<meta name=\"robots\" content=\"index, follow, max-snippet:-1, max-image-preview:large, max-video-preview:-1\" \/>\n<link rel=\"canonical\" href=\"https:\/\/www.cae.net\/es\/soluciones-elearning-blog-cae\/\" \/>\n<meta property=\"og:locale\" content=\"es_ES\" \/>\n<meta property=\"og:type\" content=\"article\" \/>\n<meta property=\"og:title\" content=\"Blog e-learning de soluciones educativas. Blog de CAE | CAE\" \/>\n<meta property=\"og:description\" content=\"Blog e-learning. Novedades y noticias sobre la formaci\u00f3n online y offline, plataformas educativas y contenidos online.\" \/>\n<meta property=\"og:url\" content=\"https:\/\/www.cae.net\/es\/soluciones-elearning-blog-cae\/\" \/>\n<meta property=\"og:site_name\" content=\"CAE Computer Aided E-learning\" \/>\n<meta property=\"article:publisher\" content=\"https:\/\/www.facebook.com\/elearning.cae\" \/>\n<meta property=\"article:modified_time\" content=\"2026-03-26T09:12:01+00:00\" \/>\n<meta property=\"og:image\" content=\"https:\/\/www.cae.net\/wp-content\/uploads\/2015\/04\/logo-5.png\" \/>\n\t<meta property=\"og:image:width\" content=\"247\" \/>\n\t<meta property=\"og:image:height\" content=\"71\" \/>\n\t<meta property=\"og:image:type\" content=\"image\/png\" \/>\n<meta name=\"twitter:card\" content=\"summary_large_image\" \/>\n<meta name=\"twitter:site\" content=\"@elearning_cae\" \/>\n<meta name=\"twitter:label1\" content=\"Tiempo de lectura\" \/>\n\t<meta name=\"twitter:data1\" content=\"9 minutos\" \/>\n<script type=\"application\/ld+json\" class=\"yoast-schema-graph\">{\"@context\":\"https:\\\/\\\/schema.org\",\"@graph\":[{\"@type\":\"WebPage\",\"@id\":\"https:\\\/\\\/www.cae.net\\\/es\\\/soluciones-elearning-blog-cae\\\/\",\"url\":\"https:\\\/\\\/www.cae.net\\\/es\\\/soluciones-elearning-blog-cae\\\/\",\"name\":\"Blog e-learning de soluciones educativas. Blog de CAE | CAE\",\"isPartOf\":{\"@id\":\"https:\\\/\\\/www.cae.net\\\/es\\\/#website\"},\"datePublished\":\"2015-06-01T15:40:49+00:00\",\"dateModified\":\"2026-03-26T09:12:01+00:00\",\"description\":\"Blog e-learning. Novedades y noticias sobre la formaci\u00f3n online y offline, plataformas educativas y contenidos online.\",\"breadcrumb\":{\"@id\":\"https:\\\/\\\/www.cae.net\\\/es\\\/soluciones-elearning-blog-cae\\\/#breadcrumb\"},\"inLanguage\":\"es\",\"potentialAction\":[{\"@type\":\"ReadAction\",\"target\":[\"https:\\\/\\\/www.cae.net\\\/es\\\/soluciones-elearning-blog-cae\\\/\"]}]},{\"@type\":\"BreadcrumbList\",\"@id\":\"https:\\\/\\\/www.cae.net\\\/es\\\/soluciones-elearning-blog-cae\\\/#breadcrumb\",\"itemListElement\":[{\"@type\":\"ListItem\",\"position\":1,\"name\":\"Portada\",\"item\":\"https:\\\/\\\/www.cae.net\\\/es\\\/\"},{\"@type\":\"ListItem\",\"position\":2,\"name\":\"BLOG\"}]},{\"@type\":\"WebSite\",\"@id\":\"https:\\\/\\\/www.cae.net\\\/es\\\/#website\",\"url\":\"https:\\\/\\\/www.cae.net\\\/es\\\/\",\"name\":\"CAE Computer Aided E-learning\",\"description\":\"Expertos en Elearning, Plataformas educativas, formaci\u00f3n en idiomas, contenidos  online y offline\",\"potentialAction\":[{\"@type\":\"SearchAction\",\"target\":{\"@type\":\"EntryPoint\",\"urlTemplate\":\"https:\\\/\\\/www.cae.net\\\/es\\\/?s={search_term_string}\"},\"query-input\":{\"@type\":\"PropertyValueSpecification\",\"valueRequired\":true,\"valueName\":\"search_term_string\"}}],\"inLanguage\":\"es\"}]}<\/script>\n<!-- \/ Yoast SEO plugin. -->","yoast_head_json":{"title":"Blog e-learning de soluciones educativas. Blog de CAE | CAE","description":"Blog e-learning. Novedades y noticias sobre la formaci\u00f3n online y offline, plataformas educativas y contenidos online.","robots":{"index":"index","follow":"follow","max-snippet":"max-snippet:-1","max-image-preview":"max-image-preview:large","max-video-preview":"max-video-preview:-1"},"canonical":"https:\/\/www.cae.net\/es\/soluciones-elearning-blog-cae\/","og_locale":"es_ES","og_type":"article","og_title":"Blog e-learning de soluciones educativas. Blog de CAE | CAE","og_description":"Blog e-learning. Novedades y noticias sobre la formaci\u00f3n online y offline, plataformas educativas y contenidos online.","og_url":"https:\/\/www.cae.net\/es\/soluciones-elearning-blog-cae\/","og_site_name":"CAE Computer Aided E-learning","article_publisher":"https:\/\/www.facebook.com\/elearning.cae","article_modified_time":"2026-03-26T09:12:01+00:00","og_image":[{"width":247,"height":71,"url":"https:\/\/www.cae.net\/wp-content\/uploads\/2015\/04\/logo-5.png","type":"image\/png"}],"twitter_card":"summary_large_image","twitter_site":"@elearning_cae","twitter_misc":{"Tiempo de lectura":"9 minutos"},"schema":{"@context":"https:\/\/schema.org","@graph":[{"@type":"WebPage","@id":"https:\/\/www.cae.net\/es\/soluciones-elearning-blog-cae\/","url":"https:\/\/www.cae.net\/es\/soluciones-elearning-blog-cae\/","name":"Blog e-learning de soluciones educativas. Blog de CAE | CAE","isPartOf":{"@id":"https:\/\/www.cae.net\/es\/#website"},"datePublished":"2015-06-01T15:40:49+00:00","dateModified":"2026-03-26T09:12:01+00:00","description":"Blog e-learning. Novedades y noticias sobre la formaci\u00f3n online y offline, plataformas educativas y contenidos online.","breadcrumb":{"@id":"https:\/\/www.cae.net\/es\/soluciones-elearning-blog-cae\/#breadcrumb"},"inLanguage":"es","potentialAction":[{"@type":"ReadAction","target":["https:\/\/www.cae.net\/es\/soluciones-elearning-blog-cae\/"]}]},{"@type":"BreadcrumbList","@id":"https:\/\/www.cae.net\/es\/soluciones-elearning-blog-cae\/#breadcrumb","itemListElement":[{"@type":"ListItem","position":1,"name":"Portada","item":"https:\/\/www.cae.net\/es\/"},{"@type":"ListItem","position":2,"name":"BLOG"}]},{"@type":"WebSite","@id":"https:\/\/www.cae.net\/es\/#website","url":"https:\/\/www.cae.net\/es\/","name":"CAE Computer Aided E-learning","description":"Expertos en Elearning, Plataformas educativas, formaci\u00f3n en idiomas, contenidos  online y offline","potentialAction":[{"@type":"SearchAction","target":{"@type":"EntryPoint","urlTemplate":"https:\/\/www.cae.net\/es\/?s={search_term_string}"},"query-input":{"@type":"PropertyValueSpecification","valueRequired":true,"valueName":"search_term_string"}}],"inLanguage":"es"}]}},"_links":{"self":[{"href":"https:\/\/www.cae.net\/es\/wp-json\/wp\/v2\/pages\/836","targetHints":{"allow":["GET"]}}],"collection":[{"href":"https:\/\/www.cae.net\/es\/wp-json\/wp\/v2\/pages"}],"about":[{"href":"https:\/\/www.cae.net\/es\/wp-json\/wp\/v2\/types\/page"}],"author":[{"embeddable":true,"href":"https:\/\/www.cae.net\/es\/wp-json\/wp\/v2\/users\/2"}],"replies":[{"embeddable":true,"href":"https:\/\/www.cae.net\/es\/wp-json\/wp\/v2\/comments?post=836"}],"version-history":[{"count":34,"href":"https:\/\/www.cae.net\/es\/wp-json\/wp\/v2\/pages\/836\/revisions"}],"predecessor-version":[{"id":321294,"href":"https:\/\/www.cae.net\/es\/wp-json\/wp\/v2\/pages\/836\/revisions\/321294"}],"wp:attachment":[{"href":"https:\/\/www.cae.net\/es\/wp-json\/wp\/v2\/media?parent=836"}],"curies":[{"name":"wp","href":"https:\/\/api.w.org\/{rel}","templated":true}]}}